{"id":7,"date":"2023-06-20T08:48:26","date_gmt":"2023-06-20T06:48:26","guid":{"rendered":"https:\/\/blogs.urz.uni-halle.de\/frauenperspektiven\/?page_id=7"},"modified":"2023-10-15T12:39:29","modified_gmt":"2023-10-15T10:39:29","slug":"video","status":"publish","type":"page","link":"https:\/\/blogs.urz.uni-halle.de\/frauenperspektiven\/video\/","title":{"rendered":"Videobeitrag"},"content":{"rendered":"\n<figure class=\"wp-block-image size-large\"><img loading=\"lazy\" width=\"1024\" height=\"576\" src=\"https:\/\/blogs.urz.uni-halle.de\/frauenperspektiven\/files\/2023\/10\/FontSaeulen_MUK-1024x576.jpg\" alt=\"\" class=\"wp-image-345\" srcset=\"https:\/\/blogs.urz.uni-halle.de\/frauenperspektiven\/files\/2023\/10\/FontSaeulen_MUK-1024x576.jpg 1024w, https:\/\/blogs.urz.uni-halle.de\/frauenperspektiven\/files\/2023\/10\/FontSaeulen_MUK-300x169.jpg 300w, https:\/\/blogs.urz.uni-halle.de\/frauenperspektiven\/files\/2023\/10\/FontSaeulen_MUK-768x432.jpg 768w, https:\/\/blogs.urz.uni-halle.de\/frauenperspektiven\/files\/2023\/10\/FontSaeulen_MUK-1536x864.jpg 1536w, https:\/\/blogs.urz.uni-halle.de\/frauenperspektiven\/files\/2023\/10\/FontSaeulen_MUK-2048x1152.jpg 2048w, https:\/\/blogs.urz.uni-halle.de\/frauenperspektiven\/files\/2023\/10\/FontSaeulen_MUK-1920x1080.jpg 1920w\" sizes=\"(max-width: 1024px) 100vw, 1024px\" \/><\/figure>\n\n\n\n<hr class=\"wp-block-separator is-style-wide\" \/>\n\n\n\n<blockquote class=\"wp-block-quote has-text-align-center\"><p>Als Frauen m\u00fcssen wir f\u00fcr uns selbst einstehen. Als Frauen m\u00fcssen wir f\u00fcreinander einstehen. Als Frauen m\u00fcssen wir uns f\u00fcr Gerechtigkeit f\u00fcr alle einsetzen.<\/p><cite>Michelle Obama, M\u00e4rz 2022<\/cite><\/blockquote>\n\n\n\n<p><\/p>\n\n\n\n<p class=\"has-text-align-center\">Mit unserem Videobeitrag wollen wir ein spannendes regionales Projekt vorstellen, das sich mit der Sichtbarkeit von Frauen besch\u00e4ftigt. Im Herzen von Halle, am Hans-Dietrich-Genscher Platz, haben die K\u00fcnstler der <a rel=\"noreferrer noopener\" href=\"https:\/\/www.instagram.com\/freiraumgalerie\/\" data-type=\"URL\" data-id=\"https:\/\/www.instagram.com\/freiraumgalerie\/\" target=\"_blank\">Freiraumgalerie<\/a> eine einst triste Wand in einen bunten Hingucker verwandelt. Ziel der Umgestaltung war es, regionalen weiblichen Pers\u00f6nlichkeiten eine B\u00fchne zu geben. Unter den Frauen, deren Namen an dieser Wand stehen, ist auch MDR-Jump Moderatorin <a rel=\"noreferrer noopener\" href=\"https:\/\/www.instagram.com\/sissy_metzschke\/\" data-type=\"URL\" data-id=\"https:\/\/www.instagram.com\/sissy_metzschke\/\" target=\"_blank\">Sissy Metzschke<\/a>. Wie es dazu kam und vieles mehr erfahrt ihr in unserem Video. Zudem erz\u00e4hlt K\u00fcnstlerin Ina Treihse, wie die Idee zu der Wonderful Women Wall entstand.<\/p>\n\n\n\n<div style=\"height:20px\" aria-hidden=\"true\" class=\"wp-block-spacer\"><\/div>\n\n\n\n<figure class=\"wp-block-embed-youtube wp-block-embed is-type-video is-provider-youtube wp-embed-aspect-16-9 wp-has-aspect-ratio\"><div class=\"wp-block-embed__wrapper\">\n<iframe title=\"&quot;(UN)SICHTBAR&quot; | MUK GDDM 2023\" width=\"1200\" height=\"675\" src=\"https:\/\/www.youtube.com\/embed\/Mwj7Ze04OuU?feature=oembed\" frameborder=\"0\" allow=\"accelerometer; autoplay; clipboard-write; encrypted-media; gyroscope; picture-in-picture; web-share\" allowfullscreen><\/iframe>\n<\/div><\/figure>\n\n\n\n<p><em><sup><sub>Videobeitrag Frauen-Chancen<\/sub><\/sup><\/em><\/p>\n\n\n\n<p class=\"has-text-align-center\">F\u00fcr alle, die keine Zeit haben das Video zu schauen, hier die groben Fakten:<\/p>\n\n\n\n<ul><li>Die <a href=\"https:\/\/www.instagram.com\/freiraumgalerie\/\" data-type=\"URL\" data-id=\"https:\/\/www.instagram.com\/freiraumgalerie\/\">Freiraumgalerie<\/a> hat 2019 das Projekt der Wonderful Women Wall ins Leben gerufen.<\/li><li>2020 entstand anschlie\u00dfend im Auftrag der Deutschen Bahn die Wonderful Women Wall 2.0 am Hans-Dietrich-Genscher-Platz.<\/li><li>Auf der Wand wurden zehn Frauen mit ihren Namen verewigt, sie stehen stellvertretend f\u00fcr viele weitere beeindruckende Frauen aus den verschiedensten Bereichen.<\/li><li>Eine dieser zehn Frauen ist die Moderatorin <a href=\"https:\/\/www.instagram.com\/sissy_metzschke\/\" data-type=\"URL\" data-id=\"https:\/\/www.instagram.com\/sissy_metzschke\/\">Sissy Metzschke<\/a>.<\/li><li>Diese haben wir in einem Interview befragt, welche Perspektiven sie f\u00fcr Frauen in der heutigen Gesellschaft sieht und welche Bedeutung es f\u00fcr sie pers\u00f6nlich hat, ebenfalls ein Platz an dieser Wand zu haben.<\/li><\/ul>\n\n\n\n<div style=\"height:32px\" aria-hidden=\"true\" class=\"wp-block-spacer\"><\/div>\n\n\n\n<pre class=\"wp-block-verse has-text-align-center\">Merke: Die meisten Menschen geben ihre Macht auf, indem sie denken, sie h\u00e4tten keine.<\/pre>\n\n\n\n<div class=\"wp-block-group\"><div class=\"wp-block-group__inner-container\">\n<div style=\"height:50px\" aria-hidden=\"true\" class=\"wp-block-spacer\"><\/div>\n<\/div><\/div>\n\n\n\n<div class=\"wp-block-buttons\">\n<div class=\"wp-block-button\"><a class=\"wp-block-button__link\" href=\"https:\/\/blogs.urz.uni-halle.de\/frauenperspektiven\/\" target=\"_blank\" rel=\"noreferrer noopener\">Startseite<\/a><\/div>\n\n\n\n<div class=\"wp-block-button\"><a class=\"wp-block-button__link\" href=\"https:\/\/blogs.urz.uni-halle.de\/frauenperspektiven\/audio-2\/\" target=\"_blank\" rel=\"noreferrer noopener\">Audiobeitrag<\/a><\/div>\n\n\n\n<div class=\"wp-block-button\"><a class=\"wp-block-button__link\" href=\"https:\/\/blogs.urz.uni-halle.de\/frauenperspektiven\/drehtage\/\" target=\"_blank\" rel=\"noreferrer noopener\">Dreh<\/a><\/div>\n\n\n\n<div class=\"wp-block-button\"><a class=\"wp-block-button__link\" href=\"https:\/\/blogs.urz.uni-halle.de\/frauenperspektiven\/ueber-uns\/\" target=\"_blank\" rel=\"noreferrer noopener\">\u00dcber uns<\/a><\/div>\n<\/div>\n\n\n\n<div style=\"height:24px\" aria-hidden=\"true\" class=\"wp-block-spacer\"><\/div>\n","protected":false},"excerpt":{"rendered":"<div class=\"entry-summary\">\nAls Frauen m\u00fcssen wir f\u00fcr uns selbst einstehen. Als Frauen m\u00fcssen wir f\u00fcreinander einstehen. Als Frauen m\u00fcssen wir uns f\u00fcr&hellip;\n<\/div>\n<div class=\"link-more\"><a href=\"https:\/\/blogs.urz.uni-halle.de\/frauenperspektiven\/video\/\" class=\"more-link\">Continue reading<span class=\"screen-reader-text\"> &ldquo;Videobeitrag&rdquo;<\/span>&hellip;<\/a><\/div>\n","protected":false},"author":5848,"featured_media":0,"parent":0,"menu_order":0,"comment_status":"closed","ping_status":"closed","template":"","meta":[],"_links":{"self":[{"href":"https:\/\/blogs.urz.uni-halle.de\/frauenperspektiven\/wp-json\/wp\/v2\/pages\/7"}],"collection":[{"href":"https:\/\/blogs.urz.uni-halle.de\/frauenperspektiven\/wp-json\/wp\/v2\/pages"}],"about":[{"href":"https:\/\/blogs.urz.uni-halle.de\/frauenperspektiven\/wp-json\/wp\/v2\/types\/page"}],"author":[{"embeddable":true,"href":"https:\/\/blogs.urz.uni-halle.de\/frauenperspektiven\/wp-json\/wp\/v2\/users\/5848"}],"replies":[{"embeddable":true,"href":"https:\/\/blogs.urz.uni-halle.de\/frauenperspektiven\/wp-json\/wp\/v2\/comments?post=7"}],"version-history":[{"count":10,"href":"https:\/\/blogs.urz.uni-halle.de\/frauenperspektiven\/wp-json\/wp\/v2\/pages\/7\/revisions"}],"predecessor-version":[{"id":347,"href":"https:\/\/blogs.urz.uni-halle.de\/frauenperspektiven\/wp-json\/wp\/v2\/pages\/7\/revisions\/347"}],"wp:attachment":[{"href":"https:\/\/blogs.urz.uni-halle.de\/frauenperspektiven\/wp-json\/wp\/v2\/media?parent=7"}],"curies":[{"name":"wp","href":"https:\/\/api.w.org\/{rel}","templated":true}]}}