{"id":21,"date":"2022-06-09T11:33:20","date_gmt":"2022-06-09T09:33:20","guid":{"rendered":"https:\/\/blogs.urz.uni-halle.de\/gedankenimhomeoffice\/?page_id=21"},"modified":"2022-07-12T19:58:42","modified_gmt":"2022-07-12T17:58:42","slug":"projekt","status":"publish","type":"page","link":"https:\/\/blogs.urz.uni-halle.de\/gedankenimhomeoffice\/projekt\/","title":{"rendered":"Projekt"},"content":{"rendered":"\n<p>Kennst du die Situation, den ganzen Tag nur am Schreibtisch zu kleben und dauerhaft das Gef\u00fchl zu haben du hast den Tag nicht wirklich produktiv genutzt? Damit bist du nicht allein! In letzter Zeit haben viele mit der Online-Lehre oder Online-Arbeit Erfahrung sammeln m\u00fcssen. Jeden Tag fiel es schwer aus dem Bett zu kommen. Weil wozu? Das ganze Leben spielte sich doch nur in den eigenen vier W\u00e4nden ab. <\/p>\n\n\n\n<p>Im ersten Semester meines Studiengangs Medien- und Kommunikationswissenschaften bekamen wir die Aufgabe, ein H\u00f6rst\u00fcck zum Thema \u201eArbeit\u201c zu kreieren. Da studieren mit viel mehr Arbeit verbunden ist als die meisten denken und Homeoffice uns zu diesem Zeitpunkt mehr besch\u00e4ftigt hatte als alles andere, entschied ich mich mit einer Kommilitonin gemeinsam die Problematik des Alltags im Homeoffice in audiovisueller Form darzustellen. <\/p>\n\n\n\n<p>Das Audioprojekt &#8222;Gedanken von Studierenden im Homeoffice&#8220; geht acht Minuten und sechszehn Sekunden. Anhand des O-Tons in Form von einer sprachlichen Aufnahme und Untermalung von separat aufgenommenen Ger\u00e4uschen wird der routinierte Tagesablauf beschrieben. Geschnitten wurde das Audiost\u00fcck mit Reaper 6 und wurde im Wintersemester 21\/22 abgegeben und nun hier ver\u00f6ffentlicht. <\/p>\n\n\n\n<p>Und nun w\u00fcnsche ich euch viel Spa\u00df beim Anh\u00f6ren! \ud83d\ude42 <\/p>\n\n\n\n<figure class=\"wp-block-audio\"><audio controls src=\"https:\/\/blogs.urz.uni-halle.de\/gedankenimhomeoffice\/files\/2022\/07\/Tagesablauf-im-Online-Semester-Emilie-Gelhardt_Stephania-Tag.mp3\"><\/audio><figcaption>Audioprojekt &#8222;Tagesablauf im Onlinesemester&#8220; &#8211; produziert von Stephania Tag und Emilie Gelhardt<\/figcaption><\/figure>\n\n\n\n<p><\/p>\n","protected":false},"excerpt":{"rendered":"<p>Kennst du die Situation, den ganzen Tag nur am Schreibtisch zu kleben und dauerhaft das Gef\u00fchl zu haben du hast den Tag nicht wirklich produktiv genutzt? Damit bist du nicht allein! In letzter Zeit haben viele mit der Online-Lehre oder Online-Arbeit Erfahrung sammeln m\u00fcssen. Jeden Tag fiel es schwer aus dem Bett zu kommen. Weil &hellip; <\/p>\n<p class=\"link-more\"><a href=\"https:\/\/blogs.urz.uni-halle.de\/gedankenimhomeoffice\/projekt\/\" class=\"more-link\"><span class=\"screen-reader-text\">\u201eProjekt\u201c<\/span> weiterlesen<\/a><\/p>\n","protected":false},"author":5502,"featured_media":0,"parent":0,"menu_order":0,"comment_status":"closed","ping_status":"closed","template":"","meta":[],"_links":{"self":[{"href":"https:\/\/blogs.urz.uni-halle.de\/gedankenimhomeoffice\/wp-json\/wp\/v2\/pages\/21"}],"collection":[{"href":"https:\/\/blogs.urz.uni-halle.de\/gedankenimhomeoffice\/wp-json\/wp\/v2\/pages"}],"about":[{"href":"https:\/\/blogs.urz.uni-halle.de\/gedankenimhomeoffice\/wp-json\/wp\/v2\/types\/page"}],"author":[{"embeddable":true,"href":"https:\/\/blogs.urz.uni-halle.de\/gedankenimhomeoffice\/wp-json\/wp\/v2\/users\/5502"}],"replies":[{"embeddable":true,"href":"https:\/\/blogs.urz.uni-halle.de\/gedankenimhomeoffice\/wp-json\/wp\/v2\/comments?post=21"}],"version-history":[{"count":10,"href":"https:\/\/blogs.urz.uni-halle.de\/gedankenimhomeoffice\/wp-json\/wp\/v2\/pages\/21\/revisions"}],"predecessor-version":[{"id":113,"href":"https:\/\/blogs.urz.uni-halle.de\/gedankenimhomeoffice\/wp-json\/wp\/v2\/pages\/21\/revisions\/113"}],"wp:attachment":[{"href":"https:\/\/blogs.urz.uni-halle.de\/gedankenimhomeoffice\/wp-json\/wp\/v2\/media?parent=21"}],"curies":[{"name":"wp","href":"https:\/\/api.w.org\/{rel}","templated":true}]}}