{"id":39,"date":"2022-06-30T10:45:22","date_gmt":"2022-06-30T08:45:22","guid":{"rendered":"https:\/\/blogs.urz.uni-halle.de\/gedankenimhomeoffice\/?page_id=39"},"modified":"2022-07-12T19:53:53","modified_gmt":"2022-07-12T17:53:53","slug":"gedanken-im-homeoffice","status":"publish","type":"page","link":"https:\/\/blogs.urz.uni-halle.de\/gedankenimhomeoffice\/","title":{"rendered":"Worum gehts?"},"content":{"rendered":"\n<p>Auf diesem Blog soll es Rund um den Alltag von Studierenden gehen. Gerade in den letzten Semestern hatten viele leider nicht das Privileg in die Uni zu gehen. Die Wohnung wurde zum &#8222;perfekten-unperfekten&#8220; Lernort. Die Herausforderungen, St\u00f6rfaktoren und allgemein den Tagesablauf haben wir in Form von einem Audiost\u00fcck produziert, welches euch hier pr\u00e4sentiert wird. Au\u00dferdem m\u00f6chte ich euch auch weiterhin Einblicke in das Leben von Studierenden gew\u00e4hren.<\/p>\n\n\n\n<p style=\"font-size:18px\"><span class=\"has-inline-color has-white-color\">Pers\u00f6nlicher Bezug<\/span><\/p>\n\n\n\n<div class=\"wp-block-media-text alignwide is-stacked-on-mobile\" style=\"grid-template-columns:32% auto\"><figure class=\"wp-block-media-text__media\"><img loading=\"lazy\" width=\"768\" height=\"1024\" src=\"https:\/\/blogs.urz.uni-halle.de\/gedankenimhomeoffice\/files\/2022\/07\/IMG_1695-768x1024.jpg\" alt=\"\" class=\"wp-image-98\" srcset=\"https:\/\/blogs.urz.uni-halle.de\/gedankenimhomeoffice\/files\/2022\/07\/IMG_1695-768x1024.jpg 768w, https:\/\/blogs.urz.uni-halle.de\/gedankenimhomeoffice\/files\/2022\/07\/IMG_1695-225x300.jpg 225w, https:\/\/blogs.urz.uni-halle.de\/gedankenimhomeoffice\/files\/2022\/07\/IMG_1695-1152x1536.jpg 1152w, https:\/\/blogs.urz.uni-halle.de\/gedankenimhomeoffice\/files\/2022\/07\/IMG_1695-1536x2048.jpg 1536w, https:\/\/blogs.urz.uni-halle.de\/gedankenimhomeoffice\/files\/2022\/07\/IMG_1695-scaled.jpg 1920w\" sizes=\"(max-width: 767px) 89vw, (max-width: 1000px) 54vw, (max-width: 1071px) 543px, 580px\" \/><\/figure><div class=\"wp-block-media-text__content\">\n<p>F\u00fcr mich hat das Leben als Studentin in diesem Sommersemester 2022 erst richtig angefangen. Zuvor kannte ich niemanden, alles war online und ich war in einer f\u00fcr mich v\u00f6llig fremden Stadt. Aus diesem Grund entstand dieser Blog. Vielleicht kann sich der ein oder andere mit den verschiedenen Aspekten im Homeoffice identifizieren. Nach dem Audioprojekt soll dieser Blog zur Unterst\u00fctzung und Motivation im Studium dienen! Ein paar Tipps und Hilfestellungen wie ich zurecht gekommen bin und nat\u00fcrlich auch Gossip \u00fcber den Studiengang, die Uni und das Leben hier in Halle (Saale).<\/p>\n<\/div><\/div>\n","protected":false},"excerpt":{"rendered":"<p>Auf diesem Blog soll es Rund um den Alltag von Studierenden gehen. Gerade in den letzten Semestern hatten viele leider nicht das Privileg in die Uni zu gehen. Die Wohnung wurde zum &#8222;perfekten-unperfekten&#8220; Lernort. Die Herausforderungen, St\u00f6rfaktoren und allgemein den Tagesablauf haben wir in Form von einem Audiost\u00fcck produziert, welches euch hier pr\u00e4sentiert wird. Au\u00dferdem &hellip; <\/p>\n<p class=\"link-more\"><a href=\"https:\/\/blogs.urz.uni-halle.de\/gedankenimhomeoffice\/\" class=\"more-link\"><span class=\"screen-reader-text\">\u201eWorum gehts?\u201c<\/span> weiterlesen<\/a><\/p>\n","protected":false},"author":5502,"featured_media":0,"parent":0,"menu_order":0,"comment_status":"closed","ping_status":"closed","template":"","meta":[],"_links":{"self":[{"href":"https:\/\/blogs.urz.uni-halle.de\/gedankenimhomeoffice\/wp-json\/wp\/v2\/pages\/39"}],"collection":[{"href":"https:\/\/blogs.urz.uni-halle.de\/gedankenimhomeoffice\/wp-json\/wp\/v2\/pages"}],"about":[{"href":"https:\/\/blogs.urz.uni-halle.de\/gedankenimhomeoffice\/wp-json\/wp\/v2\/types\/page"}],"author":[{"embeddable":true,"href":"https:\/\/blogs.urz.uni-halle.de\/gedankenimhomeoffice\/wp-json\/wp\/v2\/users\/5502"}],"replies":[{"embeddable":true,"href":"https:\/\/blogs.urz.uni-halle.de\/gedankenimhomeoffice\/wp-json\/wp\/v2\/comments?post=39"}],"version-history":[{"count":10,"href":"https:\/\/blogs.urz.uni-halle.de\/gedankenimhomeoffice\/wp-json\/wp\/v2\/pages\/39\/revisions"}],"predecessor-version":[{"id":108,"href":"https:\/\/blogs.urz.uni-halle.de\/gedankenimhomeoffice\/wp-json\/wp\/v2\/pages\/39\/revisions\/108"}],"wp:attachment":[{"href":"https:\/\/blogs.urz.uni-halle.de\/gedankenimhomeoffice\/wp-json\/wp\/v2\/media?parent=39"}],"curies":[{"name":"wp","href":"https:\/\/api.w.org\/{rel}","templated":true}]}}