{"id":1348,"date":"2024-11-04T09:59:10","date_gmt":"2024-11-04T08:59:10","guid":{"rendered":"https:\/\/blogs.urz.uni-halle.de\/geographiedidaktik\/?page_id=1348"},"modified":"2025-10-16T14:54:37","modified_gmt":"2025-10-16T12:54:37","slug":"mirjam-tuchscherer","status":"publish","type":"page","link":"https:\/\/blogs.urz.uni-halle.de\/geographiedidaktik\/arbeitsgruppe\/mirjam-tuchscherer\/","title":{"rendered":"Mirjam Tuchscherer"},"content":{"rendered":"\n<div class=\"wp-block-media-text alignwide is-stacked-on-mobile\"><figure class=\"wp-block-media-text__media\"><img loading=\"lazy\" width=\"915\" height=\"1007\" src=\"https:\/\/blogs.urz.uni-halle.de\/geographiedidaktik\/files\/2024\/11\/Foto-Mirjam-Tuchscherer.jpeg\" alt=\"\" class=\"wp-image-1365\" srcset=\"https:\/\/blogs.urz.uni-halle.de\/geographiedidaktik\/files\/2024\/11\/Foto-Mirjam-Tuchscherer.jpeg 915w, https:\/\/blogs.urz.uni-halle.de\/geographiedidaktik\/files\/2024\/11\/Foto-Mirjam-Tuchscherer-273x300.jpeg 273w, https:\/\/blogs.urz.uni-halle.de\/geographiedidaktik\/files\/2024\/11\/Foto-Mirjam-Tuchscherer-768x845.jpeg 768w\" sizes=\"(max-width: 915px) 100vw, 915px\" \/><\/figure><div class=\"wp-block-media-text__content\">\n<h3>Mirjam Tuchscherer<br>Wissenschaftliche Mitarbeiterin<\/h3>\n\n\n\n<div class=\"wp-block-media-text alignwide is-stacked-on-mobile is-vertically-aligned-center\" style=\"grid-template-columns:15% auto\"><figure class=\"wp-block-media-text__media\"><img loading=\"lazy\" width=\"268\" height=\"268\" src=\"https:\/\/blogs.urz.uni-halle.de\/geographiedidaktik\/files\/2023\/05\/adress.png\" alt=\"\" class=\"wp-image-79\" srcset=\"https:\/\/blogs.urz.uni-halle.de\/geographiedidaktik\/files\/2023\/05\/adress.png 268w, https:\/\/blogs.urz.uni-halle.de\/geographiedidaktik\/files\/2023\/05\/adress-150x150.png 150w\" sizes=\"(max-width: 268px) 100vw, 268px\" \/><\/figure><div class=\"wp-block-media-text__content\">\n<p>Raum 3.\u200b26<br>Von-\u200bSeckendorff-\u200bPlatz 4<br>06120 Halle<\/p>\n<\/div><\/div>\n\n\n\n<div class=\"wp-block-media-text alignwide is-stacked-on-mobile\" style=\"grid-template-columns:15% auto\"><figure class=\"wp-block-media-text__media\"><img loading=\"lazy\" width=\"268\" height=\"268\" src=\"https:\/\/blogs.urz.uni-halle.de\/geographiedidaktik\/files\/2023\/05\/phone.png\" alt=\"\" class=\"wp-image-82\" srcset=\"https:\/\/blogs.urz.uni-halle.de\/geographiedidaktik\/files\/2023\/05\/phone.png 268w, https:\/\/blogs.urz.uni-halle.de\/geographiedidaktik\/files\/2023\/05\/phone-150x150.png 150w\" sizes=\"(max-width: 268px) 100vw, 268px\" \/><\/figure><div class=\"wp-block-media-text__content\">\n<p>+49 (0)345\/55 \u200b26021<\/p>\n<\/div><\/div>\n\n\n\n<div style=\"height:20px\" aria-hidden=\"true\" class=\"wp-block-spacer\"><\/div>\n\n\n\n<div class=\"wp-block-media-text alignwide is-stacked-on-mobile\" style=\"grid-template-columns:15% auto\"><figure class=\"wp-block-media-text__media\"><img loading=\"lazy\" width=\"268\" height=\"268\" src=\"https:\/\/blogs.urz.uni-halle.de\/geographiedidaktik\/files\/2023\/05\/Mail.png\" alt=\"\" class=\"wp-image-81\" srcset=\"https:\/\/blogs.urz.uni-halle.de\/geographiedidaktik\/files\/2023\/05\/Mail.png 268w, https:\/\/blogs.urz.uni-halle.de\/geographiedidaktik\/files\/2023\/05\/Mail-150x150.png 150w\" sizes=\"(max-width: 268px) 100vw, 268px\" \/><\/figure><div class=\"wp-block-media-text__content\">\n<p><a href=\"mailto:mirjam.tuchscherer@geo.uni-halle.de\">mirjam.tuchscherer@geo.uni-halle.de<\/a><\/p>\n<\/div><\/div>\n\n\n\n<div style=\"height:20px\" aria-hidden=\"true\" class=\"wp-block-spacer\"><\/div>\n\n\n\n<div class=\"wp-block-media-text alignwide is-stacked-on-mobile\" style=\"grid-template-columns:15% auto\"><figure class=\"wp-block-media-text__media\"><img loading=\"lazy\" width=\"268\" height=\"268\" src=\"https:\/\/blogs.urz.uni-halle.de\/geographiedidaktik\/files\/2023\/05\/conf.png\" alt=\"\" class=\"wp-image-80\" srcset=\"https:\/\/blogs.urz.uni-halle.de\/geographiedidaktik\/files\/2023\/05\/conf.png 268w, https:\/\/blogs.urz.uni-halle.de\/geographiedidaktik\/files\/2023\/05\/conf-150x150.png 150w\" sizes=\"(max-width: 268px) 100vw, 268px\" \/><\/figure><div class=\"wp-block-media-text__content\">\n<p>Sprechstunde: nach Vereinbarung<\/p>\n<\/div><\/div>\n\n\n\n<p><\/p>\n<\/div><\/div>\n\n\n\n<div class=\"wp-block-pb-accordion-item c-accordion__item js-accordion-item no-js\" data-initially-open=\"false\" data-click-to-close=\"true\" data-auto-close=\"false\" data-scroll=\"false\" data-scroll-offset=\"0\"><h3 id=\"at-13480\" class=\"c-accordion__title js-accordion-controller\" role=\"button\">Wissenschaftlicher Werdegang<\/h3><div id=\"ac-13480\" class=\"c-accordion__content\">\n<figure class=\"wp-block-table is-style-regular\"><table><tbody><tr><td class=\"has-text-align-left\" data-align=\"left\">seit 11\/2024<\/td><td class=\"has-text-align-left\" data-align=\"left\">Wissenschaftliche Mitarbeiterin in der Didaktik der Geographie an der Martin-Luther-Universit\u00e4t Halle-Wittenberg<\/td><\/tr><tr><td class=\"has-text-align-left\" data-align=\"left\">2021-2022<\/td><td class=\"has-text-align-left\" data-align=\"left\">Wiederkehrende Dozentent\u00e4tigkeit in der Abteilung Musikp\u00e4dagogik der Martin-Luther-Universit\u00e4t Halle-Wittenberg und der Evangelischen Hochschule f\u00fcr Kirchenmusik Halle<\/td><\/tr><tr><td class=\"has-text-align-left\" data-align=\"left\">2020-2022<\/td><td class=\"has-text-align-left\" data-align=\"left\">Mitglied der Lehrplankommission f\u00fcr das Fach Geographie am Landesinstitut f\u00fcr Schulqualit\u00e4t Sachsen-Anhalt<\/td><\/tr><tr><td class=\"has-text-align-left\" data-align=\"left\">2019-2024<\/td><td class=\"has-text-align-left\" data-align=\"left\">Studienr\u00e4tin f\u00fcr die F\u00e4cher Geographie und Musik<\/td><\/tr><tr><td class=\"has-text-align-left\" data-align=\"left\">04\/2018-07\/2019<\/td><td class=\"has-text-align-left\" data-align=\"left\">Lehrkraft im Vorbereitungsdienst (Abschluss: Zweites Staatsexamen)<\/td><\/tr><tr><td class=\"has-text-align-left\" data-align=\"left\">10\/2017-03\/2018<\/td><td class=\"has-text-align-left\" data-align=\"left\">Wissenschaftliche Hilfskraft in der Didaktik der Geographie an der Martin-Luther-Universit\u00e4t Halle-Wittenberg<\/td><\/tr><tr><td class=\"has-text-align-left\" data-align=\"left\">10\/2015-03\/2018<\/td><td class=\"has-text-align-left\" data-align=\"left\">Studium Konzert- und Oratoriengesang an der Evangelischen Hochschule f\u00fcr Kirchenmusik Halle (Abschluss: Master of Music)<\/td><\/tr><tr><td class=\"has-text-align-left\" data-align=\"left\">10\/2010-03\/2016<\/td><td class=\"has-text-align-left\" data-align=\"left\">Studium f\u00fcr das Lehramt an Gymnasien f\u00fcr die F\u00e4cher Geographie und Musik an der Martin-Luther-Universit\u00e4t Halle-Wittenberg (Abschluss: Erstes Staatsexamen)<\/td><\/tr><tr><td class=\"has-text-align-left\" data-align=\"left\">2010<\/td><td class=\"has-text-align-left\" data-align=\"left\">Abitur am Clemens-Winkler-Gymnasium Aue<\/td><\/tr><\/tbody><\/table><\/figure>\n<\/div><\/div>\n\n\n\n<div class=\"wp-block-pb-accordion-item c-accordion__item js-accordion-item no-js\" data-initially-open=\"false\" data-click-to-close=\"true\" data-auto-close=\"false\" data-scroll=\"false\" data-scroll-offset=\"0\"><h3 id=\"at-13481\" class=\"c-accordion__title js-accordion-controller\" role=\"button\">Forschungsinteressen<\/h3><div id=\"ac-13481\" class=\"c-accordion__content\">\n<ul><li>Theorie-Praxis-Verbindung im Schulpraktikum<\/li><li>Professionalit\u00e4t von Lehrkr\u00e4ften aus geographiedidaktischer Sicht beim Mentoring von Studierenden<\/li><\/ul>\n\n\n\n<p><\/p>\n<\/div><\/div>\n\n\n\n<div class=\"wp-block-pb-accordion-item c-accordion__item js-accordion-item no-js\" data-initially-open=\"false\" data-click-to-close=\"true\" data-auto-close=\"false\" data-scroll=\"false\" data-scroll-offset=\"0\"><h3 id=\"at-13482\" class=\"c-accordion__title js-accordion-controller\" role=\"button\">Pr\u00e4sentationen<\/h3><div id=\"ac-13482\" class=\"c-accordion__content\">\n<p>Tuchscherer, M. (2025). Vorstellungen und Erfahrungen Studierender zum Mentoring in den Schulpraxisphasen am Beispiel des Schulfaches Geographie. Pr\u00e4sentiert auf der 45. Jahrestagung der Bundesarbeitsgemeinschaft f\u00fcr Schulpraktische Studien&nbsp;\u201eDas Praxis-Theorie-Verh\u00e4ltnis in der Begleitung von Schulpraxisphasen\u201c&nbsp;in Freiburg, Deutschland<\/p>\n\n\n\n<p>Tuchscherer, M. (2025). Geographiedidaktik sichtbar machen \u2013 Untersuchung des Mentorings in den schulpraktischen Phasen des Lehramtsstudiums. Pr\u00e4sentiert auf der HGD-Nachwuchstagung 2025 \u201eZukunftsorientierte Wege in der Geographie: Didaktische Zug\u00e4nge f\u00fcr eine komplexe Welt\u201c in Augsburg, Deutschland<\/p>\n<\/div><\/div>\n\n\n\n<div class=\"wp-block-pb-accordion-item c-accordion__item js-accordion-item no-js\" data-initially-open=\"false\" data-click-to-close=\"true\" data-auto-close=\"false\" data-scroll=\"false\" data-scroll-offset=\"0\"><h3 id=\"at-13483\" class=\"c-accordion__title js-accordion-controller\" role=\"button\">Lehre<\/h3><div id=\"ac-13483\" class=\"c-accordion__content\">\n<p><strong>Wintersemester 2025\/26<\/strong><\/p>\n\n\n\n<ul><li><a href=\"https:\/\/studip.uni-halle.de\/dispatch.php\/course\/details?sem_id=cf3e8fdc13490d4bbb46bd30078c7faf&amp;again=yes\">Schulpraktikum I<\/a><\/li><li><a href=\"https:\/\/studip.uni-halle.de\/dispatch.php\/course\/details?sem_id=d30c88e3a6473e12f276cc84eff20a91&amp;again=yes\">Schulpraktikum II<\/a><\/li><\/ul>\n\n\n\n<p><strong>Sommersemester 2025<\/strong><\/p>\n\n\n\n<ul><li><a href=\"https:\/\/studip.uni-halle.de\/dispatch.php\/course\/details?sem_id=8fc3682f70158faeebb559d3e3c7c015&amp;again=yes\" target=\"_blank\" rel=\"noreferrer noopener\">Schulpraktikum I<\/a><\/li><li><a href=\"https:\/\/studip.uni-halle.de\/dispatch.php\/course\/details?sem_id=c8565f0b036fc36364d18b72666f3328&amp;again=yes\" target=\"_blank\" rel=\"noreferrer noopener\">Schulpraktikum II<\/a><\/li><\/ul>\n\n\n\n<p><strong>Wintersemester 2024\/25<\/strong><\/p>\n\n\n\n<ul><li>Schulpraktische \u00dcbungen (Modul Fachdidaktik II: Geographieunterricht &#8211; Konzeption und Gestaltung)<\/li><\/ul>\n\n\n\n<p><\/p>\n<\/div><\/div>\n\n\n\n<p><\/p>\n","protected":false},"excerpt":{"rendered":"","protected":false},"author":6162,"featured_media":0,"parent":25,"menu_order":20,"comment_status":"closed","ping_status":"closed","template":"","meta":[],"yoast_head":"<!-- This site is optimized with the Yoast SEO plugin v15.6.2 - https:\/\/yoast.com\/wordpress\/plugins\/seo\/ -->\n<title>Mirjam Tuchscherer - Didaktik der Geographie (MLU Halle-Wittenberg)<\/title>\n<meta name=\"description\" content=\"Homepage von Jolina Ulbricht, wissenschaftliche Mitarbeiterin der Didaktik der Geographie der Martin-Luther-Universit\u00e4t (MLU) Halle-Wittenberg\" \/>\n<meta name=\"robots\" content=\"index, follow, max-snippet:-1, max-image-preview:large, max-video-preview:-1\" \/>\n<link rel=\"canonical\" href=\"https:\/\/blogs.urz.uni-halle.de\/geographiedidaktik\/arbeitsgruppe\/mirjam-tuchscherer\/\" \/>\n<meta property=\"og:locale\" content=\"de_DE\" \/>\n<meta property=\"og:type\" content=\"article\" \/>\n<meta property=\"og:title\" content=\"Mirjam Tuchscherer - Didaktik der Geographie (MLU Halle-Wittenberg)\" \/>\n<meta property=\"og:description\" content=\"Homepage von Jolina Ulbricht, wissenschaftliche Mitarbeiterin der Didaktik der Geographie der Martin-Luther-Universit\u00e4t (MLU) Halle-Wittenberg\" \/>\n<meta property=\"og:url\" content=\"https:\/\/blogs.urz.uni-halle.de\/geographiedidaktik\/arbeitsgruppe\/mirjam-tuchscherer\/\" \/>\n<meta property=\"og:site_name\" content=\"Didaktik der Geographie (MLU Halle-Wittenberg)\" \/>\n<meta property=\"article:modified_time\" content=\"2025-10-16T12:54:37+00:00\" \/>\n<meta property=\"og:image\" content=\"https:\/\/blogs.urz.uni-halle.de\/geographiedidaktik\/files\/2024\/11\/Foto-Mirjam-Tuchscherer.jpeg\" \/>\n<meta name=\"twitter:card\" content=\"summary_large_image\" \/>\n<meta name=\"twitter:label1\" content=\"Gesch\u00e4tzte Lesezeit\">\n\t<meta name=\"twitter:data1\" content=\"3\u00a0Minuten\">\n<script type=\"application\/ld+json\" class=\"yoast-schema-graph\">{\"@context\":\"https:\/\/schema.org\",\"@graph\":[{\"@type\":\"Organization\",\"@id\":\"https:\/\/blogs.urz.uni-halle.de\/geographiedidaktik\/#organization\",\"name\":\"Didaktik der Geographie MLU\",\"url\":\"https:\/\/blogs.urz.uni-halle.de\/geographiedidaktik\/\",\"sameAs\":[],\"logo\":{\"@type\":\"ImageObject\",\"@id\":\"https:\/\/blogs.urz.uni-halle.de\/geographiedidaktik\/#logo\",\"inLanguage\":\"de\",\"url\":\"https:\/\/blogs.urz.uni-halle.de\/geographiedidaktik\/files\/2023\/06\/Logo_Didaktik-der-Geographie_MLU-1.png\",\"width\":1339,\"height\":404,\"caption\":\"Didaktik der Geographie MLU\"},\"image\":{\"@id\":\"https:\/\/blogs.urz.uni-halle.de\/geographiedidaktik\/#logo\"}},{\"@type\":\"WebSite\",\"@id\":\"https:\/\/blogs.urz.uni-halle.de\/geographiedidaktik\/#website\",\"url\":\"https:\/\/blogs.urz.uni-halle.de\/geographiedidaktik\/\",\"name\":\"Didaktik der Geographie (MLU Halle-Wittenberg)\",\"description\":\"\",\"publisher\":{\"@id\":\"https:\/\/blogs.urz.uni-halle.de\/geographiedidaktik\/#organization\"},\"potentialAction\":[{\"@type\":\"SearchAction\",\"target\":\"https:\/\/blogs.urz.uni-halle.de\/geographiedidaktik\/?s={search_term_string}\",\"query-input\":\"required name=search_term_string\"}],\"inLanguage\":\"de\"},{\"@type\":\"ImageObject\",\"@id\":\"https:\/\/blogs.urz.uni-halle.de\/geographiedidaktik\/arbeitsgruppe\/mirjam-tuchscherer\/#primaryimage\",\"inLanguage\":\"de\",\"url\":\"https:\/\/blogs.urz.uni-halle.de\/geographiedidaktik\/files\/2024\/11\/Foto-Mirjam-Tuchscherer.jpeg\",\"width\":915,\"height\":1007},{\"@type\":\"WebPage\",\"@id\":\"https:\/\/blogs.urz.uni-halle.de\/geographiedidaktik\/arbeitsgruppe\/mirjam-tuchscherer\/#webpage\",\"url\":\"https:\/\/blogs.urz.uni-halle.de\/geographiedidaktik\/arbeitsgruppe\/mirjam-tuchscherer\/\",\"name\":\"Mirjam Tuchscherer - Didaktik der Geographie (MLU Halle-Wittenberg)\",\"isPartOf\":{\"@id\":\"https:\/\/blogs.urz.uni-halle.de\/geographiedidaktik\/#website\"},\"primaryImageOfPage\":{\"@id\":\"https:\/\/blogs.urz.uni-halle.de\/geographiedidaktik\/arbeitsgruppe\/mirjam-tuchscherer\/#primaryimage\"},\"datePublished\":\"2024-11-04T08:59:10+00:00\",\"dateModified\":\"2025-10-16T12:54:37+00:00\",\"description\":\"Homepage von Jolina Ulbricht, wissenschaftliche Mitarbeiterin der Didaktik der Geographie der Martin-Luther-Universit\\u00e4t (MLU) Halle-Wittenberg\",\"inLanguage\":\"de\",\"potentialAction\":[{\"@type\":\"ReadAction\",\"target\":[\"https:\/\/blogs.urz.uni-halle.de\/geographiedidaktik\/arbeitsgruppe\/mirjam-tuchscherer\/\"]}]}]}<\/script>\n<!-- \/ Yoast SEO plugin. -->","_links":{"self":[{"href":"https:\/\/blogs.urz.uni-halle.de\/geographiedidaktik\/wp-json\/wp\/v2\/pages\/1348"}],"collection":[{"href":"https:\/\/blogs.urz.uni-halle.de\/geographiedidaktik\/wp-json\/wp\/v2\/pages"}],"about":[{"href":"https:\/\/blogs.urz.uni-halle.de\/geographiedidaktik\/wp-json\/wp\/v2\/types\/page"}],"author":[{"embeddable":true,"href":"https:\/\/blogs.urz.uni-halle.de\/geographiedidaktik\/wp-json\/wp\/v2\/users\/6162"}],"replies":[{"embeddable":true,"href":"https:\/\/blogs.urz.uni-halle.de\/geographiedidaktik\/wp-json\/wp\/v2\/comments?post=1348"}],"version-history":[{"count":8,"href":"https:\/\/blogs.urz.uni-halle.de\/geographiedidaktik\/wp-json\/wp\/v2\/pages\/1348\/revisions"}],"predecessor-version":[{"id":1933,"href":"https:\/\/blogs.urz.uni-halle.de\/geographiedidaktik\/wp-json\/wp\/v2\/pages\/1348\/revisions\/1933"}],"up":[{"embeddable":true,"href":"https:\/\/blogs.urz.uni-halle.de\/geographiedidaktik\/wp-json\/wp\/v2\/pages\/25"}],"wp:attachment":[{"href":"https:\/\/blogs.urz.uni-halle.de\/geographiedidaktik\/wp-json\/wp\/v2\/media?parent=1348"}],"curies":[{"name":"wp","href":"https:\/\/api.w.org\/{rel}","templated":true}]}}