{"id":1755,"date":"2024-09-10T13:50:02","date_gmt":"2024-09-10T11:50:02","guid":{"rendered":"https:\/\/blogs.urz.uni-halle.de\/geographiedidaktik\/arbeitsgruppe\/jenny-steinhorst-_dup\/"},"modified":"2025-05-16T10:14:07","modified_gmt":"2025-05-16T08:14:07","slug":"eva-fabian","status":"publish","type":"page","link":"https:\/\/blogs.urz.uni-halle.de\/geographiedidaktik\/arbeitsgruppe\/eva-fabian\/","title":{"rendered":"Eva Fabian"},"content":{"rendered":"\n<div class=\"wp-block-media-text alignwide is-stacked-on-mobile\"><figure class=\"wp-block-media-text__media\"><img loading=\"lazy\" width=\"1024\" height=\"952\" src=\"https:\/\/blogs.urz.uni-halle.de\/geographiedidaktik\/files\/2025\/05\/b1777-scaled-e1747383204280-1024x952.jpg\" alt=\"\" class=\"wp-image-1757\" srcset=\"https:\/\/blogs.urz.uni-halle.de\/geographiedidaktik\/files\/2025\/05\/b1777-scaled-e1747383204280-1024x952.jpg 1024w, https:\/\/blogs.urz.uni-halle.de\/geographiedidaktik\/files\/2025\/05\/b1777-scaled-e1747383204280-300x279.jpg 300w, https:\/\/blogs.urz.uni-halle.de\/geographiedidaktik\/files\/2025\/05\/b1777-scaled-e1747383204280-768x714.jpg 768w, https:\/\/blogs.urz.uni-halle.de\/geographiedidaktik\/files\/2025\/05\/b1777-scaled-e1747383204280-1536x1428.jpg 1536w, https:\/\/blogs.urz.uni-halle.de\/geographiedidaktik\/files\/2025\/05\/b1777-scaled-e1747383204280-270x250.jpg 270w, https:\/\/blogs.urz.uni-halle.de\/geographiedidaktik\/files\/2025\/05\/b1777-scaled-e1747383204280.jpg 1836w\" sizes=\"(max-width: 1024px) 100vw, 1024px\" \/><\/figure><div class=\"wp-block-media-text__content\">\n<h3>Eva Fabian<br>Wissenschaftliche Mitarbeiterin <br>im <a href=\"https:\/\/blogs.urz.uni-halle.de\/geographiedidaktik\/forschung-und-projekte\/education-technologies-fuer-den-laendlichen-raum\/\">JTC-Teilprojekt EdTech<\/a><\/h3>\n\n\n\n<div style=\"height:68px\" aria-hidden=\"true\" class=\"wp-block-spacer\"><\/div>\n\n\n\n<div class=\"wp-block-media-text alignwide is-stacked-on-mobile is-vertically-aligned-center\" style=\"grid-template-columns:15% auto\"><figure class=\"wp-block-media-text__media\"><img loading=\"lazy\" width=\"268\" height=\"268\" src=\"https:\/\/blogs.urz.uni-halle.de\/geographiedidaktik\/files\/2023\/05\/adress.png\" alt=\"\" class=\"wp-image-79\" srcset=\"https:\/\/blogs.urz.uni-halle.de\/geographiedidaktik\/files\/2023\/05\/adress.png 268w, https:\/\/blogs.urz.uni-halle.de\/geographiedidaktik\/files\/2023\/05\/adress-150x150.png 150w\" sizes=\"(max-width: 268px) 100vw, 268px\" \/><\/figure><div class=\"wp-block-media-text__content\">\n<p>Reichardtstra\u00dfe 6<br>06114 Halle<\/p>\n<\/div><\/div>\n\n\n\n<div class=\"wp-block-media-text alignwide is-stacked-on-mobile\" style=\"grid-template-columns:15% auto\"><figure class=\"wp-block-media-text__media\"><img loading=\"lazy\" width=\"268\" height=\"268\" src=\"https:\/\/blogs.urz.uni-halle.de\/geographiedidaktik\/files\/2023\/05\/Mail.png\" alt=\"\" class=\"wp-image-81\" srcset=\"https:\/\/blogs.urz.uni-halle.de\/geographiedidaktik\/files\/2023\/05\/Mail.png 268w, https:\/\/blogs.urz.uni-halle.de\/geographiedidaktik\/files\/2023\/05\/Mail-150x150.png 150w\" sizes=\"(max-width: 268px) 100vw, 268px\" \/><\/figure><div class=\"wp-block-media-text__content\">\n<p><a href=\"mailto:eva.fabian@soziologie.uni-halle.de\">eva.fabian@soziologie.uni-halle.de<\/a><\/p>\n<\/div><\/div>\n\n\n\n<div style=\"height:166px\" aria-hidden=\"true\" class=\"wp-block-spacer\"><\/div>\n\n\n\n<p><\/p>\n<\/div><\/div>\n\n\n\n<div class=\"wp-block-pb-accordion-item c-accordion__item js-accordion-item no-js\" data-initially-open=\"false\" data-click-to-close=\"true\" data-auto-close=\"false\" data-scroll=\"false\" data-scroll-offset=\"0\"><h3 id=\"at-17550\" class=\"c-accordion__title js-accordion-controller\" role=\"button\">Wissenschaftlicher Werdegang<\/h3><div id=\"ac-17550\" class=\"c-accordion__content\">\n<figure class=\"wp-block-table is-style-regular\"><table><tbody><tr><td class=\"has-text-align-left\" data-align=\"left\">seit 01\/2024<\/td><td class=\"has-text-align-left\" data-align=\"left\">Wissenschaftliche Mitarbeiterin und Doktorandin im Team C3 \u2013 \u201eTransformative Learning (TraiL) &#8211; New paths into future\u201c im European Center of Just Transition Research and Impact-Driven Transfer (JTC)<\/td><\/tr><tr><td class=\"has-text-align-left\" data-align=\"left\">seit 01\/2022<\/td><td class=\"has-text-align-left\" data-align=\"left\">Wissenschaftliche Mitarbeiterin und Doktorandin im Teilprojekt \u201eBildungserwartungen und -entscheidungen von Eltern\u201c des BMBF-gef\u00f6rderten Verbundvorhabens \u201e(Neu-)Ordnungen von Bildungslandschaften reflexiv gestalten. Zur riskanten gesellschaftlichen und schulischen Teilhabe von Kindern in peripheren Sozialr\u00e4umen\u201c (NeOBi)<\/td><\/tr><tr><td class=\"has-text-align-left\" data-align=\"left\">01\/2019 &#8211; 12\/2022<\/td><td class=\"has-text-align-left\" data-align=\"left\">Coachin in der ciT Leipzig im Projekt \u201eBerufliches und soziales Coaching\u201c<\/td><\/tr><tr><td class=\"has-text-align-left\" data-align=\"left\">04\/2021 &#8211; 10\/2021<\/td><td class=\"has-text-align-left\" data-align=\"left\">Wissenschaftliche Mitarbeiterin am <a href=\"https:\/\/www.fgz-risc.de\/\" target=\"_blank\" rel=\"noreferrer noopener\">Forschungsinstitut Gesellschaftlicher Zusammenhalt<\/a>, im Teilprojekt \u201eKleinst-Unternehmer*innen im Kontext institutioneller Regeln und lokaler Verwaltungspraktiken\u201c<\/td><\/tr><tr><td class=\"has-text-align-left\" data-align=\"left\">01\/2021 &#8211; 10\/2021<\/td><td class=\"has-text-align-left\" data-align=\"left\">Mitarbeiterin bei der Auslandsgesellschaft Sachsen-Anhalt e. V., im Projekt \u201eIKOE \u2013 Fachstelle Interkulturelle Orientierung und \u00d6ffnung Sachsen-Anhalt\u201c<\/td><\/tr><tr><td class=\"has-text-align-left\" data-align=\"left\">10\/2020 &#8211; 04\/2021<\/td><td class=\"has-text-align-left\" data-align=\"left\">Koordinatorin (Elternzeitvertretung) am <a href=\"https:\/\/www.fgz-risc.de\/\" target=\"_blank\" rel=\"noreferrer noopener\">Forschungsinstitut Gesellschaftlicher Zusammenhalt<\/a><\/td><\/tr><tr><td class=\"has-text-align-left\" data-align=\"left\">07\/2019 &#8211; 03\/2020<\/td><td class=\"has-text-align-left\" data-align=\"left\">Mitarbeiterin an der Hochschule Harz im Fachbereich Verwaltungswissenschaften, im Rahmen einer \u201eHorizon 2020\u201c-Antragsstellung<\/td><\/tr><tr><td class=\"has-text-align-left\" data-align=\"left\">01\/2017 &#8211; 12\/2018<\/td><td class=\"has-text-align-left\" data-align=\"left\">Integrationskoordinatorin im Landratsamt Burgenlandkreis<\/td><\/tr><tr><td class=\"has-text-align-left\" data-align=\"left\">10\/2011 &#8211; 01\/2016<\/td><td class=\"has-text-align-left\" data-align=\"left\">Studium der Soziologie (M. A.) an der Martin-Luther-Universit\u00e4t Halle-Wittenberg<\/td><\/tr><tr><td class=\"has-text-align-left\" data-align=\"left\">10\/2007 &#8211; 09\/2011<\/td><td class=\"has-text-align-left\" data-align=\"left\">Studium der Soziologie und Philosophie (B. A.) an der Martin-Luther-Universit\u00e4t Halle-Wittenberg<\/td><\/tr><\/tbody><\/table><\/figure>\n\n\n\n<p><\/p>\n<\/div><\/div>\n\n\n\n<div class=\"wp-block-pb-accordion-item c-accordion__item js-accordion-item no-js\" data-initially-open=\"false\" data-click-to-close=\"true\" data-auto-close=\"false\" data-scroll=\"false\" data-scroll-offset=\"0\"><h3 id=\"at-17551\" class=\"c-accordion__title js-accordion-controller\" role=\"button\">Forschungsinteressen<\/h3><div id=\"ac-17551\" class=\"c-accordion__content\">\n<ul><li>Bildungssoziologie<\/li><li>Soziale Ungleichheit<\/li><li>L\u00e4ndliche R\u00e4ume<\/li><li>Inklusions- und Exklusionsprozesse<\/li><\/ul>\n\n\n\n<p><\/p>\n<\/div><\/div>\n\n\n\n<div class=\"wp-block-pb-accordion-item c-accordion__item js-accordion-item no-js\"><h3 id=\"at-17553\" class=\"c-accordion__title js-accordion-controller\" role=\"button\">Publikationen<\/h3><div id=\"ac-17553\" class=\"c-accordion__content\">\n<p>Fabian, E., &amp; Klebig, K. (2015). Forschungsbasierte Lehre im Zeitalter der Massenuniversit\u00e4t? Die Entwicklung der deutschen Universit\u00e4t unter dem Leitbild der Einheit von Forschung und Lehre. <em>Turkish Journal of Sociology, 3<\/em>(30), 141-165. <a href=\"https:\/\/dergipark.org.tr\/en\/pub\/iusosyoloji\/issue\/562\/5595\">https:\/\/dergipark.org.tr\/en\/pub\/iusosyoloji\/issue\/562\/5595<\/a><\/p>\n<\/div><\/div>\n\n\n\n<div class=\"wp-block-pb-accordion-item c-accordion__item js-accordion-item no-js\" data-initially-open=\"false\" data-click-to-close=\"true\" data-auto-close=\"false\" data-scroll=\"false\" data-scroll-offset=\"0\"><h3 id=\"at-17552\" class=\"c-accordion__title js-accordion-controller\" role=\"button\">Aktuelles Projekt<\/h3><div id=\"ac-17552\" class=\"c-accordion__content\">\n<p><strong>Entwicklung von Education Technologies f\u00fcr den l\u00e4ndlichen Raum<\/strong><\/p>\n\n\n\n<p>Education Technologies, kurz EdTech, haben zum Ziel, Lernerfahrungen mithilfe von digitalen Technologien, Werkzeugen und Ressourcen zu verbessern. Dazu ist es notwendig, Herausforderungen und Chancen von Bildungstechnologien in ihrem jeweiligen Kontext zu begreifen. In unserem Forschungsteam wird EdTech f\u00fcr sozial-\u00f6kologische Transformation im l\u00e4ndlichen Raum entworfen, erprobt und evaluiert. Diese sollen mithilfe des JTC-Inkubators zur Marktreife gebracht und in der Region auf Dauer verankert werden.<\/p>\n\n\n\n<p>Zur&nbsp;<a href=\"https:\/\/blogs.urz.uni-halle.de\/geographiedidaktik\/forschung-und-projekte\/education-technologies-fuer-den-laendlichen-raum\/\">Projektseite<\/a><\/p>\n\n\n\n<p><\/p>\n<\/div><\/div>\n","protected":false},"excerpt":{"rendered":"","protected":false},"author":6162,"featured_media":1757,"parent":25,"menu_order":20,"comment_status":"closed","ping_status":"closed","template":"","meta":[],"yoast_head":"<!-- This site is optimized with the Yoast SEO plugin v15.6.2 - https:\/\/yoast.com\/wordpress\/plugins\/seo\/ -->\n<title>Eva Fabian - Didaktik der Geographie (MLU Halle-Wittenberg)<\/title>\n<meta name=\"description\" content=\"Homepage von Jenny Steinhorst mit Kontaktdaten, Informationen zum Werdegang, zu Forschungsinteressen und dem JTC-Teilprojekt EdTech\" \/>\n<meta name=\"robots\" content=\"index, follow, max-snippet:-1, max-image-preview:large, max-video-preview:-1\" \/>\n<link rel=\"canonical\" href=\"https:\/\/blogs.urz.uni-halle.de\/geographiedidaktik\/arbeitsgruppe\/eva-fabian\/\" \/>\n<meta property=\"og:locale\" content=\"de_DE\" \/>\n<meta property=\"og:type\" content=\"article\" \/>\n<meta property=\"og:title\" content=\"Eva Fabian - Didaktik der Geographie (MLU Halle-Wittenberg)\" \/>\n<meta property=\"og:description\" content=\"Homepage von Jenny Steinhorst mit Kontaktdaten, Informationen zum Werdegang, zu Forschungsinteressen und dem JTC-Teilprojekt EdTech\" \/>\n<meta property=\"og:url\" content=\"https:\/\/blogs.urz.uni-halle.de\/geographiedidaktik\/arbeitsgruppe\/eva-fabian\/\" \/>\n<meta property=\"og:site_name\" content=\"Didaktik der Geographie (MLU Halle-Wittenberg)\" \/>\n<meta property=\"article:modified_time\" content=\"2025-05-16T08:14:07+00:00\" \/>\n<meta property=\"og:image\" content=\"https:\/\/blogs.urz.uni-halle.de\/geographiedidaktik\/files\/2025\/05\/b1777-scaled-e1747383204280.jpg\" \/>\n\t<meta property=\"og:image:width\" content=\"1836\" \/>\n\t<meta property=\"og:image:height\" content=\"1707\" \/>\n<meta name=\"twitter:card\" content=\"summary_large_image\" \/>\n<meta name=\"twitter:label1\" content=\"Gesch\u00e4tzte Lesezeit\">\n\t<meta name=\"twitter:data1\" content=\"2\u00a0Minuten\">\n<script type=\"application\/ld+json\" class=\"yoast-schema-graph\">{\"@context\":\"https:\/\/schema.org\",\"@graph\":[{\"@type\":\"Organization\",\"@id\":\"https:\/\/blogs.urz.uni-halle.de\/geographiedidaktik\/#organization\",\"name\":\"Didaktik der Geographie MLU\",\"url\":\"https:\/\/blogs.urz.uni-halle.de\/geographiedidaktik\/\",\"sameAs\":[],\"logo\":{\"@type\":\"ImageObject\",\"@id\":\"https:\/\/blogs.urz.uni-halle.de\/geographiedidaktik\/#logo\",\"inLanguage\":\"de\",\"url\":\"https:\/\/blogs.urz.uni-halle.de\/geographiedidaktik\/files\/2023\/06\/Logo_Didaktik-der-Geographie_MLU-1.png\",\"width\":1339,\"height\":404,\"caption\":\"Didaktik der Geographie MLU\"},\"image\":{\"@id\":\"https:\/\/blogs.urz.uni-halle.de\/geographiedidaktik\/#logo\"}},{\"@type\":\"WebSite\",\"@id\":\"https:\/\/blogs.urz.uni-halle.de\/geographiedidaktik\/#website\",\"url\":\"https:\/\/blogs.urz.uni-halle.de\/geographiedidaktik\/\",\"name\":\"Didaktik der Geographie (MLU Halle-Wittenberg)\",\"description\":\"\",\"publisher\":{\"@id\":\"https:\/\/blogs.urz.uni-halle.de\/geographiedidaktik\/#organization\"},\"potentialAction\":[{\"@type\":\"SearchAction\",\"target\":\"https:\/\/blogs.urz.uni-halle.de\/geographiedidaktik\/?s={search_term_string}\",\"query-input\":\"required name=search_term_string\"}],\"inLanguage\":\"de\"},{\"@type\":\"ImageObject\",\"@id\":\"https:\/\/blogs.urz.uni-halle.de\/geographiedidaktik\/arbeitsgruppe\/eva-fabian\/#primaryimage\",\"inLanguage\":\"de\",\"url\":\"https:\/\/blogs.urz.uni-halle.de\/geographiedidaktik\/files\/2025\/05\/b1777-scaled-e1747383204280.jpg\",\"width\":1836,\"height\":1707},{\"@type\":\"WebPage\",\"@id\":\"https:\/\/blogs.urz.uni-halle.de\/geographiedidaktik\/arbeitsgruppe\/eva-fabian\/#webpage\",\"url\":\"https:\/\/blogs.urz.uni-halle.de\/geographiedidaktik\/arbeitsgruppe\/eva-fabian\/\",\"name\":\"Eva Fabian - Didaktik der Geographie (MLU Halle-Wittenberg)\",\"isPartOf\":{\"@id\":\"https:\/\/blogs.urz.uni-halle.de\/geographiedidaktik\/#website\"},\"primaryImageOfPage\":{\"@id\":\"https:\/\/blogs.urz.uni-halle.de\/geographiedidaktik\/arbeitsgruppe\/eva-fabian\/#primaryimage\"},\"datePublished\":\"2024-09-10T11:50:02+00:00\",\"dateModified\":\"2025-05-16T08:14:07+00:00\",\"description\":\"Homepage von Jenny Steinhorst mit Kontaktdaten, Informationen zum Werdegang, zu Forschungsinteressen und dem JTC-Teilprojekt EdTech\",\"inLanguage\":\"de\",\"potentialAction\":[{\"@type\":\"ReadAction\",\"target\":[\"https:\/\/blogs.urz.uni-halle.de\/geographiedidaktik\/arbeitsgruppe\/eva-fabian\/\"]}]}]}<\/script>\n<!-- \/ Yoast SEO plugin. -->","_links":{"self":[{"href":"https:\/\/blogs.urz.uni-halle.de\/geographiedidaktik\/wp-json\/wp\/v2\/pages\/1755"}],"collection":[{"href":"https:\/\/blogs.urz.uni-halle.de\/geographiedidaktik\/wp-json\/wp\/v2\/pages"}],"about":[{"href":"https:\/\/blogs.urz.uni-halle.de\/geographiedidaktik\/wp-json\/wp\/v2\/types\/page"}],"author":[{"embeddable":true,"href":"https:\/\/blogs.urz.uni-halle.de\/geographiedidaktik\/wp-json\/wp\/v2\/users\/6162"}],"replies":[{"embeddable":true,"href":"https:\/\/blogs.urz.uni-halle.de\/geographiedidaktik\/wp-json\/wp\/v2\/comments?post=1755"}],"version-history":[{"count":2,"href":"https:\/\/blogs.urz.uni-halle.de\/geographiedidaktik\/wp-json\/wp\/v2\/pages\/1755\/revisions"}],"predecessor-version":[{"id":1758,"href":"https:\/\/blogs.urz.uni-halle.de\/geographiedidaktik\/wp-json\/wp\/v2\/pages\/1755\/revisions\/1758"}],"up":[{"embeddable":true,"href":"https:\/\/blogs.urz.uni-halle.de\/geographiedidaktik\/wp-json\/wp\/v2\/pages\/25"}],"wp:featuredmedia":[{"embeddable":true,"href":"https:\/\/blogs.urz.uni-halle.de\/geographiedidaktik\/wp-json\/wp\/v2\/media\/1757"}],"wp:attachment":[{"href":"https:\/\/blogs.urz.uni-halle.de\/geographiedidaktik\/wp-json\/wp\/v2\/media?parent=1755"}],"curies":[{"name":"wp","href":"https:\/\/api.w.org\/{rel}","templated":true}]}}