{"id":228,"date":"2023-05-04T12:12:01","date_gmt":"2023-05-04T10:12:01","guid":{"rendered":"https:\/\/blogs.urz.uni-halle.de\/geographiedidaktik\/arbeitsgruppe-_dup\/"},"modified":"2025-04-03T13:44:25","modified_gmt":"2025-04-03T11:44:25","slug":"ehemalige","status":"publish","type":"page","link":"https:\/\/blogs.urz.uni-halle.de\/geographiedidaktik\/arbeitsgruppe\/ehemalige\/","title":{"rendered":"Ehemalige"},"content":{"rendered":"\n<div class=\"wp-block-group\"><div class=\"wp-block-group__inner-container\">\n<p><\/p>\n<\/div><\/div>\n\n\n\n<div class=\"wp-block-group\"><div class=\"wp-block-group__inner-container\">\n<figure class=\"wp-block-table\"><table><tbody><tr><td class=\"has-text-align-left\" data-align=\"left\">Prof. Dr. Martin Lindner<br>(emeritus)<\/td><td class=\"has-text-align-left\" data-align=\"left\"><a href=\"mailto:martin.lindner@biodidaktik.uni-halle.de\">martin.\u200blindner@\u200bbiodidaktik.\u200buni-\u200bhalle.\u200bde<\/a><br><a rel=\"noreferrer noopener\" href=\"https:\/\/www.biodidaktik.uni-halle.de\/mitarbeiterinnen\/homepage_prof._lindner\/\" target=\"_blank\">Homepage<\/a><\/td><\/tr><tr><td class=\"has-text-align-left\" data-align=\"left\">Prof. Dr. Notburga Protze&nbsp;<br>(emeritus)<\/td><td class=\"has-text-align-left\" data-align=\"left\"><a href=\"mailto:notburga.protze@geo.uni-halle.de\">notburga.\u200bprotze@\u200bgeo.\u200buni-\u200bhalle.\u200bde<\/a><\/td><\/tr><tr><td class=\"has-text-align-left\" data-align=\"left\">Miriam Sch\u00f6ps<\/td><td class=\"has-text-align-left\" data-align=\"left\"><a href=\"https:\/\/blogs.urz.uni-halle.de\/geographiedidaktik\/arbeitsgruppe\/ehemalige\/miriam-schoeps\/\">Homepage<\/a><\/td><\/tr><tr><td class=\"has-text-align-left\" data-align=\"left\">Maximilian Breuer<\/td><td class=\"has-text-align-left\" data-align=\"left\"><a href=\"https:\/\/blogs.urz.uni-halle.de\/geographiedidaktik\/arbeitsgruppe\/ehemalige\/maximilian-breuer\/\">Homepage<\/a><\/td><\/tr><tr><td class=\"has-text-align-left\" data-align=\"left\">Dr. habil. Antje Schneider<br>Vertretung der Professur f\u00fcr Didaktik der Geographie an der Martin-Luther-Universit\u00e4t im WiSe 2021\/22 und&nbsp;SoSe 2022<\/td><td class=\"has-text-align-left\" data-align=\"left\"><\/td><\/tr><tr><td class=\"has-text-align-left\" data-align=\"left\">Prof. Dr. Jochen Laub<br>Vertretung der Professur f\u00fcr Didaktik der Geographie an der Martin-Luther-Universit\u00e4t im SoSe 2021<br>Professor f\u00fcr Geographie und ihre Didaktik (W3) an der Universit\u00e4t Trier<\/td><td class=\"has-text-align-left\" data-align=\"left\"><a href=\"https:\/\/www.uni-trier.de\/universitaet\/fachbereiche-faecher\/fachbereich-vi\/faecher\/geographie-und-ihre-didaktik\/unser-team\/jochen-laub\" target=\"_blank\" rel=\"noreferrer noopener\">Homepage<\/a><\/td><\/tr><tr><td class=\"has-text-align-left\" data-align=\"left\">Prof. Dr. Eva N\u00f6then<br>Vertretung der Professur f\u00fcr Didaktik der Geographie an der Martin-Luther-Universit\u00e4t im SoSe 2020 und WiSe 2020\/21<br>Inhaberin der Professur f\u00fcr Didaktik der Geographie an der Rheinischen Friedrich-Wilhelms-Universit\u00e4t Bonn<\/td><td class=\"has-text-align-left\" data-align=\"left\"><a href=\"https:\/\/www.geographie.uni-bonn.de\/de\/forschung\/arbeitsgruppen\/ag-noethen\" target=\"_blank\" rel=\"noreferrer noopener\">Homepage<\/a><\/td><\/tr><tr><td class=\"has-text-align-left\" data-align=\"left\">Dr. Fabian Mohs<br>Lehrbeauftragter, Gymnasiallehrer f\u00fcr Geographie und Biologie in Halle<\/td><td class=\"has-text-align-left\" data-align=\"left\"><a href=\"mailto:f.\u200bmohs@\u200bgym-\u200bwolff.\u200bbildung-\u200blsa.\u200bde\">f.\u200bmohs@\u200bgym-\u200bwolff.\u200bbildung-\u200blsa.\u200bde<\/a><br><a href=\"https:\/\/blogs.urz.uni-halle.de\/geographiedidaktik\/arbeitsgruppe\/fabian-mohs\/\">Homepage<\/a><\/td><\/tr><tr><td class=\"has-text-align-left\" data-align=\"left\">Florian Woithe<\/td><td class=\"has-text-align-left\" data-align=\"left\"><a href=\"https:\/\/blogs.urz.uni-halle.de\/geographiedidaktik\/arbeitsgruppe\/ehemalige\/florian_woithe\/\" data-type=\"page\" data-id=\"354\">Homepage<\/a><\/td><\/tr><tr><td class=\"has-text-align-left\" data-align=\"left\">Dr. Alma Reinboth<br>Gymnasiallehrerin f\u00fcr Biologie und Englisch in Brandenburg<\/td><td class=\"has-text-align-left\" data-align=\"left\"><a href=\"https:\/\/blogs.urz.uni-halle.de\/geographiedidaktik\/arbeitsgruppe\/ehemalige\/alma-reinboth\/\" data-type=\"page\" data-id=\"247\">Homepage<\/a><\/td><\/tr><tr><td class=\"has-text-align-left\" data-align=\"left\">Dr. Lukas Recknagel<br>Gymnasiallehrer f\u00fcr Geographie, Geschichte und&nbsp;Astronomie in Th\u00fcringen<\/td><td class=\"has-text-align-left\" data-align=\"left\"><a href=\"https:\/\/blogs.urz.uni-halle.de\/geographiedidaktik\/arbeitsgruppe\/ehemalige\/lukas-recknagel\/\" data-type=\"page\" data-id=\"243\">Homepage<\/a><\/td><\/tr><tr><td class=\"has-text-align-left\" data-align=\"left\">Dr. Shakil Regmi<\/td><td class=\"has-text-align-left\" data-align=\"left\"><a href=\"https:\/\/didaktik.geographie.uni-halle.de\/mitarbeiterinnen\/regmi\/\" target=\"_blank\" rel=\"noreferrer noopener\">Homepage<\/a><\/td><\/tr><tr><td class=\"has-text-align-left\" data-align=\"left\">Dr. Tom Renner<br>Lehrbeauftragter; Gymnasiallehrer f\u00fcr Geographie und Sport in Halle<\/td><td class=\"has-text-align-left\" data-align=\"left\"><a href=\"https:\/\/blogs.urz.uni-halle.de\/geographiedidaktik\/arbeitsgruppe\/ehemalige\/tom-renner\/\">Homepage<\/a><\/td><\/tr><tr><td class=\"has-text-align-left\" data-align=\"left\">Dr. Jannick Hempowicz<br>Gymnasiallehrer f\u00fcr Geographie und Sport in Berlin<\/td><td class=\"has-text-align-left\" data-align=\"left\"><a href=\"https:\/\/blogs.urz.uni-halle.de\/geographiedidaktik\/arbeitsgruppe\/ehemalige\/jannick-hempowicz\/\" data-type=\"page\" data-id=\"249\">Homepage<\/a><\/td><\/tr><tr><td class=\"has-text-align-left\" data-align=\"left\">Dr. Daniela Hottenroth<br>Lehrerin an den Staatlichen Regelschulen Nordhausen<\/td><td class=\"has-text-align-left\" data-align=\"left\"><a href=\"https:\/\/blogs.urz.uni-halle.de\/geographiedidaktik\/arbeitsgruppe\/ehemalige\/daniela-hottenroth\/\" data-type=\"page\" data-id=\"251\">Homepage<\/a><\/td><\/tr><tr><td class=\"has-text-align-left\" data-align=\"left\">Dipl. Biologe Alexander Finger<br>Wissenschaftlicher Mitarbeiter an der Universit\u00e4t Leipzig<\/td><td class=\"has-text-align-left\" data-align=\"left\"><a href=\"https:\/\/www.uni-leipzig.de\/personenprofil\/mitarbeiter\/alexander-finger\" target=\"_blank\" rel=\"noreferrer noopener\">Homepage<\/a><\/td><\/tr><tr><td class=\"has-text-align-left\" data-align=\"left\">Theresa van Aken<br>Referentin f\u00fcr Umweltbildung und Bildung f\u00fcr nachhaltige Entwicklung<\/td><td class=\"has-text-align-left\" data-align=\"left\"><a href=\"http:\/\/www.theresavanaken.de\/\" target=\"_blank\" rel=\"noreferrer noopener\">Homepage<\/a><\/td><\/tr><tr><td class=\"has-text-align-left\" data-align=\"left\">Dipl.-Geograph Christian Kubat<br>Dozent Bildung f\u00fcr nachhaltige Entwicklung<\/td><td class=\"has-text-align-left\" data-align=\"left\"><a href=\"http:\/\/wildnis-herberge.de\/\" target=\"_blank\" rel=\"noreferrer noopener\">Homepage<\/a><\/td><\/tr><tr><td class=\"has-text-align-left\" data-align=\"left\">Dr. Benjamin Heynoldt<br>Gymnasiallehrer am Carl-\u200bFriedrich-\u200bGau\u00df-Gymnasium in&nbsp;Frankfurt\/Oder<\/td><td class=\"has-text-align-left\" data-align=\"left\"><\/td><\/tr><tr><td class=\"has-text-align-left\" data-align=\"left\">Dr. Anneliese Hedderich<\/td><td class=\"has-text-align-left\" data-align=\"left\"><\/td><\/tr><tr><td class=\"has-text-align-left\" data-align=\"left\">Steffen Joseph<br>Gymnasiallehrer in&nbsp;Rheinland-Pfalz<\/td><td class=\"has-text-align-left\" data-align=\"left\"><\/td><\/tr><\/tbody><\/table><\/figure>\n<\/div><\/div>\n\n\n\n<p><\/p>\n","protected":false},"excerpt":{"rendered":"","protected":false},"author":3565,"featured_media":0,"parent":25,"menu_order":3,"comment_status":"closed","ping_status":"closed","template":"","meta":[],"yoast_head":"<!-- This site is optimized with the Yoast SEO plugin v15.6.2 - https:\/\/yoast.com\/wordpress\/plugins\/seo\/ -->\n<title>Ehemalige - Didaktik der Geographie (MLU Halle-Wittenberg)<\/title>\n<meta name=\"robots\" content=\"index, follow, max-snippet:-1, max-image-preview:large, max-video-preview:-1\" \/>\n<link rel=\"canonical\" href=\"https:\/\/blogs.urz.uni-halle.de\/geographiedidaktik\/arbeitsgruppe\/ehemalige\/\" \/>\n<meta property=\"og:locale\" content=\"de_DE\" \/>\n<meta property=\"og:type\" content=\"article\" \/>\n<meta property=\"og:title\" content=\"Ehemalige - Didaktik der Geographie (MLU Halle-Wittenberg)\" \/>\n<meta property=\"og:url\" content=\"https:\/\/blogs.urz.uni-halle.de\/geographiedidaktik\/arbeitsgruppe\/ehemalige\/\" \/>\n<meta property=\"og:site_name\" content=\"Didaktik der Geographie (MLU Halle-Wittenberg)\" \/>\n<meta property=\"article:modified_time\" content=\"2025-04-03T11:44:25+00:00\" \/>\n<meta name=\"twitter:card\" content=\"summary_large_image\" \/>\n<meta name=\"twitter:label1\" content=\"Gesch\u00e4tzte Lesezeit\">\n\t<meta name=\"twitter:data1\" content=\"1\u00a0Minute\">\n<script type=\"application\/ld+json\" class=\"yoast-schema-graph\">{\"@context\":\"https:\/\/schema.org\",\"@graph\":[{\"@type\":\"Organization\",\"@id\":\"https:\/\/blogs.urz.uni-halle.de\/geographiedidaktik\/#organization\",\"name\":\"Didaktik der Geographie MLU\",\"url\":\"https:\/\/blogs.urz.uni-halle.de\/geographiedidaktik\/\",\"sameAs\":[],\"logo\":{\"@type\":\"ImageObject\",\"@id\":\"https:\/\/blogs.urz.uni-halle.de\/geographiedidaktik\/#logo\",\"inLanguage\":\"de\",\"url\":\"https:\/\/blogs.urz.uni-halle.de\/geographiedidaktik\/files\/2023\/06\/Logo_Didaktik-der-Geographie_MLU-1.png\",\"width\":1339,\"height\":404,\"caption\":\"Didaktik der Geographie MLU\"},\"image\":{\"@id\":\"https:\/\/blogs.urz.uni-halle.de\/geographiedidaktik\/#logo\"}},{\"@type\":\"WebSite\",\"@id\":\"https:\/\/blogs.urz.uni-halle.de\/geographiedidaktik\/#website\",\"url\":\"https:\/\/blogs.urz.uni-halle.de\/geographiedidaktik\/\",\"name\":\"Didaktik der Geographie (MLU Halle-Wittenberg)\",\"description\":\"\",\"publisher\":{\"@id\":\"https:\/\/blogs.urz.uni-halle.de\/geographiedidaktik\/#organization\"},\"potentialAction\":[{\"@type\":\"SearchAction\",\"target\":\"https:\/\/blogs.urz.uni-halle.de\/geographiedidaktik\/?s={search_term_string}\",\"query-input\":\"required name=search_term_string\"}],\"inLanguage\":\"de\"},{\"@type\":\"WebPage\",\"@id\":\"https:\/\/blogs.urz.uni-halle.de\/geographiedidaktik\/arbeitsgruppe\/ehemalige\/#webpage\",\"url\":\"https:\/\/blogs.urz.uni-halle.de\/geographiedidaktik\/arbeitsgruppe\/ehemalige\/\",\"name\":\"Ehemalige - Didaktik der Geographie (MLU Halle-Wittenberg)\",\"isPartOf\":{\"@id\":\"https:\/\/blogs.urz.uni-halle.de\/geographiedidaktik\/#website\"},\"datePublished\":\"2023-05-04T10:12:01+00:00\",\"dateModified\":\"2025-04-03T11:44:25+00:00\",\"inLanguage\":\"de\",\"potentialAction\":[{\"@type\":\"ReadAction\",\"target\":[\"https:\/\/blogs.urz.uni-halle.de\/geographiedidaktik\/arbeitsgruppe\/ehemalige\/\"]}]}]}<\/script>\n<!-- \/ Yoast SEO plugin. -->","_links":{"self":[{"href":"https:\/\/blogs.urz.uni-halle.de\/geographiedidaktik\/wp-json\/wp\/v2\/pages\/228"}],"collection":[{"href":"https:\/\/blogs.urz.uni-halle.de\/geographiedidaktik\/wp-json\/wp\/v2\/pages"}],"about":[{"href":"https:\/\/blogs.urz.uni-halle.de\/geographiedidaktik\/wp-json\/wp\/v2\/types\/page"}],"author":[{"embeddable":true,"href":"https:\/\/blogs.urz.uni-halle.de\/geographiedidaktik\/wp-json\/wp\/v2\/users\/3565"}],"replies":[{"embeddable":true,"href":"https:\/\/blogs.urz.uni-halle.de\/geographiedidaktik\/wp-json\/wp\/v2\/comments?post=228"}],"version-history":[{"count":10,"href":"https:\/\/blogs.urz.uni-halle.de\/geographiedidaktik\/wp-json\/wp\/v2\/pages\/228\/revisions"}],"predecessor-version":[{"id":1713,"href":"https:\/\/blogs.urz.uni-halle.de\/geographiedidaktik\/wp-json\/wp\/v2\/pages\/228\/revisions\/1713"}],"up":[{"embeddable":true,"href":"https:\/\/blogs.urz.uni-halle.de\/geographiedidaktik\/wp-json\/wp\/v2\/pages\/25"}],"wp:attachment":[{"href":"https:\/\/blogs.urz.uni-halle.de\/geographiedidaktik\/wp-json\/wp\/v2\/media?parent=228"}],"curies":[{"name":"wp","href":"https:\/\/api.w.org\/{rel}","templated":true}]}}