{"id":31,"date":"2023-05-04T12:15:04","date_gmt":"2023-05-04T10:15:04","guid":{"rendered":"https:\/\/blogs.urz.uni-halle.de\/geographiedidaktik\/?page_id=31"},"modified":"2025-10-16T13:55:14","modified_gmt":"2025-10-16T11:55:14","slug":"lehre","status":"publish","type":"page","link":"https:\/\/blogs.urz.uni-halle.de\/geographiedidaktik\/lehre\/","title":{"rendered":"Lehre"},"content":{"rendered":"\n<h3><a href=\"https:\/\/blogs.urz.uni-halle.de\/geographiedidaktik\/lehre\/studienberatung\/\">Studienberatung<\/a><\/h3>\n\n\n\n<h3>Studien- und Pr\u00fcfungsordnungen<\/h3>\n\n\n\n<ul><li><a rel=\"noreferrer noopener\" href=\"http:\/\/www.verwaltung.uni-halle.de\/KANZLER\/ZGST\/GVBL\/00_01.pdf\" target=\"_blank\">Verordnung \u00fcber die Erste Staatspr\u00fcfung f\u00fcr Lehr\u00e4mter im Land Sachsen-Anhalt<\/a><\/li><li><a rel=\"noreferrer noopener\" href=\"https:\/\/didaktik.geographie.uni-halle.de\/studium\/zul_geo_gym\/\" target=\"_blank\">Zulassungsvoraussetzungen zur Ersten Staatspr\u00fcfung f\u00fcr das Lehramt Geographie an Gymnasien<\/a><\/li><li><a rel=\"noreferrer noopener\" href=\"https:\/\/didaktik.geographie.uni-halle.de\/studium\/#anchor80505\" target=\"_blank\">Zulassungsvoraussetzungen zur Ersten Staatspr\u00fcfung f\u00fcr das Lehramt Geographie an Sekundarschulen<\/a><\/li><\/ul>\n\n\n\n<h3 id=\"StudienverlaufsplanLAGEO\">Studienverlaufsplan Lehramt Geographie<\/h3>\n\n\n\n<figure class=\"wp-block-image size-large\"><a href=\"https:\/\/blogs.urz.uni-halle.de\/geographiedidaktik\/files\/2025\/10\/Lehramt_Studienverlaufsplan_NEUabWS25_26_2025_10_15.png\" target=\"_blank\" rel=\"noopener noreferrer\"><img loading=\"lazy\" width=\"1024\" height=\"724\" src=\"https:\/\/blogs.urz.uni-halle.de\/geographiedidaktik\/files\/2025\/10\/Lehramt_Studienverlaufsplan_NEUabWS25_26_2025_10_15-1024x724.png\" alt=\"\" class=\"wp-image-1928\" srcset=\"https:\/\/blogs.urz.uni-halle.de\/geographiedidaktik\/files\/2025\/10\/Lehramt_Studienverlaufsplan_NEUabWS25_26_2025_10_15-1024x724.png 1024w, https:\/\/blogs.urz.uni-halle.de\/geographiedidaktik\/files\/2025\/10\/Lehramt_Studienverlaufsplan_NEUabWS25_26_2025_10_15-300x212.png 300w, https:\/\/blogs.urz.uni-halle.de\/geographiedidaktik\/files\/2025\/10\/Lehramt_Studienverlaufsplan_NEUabWS25_26_2025_10_15-768x543.png 768w, https:\/\/blogs.urz.uni-halle.de\/geographiedidaktik\/files\/2025\/10\/Lehramt_Studienverlaufsplan_NEUabWS25_26_2025_10_15-1536x1086.png 1536w, https:\/\/blogs.urz.uni-halle.de\/geographiedidaktik\/files\/2025\/10\/Lehramt_Studienverlaufsplan_NEUabWS25_26_2025_10_15-2048x1448.png 2048w\" sizes=\"(max-width: 1024px) 100vw, 1024px\" \/><\/a><\/figure>\n\n\n\n<div style=\"height:38px\" aria-hidden=\"true\" class=\"wp-block-spacer\"><\/div>\n\n\n\n<h4><strong>\u00dcbersicht \u00fcber den Studienverlauf bei Belegen des Schulpraktikums I im Wintersemester 2024\/25 (Februar\/M\u00e4rz)<\/strong><\/h4>\n\n\n\n<figure class=\"wp-block-image size-full\"><a href=\"https:\/\/blogs.urz.uni-halle.de\/geographiedidaktik\/files\/2025\/03\/Decision-Tree-SP-I-WiSe-24_25_.png\"><img loading=\"lazy\" width=\"5063\" height=\"3373\" src=\"https:\/\/blogs.urz.uni-halle.de\/geographiedidaktik\/files\/2025\/03\/Decision-Tree-SP-I-WiSe-24_25_-edited.png\" alt=\"\" class=\"wp-image-1662\" srcset=\"https:\/\/blogs.urz.uni-halle.de\/geographiedidaktik\/files\/2025\/03\/Decision-Tree-SP-I-WiSe-24_25_-edited.png 5063w, https:\/\/blogs.urz.uni-halle.de\/geographiedidaktik\/files\/2025\/03\/Decision-Tree-SP-I-WiSe-24_25_-edited-300x200.png 300w, https:\/\/blogs.urz.uni-halle.de\/geographiedidaktik\/files\/2025\/03\/Decision-Tree-SP-I-WiSe-24_25_-edited-1024x682.png 1024w, https:\/\/blogs.urz.uni-halle.de\/geographiedidaktik\/files\/2025\/03\/Decision-Tree-SP-I-WiSe-24_25_-edited-768x512.png 768w, https:\/\/blogs.urz.uni-halle.de\/geographiedidaktik\/files\/2025\/03\/Decision-Tree-SP-I-WiSe-24_25_-edited-1536x1023.png 1536w, https:\/\/blogs.urz.uni-halle.de\/geographiedidaktik\/files\/2025\/03\/Decision-Tree-SP-I-WiSe-24_25_-edited-2048x1364.png 2048w\" sizes=\"(max-width: 5063px) 100vw, 5063px\" \/><\/a><\/figure>\n\n\n\n<h4><strong>\u00dcbersicht \u00fcber den Studienverlauf bei Belegen des Schulpraktikums I im Sommersemester 2025 (August\/September)<\/strong><\/h4>\n\n\n\n<figure class=\"wp-block-image size-full\"><a href=\"https:\/\/blogs.urz.uni-halle.de\/geographiedidaktik\/files\/2025\/03\/Decision-Tree-SP-I-SoSe-25_-edited.png\"><img loading=\"lazy\" width=\"5063\" height=\"3373\" src=\"https:\/\/blogs.urz.uni-halle.de\/geographiedidaktik\/files\/2025\/03\/Decision-Tree-SP-I-SoSe-25_-edited.png\" alt=\"\" class=\"wp-image-1671\" srcset=\"https:\/\/blogs.urz.uni-halle.de\/geographiedidaktik\/files\/2025\/03\/Decision-Tree-SP-I-SoSe-25_-edited.png 5063w, https:\/\/blogs.urz.uni-halle.de\/geographiedidaktik\/files\/2025\/03\/Decision-Tree-SP-I-SoSe-25_-edited-300x200.png 300w, https:\/\/blogs.urz.uni-halle.de\/geographiedidaktik\/files\/2025\/03\/Decision-Tree-SP-I-SoSe-25_-edited-1024x682.png 1024w, https:\/\/blogs.urz.uni-halle.de\/geographiedidaktik\/files\/2025\/03\/Decision-Tree-SP-I-SoSe-25_-edited-768x512.png 768w, https:\/\/blogs.urz.uni-halle.de\/geographiedidaktik\/files\/2025\/03\/Decision-Tree-SP-I-SoSe-25_-edited-1536x1023.png 1536w, https:\/\/blogs.urz.uni-halle.de\/geographiedidaktik\/files\/2025\/03\/Decision-Tree-SP-I-SoSe-25_-edited-2048x1364.png 2048w\" sizes=\"(max-width: 5063px) 100vw, 5063px\" \/><\/a><\/figure>\n\n\n\n<h4><strong>\u00dcbersicht \u00fcber den Studienverlauf bei Belegen des Schulpraktikums I im Wintersemester 2024\/25 (Februar\/M\u00e4rz)<\/strong><\/h4>\n\n\n\n<figure class=\"wp-block-image size-large\"><img loading=\"lazy\" width=\"1024\" height=\"700\" src=\"https:\/\/blogs.urz.uni-halle.de\/geographiedidaktik\/files\/2025\/09\/Decision-Tree-SP-I-WiSe-25_26_neu-1024x700.png\" alt=\"\" class=\"wp-image-1878\" srcset=\"https:\/\/blogs.urz.uni-halle.de\/geographiedidaktik\/files\/2025\/09\/Decision-Tree-SP-I-WiSe-25_26_neu-1024x700.png 1024w, https:\/\/blogs.urz.uni-halle.de\/geographiedidaktik\/files\/2025\/09\/Decision-Tree-SP-I-WiSe-25_26_neu-300x205.png 300w, https:\/\/blogs.urz.uni-halle.de\/geographiedidaktik\/files\/2025\/09\/Decision-Tree-SP-I-WiSe-25_26_neu-768x525.png 768w, https:\/\/blogs.urz.uni-halle.de\/geographiedidaktik\/files\/2025\/09\/Decision-Tree-SP-I-WiSe-25_26_neu-1536x1050.png 1536w, https:\/\/blogs.urz.uni-halle.de\/geographiedidaktik\/files\/2025\/09\/Decision-Tree-SP-I-WiSe-25_26_neu-2048x1400.png 2048w\" sizes=\"(max-width: 1024px) 100vw, 1024px\" \/><\/figure>\n\n\n\n<h3>Module Fachdidaktik<\/h3>\n\n\n\n<p><strong>Fachdidaktik I: Grundlagen der Fachdidaktik Geographie<\/strong><\/p>\n\n\n\n<p><em>Lehrveranstaltungen:<\/em><\/p>\n\n\n\n<ul><li>Vorlesung: Grundlagen der Fachdidaktik<\/li><li>Seminar: Grundlagen der Fachdidaktik<\/li><li>Seminar: Analyse und Planung geographischer Unterrichtseinheiten<\/li><\/ul>\n\n\n\n<p><strong>Fachdidaktik II: Fachunterricht &#8211; Konzeptionen und Gestaltung<\/strong><\/p>\n\n\n\n<p><em>Lehrveranstaltungen:<\/em><\/p>\n\n\n\n<ul><li>\u00dcbung: Schulpraktische \u00dcbungen (SP\u00dc)<\/li><li>Seminar: Ausgew\u00e4hlte Aspekte des Geographieunterrichts<\/li><\/ul>\n\n\n\n<p><strong>Fachdidaktik III: Medien im Geographieunterricht<\/strong><\/p>\n\n\n\n<p><em>Lehrveranstaltungen:<\/em><\/p>\n\n\n\n<ul><li>Seminar: Medien im Geographieunterricht<\/li><li>Projektseminar: Medien im Geographieunterricht<\/li><\/ul>\n\n\n\n<p><strong>Fachdidaktik IV: Evaluation von Geographieunterricht<\/strong><\/p>\n\n\n\n<p><em>Lehrveranstaltungen:<\/em><\/p>\n\n\n\n<ul><li>Seminar: Geographiedidaktische Forschung<\/li><li>Seminar: Outdoor Education und Exkursionsdidaktik<\/li><\/ul>\n\n\n\n<h3><a href=\"https:\/\/blogs.urz.uni-halle.de\/geographiedidaktik\/lehre\/wissenschaftliche-hausarbeit\/\">Wissenschaftliche Hausarbeit<\/a><\/h3>\n\n\n\n<p><\/p>\n","protected":false},"excerpt":{"rendered":"<p>Studienberatung Studien- und Pr\u00fcfungsordnungen Verordnung \u00fcber die Erste Staatspr\u00fcfung f\u00fcr Lehr\u00e4mter im Land Sachsen-Anhalt Zulassungsvoraussetzungen zur Ersten Staatspr\u00fcfung f\u00fcr das Lehramt Geographie an Gymnasien Zulassungsvoraussetzungen zur Ersten Staatspr\u00fcfung f\u00fcr das Lehramt Geographie an Sekundarschulen Studienverlaufsplan Lehramt Geographie \u00dcbersicht \u00fcber den Studienverlauf bei Belegen des Schulpraktikums I im Wintersemester 2024\/25 (Februar\/M\u00e4rz) \u00dcbersicht \u00fcber den Studienverlauf bei [&hellip;]<\/p>\n","protected":false},"author":3565,"featured_media":0,"parent":0,"menu_order":0,"comment_status":"closed","ping_status":"closed","template":"","meta":[],"yoast_head":"<!-- This site is optimized with the Yoast SEO plugin v15.6.2 - https:\/\/yoast.com\/wordpress\/plugins\/seo\/ -->\n<title>Lehre - Didaktik der Geographie (MLU Halle-Wittenberg)<\/title>\n<meta name=\"robots\" content=\"index, follow, max-snippet:-1, max-image-preview:large, max-video-preview:-1\" \/>\n<link rel=\"canonical\" href=\"https:\/\/blogs.urz.uni-halle.de\/geographiedidaktik\/lehre\/\" \/>\n<meta property=\"og:locale\" content=\"de_DE\" \/>\n<meta property=\"og:type\" content=\"article\" \/>\n<meta property=\"og:title\" content=\"Lehre - Didaktik der Geographie (MLU Halle-Wittenberg)\" \/>\n<meta property=\"og:description\" content=\"Studienberatung Studien- und Pr\u00fcfungsordnungen Verordnung \u00fcber die Erste Staatspr\u00fcfung f\u00fcr Lehr\u00e4mter im Land Sachsen-Anhalt Zulassungsvoraussetzungen zur Ersten Staatspr\u00fcfung f\u00fcr das Lehramt Geographie an Gymnasien Zulassungsvoraussetzungen zur Ersten Staatspr\u00fcfung f\u00fcr das Lehramt Geographie an Sekundarschulen Studienverlaufsplan Lehramt Geographie \u00dcbersicht \u00fcber den Studienverlauf bei Belegen des Schulpraktikums I im Wintersemester 2024\/25 (Februar\/M\u00e4rz) \u00dcbersicht \u00fcber den Studienverlauf bei [&hellip;]\" \/>\n<meta property=\"og:url\" content=\"https:\/\/blogs.urz.uni-halle.de\/geographiedidaktik\/lehre\/\" \/>\n<meta property=\"og:site_name\" content=\"Didaktik der Geographie (MLU Halle-Wittenberg)\" \/>\n<meta property=\"article:modified_time\" content=\"2025-10-16T11:55:14+00:00\" \/>\n<meta property=\"og:image\" content=\"https:\/\/blogs.urz.uni-halle.de\/geographiedidaktik\/files\/2025\/10\/Lehramt_Studienverlaufsplan_NEUabWS25_26_2025_10_15-1024x724.png\" \/>\n<meta name=\"twitter:card\" content=\"summary_large_image\" \/>\n<meta name=\"twitter:label1\" content=\"Gesch\u00e4tzte Lesezeit\">\n\t<meta name=\"twitter:data1\" content=\"2\u00a0Minuten\">\n<script type=\"application\/ld+json\" class=\"yoast-schema-graph\">{\"@context\":\"https:\/\/schema.org\",\"@graph\":[{\"@type\":\"Organization\",\"@id\":\"https:\/\/blogs.urz.uni-halle.de\/geographiedidaktik\/#organization\",\"name\":\"Didaktik der Geographie MLU\",\"url\":\"https:\/\/blogs.urz.uni-halle.de\/geographiedidaktik\/\",\"sameAs\":[],\"logo\":{\"@type\":\"ImageObject\",\"@id\":\"https:\/\/blogs.urz.uni-halle.de\/geographiedidaktik\/#logo\",\"inLanguage\":\"de\",\"url\":\"https:\/\/blogs.urz.uni-halle.de\/geographiedidaktik\/files\/2023\/06\/Logo_Didaktik-der-Geographie_MLU-1.png\",\"width\":1339,\"height\":404,\"caption\":\"Didaktik der Geographie MLU\"},\"image\":{\"@id\":\"https:\/\/blogs.urz.uni-halle.de\/geographiedidaktik\/#logo\"}},{\"@type\":\"WebSite\",\"@id\":\"https:\/\/blogs.urz.uni-halle.de\/geographiedidaktik\/#website\",\"url\":\"https:\/\/blogs.urz.uni-halle.de\/geographiedidaktik\/\",\"name\":\"Didaktik der Geographie (MLU Halle-Wittenberg)\",\"description\":\"\",\"publisher\":{\"@id\":\"https:\/\/blogs.urz.uni-halle.de\/geographiedidaktik\/#organization\"},\"potentialAction\":[{\"@type\":\"SearchAction\",\"target\":\"https:\/\/blogs.urz.uni-halle.de\/geographiedidaktik\/?s={search_term_string}\",\"query-input\":\"required name=search_term_string\"}],\"inLanguage\":\"de\"},{\"@type\":\"ImageObject\",\"@id\":\"https:\/\/blogs.urz.uni-halle.de\/geographiedidaktik\/lehre\/#primaryimage\",\"inLanguage\":\"de\",\"url\":\"https:\/\/blogs.urz.uni-halle.de\/geographiedidaktik\/files\/2025\/10\/Lehramt_Studienverlaufsplan_NEUabWS25_26_2025_10_15.png\",\"width\":3508,\"height\":2481},{\"@type\":\"WebPage\",\"@id\":\"https:\/\/blogs.urz.uni-halle.de\/geographiedidaktik\/lehre\/#webpage\",\"url\":\"https:\/\/blogs.urz.uni-halle.de\/geographiedidaktik\/lehre\/\",\"name\":\"Lehre - Didaktik der Geographie (MLU Halle-Wittenberg)\",\"isPartOf\":{\"@id\":\"https:\/\/blogs.urz.uni-halle.de\/geographiedidaktik\/#website\"},\"primaryImageOfPage\":{\"@id\":\"https:\/\/blogs.urz.uni-halle.de\/geographiedidaktik\/lehre\/#primaryimage\"},\"datePublished\":\"2023-05-04T10:15:04+00:00\",\"dateModified\":\"2025-10-16T11:55:14+00:00\",\"inLanguage\":\"de\",\"potentialAction\":[{\"@type\":\"ReadAction\",\"target\":[\"https:\/\/blogs.urz.uni-halle.de\/geographiedidaktik\/lehre\/\"]}]}]}<\/script>\n<!-- \/ Yoast SEO plugin. -->","_links":{"self":[{"href":"https:\/\/blogs.urz.uni-halle.de\/geographiedidaktik\/wp-json\/wp\/v2\/pages\/31"}],"collection":[{"href":"https:\/\/blogs.urz.uni-halle.de\/geographiedidaktik\/wp-json\/wp\/v2\/pages"}],"about":[{"href":"https:\/\/blogs.urz.uni-halle.de\/geographiedidaktik\/wp-json\/wp\/v2\/types\/page"}],"author":[{"embeddable":true,"href":"https:\/\/blogs.urz.uni-halle.de\/geographiedidaktik\/wp-json\/wp\/v2\/users\/3565"}],"replies":[{"embeddable":true,"href":"https:\/\/blogs.urz.uni-halle.de\/geographiedidaktik\/wp-json\/wp\/v2\/comments?post=31"}],"version-history":[{"count":10,"href":"https:\/\/blogs.urz.uni-halle.de\/geographiedidaktik\/wp-json\/wp\/v2\/pages\/31\/revisions"}],"predecessor-version":[{"id":1930,"href":"https:\/\/blogs.urz.uni-halle.de\/geographiedidaktik\/wp-json\/wp\/v2\/pages\/31\/revisions\/1930"}],"wp:attachment":[{"href":"https:\/\/blogs.urz.uni-halle.de\/geographiedidaktik\/wp-json\/wp\/v2\/media?parent=31"}],"curies":[{"name":"wp","href":"https:\/\/api.w.org\/{rel}","templated":true}]}}