{"id":690,"date":"2024-06-04T14:09:59","date_gmt":"2024-06-04T12:09:59","guid":{"rendered":"https:\/\/blogs.urz.uni-halle.de\/geographiedidaktik\/?page_id=690"},"modified":"2024-06-04T14:10:00","modified_gmt":"2024-06-04T12:10:00","slug":"impressum","status":"publish","type":"page","link":"https:\/\/blogs.urz.uni-halle.de\/geographiedidaktik\/impressum\/","title":{"rendered":"Impressum"},"content":{"rendered":"\n<h2>Impressum nach \u00a7 5 DDG<\/h2>\n\n\n\n<p><strong>Institution<\/strong><br>Die Martin-Luther-Universit\u00e4t Halle-Wittenberg ist eine K\u00f6rperschaft des \u00f6ffentlichen Rechts. Sie wird durch die Rektorin Prof. Dr. Claudia Becker gesetzlich vertreten.<\/p>\n\n\n\n<p><strong>Angaben<\/strong><br>Martin-Luther-Universit\u00e4t Halle-Wittenberg<br>Universit\u00e4tsplatz 10<br>06108 Halle<br>Deutschland<\/p>\n\n\n\n<p>Fax: +49 (0)345 55 27 077<br>E-Mail: info@uni-halle.de<br>Internet: www.uni-halle.de<\/p>\n\n\n\n<p><strong>Umsatzsteuer-Identifikationsnummer:<\/strong> DE 811353703 gem\u00e4\u00df \u00a7 27 a Umsatzsteuergesetz<\/p>\n\n\n\n<p><strong>Institut\/Lehrstuhl<\/strong><br>Martin-Luther-Universit\u00e4t Halle-Wittenberg<br>Institut f\u00fcr Geowissenschaften und Geographie<br>Didaktik der Geographie<br>Von-\u200bSeckendorff-\u200bPlatz 4<br>06120 Halle<br><br>Telefon: +49 (0)345 55 26041<br>Telefax: +49 (0)345 55 27168<br>E-Mail: didaktik@geo.uni-halle.de<\/p>\n\n\n\n<p><strong>Aufsichtsbeh\u00f6rde<\/strong><br>Die zust\u00e4ndige Aufsichtsbeh\u00f6rde ist das <\/p>\n\n\n\n<p>Ministerium f\u00fcr Wissenschaft, Energie, Klimaschutz und Umwelt des Landes Sachsen-Anhalt<br>Leipziger Stra\u00dfe 58<br>39112 Magdeburg<br>E-Mail: poststelle@mwu.sachsen-anhalt.de<br>Web: mwu.sachsen-anhalt.de<\/p>\n\n\n\n<p><strong>Urheberrechtshinweis<\/strong><br>Bitte beachten Sie, dass alle Texte, Bilder und Grafiken sowie ihre Arrangements &#8211; soweit nicht anders ersichtlich &#8211; von der Martin-Luther-Universit\u00e4t Halle-Wittenberg, dem Institut f\u00fcr Geowissenschaften und Geographie und der Didaktik der Geographie selbst erstellt wurden und dem Schutz des Urheberrechts unterliegen.<br>Sie d\u00fcrfen damit beispielsweise weder kopiert noch ver\u00e4ndert noch auf anderen Web-Sites verwendet werden. Der Nutzung der allgemein zug\u00e4nglichen Texte durch Dritte stimmen wir hiermit &#8211; auch auszugsweise &#8211; nur unter der Bedingung zu, dass die Martin-Luther-Universit\u00e4t Halle-Wittenberg als Urheber genannt wird.<br>Die Nutzung der anderen Inhalte, wie beispielsweise der Bilder und Grafiken, ist nicht gestattet. Sollten Sie jedoch Interesse an einem Nutzungsrecht haben, wenden Sie sich bitte an oben genannte Adresse.<\/p>\n","protected":false},"excerpt":{"rendered":"<p>Impressum nach \u00a7 5 DDG InstitutionDie Martin-Luther-Universit\u00e4t Halle-Wittenberg ist eine K\u00f6rperschaft des \u00f6ffentlichen Rechts. Sie wird durch die Rektorin Prof. Dr. Claudia Becker gesetzlich vertreten. AngabenMartin-Luther-Universit\u00e4t Halle-WittenbergUniversit\u00e4tsplatz 1006108 HalleDeutschland Fax: +49 (0)345 55 27 077E-Mail: info@uni-halle.deInternet: www.uni-halle.de Umsatzsteuer-Identifikationsnummer: DE 811353703 gem\u00e4\u00df \u00a7 27 a Umsatzsteuergesetz Institut\/LehrstuhlMartin-Luther-Universit\u00e4t Halle-WittenbergInstitut f\u00fcr Geowissenschaften und GeographieDidaktik der GeographieVon-\u200bSeckendorff-\u200bPlatz 406120 Halle [&hellip;]<\/p>\n","protected":false},"author":3565,"featured_media":0,"parent":0,"menu_order":0,"comment_status":"closed","ping_status":"closed","template":"","meta":[],"yoast_head":"<!-- This site is optimized with the Yoast SEO plugin v15.6.2 - https:\/\/yoast.com\/wordpress\/plugins\/seo\/ -->\n<title>Impressum - Didaktik der Geographie (MLU Halle-Wittenberg)<\/title>\n<meta name=\"robots\" content=\"index, follow, max-snippet:-1, max-image-preview:large, max-video-preview:-1\" \/>\n<link rel=\"canonical\" href=\"https:\/\/blogs.urz.uni-halle.de\/geographiedidaktik\/impressum\/\" \/>\n<meta property=\"og:locale\" content=\"de_DE\" \/>\n<meta property=\"og:type\" content=\"article\" \/>\n<meta property=\"og:title\" content=\"Impressum - Didaktik der Geographie (MLU Halle-Wittenberg)\" \/>\n<meta property=\"og:description\" content=\"Impressum nach \u00a7 5 DDG InstitutionDie Martin-Luther-Universit\u00e4t Halle-Wittenberg ist eine K\u00f6rperschaft des \u00f6ffentlichen Rechts. Sie wird durch die Rektorin Prof. Dr. Claudia Becker gesetzlich vertreten. AngabenMartin-Luther-Universit\u00e4t Halle-WittenbergUniversit\u00e4tsplatz 1006108 HalleDeutschland Fax: +49 (0)345 55 27 077E-Mail: info@uni-halle.deInternet: www.uni-halle.de Umsatzsteuer-Identifikationsnummer: DE 811353703 gem\u00e4\u00df \u00a7 27 a Umsatzsteuergesetz Institut\/LehrstuhlMartin-Luther-Universit\u00e4t Halle-WittenbergInstitut f\u00fcr Geowissenschaften und GeographieDidaktik der GeographieVon-\u200bSeckendorff-\u200bPlatz 406120 Halle [&hellip;]\" \/>\n<meta property=\"og:url\" content=\"https:\/\/blogs.urz.uni-halle.de\/geographiedidaktik\/impressum\/\" \/>\n<meta property=\"og:site_name\" content=\"Didaktik der Geographie (MLU Halle-Wittenberg)\" \/>\n<meta property=\"article:modified_time\" content=\"2024-06-04T12:10:00+00:00\" \/>\n<meta name=\"twitter:card\" content=\"summary_large_image\" \/>\n<meta name=\"twitter:label1\" content=\"Gesch\u00e4tzte Lesezeit\">\n\t<meta name=\"twitter:data1\" content=\"1\u00a0Minute\">\n<script type=\"application\/ld+json\" class=\"yoast-schema-graph\">{\"@context\":\"https:\/\/schema.org\",\"@graph\":[{\"@type\":\"Organization\",\"@id\":\"https:\/\/blogs.urz.uni-halle.de\/geographiedidaktik\/#organization\",\"name\":\"Didaktik der Geographie MLU\",\"url\":\"https:\/\/blogs.urz.uni-halle.de\/geographiedidaktik\/\",\"sameAs\":[],\"logo\":{\"@type\":\"ImageObject\",\"@id\":\"https:\/\/blogs.urz.uni-halle.de\/geographiedidaktik\/#logo\",\"inLanguage\":\"de\",\"url\":\"https:\/\/blogs.urz.uni-halle.de\/geographiedidaktik\/files\/2023\/06\/Logo_Didaktik-der-Geographie_MLU-1.png\",\"width\":1339,\"height\":404,\"caption\":\"Didaktik der Geographie MLU\"},\"image\":{\"@id\":\"https:\/\/blogs.urz.uni-halle.de\/geographiedidaktik\/#logo\"}},{\"@type\":\"WebSite\",\"@id\":\"https:\/\/blogs.urz.uni-halle.de\/geographiedidaktik\/#website\",\"url\":\"https:\/\/blogs.urz.uni-halle.de\/geographiedidaktik\/\",\"name\":\"Didaktik der Geographie (MLU Halle-Wittenberg)\",\"description\":\"\",\"publisher\":{\"@id\":\"https:\/\/blogs.urz.uni-halle.de\/geographiedidaktik\/#organization\"},\"potentialAction\":[{\"@type\":\"SearchAction\",\"target\":\"https:\/\/blogs.urz.uni-halle.de\/geographiedidaktik\/?s={search_term_string}\",\"query-input\":\"required name=search_term_string\"}],\"inLanguage\":\"de\"},{\"@type\":\"WebPage\",\"@id\":\"https:\/\/blogs.urz.uni-halle.de\/geographiedidaktik\/impressum\/#webpage\",\"url\":\"https:\/\/blogs.urz.uni-halle.de\/geographiedidaktik\/impressum\/\",\"name\":\"Impressum - Didaktik der Geographie (MLU Halle-Wittenberg)\",\"isPartOf\":{\"@id\":\"https:\/\/blogs.urz.uni-halle.de\/geographiedidaktik\/#website\"},\"datePublished\":\"2024-06-04T12:09:59+00:00\",\"dateModified\":\"2024-06-04T12:10:00+00:00\",\"inLanguage\":\"de\",\"potentialAction\":[{\"@type\":\"ReadAction\",\"target\":[\"https:\/\/blogs.urz.uni-halle.de\/geographiedidaktik\/impressum\/\"]}]}]}<\/script>\n<!-- \/ Yoast SEO plugin. -->","_links":{"self":[{"href":"https:\/\/blogs.urz.uni-halle.de\/geographiedidaktik\/wp-json\/wp\/v2\/pages\/690"}],"collection":[{"href":"https:\/\/blogs.urz.uni-halle.de\/geographiedidaktik\/wp-json\/wp\/v2\/pages"}],"about":[{"href":"https:\/\/blogs.urz.uni-halle.de\/geographiedidaktik\/wp-json\/wp\/v2\/types\/page"}],"author":[{"embeddable":true,"href":"https:\/\/blogs.urz.uni-halle.de\/geographiedidaktik\/wp-json\/wp\/v2\/users\/3565"}],"replies":[{"embeddable":true,"href":"https:\/\/blogs.urz.uni-halle.de\/geographiedidaktik\/wp-json\/wp\/v2\/comments?post=690"}],"version-history":[{"count":1,"href":"https:\/\/blogs.urz.uni-halle.de\/geographiedidaktik\/wp-json\/wp\/v2\/pages\/690\/revisions"}],"predecessor-version":[{"id":691,"href":"https:\/\/blogs.urz.uni-halle.de\/geographiedidaktik\/wp-json\/wp\/v2\/pages\/690\/revisions\/691"}],"wp:attachment":[{"href":"https:\/\/blogs.urz.uni-halle.de\/geographiedidaktik\/wp-json\/wp\/v2\/media?parent=690"}],"curies":[{"name":"wp","href":"https:\/\/api.w.org\/{rel}","templated":true}]}}