{"id":992,"date":"2024-09-23T16:18:33","date_gmt":"2024-09-23T14:18:33","guid":{"rendered":"https:\/\/blogs.urz.uni-halle.de\/geographiedidaktik\/?page_id=992"},"modified":"2024-11-12T13:21:32","modified_gmt":"2024-11-12T12:21:32","slug":"korbinian-biller","status":"publish","type":"page","link":"https:\/\/blogs.urz.uni-halle.de\/geographiedidaktik\/arbeitsgruppe\/korbinian-biller\/","title":{"rendered":"Korbinian Biller"},"content":{"rendered":"\n<div class=\"wp-block-media-text alignwide is-stacked-on-mobile\" style=\"grid-template-columns:42% auto\"><figure class=\"wp-block-media-text__media\"><img loading=\"lazy\" width=\"1024\" height=\"747\" src=\"https:\/\/blogs.urz.uni-halle.de\/geographiedidaktik\/files\/2024\/09\/Logo-Instagram-1024x747.png\" alt=\"\" class=\"wp-image-1140\" srcset=\"https:\/\/blogs.urz.uni-halle.de\/geographiedidaktik\/files\/2024\/09\/Logo-Instagram-1024x747.png 1024w, https:\/\/blogs.urz.uni-halle.de\/geographiedidaktik\/files\/2024\/09\/Logo-Instagram-300x219.png 300w, https:\/\/blogs.urz.uni-halle.de\/geographiedidaktik\/files\/2024\/09\/Logo-Instagram-768x560.png 768w, https:\/\/blogs.urz.uni-halle.de\/geographiedidaktik\/files\/2024\/09\/Logo-Instagram.png 1290w\" sizes=\"(max-width: 1024px) 100vw, 1024px\" \/><\/figure><div class=\"wp-block-media-text__content\">\n<h3>Korbinian Biller<br>Wissenschaftlicher Mitarbeiter im&nbsp;<a href=\"https:\/\/blogs.urz.uni-halle.de\/geographiedidaktik\/forschung-und-projekte\/education-technologies-fuer-den-laendlichen-raum\/\">JTC-Teilprojekt EdTech<\/a><\/h3>\n\n\n\n<div style=\"height:55px\" aria-hidden=\"true\" class=\"wp-block-spacer\"><\/div>\n\n\n\n<div class=\"wp-block-media-text alignwide is-stacked-on-mobile is-vertically-aligned-center\" style=\"grid-template-columns:15% auto\"><figure class=\"wp-block-media-text__media\"><img loading=\"lazy\" width=\"268\" height=\"268\" src=\"https:\/\/blogs.urz.uni-halle.de\/geographiedidaktik\/files\/2023\/05\/adress.png\" alt=\"\" class=\"wp-image-79\" srcset=\"https:\/\/blogs.urz.uni-halle.de\/geographiedidaktik\/files\/2023\/05\/adress.png 268w, https:\/\/blogs.urz.uni-halle.de\/geographiedidaktik\/files\/2023\/05\/adress-150x150.png 150w\" sizes=\"(max-width: 268px) 100vw, 268px\" \/><\/figure><div class=\"wp-block-media-text__content\">\n<p>Reichardtstra\u00dfe 6<br>06114 Halle<\/p>\n<\/div><\/div>\n\n\n\n<div class=\"wp-block-media-text alignwide is-stacked-on-mobile\" style=\"grid-template-columns:15% auto\"><figure class=\"wp-block-media-text__media\"><img loading=\"lazy\" width=\"268\" height=\"268\" src=\"https:\/\/blogs.urz.uni-halle.de\/geographiedidaktik\/files\/2023\/05\/phone.png\" alt=\"\" class=\"wp-image-82\" srcset=\"https:\/\/blogs.urz.uni-halle.de\/geographiedidaktik\/files\/2023\/05\/phone.png 268w, https:\/\/blogs.urz.uni-halle.de\/geographiedidaktik\/files\/2023\/05\/phone-150x150.png 150w\" sizes=\"(max-width: 268px) 100vw, 268px\" \/><\/figure><div class=\"wp-block-media-text__content\">\n<p>+49 345 55 \u200b24175<\/p>\n<\/div><\/div>\n\n\n\n<div class=\"wp-block-media-text alignwide is-stacked-on-mobile\" style=\"grid-template-columns:15% auto\"><figure class=\"wp-block-media-text__media\"><img loading=\"lazy\" width=\"268\" height=\"268\" src=\"https:\/\/blogs.urz.uni-halle.de\/geographiedidaktik\/files\/2023\/05\/Mail.png\" alt=\"\" class=\"wp-image-81\" srcset=\"https:\/\/blogs.urz.uni-halle.de\/geographiedidaktik\/files\/2023\/05\/Mail.png 268w, https:\/\/blogs.urz.uni-halle.de\/geographiedidaktik\/files\/2023\/05\/Mail-150x150.png 150w\" sizes=\"(max-width: 268px) 100vw, 268px\" \/><\/figure><div class=\"wp-block-media-text__content\">\n<p><a href=\"mailto:korbinian.biller@geo.uni-halle.de\">korbinian.biller@geo.uni-halle.de<\/a><\/p>\n<\/div><\/div>\n\n\n\n<div style=\"height:20px\" aria-hidden=\"true\" class=\"wp-block-spacer\"><\/div>\n\n\n\n<p><\/p>\n<\/div><\/div>\n\n\n\n<div class=\"wp-block-pb-accordion-item c-accordion__item js-accordion-item no-js\" data-initially-open=\"false\" data-click-to-close=\"true\" data-auto-close=\"false\" data-scroll=\"false\" data-scroll-offset=\"0\"><h3 id=\"at-9920\" class=\"c-accordion__title js-accordion-controller\" role=\"button\">Wissenschaftlicher Werdegang<\/h3><div id=\"ac-9920\" class=\"c-accordion__content\">\n<figure class=\"wp-block-table is-style-regular\"><table><tbody><tr><td class=\"has-text-align-left\" data-align=\"left\">seit 08\/2024<\/td><td class=\"has-text-align-left\" data-align=\"left\">Wissenschaftlicher Mitarbeiter im Projekt \u201eEuropean Center of Just Transition Research and Impact-Driven Transfer (JTC)\u201c, Martin-Luther-Universit\u00e4t Halle-Wittenberg (Prof. Anne-Kathrin Lindau\/Prof. Jonathan Everts)<\/td><\/tr><tr><td class=\"has-text-align-left\" data-align=\"left\">2022<\/td><td class=\"has-text-align-left\" data-align=\"left\">Ausbildung zum zertifizierten Mediator &#8211; transformative Mediation, ISLA Institut, Berlin<\/td><\/tr><tr><td class=\"has-text-align-left\" data-align=\"left\">10\/2020-09\/2024<\/td><td class=\"has-text-align-left\" data-align=\"left\">Wissenschaftlicher Referent im BMBF-Projekt \u201eBNE-Kompetenzzentrum\u201c, Deutsches Jugendinstitut, Abteilung \u201e\u00dcberg\u00e4nge im Jugendalter\u201c Halle\/Saale (Prof. Birgit Rei\u00dfig)<\/td><\/tr><tr><td class=\"has-text-align-left\" data-align=\"left\">08\/2018-09\/2020<\/td><td class=\"has-text-align-left\" data-align=\"left\">Lehrkraft f\u00fcr besondere Aufgaben und wissenschaftlicher Mitarbeiter am Institut 1 der Humanwissenschaftlichen Fakult\u00e4t, Otto-von-Guericke-Universit\u00e4t Magdeburg, Professur Internationale und Interkulturelle Bildungsforschung (Prof. Dorothee Schwendowius)<\/td><\/tr><tr><td class=\"has-text-align-left\" data-align=\"left\">10\/2018-09\/2020<\/td><td class=\"has-text-align-left\" data-align=\"left\">Freie Mitarbeit f\u00fcr das BMBF-Programm K\u00fcnste \u00f6ffnen Welten, Bundesvereinigung Kulturelle Kinder \u2013 und Jugendbildung (bkj e.V.), Berlin<\/td><\/tr><tr><td class=\"has-text-align-left\" data-align=\"left\">09\/2017-02\/2018<\/td><td class=\"has-text-align-left\" data-align=\"left\">Wissenschaftlicher Mitarbeiter, Zentrum f\u00fcr Interkulturelles Lernen, Europa-Universit\u00e4t Viadrina, Frankfurt\/Oder (Prof. Katrin Girgensohn)<\/td><\/tr><tr><td class=\"has-text-align-left\" data-align=\"left\">01\/2016-08\/2017<\/td><td class=\"has-text-align-left\" data-align=\"left\">Dozent f\u00fcr politische Bildung und Globales Lernen am Bundesbildungszentrum Bad Oeynhausen, Bundesamt f\u00fcr Familie und zivilgesellschaftliche Aufgaben<\/td><\/tr><tr><td class=\"has-text-align-left\" data-align=\"left\">2013<\/td><td class=\"has-text-align-left\" data-align=\"left\">Auslandssemester an der Universidade de S\u00e3o Paulo (Faculdade De Filosofia, Letras e Ci\u00eancias Humanas)<\/td><\/tr><tr><td class=\"has-text-align-left\" data-align=\"left\">2012-2015<\/td><td class=\"has-text-align-left\" data-align=\"left\">Studium der Interdisziplin\u00e4ren Lateinamerikastudien an der FU Berlin (Abschluss M.A.)<\/td><\/tr><tr><td class=\"has-text-align-left\" data-align=\"left\">2008<\/td><td class=\"has-text-align-left\" data-align=\"left\">Auslandssemester an der Universidad Nacional Aut\u00f3noma de M\u00e9xico (Facultad de Ciencias Pol\u00edticas y Sociales)<\/td><\/tr><tr><td class=\"has-text-align-left\" data-align=\"left\">2006-2010<\/td><td class=\"has-text-align-left\" data-align=\"left\">Studium der Kulturwissenschaften an der Europa-Universit\u00e4t Viadrina (Abschluss B.A.)<\/td><\/tr><\/tbody><\/table><\/figure>\n\n\n\n<h4>Mitgliedschaften in Gruppen und Verb\u00e4nden<\/h4>\n\n\n\n<ul><li>Deutsche Gesellschaft f\u00fcr Erziehungswissenschaften (DGfE) &#8211; Assoziiertes Mitglied in der Sektion 2 (Kommission qualitativen Bildungs- und Biographieforschung) und 3 (Kommission Bildung f\u00fcr nachhaltige Entwicklung)<\/li><li>Erziehungswissenschaftliches Netzwerk: Diskurs-Intervention Rechtsau\u00dfen (EN:DIRA)<\/li><\/ul>\n<\/div><\/div>\n\n\n\n<div class=\"wp-block-pb-accordion-item c-accordion__item js-accordion-item no-js\" data-initially-open=\"false\" data-click-to-close=\"true\" data-auto-close=\"false\" data-scroll=\"false\" data-scroll-offset=\"0\"><h3 id=\"at-9921\" class=\"c-accordion__title js-accordion-controller\" role=\"button\">Forschungsinteressen<\/h3><div id=\"ac-9921\" class=\"c-accordion__content\">\n<ul><li>Bildung im Kontext von Krise und Transformation<\/li><\/ul>\n<\/div><\/div>\n\n\n\n<div class=\"wp-block-pb-accordion-item c-accordion__item js-accordion-item no-js\" data-initially-open=\"false\" data-click-to-close=\"true\" data-auto-close=\"false\" data-scroll=\"false\" data-scroll-offset=\"0\"><h3 id=\"at-9922\" class=\"c-accordion__title js-accordion-controller\" role=\"button\">Publikationen<\/h3><div id=\"ac-9922\" class=\"c-accordion__content\">\n<h4>Peer-Reviewed Articles<\/h4>\n\n\n\n<p><a href=\"https:\/\/orcid.org\/0000-0002-7652-7736\" target=\"_blank\" rel=\"noreferrer noopener\">https:\/\/orcid.org\/0000-0002-7652-7736<\/a><\/p>\n\n\n\n<p>2024 (i.E.) Zukunftsoffenheit. \u00dcber M\u00f6glichkeiten und Schwierigkeiten einer politischen Bildung f\u00fcr nachhaltige Entwicklung. (Mit Dr. Franziska Heinze) In: Zeitschrift f\u00fcr Erziehungswissenschaft (Edition) \u201eBildung f\u00fcr nachhaltige Entwicklung\u201c<\/p>\n\n\n\n<p>Artmaier, L., <strong>Biller, K.<\/strong>, Firmhofer, A., Gebauer, R., &amp; Rink, D. (2021). BNE-Definition: Herleitungen und Einordnung. In BNE-Kompetenzzentrum (Hrsg.), <em>Strukturelle Verankerung von Bildung f\u00fcr nachhaltige Entwicklung in kommunale Bildungslandschaften<\/em> (S. 9-14). Reihe: UFZ Discussion Papers. Band 7\/2021. Helmholtz-Zentrum f\u00fcr Umweltforschung<\/p>\n\n\n\n<p><strong>Biller, K.<\/strong> (2020). (Durch) den Raum verlernen. In J. Eickert, A. Eis, A.-K. Holfelder, S. Jacobs, S. Yume, &amp; Konzeptwerk Neue \u00d6konomie (Hrsg.), <em>Bildung-Macht-Zukunft &#8211; Lernen f\u00fcr die sozial-\u00f6kologische Transformation<\/em>. Wochenschau-Verlag.<\/p>\n\n\n\n<p><strong>Biller, K.<\/strong> (2018). Kultur in Zeiten globaler Komplexit\u00e4t. In M. Amin, E. Niekrenz, &amp; F. Wei\u00dfbach (Hrsg.), <em>Chaos: emanzipatorisches Potential eines untersch\u00e4tzten Ph\u00e4nomens<\/em> (S. 97-112). Berliner Wissenschaftsverlag.<\/p>\n\n\n\n<p>Assner, M.,&nbsp;&amp; <strong>Biller, K.<\/strong> (2017). StadtR\u00e4ume als Bildungsr\u00e4ume im globalen Lernen. In O. Emde, U.&nbsp;Jakubczyk, B.&nbsp;Kappes, &amp; B.&nbsp;Overwien (Hrsg.), <em>Mit Bildung die Welt ver\u00e4ndern? Globales Lernen f\u00fcr eine nachhaltige Entwicklung<\/em> (S. 171-184). Verlag Barbara Budrich.<\/p>\n<\/div><\/div>\n\n\n\n<p><\/p>\n\n\n\n<div class=\"wp-block-pb-accordion-item c-accordion__item js-accordion-item no-js\" data-initially-open=\"false\" data-click-to-close=\"true\" data-auto-close=\"true\" data-scroll=\"false\" data-scroll-offset=\"0\"><h3 id=\"at-9923\" class=\"c-accordion__title js-accordion-controller\" role=\"button\">Aktuelles Projekt<\/h3><div id=\"ac-9923\" class=\"c-accordion__content\">\n<p><strong>Entwicklung von Education Technologies f\u00fcr den l\u00e4ndlichen Raum<\/strong><\/p>\n\n\n\n<p>Education Technologies, kurz EdTech, haben zum Ziel, Lernerfahrungen mithilfe von digitalen Technologien, Werkzeugen und Ressourcen zu verbessern. Dazu ist es notwendig, Herausforderungen und Chancen von Bildungstechnologien in ihrem jeweiligen Kontext zu begreifen. In unserem Forschungsteam wird EdTech f\u00fcr sozial-\u00f6kologische Transformation im l\u00e4ndlichen Raum entworfen, erprobt und evaluiert. Diese sollen mithilfe des JTC-Inkubators zur Marktreife gebracht und in der Region auf Dauer verankert werden.<\/p>\n\n\n\n<p>Zur&nbsp;<a href=\"https:\/\/blogs.urz.uni-halle.de\/geographiedidaktik\/forschung-und-projekte\/education-technologies-fuer-den-laendlichen-raum\/\">Projektseite<\/a><\/p>\n<\/div><\/div>\n\n\n\n<div class=\"wp-block-pb-accordion-item c-accordion__item js-accordion-item no-js\" data-initially-open=\"false\" data-click-to-close=\"true\" data-auto-close=\"false\" data-scroll=\"false\" data-scroll-offset=\"0\"><h3 id=\"at-9924\" class=\"c-accordion__title js-accordion-controller\" role=\"button\">Lehre<\/h3><div id=\"ac-9924\" class=\"c-accordion__content\">\n<h4>Otto-von Guericke Universit\u00e4t Magdeburg<\/h4>\n\n\n\n<p><strong>Wintersemester 2021\/2022<\/strong><\/p>\n\n\n\n<ul><li>Bildung und nachhaltige Entwicklung (BA Bildungswissenschaften)<\/li><\/ul>\n\n\n\n<p><strong>Wintersemester 2020\/2021<\/strong><\/p>\n\n\n\n<ul><li>Bildung und nachhaltige Entwicklung (BA Bildungswissenschaften)<\/li><\/ul>\n\n\n\n<p><strong>Sommersemester 2020<\/strong><\/p>\n\n\n\n<ul><li>Schreibwerkstatt Bildungswissenschaften (BA Bildungswissenschaften)<\/li><\/ul>\n\n\n\n<p><strong>Wintersemester 2019\/2020 <\/strong><\/p>\n\n\n\n<ul><li>Interkulturelles Lernen &#8211; Einf\u00fchrung und Kritik (BA Bildungswissenschaften)<\/li><\/ul>\n\n\n\n<p><strong>Sommersemester 2019 <\/strong><\/p>\n\n\n\n<ul><li>Einf\u00fchrung postkoloniale Theorie und Bildung (MA Bildungswissenschaften)<\/li><li>Bildung f\u00fcr nachhaltige Entwicklung und Globales Lernen (BA Bildungswissenschaften)<\/li><\/ul>\n\n\n\n<p><strong>Wintersemester 2018\/2019<\/strong><\/p>\n\n\n\n<ul><li>Interkulturelles Lernen &#8211; Einf\u00fchrung und Kritik (BA Bildungswissenschaften)<\/li><li>Urbanes Lernen (BA Bildungswissenschaften)<\/li><li>Einf\u00fchrung in das wissenschaftliche Arbeiten (BA Bildungswissenschaften)<\/li><\/ul>\n\n\n\n<h4>TU Berlin<\/h4>\n\n\n\n<p><strong><strong>Sommersemester 2018<\/strong> <\/strong><\/p>\n\n\n\n<ul><li>Basismodul interkulturelle Qualifizierung<\/li><\/ul>\n\n\n\n<h4>Viadrina, Frankfurt\/Oder<\/h4>\n\n\n\n<p><strong>Wintersemester 2017\/2018<\/strong><\/p>\n\n\n\n<ul><li>Managing intercultural Learning Cultures<\/li><\/ul>\n<\/div><\/div>\n","protected":false},"excerpt":{"rendered":"","protected":false},"author":6162,"featured_media":0,"parent":25,"menu_order":20,"comment_status":"closed","ping_status":"closed","template":"","meta":[],"yoast_head":"<!-- This site is optimized with the Yoast SEO plugin v15.6.2 - https:\/\/yoast.com\/wordpress\/plugins\/seo\/ -->\n<title>Korbinian Biller - Didaktik der Geographie (MLU Halle-Wittenberg)<\/title>\n<meta name=\"description\" content=\"Homepage von Korbinian Biller mit Kontaktdaten, Informationen zum wissenschaftlichen Werdegang, Forschungsinteressen, Publikationen und dem JTC-Teilprojekt EdTech\" \/>\n<meta name=\"robots\" content=\"index, follow, max-snippet:-1, max-image-preview:large, max-video-preview:-1\" \/>\n<link rel=\"canonical\" href=\"https:\/\/blogs.urz.uni-halle.de\/geographiedidaktik\/arbeitsgruppe\/korbinian-biller\/\" \/>\n<meta property=\"og:locale\" content=\"de_DE\" \/>\n<meta property=\"og:type\" content=\"article\" \/>\n<meta property=\"og:title\" content=\"Korbinian Biller - Didaktik der Geographie (MLU Halle-Wittenberg)\" \/>\n<meta property=\"og:description\" content=\"Homepage von Korbinian Biller mit Kontaktdaten, Informationen zum wissenschaftlichen Werdegang, Forschungsinteressen, Publikationen und dem JTC-Teilprojekt EdTech\" \/>\n<meta property=\"og:url\" content=\"https:\/\/blogs.urz.uni-halle.de\/geographiedidaktik\/arbeitsgruppe\/korbinian-biller\/\" \/>\n<meta property=\"og:site_name\" content=\"Didaktik der Geographie (MLU Halle-Wittenberg)\" \/>\n<meta property=\"article:modified_time\" content=\"2024-11-12T12:21:32+00:00\" \/>\n<meta property=\"og:image\" content=\"https:\/\/blogs.urz.uni-halle.de\/geographiedidaktik\/files\/2024\/09\/Logo-Instagram-1024x747.png\" \/>\n<meta name=\"twitter:card\" content=\"summary_large_image\" \/>\n<meta name=\"twitter:label1\" content=\"Gesch\u00e4tzte Lesezeit\">\n\t<meta name=\"twitter:data1\" content=\"4\u00a0Minuten\">\n<script type=\"application\/ld+json\" class=\"yoast-schema-graph\">{\"@context\":\"https:\/\/schema.org\",\"@graph\":[{\"@type\":\"Organization\",\"@id\":\"https:\/\/blogs.urz.uni-halle.de\/geographiedidaktik\/#organization\",\"name\":\"Didaktik der Geographie MLU\",\"url\":\"https:\/\/blogs.urz.uni-halle.de\/geographiedidaktik\/\",\"sameAs\":[],\"logo\":{\"@type\":\"ImageObject\",\"@id\":\"https:\/\/blogs.urz.uni-halle.de\/geographiedidaktik\/#logo\",\"inLanguage\":\"de\",\"url\":\"https:\/\/blogs.urz.uni-halle.de\/geographiedidaktik\/files\/2023\/06\/Logo_Didaktik-der-Geographie_MLU-1.png\",\"width\":1339,\"height\":404,\"caption\":\"Didaktik der Geographie MLU\"},\"image\":{\"@id\":\"https:\/\/blogs.urz.uni-halle.de\/geographiedidaktik\/#logo\"}},{\"@type\":\"WebSite\",\"@id\":\"https:\/\/blogs.urz.uni-halle.de\/geographiedidaktik\/#website\",\"url\":\"https:\/\/blogs.urz.uni-halle.de\/geographiedidaktik\/\",\"name\":\"Didaktik der Geographie (MLU Halle-Wittenberg)\",\"description\":\"\",\"publisher\":{\"@id\":\"https:\/\/blogs.urz.uni-halle.de\/geographiedidaktik\/#organization\"},\"potentialAction\":[{\"@type\":\"SearchAction\",\"target\":\"https:\/\/blogs.urz.uni-halle.de\/geographiedidaktik\/?s={search_term_string}\",\"query-input\":\"required name=search_term_string\"}],\"inLanguage\":\"de\"},{\"@type\":\"ImageObject\",\"@id\":\"https:\/\/blogs.urz.uni-halle.de\/geographiedidaktik\/arbeitsgruppe\/korbinian-biller\/#primaryimage\",\"inLanguage\":\"de\",\"url\":\"https:\/\/blogs.urz.uni-halle.de\/geographiedidaktik\/files\/2024\/09\/Logo-Instagram.png\",\"width\":1290,\"height\":941},{\"@type\":\"WebPage\",\"@id\":\"https:\/\/blogs.urz.uni-halle.de\/geographiedidaktik\/arbeitsgruppe\/korbinian-biller\/#webpage\",\"url\":\"https:\/\/blogs.urz.uni-halle.de\/geographiedidaktik\/arbeitsgruppe\/korbinian-biller\/\",\"name\":\"Korbinian Biller - Didaktik der Geographie (MLU Halle-Wittenberg)\",\"isPartOf\":{\"@id\":\"https:\/\/blogs.urz.uni-halle.de\/geographiedidaktik\/#website\"},\"primaryImageOfPage\":{\"@id\":\"https:\/\/blogs.urz.uni-halle.de\/geographiedidaktik\/arbeitsgruppe\/korbinian-biller\/#primaryimage\"},\"datePublished\":\"2024-09-23T14:18:33+00:00\",\"dateModified\":\"2024-11-12T12:21:32+00:00\",\"description\":\"Homepage von Korbinian Biller mit Kontaktdaten, Informationen zum wissenschaftlichen Werdegang, Forschungsinteressen, Publikationen und dem JTC-Teilprojekt EdTech\",\"inLanguage\":\"de\",\"potentialAction\":[{\"@type\":\"ReadAction\",\"target\":[\"https:\/\/blogs.urz.uni-halle.de\/geographiedidaktik\/arbeitsgruppe\/korbinian-biller\/\"]}]}]}<\/script>\n<!-- \/ Yoast SEO plugin. -->","_links":{"self":[{"href":"https:\/\/blogs.urz.uni-halle.de\/geographiedidaktik\/wp-json\/wp\/v2\/pages\/992"}],"collection":[{"href":"https:\/\/blogs.urz.uni-halle.de\/geographiedidaktik\/wp-json\/wp\/v2\/pages"}],"about":[{"href":"https:\/\/blogs.urz.uni-halle.de\/geographiedidaktik\/wp-json\/wp\/v2\/types\/page"}],"author":[{"embeddable":true,"href":"https:\/\/blogs.urz.uni-halle.de\/geographiedidaktik\/wp-json\/wp\/v2\/users\/6162"}],"replies":[{"embeddable":true,"href":"https:\/\/blogs.urz.uni-halle.de\/geographiedidaktik\/wp-json\/wp\/v2\/comments?post=992"}],"version-history":[{"count":10,"href":"https:\/\/blogs.urz.uni-halle.de\/geographiedidaktik\/wp-json\/wp\/v2\/pages\/992\/revisions"}],"predecessor-version":[{"id":1419,"href":"https:\/\/blogs.urz.uni-halle.de\/geographiedidaktik\/wp-json\/wp\/v2\/pages\/992\/revisions\/1419"}],"up":[{"embeddable":true,"href":"https:\/\/blogs.urz.uni-halle.de\/geographiedidaktik\/wp-json\/wp\/v2\/pages\/25"}],"wp:attachment":[{"href":"https:\/\/blogs.urz.uni-halle.de\/geographiedidaktik\/wp-json\/wp\/v2\/media?parent=992"}],"curies":[{"name":"wp","href":"https:\/\/api.w.org\/{rel}","templated":true}]}}