{"id":115,"date":"2020-11-20T12:05:19","date_gmt":"2020-11-20T11:05:19","guid":{"rendered":"https:\/\/blogs.urz.uni-halle.de\/gesundheitsmanagement\/?page_id=115"},"modified":"2024-06-05T12:50:27","modified_gmt":"2024-06-05T10:50:27","slug":"impressum","status":"publish","type":"page","link":"https:\/\/blogs.urz.uni-halle.de\/gesundheitsmanagement\/impressum\/","title":{"rendered":"Impressum und Kontakt"},"content":{"rendered":"\n<p>Die Martin-Luther-Universit\u00e4t Halle-Wittenberg ist eine K\u00f6rperschaft des \u00f6ffentlichen Rechts. Sie wird durch die Rektorin Prof. Dr. Claudia Becker gesetzlich vertreten.<\/p>\n\n\n\n<p>Martin-Luther-Universit\u00e4t Halle-Wittenberg<br>06099 Halle (Saale)<\/p>\n\n\n\n<p>Judith Portius<br>Abteilung 3 \u2013 Personal<br>Referat 3.2 &#8211; Personalentwicklung<\/p>\n\n\n\n<p>Telefon: 0345\/55-21279<br>Mail: &#106;&#x75;d&#105;&#x74;h&#46;&#x70;o&#114;&#x74;i&#117;&#x73;&#64;&#x76;&#x65;&#114;&#x77;&#x61;&#108;&#x74;u&#110;&#x67;&#46;&#117;&#x6e;i&#45;&#x68;a&#108;&#x6c;&#101;&#x2e;&#x64;&#101;<br>Website: www.uni-halle.de\/personalentwicklung<\/p>\n\n\n\n<p><strong>Bildnachweis Header<\/strong>: Uni Halle \/ Norbert Kaltwa\u00dfer<\/p>\n","protected":false},"excerpt":{"rendered":"<p>Die Martin-Luther-Universit\u00e4t Halle-Wittenberg ist eine K\u00f6rperschaft des \u00f6ffentlichen Rechts. Sie wird durch die Rektorin Prof. Dr. Claudia Becker gesetzlich vertreten. Martin-Luther-Universit\u00e4t Halle-Wittenberg06099 Halle (Saale) Judith PortiusAbteilung 3 \u2013 PersonalReferat 3.2 &#8211; Personalentwicklung Telefon: 0345\/55-21279Mail: &#x6a;&#117;&#x64;&#x69;t&#x68;&#46;p&#x6f;&#114;t&#x69;&#117;&#x73;&#x40;v&#x65;&#114;w&#x61;&#108;t&#x75;&#110;&#x67;&#x2e;&#117;&#x6e;&#x69;-&#x68;&#97;l&#x6c;&#101;&#46;&#x64;&#101;Website: www.uni-halle.de\/personalentwicklung Bildnachweis Header: Uni Halle<\/p>\n","protected":false},"author":4920,"featured_media":0,"parent":0,"menu_order":0,"comment_status":"closed","ping_status":"closed","template":"","meta":{"ngg_post_thumbnail":0},"_links":{"self":[{"href":"https:\/\/blogs.urz.uni-halle.de\/gesundheitsmanagement\/wp-json\/wp\/v2\/pages\/115"}],"collection":[{"href":"https:\/\/blogs.urz.uni-halle.de\/gesundheitsmanagement\/wp-json\/wp\/v2\/pages"}],"about":[{"href":"https:\/\/blogs.urz.uni-halle.de\/gesundheitsmanagement\/wp-json\/wp\/v2\/types\/page"}],"author":[{"embeddable":true,"href":"https:\/\/blogs.urz.uni-halle.de\/gesundheitsmanagement\/wp-json\/wp\/v2\/users\/4920"}],"replies":[{"embeddable":true,"href":"https:\/\/blogs.urz.uni-halle.de\/gesundheitsmanagement\/wp-json\/wp\/v2\/comments?post=115"}],"version-history":[{"count":7,"href":"https:\/\/blogs.urz.uni-halle.de\/gesundheitsmanagement\/wp-json\/wp\/v2\/pages\/115\/revisions"}],"predecessor-version":[{"id":1369,"href":"https:\/\/blogs.urz.uni-halle.de\/gesundheitsmanagement\/wp-json\/wp\/v2\/pages\/115\/revisions\/1369"}],"wp:attachment":[{"href":"https:\/\/blogs.urz.uni-halle.de\/gesundheitsmanagement\/wp-json\/wp\/v2\/media?parent=115"}],"curies":[{"name":"wp","href":"https:\/\/api.w.org\/{rel}","templated":true}]}}