{"id":17,"date":"2026-03-10T09:35:05","date_gmt":"2026-03-10T08:35:05","guid":{"rendered":"https:\/\/blogs.urz.uni-halle.de\/gewaesserlabor\/?page_id=17"},"modified":"2026-03-10T17:41:21","modified_gmt":"2026-03-10T16:41:21","slug":"physikalisch-chemisch","status":"publish","type":"page","link":"https:\/\/blogs.urz.uni-halle.de\/gewaesserlabor\/physikalisch-chemisch\/","title":{"rendered":"Physikalische Parameter"},"content":{"rendered":"\n<p><\/p>\n\n\n\n<p><\/p>\n\n\n\n<p>Zur Bestimmung des Geruchs deiner Wasserprobe f\u00e4chelst du die D\u00e4mpfe mit der Hand in Richtung Nase, sodass nur eine geringe Menge eingeatmet wird.&nbsp;<\/p>\n\n\n\n<!--nextpage-->\n\n\n\n<p><\/p>\n\n\n\n<ol start=\"2\"><li><strong>Tr\u00fcbung<\/strong><\/li><\/ol>\n\n\n\n<p>Zur Bestimmung der Tr\u00fcbung deiner Wasserprobe ben\u00f6tigst du:&nbsp;<\/p>\n\n\n\n<ul><li>Becherglas&nbsp;<\/li><li>Probe mit Leitungswasser<\/li><li>wei\u00dfes Papier&nbsp;<\/li><\/ul>\n\n\n\n<!--nextpage-->\n\n\n\n<p><\/p>\n\n\n\n<ol start=\"3\"><li><strong>Farbe<\/strong>&nbsp;<\/li><\/ol>\n\n\n\n<p>Zur Beschreibung des F\u00e4rbung deiner Wasserprobe brauchst du:&nbsp;<\/p>\n\n\n\n<ul><li>Becherglas&nbsp;<\/li><li>Probe mit Leitungswasser<\/li><li>wei\u00dfes Papier<\/li><\/ul>\n\n\n\n<ol start=\"4\"><li><strong>Wassertemperatur<\/strong><\/li><\/ol>\n\n\n\n<p><\/p>\n\n\n\n<p>Zur Beschreibung der Wassertemperatur ben\u00f6tigst du:&nbsp;<\/p>\n\n\n\n<ul><li>ein Thermometer<\/li><li>3 Wasserproben<\/li><\/ul>\n\n\n\n<p>Durchf\u00fchrung:&nbsp;<\/p>\n\n\n\n<ul><li>Miss die Temperatur einer Wasserprobe kurz nach der Entnahme.&nbsp;<\/li><li>Wiederhole die Messung bei jeder der drei Proben und bilde den Mittelwert<br><br><\/li><\/ul>\n\n\n\n<ol start=\"5\"><li><strong>Str\u00f6mungsgeschwindigkeit<\/strong>&nbsp;<\/li><\/ol>\n\n\n\n<p>Zur Beschreibung der Str\u00f6mungsgeschwindigkeit des Flie\u00dfgew\u00e4ssers ben\u00f6tigst du:<\/p>\n\n\n\n<ul><li>Stoppuhr<\/li><li>2 Markierungen&nbsp;<\/li><li>St\u00fcck Holz&nbsp;<\/li><\/ul>\n\n\n\n<p>Durchf\u00fchrung:&nbsp;<\/p>\n\n\n\n<ul><li>Markiere eine Strecke von 10 Metern entlang des Flie\u00dfgew\u00e4ssers<\/li><li>Wirf ein St\u00fcck Holz ins Wasser und messe mit einer Stoppuhr, wie schnell das St\u00fcck Holz diese Strecke entlang schwimmt.&nbsp;<\/li><li>Wiederhole die Messung f\u00fcnfmal und bilde den Mittelwert.<\/li><\/ul>\n\n\n\n<ol start=\"6\"><li><strong>Leitf\u00e4higkeit<\/strong>&nbsp;<\/li><\/ol>\n\n\n\n<figure class=\"wp-block-table\"><table><tbody><tr><td><\/td><td>&nbsp; &nbsp; 5\u2013100 \u00b5S\/cm<\/td><\/tr><tr><td>Grundwasser<\/td><td><\/td><\/tr><tr><td><\/td><td>&nbsp;&nbsp; 150\u2013800 \u00b5S\/cm<\/td><\/tr><tr><td><\/td><td>&nbsp;&nbsp; etwa 50.000 \u00b5S\/cm<\/td><\/tr><\/tbody><\/table><\/figure>\n\n\n\n<p><\/p>\n","protected":false},"excerpt":{"rendered":"<div class=\"entry-summary\">\nZur Bestimmung des Geruchs deiner Wasserprobe f\u00e4chelst du die D\u00e4mpfe mit der Hand in Richtung Nase, sodass nur eine geringe&hellip;\n<\/div>\n<div class=\"link-more\"><a href=\"https:\/\/blogs.urz.uni-halle.de\/gewaesserlabor\/physikalisch-chemisch\/\" class=\"more-link\">Continue reading<span class=\"screen-reader-text\"> &ldquo;Physikalische Parameter&rdquo;<\/span>&hellip;<\/a><\/div>\n","protected":false},"author":6539,"featured_media":0,"parent":0,"menu_order":0,"comment_status":"closed","ping_status":"closed","template":"","meta":[],"_links":{"self":[{"href":"https:\/\/blogs.urz.uni-halle.de\/gewaesserlabor\/wp-json\/wp\/v2\/pages\/17"}],"collection":[{"href":"https:\/\/blogs.urz.uni-halle.de\/gewaesserlabor\/wp-json\/wp\/v2\/pages"}],"about":[{"href":"https:\/\/blogs.urz.uni-halle.de\/gewaesserlabor\/wp-json\/wp\/v2\/types\/page"}],"author":[{"embeddable":true,"href":"https:\/\/blogs.urz.uni-halle.de\/gewaesserlabor\/wp-json\/wp\/v2\/users\/6539"}],"replies":[{"embeddable":true,"href":"https:\/\/blogs.urz.uni-halle.de\/gewaesserlabor\/wp-json\/wp\/v2\/comments?post=17"}],"version-history":[{"count":8,"href":"https:\/\/blogs.urz.uni-halle.de\/gewaesserlabor\/wp-json\/wp\/v2\/pages\/17\/revisions"}],"predecessor-version":[{"id":210,"href":"https:\/\/blogs.urz.uni-halle.de\/gewaesserlabor\/wp-json\/wp\/v2\/pages\/17\/revisions\/210"}],"wp:attachment":[{"href":"https:\/\/blogs.urz.uni-halle.de\/gewaesserlabor\/wp-json\/wp\/v2\/media?parent=17"}],"curies":[{"name":"wp","href":"https:\/\/api.w.org\/{rel}","templated":true}]}}