{"id":23,"date":"2026-03-10T09:35:56","date_gmt":"2026-03-10T08:35:56","guid":{"rendered":"https:\/\/blogs.urz.uni-halle.de\/gewaesserlabor\/?page_id=23"},"modified":"2026-03-10T18:19:21","modified_gmt":"2026-03-10T17:19:21","slug":"anthropogen","status":"publish","type":"page","link":"https:\/\/blogs.urz.uni-halle.de\/gewaesserlabor\/anthropogen\/","title":{"rendered":"Anthropogene Einfl\u00fcsse"},"content":{"rendered":"\n<p>Die Gew\u00e4sserg\u00fcte beschreibt den \u00f6kologischen Zustand eines Gew\u00e4ssers und wird durch physikalische, chemische und biologische Faktoren bestimmt. Neben nat\u00fcrlichen Prozessen spielen insbesondere menschliche Aktivit\u00e4ten eine wichtige Rolle bei der Ver\u00e4nderung von Gew\u00e4ssern. Diese vom Menschen verursachten Ver\u00e4nderungen werden als anthropogene Einfl\u00fcsse bezeichnet und k\u00f6nnen zu einer Verschlechterung\/Verbesserung der Wasserqualit\u00e4t sowie zu Ver\u00e4nderungen der Lebensgemeinschaften in aquatischen \u00d6kosystemen f\u00fchren.<sup>[1]<\/sup><\/p>\n\n\n\n<p>Ein bedeutender Einflussfaktor ist die Landwirtschaft. Durch den Einsatz von D\u00fcngemitteln gelangen gro\u00dfe Mengen an Stickstoff- und Phosphorverbindungen (NH<sub>4<\/sub><sup>+<\/sup>, NO<sub>3<\/sub><sup>&#8211;<\/sup>, P<sub>2<\/sub>O<sub>5<\/sub>) in B\u00f6den. Diese N\u00e4hrstoffe k\u00f6nnen durch Regen oder Schmelzwasser aus Schnee ausgewaschen werden und \u00fcber Oberfl\u00e4chenabfluss oder Grundwasser in Fl\u00fcsse und Seen gelangen.<sup>[2]<\/sup><\/p>\n\n\n\n<p>Gelangen zu viele N\u00e4hrstoffe in ein Gew\u00e4sser, kann es zur sogenannten Eutrophierung kommen. Dabei werden Gew\u00e4sser \u00fcberm\u00e4\u00dfig mit N\u00e4hrstoffen angereichert, wodurch sich Algen und Wasserpflanzen stark vermehren.<sup>[3]<\/sup> Bei Gew\u00e4ssern unterscheidet man zwischen 3 Stufen der Eutrophierung: oligotroph, mesotroph und eutroph. Eutroph zeigt dabei das am st\u00e4rksten \u00fcberd\u00fcngte Gew\u00e4ssern an, w\u00e4hrend oligotroph das n\u00e4hrstoff\u00e4rmste Gew\u00e4sser bezeichnet. Seltener z\u00e4hlt man auch den Zustand der polytrophen oder hypertrophen Seen dazu, welcher einen anthropogenen Zustand beschreibt, welcher durch massive \u00dcberd\u00fcngung und Algenwachstum gekennzeichnet ist. Zumeist wirkt dies sehr sauerstoffzehrend auf das Gew\u00e4sser.<sup>[3]<\/sup> Beim anschlie\u00dfenden Abbau dieser Biomasse wird Sauerstoff verbraucht, was zu Sauerstoffmangel im Gew\u00e4sser f\u00fchren kann.<sup>[4]<\/sup> <\/p>\n\n\n\n<p>Neben der Landwirtschaft tragen auch Abw\u00e4sser aus Haushalten und Industrie zur Belastung von Gew\u00e4ssern bei. Diese k\u00f6nnen verschiedene Schadstoffe enthalten, beispielsweise Chemikalien, Mikroplastik oder Schwermetalle. Solche Stoffe k\u00f6nnen die Wasserqualit\u00e4t beeintr\u00e4chtigen und langfristige Ver\u00e4nderungen in aquatischen \u00d6kosystemen hervorrufen.<sup>[5]<\/sup><\/p>\n\n\n\n<p>Dar\u00fcber hinaus beeinflusst der Mensch Gew\u00e4sser durch bauliche Eingriffe wie Flussbegradigungen, Staustufen oder Uferbefestigungen. Solche Ma\u00dfnahmen ver\u00e4ndern die nat\u00fcrliche Struktur eines Gew\u00e4ssers und k\u00f6nnen Lebensr\u00e4ume f\u00fcr viele Organismen zerst\u00f6ren oder ver\u00e4ndern, wodurch die Biodiversit\u00e4t sinkt.<sup>[2]<\/sup><\/p>\n\n\n\n<p>Aus diesen Gr\u00fcnden wird die Gew\u00e4sserg\u00fcte h\u00e4ufig mithilfe biologischer Indikatoren untersucht. Bestimmte Organismen reagieren empfindlich auf Ver\u00e4nderungen der Wasserqualit\u00e4t. Ihr Vorkommen oder Fehlen liefert wichtige Hinweise auf den \u00f6kologischen Zustand eines Gew\u00e4ssers.<sup>[6]<\/sup><\/p>\n\n\n\n<figure class=\"wp-block-image size-large\"><img loading=\"lazy\" width=\"1024\" height=\"683\" src=\"https:\/\/blogs.urz.uni-halle.de\/gewaesserlabor\/files\/2026\/03\/e6910097-815f-468a-9afa-0fae1b92873d-1024x683.png\" alt=\"\" class=\"wp-image-208\" srcset=\"https:\/\/blogs.urz.uni-halle.de\/gewaesserlabor\/files\/2026\/03\/e6910097-815f-468a-9afa-0fae1b92873d-1024x683.png 1024w, https:\/\/blogs.urz.uni-halle.de\/gewaesserlabor\/files\/2026\/03\/e6910097-815f-468a-9afa-0fae1b92873d-300x200.png 300w, https:\/\/blogs.urz.uni-halle.de\/gewaesserlabor\/files\/2026\/03\/e6910097-815f-468a-9afa-0fae1b92873d-768x512.png 768w, https:\/\/blogs.urz.uni-halle.de\/gewaesserlabor\/files\/2026\/03\/e6910097-815f-468a-9afa-0fae1b92873d.png 1536w\" sizes=\"(max-width: 1024px) 100vw, 1024px\" \/><figcaption>KI-generierter Inhalt (ChatGPT, 2026)<\/figcaption><\/figure>\n\n\n\n<p>Quellen: <\/p>\n\n\n\n<p>[1] Allan, J. D., &amp; Castillo, M. M. (2007). Stream ecology: Structure and function of running waters (2nd ed.). Springer.<\/p>\n\n\n\n<p>[2] European Environment Agency. (2020). Nutrients in freshwater in Europe.<br><a href=\"https:\/\/www.eea.europa.eu\/data-and-maps\/indicators\/nutrients-in-freshwater\">https:\/\/www.eea.europa.eu\/data-and-maps\/indicators\/nutrients-in-freshwater<\/a><\/p>\n\n\n\n<p>[3] Seen.de. (o. J.).&nbsp;<em>Gew\u00e4sserg\u00fcte und Trophiestufen von Seen.<\/em>&nbsp;Abgerufen am 10. M\u00e4rz 2026 von&nbsp;<a href=\"https:\/\/www.seen.de\/service\/gewaesserguete.html\">https:\/\/www.seen.de\/service\/gewaesserguete.html<\/a><\/p>\n\n\n\n<p>[4] Umweltbundesamt. (2023). Eutrophierung von Gew\u00e4ssern.<br><a href=\"https:\/\/www.umweltbundesamt.de\/themen\/wasser\/gewaesser\/meere\/nutzung-belastungen\/eutrophierung\">https:\/\/www.umweltbundesamt.de\/themen\/wasser\/gewaesser\/meere\/nutzung-belastungen\/eutrophierung<\/a><\/p>\n\n\n\n<p>[5] United States Environmental Protection Agency. (2022). Sources and solutions: Water pollution.<br><a href=\"https:\/\/www.epa.gov\/nutrientpollution\">https:\/\/www.epa.gov\/nutrientpollution<\/a><\/p>\n\n\n\n<p>[6] Hering, D., Feld, C. K., Moog, O., &amp; Ofenb\u00f6ck, T. (2006). Cook book for the development of a multimetric index for biological condition of aquatic ecosystems. Hydrobiologia, 566, 311-324.<\/p>\n","protected":false},"excerpt":{"rendered":"<div class=\"entry-summary\">\nDie Gew\u00e4sserg\u00fcte beschreibt den \u00f6kologischen Zustand eines Gew\u00e4ssers und wird durch physikalische, chemische und biologische Faktoren bestimmt. Neben nat\u00fcrlichen Prozessen&hellip;\n<\/div>\n<div class=\"link-more\"><a href=\"https:\/\/blogs.urz.uni-halle.de\/gewaesserlabor\/anthropogen\/\" class=\"more-link\">Continue reading<span class=\"screen-reader-text\"> &ldquo;Anthropogene Einfl\u00fcsse&rdquo;<\/span>&hellip;<\/a><\/div>\n","protected":false},"author":6539,"featured_media":0,"parent":0,"menu_order":0,"comment_status":"closed","ping_status":"closed","template":"","meta":[],"_links":{"self":[{"href":"https:\/\/blogs.urz.uni-halle.de\/gewaesserlabor\/wp-json\/wp\/v2\/pages\/23"}],"collection":[{"href":"https:\/\/blogs.urz.uni-halle.de\/gewaesserlabor\/wp-json\/wp\/v2\/pages"}],"about":[{"href":"https:\/\/blogs.urz.uni-halle.de\/gewaesserlabor\/wp-json\/wp\/v2\/types\/page"}],"author":[{"embeddable":true,"href":"https:\/\/blogs.urz.uni-halle.de\/gewaesserlabor\/wp-json\/wp\/v2\/users\/6539"}],"replies":[{"embeddable":true,"href":"https:\/\/blogs.urz.uni-halle.de\/gewaesserlabor\/wp-json\/wp\/v2\/comments?post=23"}],"version-history":[{"count":9,"href":"https:\/\/blogs.urz.uni-halle.de\/gewaesserlabor\/wp-json\/wp\/v2\/pages\/23\/revisions"}],"predecessor-version":[{"id":220,"href":"https:\/\/blogs.urz.uni-halle.de\/gewaesserlabor\/wp-json\/wp\/v2\/pages\/23\/revisions\/220"}],"wp:attachment":[{"href":"https:\/\/blogs.urz.uni-halle.de\/gewaesserlabor\/wp-json\/wp\/v2\/media?parent=23"}],"curies":[{"name":"wp","href":"https:\/\/api.w.org\/{rel}","templated":true}]}}