{"id":28,"date":"2026-03-10T09:36:52","date_gmt":"2026-03-10T08:36:52","guid":{"rendered":"https:\/\/blogs.urz.uni-halle.de\/gewaesserlabor\/?page_id=28"},"modified":"2026-03-26T13:20:48","modified_gmt":"2026-03-26T12:20:48","slug":"pflanzen","status":"publish","type":"page","link":"https:\/\/blogs.urz.uni-halle.de\/gewaesserlabor\/pflanzen\/","title":{"rendered":"Pflanzen"},"content":{"rendered":"\n<p>Ladet euch nun das Protokoll ,,Pflanzen&#8220; und die Datei ,,Ellenberg-Werte&#8220; aus dem Materialordner herunter!<\/p>\n\n\n\n<h5>Was tun wir an dieser Station?<\/h5>\n\n\n\n<p>An dieser Station besch\u00e4ftigt ihr euch mit den Wasserpflanzen und Uferpflanzen, denn sie liefern wertvolle Hinweise auf die N\u00e4hrstoffbelastung und den \u00f6kologischen Zustand des Gew\u00e4ssers. Zun\u00e4chst werden mit Hilfe von Probennehmern Wasserpflanzen gesammelt und bestimmt. Anschlie\u00dfend wird ihre H\u00e4ufigkeit auf einer f\u00fcnfstufigen Skala von \u201esehr selten\u201c bis \u201emassenhaft\u201c eingesch\u00e4tzt. Jede Pflanzenart besitzt eine festgelegte Belastungsstufe, die mit der H\u00e4ufigkeit multipliziert wird. Aus allen so ermittelten Werten entsteht schlie\u00dflich eine Gesamtbelastungsstufe, aus der sich ablesen l\u00e4sst, ob das Gew\u00e4sser eher n\u00e4hrstoffarm, m\u00e4\u00dfig belastet oder stark eutroph ist.<\/p>\n\n\n\n<p>Neben den Wasserpflanzen wird auch der Uferbereich untersucht. Hier bestimmen die Gruppen typische Geh\u00f6lze und krautige Pflanzen, kleben Bl\u00e4tter auf vorbereitete B\u00f6gen, beschriften sie und zeichnen ein Uferprofil. Dabei wird eingetragen, welche Pflanzen und Tiere im Gew\u00e4ssergrund, im Uferbereich und im Landbereich vorkommen. Diese Profilzeichnung hilft dabei, Strukturen des Lebensraumes sichtbar zu machen und \u00f6kologische Zusammenh\u00e4nge zu verstehen.<\/p>\n\n\n\n<p>Mithilfe der Ellenberg-Werte f\u00fcr Zeigerpflanzen werden wir die bestimmten Arten einordnen um ein Gef\u00fchl f\u00fcr das ,,Profil des Gew\u00e4ssers&#8220; zu bekommen.<\/p>\n\n\n\n<h5><strong>Auswertung mit Hilfe der Ellenberg-Zeigerwerte<\/strong><\/h5>\n\n\n\n<p>Nachdem ihr die gefundenen Pflanzenarten bestimmt habt, k\u00f6nnen diese zus\u00e4tzlich mit Hilfe der Ellenberg-Zeigerwerte \u00f6kologisch interpretiert werden. Die von Heinz Ellenberg entwickelten Zeigerwerte beschreiben das \u00f6kologische Verhalten mitteleurop\u00e4ischer Pflanzenarten und geben an, unter welchen Umweltbedingungen eine Art bevorzugt vorkommt.<sup>[1][2]<\/sup> Auf dieser Grundlage lassen sich aus der Zusammensetzung einer Pflanzengesellschaft R\u00fcckschl\u00fcsse auf Standortbedingungen wie Feuchtigkeit, Bodenreaktion oder N\u00e4hrstoffverf\u00fcgbarkeit ziehen.<sup>[1][3]<\/sup><\/p>\n\n\n\n<p>F\u00fcr die Bewertung der Gew\u00e4sserumgebung ist besonders der Stickstoff- bzw. N\u00e4hrstoffzeigerwert (N-Wert) relevant. Dieser wird auf einer Skala von etwa 1 bis 9 angegeben. Niedrige Werte kennzeichnen Pflanzenarten, die vor allem an n\u00e4hrstoffarmen Standorten vorkommen. Hohe Werte zeigen dagegen Arten an, die typischerweise auf n\u00e4hrstoffreichen oder durch N\u00e4hrstoffeintr\u00e4ge belasteten Standorten wachsen.<sup>[3][4]<\/sup> Pflanzen mit hohen N-Werten werden h\u00e4ufig als Nitrophyten bezeichnet und k\u00f6nnen auf erh\u00f6hte N\u00e4hrstoffeintr\u00e4ge, etwa durch Landwirtschaft oder Abw\u00e4sser, hinweisen.<sup>[4]<\/sup><\/p>\n\n\n\n<p>Wenn ihr also die gefundenen Pflanzenarten mit ihren Ellenberg-Zeigerwerten vergleicht, k\u00f6nnt ihr eine \u00f6kologische Einsch\u00e4tzung des Gew\u00e4ssers vornehmen. Dominieren Arten mit niedrigen N-Werten, spricht dies eher f\u00fcr ein n\u00e4hrstoffarmes, wenig belastetes Gew\u00e4sser. Treten hingegen viele Arten mit hohen N-Werten auf, deutet dies auf eutrophe Bedingungen und eine erh\u00f6hte N\u00e4hrstoffbelastung hin.<\/p>\n\n\n\n<p>Durch die Kombination aus Bestimmung der Pflanzenarten, ihrer H\u00e4ufigkeit im Gel\u00e4nde sowie der Auswertung der Ellenberg-Zeigerwerte entsteht somit eine fundierte \u00f6kologische Charakterisierung des untersuchten Gew\u00e4ssers. Pflanzen fungieren dabei als Bioindikatoren, da ihr langfristiges Vorkommen die Umweltbedingungen eines Standortes widerspiegelt und damit Ver\u00e4nderungen der Gew\u00e4sserqualit\u00e4t sichtbar machen kann.<sup>[2][5]<\/sup><\/p>\n\n\n\n<p>Quellen: <br><sup>[1]<\/sup> Allan, J. D., &amp; Castillo, M. M. (2007). Stream ecology: Structure and function of running waters (2nd ed.). Springer.<\/p>\n\n\n\n<p><sup>[2]<\/sup> European Environment Agency. (2020). Nutrients in freshwater in Europe.<br><a href=\"https:\/\/www.eea.europa.eu\/data-and-maps\/indicators\/nutrients-in-freshwater\">https:\/\/www.eea.europa.eu\/data-and-maps\/indicators\/nutrients-in-freshwater<\/a><\/p>\n\n\n\n<p><sup>[3]<\/sup> Umweltbundesamt. (2023). Eutrophierung von Gew\u00e4ssern.<br><a href=\"https:\/\/www.umweltbundesamt.de\/themen\/wasser\/gewaesser\/meere\/nutzung-belastungen\/eutrophierung\">https:\/\/www.umweltbundesamt.de\/themen\/wasser\/gewaesser\/meere\/nutzung-belastungen\/eutrophierung<\/a><\/p>\n\n\n\n<p><sup>[4]<\/sup> United States Environmental Protection Agency. (2022). Sources and solutions: Water pollution.<br><a href=\"https:\/\/www.epa.gov\/nutrientpollution\">https:\/\/www.epa.gov\/nutrientpollution<\/a><\/p>\n\n\n\n<p><sup>[5]<\/sup> Hering, D., Feld, C. K., Moog, O., &amp; Ofenb\u00f6ck, T. (2006). Cook book for the development of a multimetric index for biological condition of aquatic ecosystems. Hydrobiologia, 566, 311-324.<\/p>\n","protected":false},"excerpt":{"rendered":"<div class=\"entry-summary\">\nLadet euch nun das Protokoll ,,Pflanzen&#8220; und die Datei ,,Ellenberg-Werte&#8220; aus dem Materialordner herunter! Was tun wir an dieser Station?&hellip;\n<\/div>\n<div class=\"link-more\"><a href=\"https:\/\/blogs.urz.uni-halle.de\/gewaesserlabor\/pflanzen\/\" class=\"more-link\">Continue reading<span class=\"screen-reader-text\"> &ldquo;Pflanzen&rdquo;<\/span>&hellip;<\/a><\/div>\n","protected":false},"author":6539,"featured_media":0,"parent":0,"menu_order":0,"comment_status":"closed","ping_status":"closed","template":"","meta":[],"_links":{"self":[{"href":"https:\/\/blogs.urz.uni-halle.de\/gewaesserlabor\/wp-json\/wp\/v2\/pages\/28"}],"collection":[{"href":"https:\/\/blogs.urz.uni-halle.de\/gewaesserlabor\/wp-json\/wp\/v2\/pages"}],"about":[{"href":"https:\/\/blogs.urz.uni-halle.de\/gewaesserlabor\/wp-json\/wp\/v2\/types\/page"}],"author":[{"embeddable":true,"href":"https:\/\/blogs.urz.uni-halle.de\/gewaesserlabor\/wp-json\/wp\/v2\/users\/6539"}],"replies":[{"embeddable":true,"href":"https:\/\/blogs.urz.uni-halle.de\/gewaesserlabor\/wp-json\/wp\/v2\/comments?post=28"}],"version-history":[{"count":6,"href":"https:\/\/blogs.urz.uni-halle.de\/gewaesserlabor\/wp-json\/wp\/v2\/pages\/28\/revisions"}],"predecessor-version":[{"id":241,"href":"https:\/\/blogs.urz.uni-halle.de\/gewaesserlabor\/wp-json\/wp\/v2\/pages\/28\/revisions\/241"}],"wp:attachment":[{"href":"https:\/\/blogs.urz.uni-halle.de\/gewaesserlabor\/wp-json\/wp\/v2\/media?parent=28"}],"curies":[{"name":"wp","href":"https:\/\/api.w.org\/{rel}","templated":true}]}}