{"id":100,"date":"2022-01-17T22:01:22","date_gmt":"2022-01-17T21:01:22","guid":{"rendered":"https:\/\/blogs.urz.uni-halle.de\/goethe\/?page_id=100"},"modified":"2022-03-31T14:28:50","modified_gmt":"2022-03-31T12:28:50","slug":"praesentation-der-gedichte","status":"publish","type":"page","link":"https:\/\/blogs.urz.uni-halle.de\/goethe\/praesentation-der-gedichte\/","title":{"rendered":"Station 4 &#8211; Pr\u00e4sentation der Gedichte"},"content":{"rendered":"\n<p><br><\/p>\n\n\n\n<figure class=\"wp-block-image is-resized\"><img loading=\"lazy\" src=\"https:\/\/encrypted-tbn0.gstatic.com\/images?q=tbn:ANd9GcRc72nGpFvkr7m-tmS-ceKANqF-Pi3wpOxSTI4Cu9zYZs3ac3G8gTTFZ8a26F0IzkqXZPg&amp;usqp=CAU\" alt=\"Zuh\u00f6ren im (Schul-)Alltag\" width=\"428\" height=\"360\" \/><\/figure>\n\n\n\n<p><br><\/p>\n\n\n\n<p class=\"has-light-green-background-color has-background\"><strong>Aufgabe: Betrachtet die Darbietungen (Audios oder Videos) eurer Mitsch\u00fclerinnen und Mitsch\u00fcler an der digitalen Tafel! Die Lehrkraft sagt an, wann welche Gruppe pr\u00e4sentiert.<\/strong><\/p>\n\n\n\n<p><\/p>\n\n\n\n<p><br><\/p>\n\n\n\n<h2 class=\"has-light-blue-background-color has-background\">Feedback<\/h2>\n\n\n\n<div class=\"wp-block-group\"><div class=\"wp-block-group__inner-container\">\n<div class=\"wp-block-group has-light-green-background-color has-background\"><div class=\"wp-block-group__inner-container\">\n<p class=\"has-light-green-background-color has-background\"><strong>Aufgabe: Gebt euren Mitsch\u00fclerinnen bzw. Mitsch\u00fclern eine R\u00fcckmeldung. \u00d6ffnet hierf\u00fcr den folgenden Link und f\u00fcllt den Fragebogen aus.<\/strong><\/p>\n\n\n\n<p class=\"has-light-green-background-color has-background\">Link zum Feedback-Fragebogen: <a rel=\"noreferrer noopener\" href=\"https:\/\/docs.google.com\/forms\/d\/15XxyYgJscKFD-xMla8rU-UGUNG-PPQhRY7_JFnOzInQ\/edit\" target=\"_blank\">https:\/\/docs.google.com\/forms\/d\/15XxyYgJscKFD-xMla8rU-UGUNG-PPQhRY7_JFnOzInQ\/edit<\/a><\/p>\n<\/div><\/div>\n<\/div><\/div>\n\n\n\n<p><br><br><\/p>\n\n\n\n<div class=\"wp-block-group has-blue-background-color has-background\"><div class=\"wp-block-group__inner-container\">\n<p><strong>F\u00fcr Lehrkr\u00e4fte:<\/strong><\/p>\n\n\n\n<p>Link zur Auswertung, um Live-Ergebnisse an einer digitalen Tafel zu zeigen: <a href=\"https:\/\/docs.google.com\/forms\/d\/15XxyYgJscKFD-xMla8rU-UGUNG-PPQhRY7_JFnOzInQ\/edit#responses\" target=\"_blank\" rel=\"noreferrer noopener\">https:\/\/docs.google.com\/forms\/d\/15XxyYgJscKFD-xMla8rU-UGUNG-PPQhRY7_JFnOzInQ\/edit#responses<\/a><\/p>\n\n\n\n<p>Hinweis: Wenn die Auswertung einer Gruppe abgeschlossen ist, k\u00f6nnen die Antworten gel\u00f6scht werden <em>(Symbol mit 3 Punkten im Antwortfeld anklicken, Antworten l\u00f6schen)<\/em>. Nach der Pr\u00e4sentation der n\u00e4chsten Gruppe k\u00f6nnen die SuS den Link erneut \u00f6ffnen und erneut abstimmen. Die Antworten werden wieder live im Diagramm angezeigt.<\/p>\n<\/div><\/div>\n\n\n\n<p><\/p>\n\n\n\n<p><\/p>\n","protected":false},"excerpt":{"rendered":"<p>Aufgabe: Betrachtet die Darbietungen (Audios oder Videos) eurer Mitsch\u00fclerinnen und Mitsch\u00fcler an der digitalen Tafel! Die Lehrkraft sagt an, wann welche Gruppe pr\u00e4sentiert. Feedback<\/p>\n","protected":false},"author":5232,"featured_media":0,"parent":0,"menu_order":0,"comment_status":"closed","ping_status":"closed","template":"","meta":[],"_links":{"self":[{"href":"https:\/\/blogs.urz.uni-halle.de\/goethe\/wp-json\/wp\/v2\/pages\/100"}],"collection":[{"href":"https:\/\/blogs.urz.uni-halle.de\/goethe\/wp-json\/wp\/v2\/pages"}],"about":[{"href":"https:\/\/blogs.urz.uni-halle.de\/goethe\/wp-json\/wp\/v2\/types\/page"}],"author":[{"embeddable":true,"href":"https:\/\/blogs.urz.uni-halle.de\/goethe\/wp-json\/wp\/v2\/users\/5232"}],"replies":[{"embeddable":true,"href":"https:\/\/blogs.urz.uni-halle.de\/goethe\/wp-json\/wp\/v2\/comments?post=100"}],"version-history":[{"count":9,"href":"https:\/\/blogs.urz.uni-halle.de\/goethe\/wp-json\/wp\/v2\/pages\/100\/revisions"}],"predecessor-version":[{"id":250,"href":"https:\/\/blogs.urz.uni-halle.de\/goethe\/wp-json\/wp\/v2\/pages\/100\/revisions\/250"}],"wp:attachment":[{"href":"https:\/\/blogs.urz.uni-halle.de\/goethe\/wp-json\/wp\/v2\/media?parent=100"}],"curies":[{"name":"wp","href":"https:\/\/api.w.org\/{rel}","templated":true}]}}