{"id":108,"date":"2022-01-17T22:23:14","date_gmt":"2022-01-17T21:23:14","guid":{"rendered":"https:\/\/blogs.urz.uni-halle.de\/goethe\/?page_id=108"},"modified":"2022-03-31T21:30:01","modified_gmt":"2022-03-31T19:30:01","slug":"erstellung-eines-steckbriefes","status":"publish","type":"page","link":"https:\/\/blogs.urz.uni-halle.de\/goethe\/erstellung-eines-steckbriefes\/","title":{"rendered":"Station 5 &#8211; Erstellung eines Steckbriefes"},"content":{"rendered":"\n<p><\/p>\n\n\n\n<p class=\"has-light-green-background-color has-background\"><strong>Aufgabe: Findet euch in 2er bis 3er Gruppen zusammen.<\/strong><\/p>\n\n\n\n<figure class=\"wp-block-image\"><img src=\"https:\/\/www.friedenshort.de\/fileadmin\/_processed_\/c\/d\/csm_Symbolbild_Kinder-und-Jugendrat_AK_27be055de3.jpg\" alt=\"Aktuelles- Friedenshort\" \/><figcaption><strong><span class=\"has-inline-color has-black-color\">Gruppenarbeit<\/span><\/strong><\/figcaption><\/figure>\n\n\n\n<p><br><\/p>\n\n\n\n<div class=\"wp-block-group has-light-green-background-color has-background\"><div class=\"wp-block-group__inner-container\">\n<p><strong>Aufgabe: Erstellt einen Steckbrief \u00fcber Johann Wolfgang von Goethe mit folgenden Inhalten:<\/strong><\/p>\n\n\n\n<ul><li>Vor- und Nachname<\/li><li>Bild\/ Foto<\/li><li>Geburtsdatum, Geburtsort<\/li><li>Sterbedatum, Sterbeort<\/li><li>wichtigste Fakten zur Person\/ zu T\u00e4tigkeiten (mit Datum)<\/li><li>mindestens 3 bekannte Werke von Goethe<\/li><li>Quellenangaben bzw. Links der genutzten Internetseiten (Tipp: Kopiere die Internetadresse in der Suchleiste.)<\/li><\/ul>\n\n\n\n<p>Bringt eure Daten gern in eine chronologische Abfolge. <br><\/p>\n<\/div><\/div>\n\n\n\n<div class=\"wp-block-group\"><div class=\"wp-block-group__inner-container\">\n<p><br><\/p>\n\n\n\n<div class=\"wp-block-group\"><div class=\"wp-block-group__inner-container\">\n<div class=\"wp-block-group has-light-green-background-color has-background\"><div class=\"wp-block-group__inner-container\">\n<p>Nutzt folgende Internetseiten, um euch zu informieren:<\/p>\n\n\n\n<ul><li><a href=\"https:\/\/www.fragfinn.de\/\">https:\/\/www.fragfinn.de<\/a><\/li><li><a href=\"https:\/\/www.blinde-kuh.de\/index.html\">https:\/\/www.blinde-kuh.de\/index.html<\/a><\/li><li><a href=\"https:\/\/www.helles-koepfchen.de\/\">https:\/\/www.helles-koepfchen.de<\/a><\/li><\/ul>\n\n\n\n<p>\u00dcberlegt genau, welche Begriffe in die Suchleiste eingeben werden m\u00fcssen.<\/p>\n<\/div><\/div>\n\n\n\n<p><\/p>\n<\/div><\/div>\n\n\n\n<p><br><\/p>\n\n\n\n<div class=\"wp-block-group has-light-green-background-color has-background\"><div class=\"wp-block-group__inner-container\">\n<p>Der folgende Link f\u00fchrt euch zu einer Dokumentvorlage. Diese k\u00f6nnt ihr gerne zur Erstellung des Steckbriefes nutzen. Wenn ihr m\u00f6chtet, k\u00f6nnt ihr aber auch einen eigenen Steckbrief in einem Schreibprogramm erstellen.<\/p>\n\n\n\n<p><strong>Wenn ihr die Vorlage nutzt:<\/strong><\/p>\n\n\n\n<p>L\u00f6scht die rote Schrift in der Vorlage und erg\u00e4nzt sie durch eure Angaben.<\/p>\n\n\n\n<p>Klickt auf den Link, ladet die Datei herunter und bearbeitet diese in eurem Schreibprogramm (Word). Eine Anleitung dazu seht ihr unten im gelben Kasten.<\/p>\n\n\n\n<p>Vorlage: <a rel=\"noreferrer noopener\" href=\"https:\/\/docs.google.com\/document\/d\/12KD5J7nFUpuDvi01p7wWm83KLQGmCKLtkCfji9RPLJY\/edit?usp=sharing\" target=\"_blank\">https:\/\/docs.google.com\/document\/d\/12KD5J7nFUpuDvi01p7wWm83KLQGmCKLtkCfji9RPLJY\/edit?usp=sharing<\/a> <\/p>\n<\/div><\/div>\n\n\n\n<p><br><\/p>\n\n\n\n<div class=\"wp-block-group has-light-yellow-background-color has-background\"><div class=\"wp-block-group__inner-container\">\n<p class=\"has-text-align-center has-large-font-size\"><strong>Anleitung &#8211; Steckbriefvorlage<\/strong><\/p>\n\n\n\n<figure class=\"wp-block-image size-large is-resized\"><img loading=\"lazy\" src=\"https:\/\/blogs.urz.uni-halle.de\/goethe\/files\/2022\/03\/594C43BA-6B75-4E1C-AFB6-D7F23439B185_1_201_a-1024x583.jpeg\" alt=\"\" class=\"wp-image-257\" width=\"440\" height=\"250\" srcset=\"https:\/\/blogs.urz.uni-halle.de\/goethe\/files\/2022\/03\/594C43BA-6B75-4E1C-AFB6-D7F23439B185_1_201_a-1024x583.jpeg 1024w, https:\/\/blogs.urz.uni-halle.de\/goethe\/files\/2022\/03\/594C43BA-6B75-4E1C-AFB6-D7F23439B185_1_201_a-300x171.jpeg 300w, https:\/\/blogs.urz.uni-halle.de\/goethe\/files\/2022\/03\/594C43BA-6B75-4E1C-AFB6-D7F23439B185_1_201_a-768x437.jpeg 768w, https:\/\/blogs.urz.uni-halle.de\/goethe\/files\/2022\/03\/594C43BA-6B75-4E1C-AFB6-D7F23439B185_1_201_a-1536x875.jpeg 1536w, https:\/\/blogs.urz.uni-halle.de\/goethe\/files\/2022\/03\/594C43BA-6B75-4E1C-AFB6-D7F23439B185_1_201_a-2048x1166.jpeg 2048w\" sizes=\"(max-width: 440px) 100vw, 440px\" \/><figcaption><span class=\"has-inline-color has-black-color\"><strong>Schrittfolge: <\/strong><br>1. \u00d6ffne den Link.<br>2. Klicke auf Datei, auf Herunterladen, auf Microsoft Word (siehe Bild).<br>3. Die Datei \u00f6ffnet sich in der Word-Anwendung. <br>4. Ersetze die rote Schrift durch einen eigenen Text bzw. durch ein Bild.<\/span><\/figcaption><\/figure>\n<\/div><\/div>\n\n\n\n<p><br><br><\/p>\n<\/div><\/div>\n\n\n\n<div class=\"wp-block-group has-light-red-background-color has-background\"><div class=\"wp-block-group__inner-container\">\n<p class=\"has-light-red-background-color has-background\">Achtung! Speichert den Steckbrief und sendet ihn an eure Lehrkraft. <\/p>\n\n\n\n<p class=\"has-light-red-background-color has-background\">Eine Anleitung dazu seht ihr unten im gelben Kasten.<\/p>\n<\/div><\/div>\n\n\n\n<p><br><br><\/p>\n\n\n\n<div class=\"wp-block-group has-light-yellow-background-color has-background\"><div class=\"wp-block-group__inner-container\">\n<p class=\"has-text-align-center has-large-font-size\"><strong>Anleitung zum Speichern und Versenden mit &#8222;AirDrop&#8220;<\/strong><\/p>\n\n\n\n<figure class=\"wp-block-image size-large is-resized\"><img loading=\"lazy\" src=\"https:\/\/blogs.urz.uni-halle.de\/goethe\/files\/2022\/03\/3DC3AC6F-E5BF-48A2-A0ED-BCEEF49F1127_1_201_a-1024x796.jpeg\" alt=\"\" class=\"wp-image-258\" width=\"424\" height=\"329\" srcset=\"https:\/\/blogs.urz.uni-halle.de\/goethe\/files\/2022\/03\/3DC3AC6F-E5BF-48A2-A0ED-BCEEF49F1127_1_201_a-1024x796.jpeg 1024w, https:\/\/blogs.urz.uni-halle.de\/goethe\/files\/2022\/03\/3DC3AC6F-E5BF-48A2-A0ED-BCEEF49F1127_1_201_a-300x233.jpeg 300w, https:\/\/blogs.urz.uni-halle.de\/goethe\/files\/2022\/03\/3DC3AC6F-E5BF-48A2-A0ED-BCEEF49F1127_1_201_a-768x597.jpeg 768w, https:\/\/blogs.urz.uni-halle.de\/goethe\/files\/2022\/03\/3DC3AC6F-E5BF-48A2-A0ED-BCEEF49F1127_1_201_a-1536x1193.jpeg 1536w, https:\/\/blogs.urz.uni-halle.de\/goethe\/files\/2022\/03\/3DC3AC6F-E5BF-48A2-A0ED-BCEEF49F1127_1_201_a-2048x1591.jpeg 2048w\" sizes=\"(max-width: 424px) 100vw, 424px\" \/><figcaption><span class=\"has-inline-color has-black-color\">Klicke auf <strong>Datei<\/strong>, dann auf <strong>Speichern unter<\/strong>. Gib deiner Datei einen Namen deiner Wahl. Dr\u00fccke die ENTER-Taste.<\/span><\/figcaption><\/figure>\n\n\n\n<figure class=\"wp-block-image size-large is-resized\"><img loading=\"lazy\" src=\"https:\/\/blogs.urz.uni-halle.de\/goethe\/files\/2022\/03\/60B312BC-7F6B-41EB-A968-41A72D483735-1024x640.png\" alt=\"\" class=\"wp-image-259\" width=\"440\" height=\"275\" srcset=\"https:\/\/blogs.urz.uni-halle.de\/goethe\/files\/2022\/03\/60B312BC-7F6B-41EB-A968-41A72D483735-1024x640.png 1024w, https:\/\/blogs.urz.uni-halle.de\/goethe\/files\/2022\/03\/60B312BC-7F6B-41EB-A968-41A72D483735-300x188.png 300w, https:\/\/blogs.urz.uni-halle.de\/goethe\/files\/2022\/03\/60B312BC-7F6B-41EB-A968-41A72D483735-768x480.png 768w, https:\/\/blogs.urz.uni-halle.de\/goethe\/files\/2022\/03\/60B312BC-7F6B-41EB-A968-41A72D483735-1536x960.png 1536w, https:\/\/blogs.urz.uni-halle.de\/goethe\/files\/2022\/03\/60B312BC-7F6B-41EB-A968-41A72D483735-2048x1280.png 2048w\" sizes=\"(max-width: 440px) 100vw, 440px\" \/><figcaption><span class=\"has-inline-color has-black-color\">Klicke auf <strong>Freigeben<\/strong> rechts oben. Klicke auf <strong>Kopie senden.<\/strong><\/span><\/figcaption><\/figure>\n\n\n\n<figure class=\"wp-block-image size-large is-resized\"><img loading=\"lazy\" src=\"https:\/\/blogs.urz.uni-halle.de\/goethe\/files\/2022\/03\/5C02BF8F-5387-4DB9-9595-21E653D83179-1024x640.png\" alt=\"\" class=\"wp-image-260\" width=\"443\" height=\"277\" srcset=\"https:\/\/blogs.urz.uni-halle.de\/goethe\/files\/2022\/03\/5C02BF8F-5387-4DB9-9595-21E653D83179-1024x640.png 1024w, https:\/\/blogs.urz.uni-halle.de\/goethe\/files\/2022\/03\/5C02BF8F-5387-4DB9-9595-21E653D83179-300x188.png 300w, https:\/\/blogs.urz.uni-halle.de\/goethe\/files\/2022\/03\/5C02BF8F-5387-4DB9-9595-21E653D83179-768x480.png 768w, https:\/\/blogs.urz.uni-halle.de\/goethe\/files\/2022\/03\/5C02BF8F-5387-4DB9-9595-21E653D83179-1536x960.png 1536w, https:\/\/blogs.urz.uni-halle.de\/goethe\/files\/2022\/03\/5C02BF8F-5387-4DB9-9595-21E653D83179-2048x1280.png 2048w\" sizes=\"(max-width: 443px) 100vw, 443px\" \/><figcaption><span class=\"has-inline-color has-black-color\">Klicke auf das Symbol mit dem <strong>Pfeil<\/strong>. Klicke auf <strong>AirDrop<\/strong>. W\u00e4hle den Ger\u00e4tenamen deiner Lehrkraft aus.<\/span><\/figcaption><\/figure>\n<\/div><\/div>\n\n\n\n<p><br><br><\/p>\n\n\n\n<p class=\"has-light-green-background-color has-background\">Ihr seid schon fertig und eure Mitsch\u00fcler*innen arbeiten noch? Dann bearbeitet die Zusatzaufgabe! Klicke auf den Reiter \u201eZusatz\u201c.<\/p>\n\n\n\n<p><br><br><\/p>\n\n\n\n<h2 class=\"has-blue-background-color has-background\">Pr\u00e4sentation<\/h2>\n\n\n\n<p><br><\/p>\n\n\n\n<figure class=\"wp-block-image\"><img src=\"https:\/\/encrypted-tbn0.gstatic.com\/images?q=tbn:ANd9GcRc72nGpFvkr7m-tmS-ceKANqF-Pi3wpOxSTI4Cu9zYZs3ac3G8gTTFZ8a26F0IzkqXZPg&amp;usqp=CAU\" alt=\"\" \/><\/figure>\n\n\n\n<p class=\"has-light-green-background-color has-background\"><strong>Aufgabe<\/strong>: W\u00e4hlt eine Person aus eurer Gruppe, die den Steckbrief vor der Klasse pr\u00e4sentiert. Die Lehrkraft sagt an, wann welche Gruppe pr\u00e4sentiert.<\/p>\n","protected":false},"excerpt":{"rendered":"<p>Aufgabe: Findet euch in 2er bis 3er Gruppen zusammen. Ihr seid schon fertig und eure Mitsch\u00fcler*innen arbeiten noch? Dann bearbeitet die Zusatzaufgabe! Klicke auf den Reiter \u201eZusatz\u201c. Pr\u00e4sentation Aufgabe: W\u00e4hlt eine Person aus eurer Gruppe, die den Steckbrief vor der Klasse pr\u00e4sentiert. Die Lehrkraft sagt an, &hellip; <\/p>\n<p><a href=\"https:\/\/blogs.urz.uni-halle.de\/goethe\/erstellung-eines-steckbriefes\/\" class=\"more-link\"><span class=\"morelink-icon\">Weiterlesen<\/span><\/a><\/p>\n","protected":false},"author":5232,"featured_media":0,"parent":0,"menu_order":0,"comment_status":"closed","ping_status":"closed","template":"","meta":[],"_links":{"self":[{"href":"https:\/\/blogs.urz.uni-halle.de\/goethe\/wp-json\/wp\/v2\/pages\/108"}],"collection":[{"href":"https:\/\/blogs.urz.uni-halle.de\/goethe\/wp-json\/wp\/v2\/pages"}],"about":[{"href":"https:\/\/blogs.urz.uni-halle.de\/goethe\/wp-json\/wp\/v2\/types\/page"}],"author":[{"embeddable":true,"href":"https:\/\/blogs.urz.uni-halle.de\/goethe\/wp-json\/wp\/v2\/users\/5232"}],"replies":[{"embeddable":true,"href":"https:\/\/blogs.urz.uni-halle.de\/goethe\/wp-json\/wp\/v2\/comments?post=108"}],"version-history":[{"count":10,"href":"https:\/\/blogs.urz.uni-halle.de\/goethe\/wp-json\/wp\/v2\/pages\/108\/revisions"}],"predecessor-version":[{"id":310,"href":"https:\/\/blogs.urz.uni-halle.de\/goethe\/wp-json\/wp\/v2\/pages\/108\/revisions\/310"}],"wp:attachment":[{"href":"https:\/\/blogs.urz.uni-halle.de\/goethe\/wp-json\/wp\/v2\/media?parent=108"}],"curies":[{"name":"wp","href":"https:\/\/api.w.org\/{rel}","templated":true}]}}