{"id":32,"date":"2022-01-10T21:53:46","date_gmt":"2022-01-10T20:53:46","guid":{"rendered":"https:\/\/blogs.urz.uni-halle.de\/goethe\/?page_id=32"},"modified":"2022-03-31T21:45:23","modified_gmt":"2022-03-31T19:45:23","slug":"begruessung","status":"publish","type":"page","link":"https:\/\/blogs.urz.uni-halle.de\/goethe\/","title":{"rendered":"Begr\u00fc\u00dfung"},"content":{"rendered":"\n<h2>Herzlich Willkommen auf diesem Blog!<\/h2>\n\n\n\n<p>Dieser Blog ist als f\u00e4cher\u00fcbergreifendes Grundschulprojekt gestaltet und richtet sich an Grundsch\u00fclerinnen und Grundsch\u00fcler der 4. Klasse. Hier kann die Stadt Ilmenau entdeckt werden.<\/p>\n\n\n\n<p>Mein Name ist Ann-Sophie Risch und ich studiere Grundschullehramt an der Martin-Luther-Universit\u00e4t in Halle (Saale). Aktuell belege ich die F\u00e4cher Mathematik, Deutsch und Sport im 6. Semester. Au\u00dferdem habe ich die M\u00f6glichkeit, im Erg\u00e4nzungsstudiengang &#8222;Medienbildung&#8220; immatrikuliert zu sein. Im Rahmen des Moduls &#8222;Informationsdidaktik&#8220;, welches Teil dieses Erg\u00e4nzungsstudiengangs ist, entstand das Projekt &#8222;Entdecke Ilmenau&#8220;.<\/p>\n\n\n\n<p>Ilmenau ist meine Heimatstadt, weshalb dieses Projekt vor allem als Heimatprojekt gedacht ist und vorwiegend Sch\u00fclerinnen und Sch\u00fcler aus Ilmenau und Umgebung anspricht. Doch selbstverst\u00e4ndlich kann das Projekt auch deutschlandweit eingesetzt werden, da jeder eingeladen ist, diese tolle Stadt zu entdecken. <\/p>\n\n\n\n<p>Das Projekt wirkt vermutlich herausfordernd f\u00fcr Sch\u00fclerinnen und Sch\u00fclern der 4. Klasse. Jedoch vertrete ich die Meinung, dass man Sch\u00fclerinnen und Sch\u00fclern durchaus viel zumuten kann und sie nicht untersch\u00e4tzen sollte. Besonders im Umgang mit Technik sind sie vielen von uns voraus. \ud83d\ude00<\/p>\n\n\n\n<p>N\u00e4here Informationen zum Ablaufplan bzw. zur Stundenverlaufsplanung oder angesprochenen Kompetenzen und Lernzielen sind unter dem Reiter &#8222;Informationen f\u00fcr Lehrkr\u00e4fte und Eltern&#8220; zu finden.<\/p>\n\n\n\n<p><\/p>\n\n\n\n<figure class=\"wp-block-image size-large\"><img loading=\"lazy\" width=\"768\" height=\"1024\" src=\"https:\/\/blogs.urz.uni-halle.de\/goethe\/files\/2022\/01\/tempImageDyGHLL-768x1024.jpg\" alt=\"\" class=\"wp-image-59\" srcset=\"https:\/\/blogs.urz.uni-halle.de\/goethe\/files\/2022\/01\/tempImageDyGHLL-768x1024.jpg 768w, https:\/\/blogs.urz.uni-halle.de\/goethe\/files\/2022\/01\/tempImageDyGHLL-225x300.jpg 225w, https:\/\/blogs.urz.uni-halle.de\/goethe\/files\/2022\/01\/tempImageDyGHLL-1152x1536.jpg 1152w, https:\/\/blogs.urz.uni-halle.de\/goethe\/files\/2022\/01\/tempImageDyGHLL-1536x2048.jpg 1536w, https:\/\/blogs.urz.uni-halle.de\/goethe\/files\/2022\/01\/tempImageDyGHLL-scaled.jpg 1920w\" sizes=\"(max-width: 768px) 100vw, 768px\" \/><\/figure>\n\n\n\n<p><br><\/p>\n\n\n\n<p class=\"has-large-font-size\"><strong>Und jetzt zu dir, liebe Grundsch\u00fclerin oder lieber Grundsch\u00fcler:<\/strong><\/p>\n\n\n\n<p>Bearbeite alle Stationen f\u00fcrsorglich und entsprechend ihrer Reihenfolge. Deine Aufgaben findest du, wenn du auf die jeweiligen Stationen im Men\u00fc klickst. Die Aufgabenstellungen sind gr\u00fcn hinterlegt. Hinweise befinden sich in einem roten Kasten. Beachte die Anweisungen deiner Lehrkraft, welche Station wann bearbeitet wird. Solltest du eher fertig sein, kannst du im Men\u00fc den Reiter &#8222;Zusatz&#8220; anklicken und die Aufgabe bearbeiten.<\/p>\n\n\n\n<p>Wende dich bei Fragen oder Problemen an deine Lehrkraft!<\/p>\n\n\n\n<p>Viel Spa\u00df!<\/p>\n\n\n\n<p>Ann-Sophie Risch<\/p>\n\n\n\n<figure class=\"wp-block-image size-large\"><img loading=\"lazy\" width=\"118\" height=\"44\" src=\"https:\/\/blogs.urz.uni-halle.de\/goethe\/files\/2022\/03\/image.jpeg\" alt=\"\" class=\"wp-image-306\" \/><\/figure>\n","protected":false},"excerpt":{"rendered":"<p>Herzlich Willkommen auf diesem Blog! Dieser Blog ist als f\u00e4cher\u00fcbergreifendes Grundschulprojekt gestaltet und richtet sich an Grundsch\u00fclerinnen und Grundsch\u00fcler der 4. Klasse. Hier kann die Stadt Ilmenau entdeckt werden. Mein Name ist Ann-Sophie Risch und ich studiere Grundschullehramt an der Martin-Luther-Universit\u00e4t in Halle (Saale). Aktuell belege &hellip; <\/p>\n<p><a href=\"https:\/\/blogs.urz.uni-halle.de\/goethe\/\" class=\"more-link\"><span class=\"morelink-icon\">Weiterlesen<\/span><\/a><\/p>\n","protected":false},"author":5232,"featured_media":0,"parent":0,"menu_order":0,"comment_status":"closed","ping_status":"closed","template":"","meta":[],"_links":{"self":[{"href":"https:\/\/blogs.urz.uni-halle.de\/goethe\/wp-json\/wp\/v2\/pages\/32"}],"collection":[{"href":"https:\/\/blogs.urz.uni-halle.de\/goethe\/wp-json\/wp\/v2\/pages"}],"about":[{"href":"https:\/\/blogs.urz.uni-halle.de\/goethe\/wp-json\/wp\/v2\/types\/page"}],"author":[{"embeddable":true,"href":"https:\/\/blogs.urz.uni-halle.de\/goethe\/wp-json\/wp\/v2\/users\/5232"}],"replies":[{"embeddable":true,"href":"https:\/\/blogs.urz.uni-halle.de\/goethe\/wp-json\/wp\/v2\/comments?post=32"}],"version-history":[{"count":10,"href":"https:\/\/blogs.urz.uni-halle.de\/goethe\/wp-json\/wp\/v2\/pages\/32\/revisions"}],"predecessor-version":[{"id":313,"href":"https:\/\/blogs.urz.uni-halle.de\/goethe\/wp-json\/wp\/v2\/pages\/32\/revisions\/313"}],"wp:attachment":[{"href":"https:\/\/blogs.urz.uni-halle.de\/goethe\/wp-json\/wp\/v2\/media?parent=32"}],"curies":[{"name":"wp","href":"https:\/\/api.w.org\/{rel}","templated":true}]}}