{"id":50,"date":"2022-01-11T21:45:04","date_gmt":"2022-01-11T20:45:04","guid":{"rendered":"https:\/\/blogs.urz.uni-halle.de\/goethe\/?page_id=50"},"modified":"2022-03-31T21:22:36","modified_gmt":"2022-03-31T19:22:36","slug":"ilmenau","status":"publish","type":"page","link":"https:\/\/blogs.urz.uni-halle.de\/goethe\/ilmenau\/","title":{"rendered":"Station 1 &#8211; Ilmenau"},"content":{"rendered":"\n<figure class=\"wp-block-image size-large\"><img loading=\"lazy\" width=\"1024\" height=\"768\" src=\"https:\/\/blogs.urz.uni-halle.de\/goethe\/files\/2022\/01\/tempImageHXh3Bq-1024x768.jpg\" alt=\"\" class=\"wp-image-52\" srcset=\"https:\/\/blogs.urz.uni-halle.de\/goethe\/files\/2022\/01\/tempImageHXh3Bq-1024x768.jpg 1024w, https:\/\/blogs.urz.uni-halle.de\/goethe\/files\/2022\/01\/tempImageHXh3Bq-300x225.jpg 300w, https:\/\/blogs.urz.uni-halle.de\/goethe\/files\/2022\/01\/tempImageHXh3Bq-768x576.jpg 768w, https:\/\/blogs.urz.uni-halle.de\/goethe\/files\/2022\/01\/tempImageHXh3Bq-1536x1152.jpg 1536w, https:\/\/blogs.urz.uni-halle.de\/goethe\/files\/2022\/01\/tempImageHXh3Bq-2048x1536.jpg 2048w\" sizes=\"(max-width: 1024px) 100vw, 1024px\" \/><\/figure>\n\n\n\n<p><br><\/p>\n\n\n\n<p><strong>Allgemeine Informationen \u00fcber die Stadt:<\/strong><\/p>\n\n\n\n<ul><li>Ilmenau liegt in Th\u00fcringen im Tal der Ilm (Fluss) und am Nordrand des Th\u00fcringer Waldes<\/li><li>gr\u00f6\u00dfte Stadt des Ilm-Kreises<\/li><li>Fl\u00e4che: ca. 200km<sup>2&nbsp;<\/sup><\/li><li>Einwohner: ca. 39.000<\/li><\/ul>\n\n\n\n<p><br><\/p>\n\n\n\n<p class=\"has-light-green-background-color has-background\"><strong>Aufgabe: Teste dein Wissen! Wo befindet sich Th\u00fcringen?<\/strong><\/p>\n\n\n\n<div class=\"h5p-content\" data-content-id=\"2\"><\/div>\n\n\n\n<p><br><br><\/p>\n\n\n\n<p class=\"has-black-color has-light-green-background-color has-text-color has-background\"><strong>Aufgabe: Teste dein Wissen! Wie lauten die Nachbarbundesl\u00e4nder von Th\u00fcringen?<\/strong><\/p>\n\n\n\n<div class=\"h5p-iframe-wrapper\"><iframe id=\"h5p-iframe-3\" class=\"h5p-iframe\" data-content-id=\"3\" style=\"height:1px\" src=\"about:blank\" frameBorder=\"0\" scrolling=\"no\" title=\"Nachbarbundesl\u00e4nder von Th\u00fcringen\"><\/iframe><\/div>\n\n\n\n<p><br><br><\/p>\n\n\n\n<div class=\"wp-block-group has-light-red-background-color has-background\"><div class=\"wp-block-group__inner-container\">\n<p class=\"has-light-red-background-color has-background has-large-font-size\">Du hast die Orientierung verloren? Nutze das Internet zur Hilfe! <\/p>\n\n\n\n<p>Diese Internetseite kann dir weiterhelfen: <a href=\"https:\/\/www.hamsterkiste.de\/bundeslaender\" target=\"_blank\" rel=\"noreferrer noopener\">https:\/\/www.hamsterkiste.de\/bundeslaender<\/a><\/p>\n<\/div><\/div>\n\n\n\n<p><br><\/p>\n\n\n\n<p class=\"has-light-green-background-color has-background has-regular-font-size\">Du bist schon fertig? Dann kannst du gern Station 2 bearbeiten!<\/p>\n","protected":false},"excerpt":{"rendered":"<p>Allgemeine Informationen \u00fcber die Stadt: Ilmenau liegt in Th\u00fcringen im Tal der Ilm (Fluss) und am Nordrand des Th\u00fcringer Waldes gr\u00f6\u00dfte Stadt des Ilm-Kreises Fl\u00e4che: ca. 200km2&nbsp; Einwohner: ca. 39.000 Aufgabe: Teste dein Wissen! Wo befindet sich Th\u00fcringen? Aufgabe: Teste dein Wissen! Wie lauten die Nachbarbundesl\u00e4nder &hellip; <\/p>\n<p><a href=\"https:\/\/blogs.urz.uni-halle.de\/goethe\/ilmenau\/\" class=\"more-link\"><span class=\"morelink-icon\">Weiterlesen<\/span><\/a><\/p>\n","protected":false},"author":5232,"featured_media":0,"parent":0,"menu_order":0,"comment_status":"closed","ping_status":"closed","template":"","meta":[],"_links":{"self":[{"href":"https:\/\/blogs.urz.uni-halle.de\/goethe\/wp-json\/wp\/v2\/pages\/50"}],"collection":[{"href":"https:\/\/blogs.urz.uni-halle.de\/goethe\/wp-json\/wp\/v2\/pages"}],"about":[{"href":"https:\/\/blogs.urz.uni-halle.de\/goethe\/wp-json\/wp\/v2\/types\/page"}],"author":[{"embeddable":true,"href":"https:\/\/blogs.urz.uni-halle.de\/goethe\/wp-json\/wp\/v2\/users\/5232"}],"replies":[{"embeddable":true,"href":"https:\/\/blogs.urz.uni-halle.de\/goethe\/wp-json\/wp\/v2\/comments?post=50"}],"version-history":[{"count":10,"href":"https:\/\/blogs.urz.uni-halle.de\/goethe\/wp-json\/wp\/v2\/pages\/50\/revisions"}],"predecessor-version":[{"id":309,"href":"https:\/\/blogs.urz.uni-halle.de\/goethe\/wp-json\/wp\/v2\/pages\/50\/revisions\/309"}],"wp:attachment":[{"href":"https:\/\/blogs.urz.uni-halle.de\/goethe\/wp-json\/wp\/v2\/media?parent=50"}],"curies":[{"name":"wp","href":"https:\/\/api.w.org\/{rel}","templated":true}]}}