{"id":69,"date":"2022-01-11T23:10:16","date_gmt":"2022-01-11T22:10:16","guid":{"rendered":"https:\/\/blogs.urz.uni-halle.de\/goethe\/?page_id=69"},"modified":"2022-03-31T20:57:15","modified_gmt":"2022-03-31T18:57:15","slug":"entdecke-die-stadt","status":"publish","type":"page","link":"https:\/\/blogs.urz.uni-halle.de\/goethe\/entdecke-die-stadt\/","title":{"rendered":"Station 2 &#8211; Entdecke die Stadt!"},"content":{"rendered":"\n<p><\/p>\n\n\n\n<p class=\"has-light-green-background-color has-background\"><strong>Aufgabe: Schau dir das folgende Video aufmerksam an! Nutze Kopfh\u00f6rer, um deine Mitsch\u00fcler*innen nicht zu st\u00f6ren.<\/strong><\/p>\n\n\n\n<p><\/p>\n\n\n\n<figure class=\"wp-block-video\"><video controls src=\"https:\/\/blogs.urz.uni-halle.de\/goethe\/files\/2022\/01\/Einleitung-Goethe.mp4\"><\/video><\/figure>\n\n\n\n<p><\/p>\n\n\n\n<p><br><\/p>\n\n\n\n<p class=\"has-light-green-background-color has-background\"><strong>Aufgabe: Klicke auf jeden Hotspot der folgenden Karte, um dir Ilmenau anzusehen<\/strong>! <strong>Benutze auch hier wieder Kopfh\u00f6rer.<\/strong><\/p>\n\n\n\n<p class=\"has-light-red-background-color has-background\">Tipp: Klicke auf das graue Symbol in der rechten oberen Ecke. Dann wird die Karte gr\u00f6\u00dfer und du kannst die Hotspots besser anklicken.<\/p>\n\n\n\n<p class=\"has-light-red-background-color has-background\">Achtung! Das Laden der Hotspots (v. a. Videos) kann manchmal etwas l\u00e4nger dauern. Sei einfach ein bisschen geduldig. \ud83d\ude42<\/p>\n\n\n\n<div class=\"h5p-iframe-wrapper\"><iframe id=\"h5p-iframe-5\" class=\"h5p-iframe\" data-content-id=\"5\" style=\"height:1px\" src=\"about:blank\" frameBorder=\"0\" scrolling=\"no\" title=\"Stadtentdeckung - Ilmenau\"><\/iframe><\/div>\n\n\n\n<p><br><br><\/p>\n\n\n\n<p class=\"has-light-green-background-color has-background\"><strong>Aufgabe: Goethe hat viel zum Wiederaufbau des Silber- und Kupferbergbaus beigetragen. Doch was wei\u00dft du \u00fcber einen Bergbau? Teste dein Wissen zum Thema Bergbau! Ziehe die W\u00f6rter am rechten Rand in die L\u00fccken. Ist das Wort richtig, wird es gr\u00fcn. Ist es falsch, wird es rot und du kannst ein anderes Wort probieren.<\/strong><\/p>\n\n\n\n<p><div class=\"h5p-iframe-wrapper\"><iframe id=\"h5p-iframe-1\" class=\"h5p-iframe\" data-content-id=\"1\" style=\"height:1px\" src=\"about:blank\" frameBorder=\"0\" scrolling=\"no\" title=\"Bergbau\"><\/iframe><\/div><br><\/p>\n\n\n\n<p><br><\/p>\n\n\n\n<p><\/p>\n\n\n\n<p class=\"has-light-green-background-color has-background\">Du bist schon fertig und deine Mitsch\u00fcler*innen arbeiten noch? Dann beginne mit der Bearbeitung der Zusatzaufgabe! Klicke auf den Reiter &#8222;Zusatz&#8220;.<\/p>\n","protected":false},"excerpt":{"rendered":"<p>Aufgabe: Schau dir das folgende Video aufmerksam an! Nutze Kopfh\u00f6rer, um deine Mitsch\u00fcler*innen nicht zu st\u00f6ren. Aufgabe: Klicke auf jeden Hotspot der folgenden Karte, um dir Ilmenau anzusehen! Benutze auch hier wieder Kopfh\u00f6rer. Tipp: Klicke auf das graue Symbol in der rechten oberen Ecke. Dann wird &hellip; <\/p>\n<p><a href=\"https:\/\/blogs.urz.uni-halle.de\/goethe\/entdecke-die-stadt\/\" class=\"more-link\"><span class=\"morelink-icon\">Weiterlesen<\/span><\/a><\/p>\n","protected":false},"author":5232,"featured_media":0,"parent":0,"menu_order":0,"comment_status":"closed","ping_status":"closed","template":"","meta":[],"_links":{"self":[{"href":"https:\/\/blogs.urz.uni-halle.de\/goethe\/wp-json\/wp\/v2\/pages\/69"}],"collection":[{"href":"https:\/\/blogs.urz.uni-halle.de\/goethe\/wp-json\/wp\/v2\/pages"}],"about":[{"href":"https:\/\/blogs.urz.uni-halle.de\/goethe\/wp-json\/wp\/v2\/types\/page"}],"author":[{"embeddable":true,"href":"https:\/\/blogs.urz.uni-halle.de\/goethe\/wp-json\/wp\/v2\/users\/5232"}],"replies":[{"embeddable":true,"href":"https:\/\/blogs.urz.uni-halle.de\/goethe\/wp-json\/wp\/v2\/comments?post=69"}],"version-history":[{"count":10,"href":"https:\/\/blogs.urz.uni-halle.de\/goethe\/wp-json\/wp\/v2\/pages\/69\/revisions"}],"predecessor-version":[{"id":206,"href":"https:\/\/blogs.urz.uni-halle.de\/goethe\/wp-json\/wp\/v2\/pages\/69\/revisions\/206"}],"wp:attachment":[{"href":"https:\/\/blogs.urz.uni-halle.de\/goethe\/wp-json\/wp\/v2\/media?parent=69"}],"curies":[{"name":"wp","href":"https:\/\/api.w.org\/{rel}","templated":true}]}}