{"id":328,"date":"2017-04-13T15:48:07","date_gmt":"2017-04-13T13:48:07","guid":{"rendered":"https:\/\/blogs.urz.uni-halle.de\/gradumeeting\/?page_id=328"},"modified":"2018-06-11T11:03:04","modified_gmt":"2018-06-11T09:03:04","slug":"workshops-2017","status":"publish","type":"page","link":"https:\/\/blogs.urz.uni-halle.de\/gradumeeting\/workshops-2017\/","title":{"rendered":"Veranstaltungen 2018"},"content":{"rendered":"<p><strong>Workshop I (Freitag, 22. Juni 2018, 08:00 &#8211; 10:00): &#8222;Citavi&#8220;<\/strong><\/p>\n<p><strong>Leitung: Miriam Heise<\/strong><\/p>\n<p><strong>TeilnehmerInnenzahl: 15<\/strong><\/p>\n<p><em>Anmeldung vor Ort (Computerpool Steintor-Bibliothek, Emil-Abderhalden-Stra\u00dfe 25)<\/em><\/p>\n<p><strong>\u00dcber den Workshop<\/strong><br \/>\nSchluss mit per Hand erstellten Literaturverzeichnissen und der Zettelwirtschaft. Dieser Workshop f\u00fchrt in die effiziente Literaturverwaltung und Wissensorganisation mittels des Programms &#8222;Citavi&#8220; ein.<\/p>\n<p><strong>\u00dcber Miriam Heise<\/strong><br \/>\nMiriam ist Fachreferentin f\u00fcr Germanistik und Romanistik an der Steintor-Bibliothek und bietet schon seit l\u00e4ngerem Einf\u00fchrungen in die Literaturverwaltung &#8211; Nutzen vs. Aufwand &#8211; ein.<\/p>\n<p>&nbsp;<\/p>\n<p><strong>Workshop II (Freitag, 22. Juni 2018, 10:00 &#8211; 12:00): &#8222;Abschlussarbeit ohne Stress? \u2013 Bed\u00fcrfnisorientierte Wege im Abschlussprozess&#8220;<\/strong><\/p>\n<p><strong>Leitung: <a href=\"http:\/\/livia.makrinus.name\/science-counseling\">Livia Makrinus<\/a><\/strong><\/p>\n<p><strong>TeilnehmerInnenzahl: 15<\/strong><\/p>\n<p><em>Anmeldung vor Ort (Seminarraum 9, Emil-Abderhalden-Stra\u00dfe 26-27)<\/em><\/p>\n<p><strong>\u00dcber den Workshop<\/strong><br \/>\nStress! Deadlines! Und dann noch &#8217;socialisen&#8216;? Die Abschlussarbeit ist f\u00fcr viele ein intensiver, aber gleichzeitig oft auch einsamer und leidvoller Prozess. Dieser Workshop nimmt in den Blick, wie die Zeit der Abschlussarbeit zufriedener und bed\u00fcrfnisgerechter gestaltet werden kann. Es geht darum, die pers\u00f6nlichen Ziele zu sch\u00e4rfen, ohne die bestehenden Anforderungen zu vernachl\u00e4ssigen.<\/p>\n<p><strong>\u00dcber Livia Makrinus<\/strong><br \/>\nLivia ist ausgebildete Erziehungswissenschaftlerin und systemische Beraterin (DGSF), die sich auf Begleitung und Coaching von wissenschaftlichen Arbeiten spezialisiert hat. Ihre \u00dcberzeugung: Nur wer auf seine eigenen Bed\u00fcrfnisse achtet, kann auch wissenschaftlich pr\u00e4sent und erfolgreich sein.<\/p>\n<p>&nbsp;<\/p>\n<p><strong>Offenes Forum (Freitag, 22. Juni 2018, 16:00 &#8211; 17:00): &#8222;Und was machst du so?&#8220;<br \/>\n<\/strong><\/p>\n<p><strong>Leitung: Team GraduMeeting und G\u00e4ste<br \/>\n<\/strong><\/p>\n<p><strong>TeilnehmerInnenzahl: offen<\/strong><\/p>\n<p><em>keine Anmeldung erforderlich (Adam-Kuckhoff-Stra\u00dfe 35, Seminarraum 3)<br \/>\n<\/em><\/p>\n<p>Was macht man eigentlich als &#8230;? Sei seien brotlos, br\u00e4chten nichts, und sowieso immer nur subjektiv: die Geisteswissenschaften. Unsere G\u00e4ste (u.a. MDR und Literaturhaus Halle) &#8211; und besten Gegenbeispiele &#8211; sprechen \u00fcber ihre geisteswissenschaftliche (berufliche) Biographie, \u00fcber Erfolge und Hindernisse und \u00fcber Do&#8217;s und Dont&#8217;s.<\/p>\n<p>&nbsp;<\/p>\n<p><strong>Sommerfest (Freitag, 22. Juni 2018, ab 17:30): &#8222;Schnacken und Snacken&#8220;<br \/>\n<\/strong><\/p>\n<p><em>Institutsfest der Anglistik und Amerikanistik plus Sommerfest des GraduMeeting (Adam-Kuckhoff-Stra\u00dfe 34a, &#8222;Glaskasten&#8220;)<br \/>\n<\/em><\/p>\n<p>&nbsp;<\/p>\n<hr \/>\n<p>&nbsp;<\/p>\n<p><strong>Workshop III (Samstag, 23. Juni 2018, 10:00 &#8211; 12:00): &#8222;Gespr\u00e4ch und kleine Techniken rund ums Schreiben&#8220;<\/strong><\/p>\n<p><strong>Leitung: Natalie Pfaff<\/strong><\/p>\n<p><strong>TeilnehmerInnenzahl: 15<\/strong><\/p>\n<p><em>Anmeldung vor Ort (Seminarraum 3, Adam-Kuckhoff-Stra\u00dfe 35)<\/em><\/p>\n<p><strong>\u00dcber den Workshop<\/strong><br \/>\nDieser Workshop widmet sich einigen Aspekten, die f\u00fcr das Schreiben einer (Abschluss-) Arbeit wichtig sind. Wie komme ich auf eine gute Idee, die mich auch nach den ersten vier Wochen noch begeistert? Wie komme ich \u00fcberhaupt auf Ideen und was mache ich dann mit ihnen? Neben den Ideen geht es um Strategien zur Gliederung und Zeitplanung, vom Anfang bis hin zum Abschlie\u00dfen der Arbeit.<\/p>\n<p><strong>\u00dcber Natalie Pfaff<\/strong><br \/>\nNatalie studiert im Master Psychologie an der Friedrich-Schiller-Universit\u00e4t Jena. Mehr noch: Als Schreibtutorin des Schreibzentrums kennt sie sich nicht nur mit dem Schreiballtag an der Universit\u00e4t bestens aus, sondern ist auch aktiv in der Schreibberatung, dem &#8222;Kreatives Schreiben im Schreibzentrum&#8220; und der &#8222;Langen Nacht der aufgeschobenen Hausarbeiten&#8220; beteiligt.<\/p>\n<p>&nbsp;<\/p>\n","protected":false},"excerpt":{"rendered":"<p>Workshop I (Freitag, 22. Juni 2018, 08:00 &#8211; 10:00): &#8222;Citavi&#8220; Leitung: Miriam Heise TeilnehmerInnenzahl: 15 Anmeldung vor Ort (Computerpool Steintor-Bibliothek, Emil-Abderhalden-Stra\u00dfe 25) \u00dcber den Workshop Schluss mit per Hand erstellten Literaturverzeichnissen und der Zettelwirtschaft. Dieser Workshop f\u00fchrt in die effiziente Literaturverwaltung und Wissensorganisation mittels des Programms &#8222;Citavi&#8220; ein. \u00dcber Miriam Heise Miriam ist Fachreferentin f\u00fcr [&hellip;]<\/p>\n","protected":false},"author":731,"featured_media":0,"parent":0,"menu_order":0,"comment_status":"closed","ping_status":"closed","template":"","meta":[],"_links":{"self":[{"href":"https:\/\/blogs.urz.uni-halle.de\/gradumeeting\/wp-json\/wp\/v2\/pages\/328"}],"collection":[{"href":"https:\/\/blogs.urz.uni-halle.de\/gradumeeting\/wp-json\/wp\/v2\/pages"}],"about":[{"href":"https:\/\/blogs.urz.uni-halle.de\/gradumeeting\/wp-json\/wp\/v2\/types\/page"}],"author":[{"embeddable":true,"href":"https:\/\/blogs.urz.uni-halle.de\/gradumeeting\/wp-json\/wp\/v2\/users\/731"}],"replies":[{"embeddable":true,"href":"https:\/\/blogs.urz.uni-halle.de\/gradumeeting\/wp-json\/wp\/v2\/comments?post=328"}],"version-history":[{"count":10,"href":"https:\/\/blogs.urz.uni-halle.de\/gradumeeting\/wp-json\/wp\/v2\/pages\/328\/revisions"}],"predecessor-version":[{"id":330,"href":"https:\/\/blogs.urz.uni-halle.de\/gradumeeting\/wp-json\/wp\/v2\/pages\/328\/revisions\/330"}],"wp:attachment":[{"href":"https:\/\/blogs.urz.uni-halle.de\/gradumeeting\/wp-json\/wp\/v2\/media?parent=328"}],"curies":[{"name":"wp","href":"https:\/\/api.w.org\/{rel}","templated":true}]}}