{"id":47,"date":"2017-01-29T15:08:30","date_gmt":"2017-01-29T14:08:30","guid":{"rendered":"https:\/\/blogs.urz.uni-halle.de\/gradumeeting\/?page_id=47"},"modified":"2017-03-02T12:14:57","modified_gmt":"2017-03-02T11:14:57","slug":"konferenz-2016","status":"publish","type":"page","link":"https:\/\/blogs.urz.uni-halle.de\/gradumeeting\/konferenz-2018\/konferenz-2016\/","title":{"rendered":"Konferenz 2016"},"content":{"rendered":"<p><a href=\"https:\/\/blogs.urz.uni-halle.de\/gradumeeting\/files\/2017\/01\/gradu2016.png\"><img loading=\"lazy\" class=\" wp-image-164 alignleft\" src=\"https:\/\/blogs.urz.uni-halle.de\/gradumeeting\/files\/2017\/01\/gradu2016.png\" alt=\"\" width=\"599\" height=\"274\" srcset=\"https:\/\/blogs.urz.uni-halle.de\/gradumeeting\/files\/2017\/01\/gradu2016.png 748w, https:\/\/blogs.urz.uni-halle.de\/gradumeeting\/files\/2017\/01\/gradu2016-300x137.png 300w\" sizes=\"(max-width: 599px) 100vw, 599px\" \/><\/a><\/p>\n<h2><\/h2>\n<h2>Programm 2016<\/h2>\n<p>&nbsp;<\/p>\n<hr \/>\n<p style=\"text-align: center\"><strong>FACHDIDAKTIK \/\/\/ TEACHING ENGLISH AS A FOREIGN LANGUAGE<br \/>\n<\/strong><\/p>\n<hr \/>\n<p>&nbsp;<\/p>\n<ul>\n<li><strong>Die Behandlung des \u201cCatfish\u201d-Ph\u00e4nomens im Englischunterricht zur F\u00f6rderung von Medienkompetenz<\/strong>\u00a0\/\/\/<em> Aleksandra Kunz (Staatsexamen)\u00a0<\/em><\/li>\n<li><strong>Der Einsatz von Fremdsprachenassistenten: Erwartungen, Anforderungen, Nutzen<\/strong> \/\/\/ <em>Katharina Karl (Staatsexamen)<\/em><strong><br \/>\n<\/strong><\/li>\n<\/ul>\n<p>&nbsp;<\/p>\n<hr \/>\n<p style=\"text-align: center\"><strong>LITERATURWISSENSCHAFTEN \/\/\/ LITERARY STUDIES<br \/>\n<\/strong><\/p>\n<hr \/>\n<p>&nbsp;<\/p>\n<ul>\n<li><strong>(Un-)Natural Narration, Magic Realism and Dominican-American Immigrant Identity in <em>The Brief Wondrous Life of Oscar Wao <\/em><\/strong>\/\/\/ <em>Nele Rodiek (Staatsexamen)<\/em> \/\/\/ <span style=\"color: #0000ff\"><a style=\"color: #0000ff\" href=\"https:\/\/blogs.urz.uni-halle.de\/gradumeeting\/files\/2017\/01\/Rodiek-Nele_Magic-Realism.pdf\">PDF<\/a><\/span><em><br \/>\n<\/em><\/li>\n<li><strong>Genre, Legacy, and Heritage in J.R.R Tolkien\u2019s <em>The Lord of the Rings<\/em> and George R.R. Martin\u2019s A<em> Song of Ice and Fire<\/em> <\/strong>\/\/\/<em> Cedric Kollien (MA) <\/em>\/\/\/ <span style=\"color: #0000ff\"><a style=\"color: #0000ff\" href=\"https:\/\/blogs.urz.uni-halle.de\/gradumeeting\/files\/2017\/01\/Kollien-Cedric_Genre-Legacy-and-Heritage.pdf\">PDF<\/a><\/span><em><br \/>\n<\/em><\/li>\n<li><strong>Black Manhood in Ernest J. Gaines\u2019s Novels<\/strong> \/\/\/ <em>Martin Garwels (BA) <\/em>\/\/\/ <span style=\"color: #0000ff\"><a style=\"color: #0000ff\" href=\"https:\/\/blogs.urz.uni-halle.de\/gradumeeting\/files\/2017\/01\/Garwels-Martin_Black-Manhood.pdf\">PDF<\/a><\/span><em><br \/>\n<\/em><\/li>\n<li><strong>Die Zeit in der Popul\u00e4rkultur<\/strong> \/\/\/ <em>Anke Gebauer (MA)<\/em> \/\/\/ <span style=\"color: #0000ff\"><a style=\"color: #0000ff\" href=\"https:\/\/blogs.urz.uni-halle.de\/gradumeeting\/files\/2017\/01\/Gebauer-Anke_Zeit-in-der-Popul\u00e4rkultur.pdf\">PDF<\/a><\/span><\/li>\n<\/ul>\n<p>&nbsp;<\/p>\n<hr \/>\n<p style=\"text-align: center\"><strong>SPRACHWISSENSCHAFTEN \/\/\/ LINGUISTICS<br \/>\n<\/strong><\/p>\n<hr \/>\n<p>&nbsp;<\/p>\n<ul>\n<li><strong>&#8222;Mit dir kann man einfach nicht reden!&#8220; Probleme im Gespr\u00e4chsverlauf \u2013 eine gespr\u00e4chsanalytische Untersuchung von St\u00f6rungen im Turn-Taking-System und ihrer Reparatur anhand von Beispielen aus deutschen Talkshows<\/strong> \/\/\/ <em>Katharina Figge (MA) <\/em>\/\/\/ <span style=\"color: #0000ff\"><a style=\"color: #0000ff\" href=\"https:\/\/blogs.urz.uni-halle.de\/gradumeeting\/files\/2017\/01\/Figge-Katharina_Gespr\u00e4chsst\u00f6rung.pdf\">PDF<\/a><\/span><em><br \/>\n<\/em><\/li>\n<li><strong>Autorschaftsanalyse Armin Maiwalds in der WDR-Produktion \u201eSendung mit der Maus\u201c mit Fokus auf Diskurs<\/strong> \/\/\/ <em>Anja H\u00fctten (BA) <\/em>\/\/\/ <span style=\"color: #0000ff\"><a style=\"color: #0000ff\" href=\"https:\/\/blogs.urz.uni-halle.de\/gradumeeting\/files\/2017\/01\/H\u00fctten-Anja_Sendung-mit-der-Maus.pdf\">PDF<\/a><\/span><\/li>\n<li><strong>RudeTube? Linguistic and (Im)Politeness &#8211; Theoretical Aspects of YouTube Comments<\/strong> \/\/\/ <em>John M. Sommer (MA)<\/em> \/\/\/ <span style=\"color: #0000ff\"><a style=\"color: #0000ff\" href=\"https:\/\/blogs.urz.uni-halle.de\/gradumeeting\/files\/2017\/01\/Sommer-John_Rudetube.pdf\">PDF<\/a><\/span><\/li>\n<li><strong>Too Long; Didn\u2019t Read \u2013 Content-Visualisierungen bei Social Media. Eine Untersuchung zum digitalen Paradigmenwechsel durch die Bildlinguistik am Beispiel von Tumblr in Deutschland<\/strong> \/\/\/ <em>Christian Allner (MA)<\/em><\/li>\n<\/ul>\n<p>&nbsp;<\/p>\n<hr \/>\n<p style=\"text-align: center\"><strong>GERMANISTISCHE MEDI\u00c4VISTIK<br \/>\n<\/strong><\/p>\n<hr \/>\n<p>&nbsp;<\/p>\n<ul>\n<li><strong>Der Einfluss Martin Luthers auf die fr\u00fchneuhochdeutsche Sprache anhand ausgew\u00e4hlter Bibeltexte<\/strong> \/\/\/ <em>Therese Wittor (Staatsexamen) <\/em>\/\/\/ <span style=\"color: #0000ff\"><a style=\"color: #0000ff\" href=\"https:\/\/blogs.urz.uni-halle.de\/gradumeeting\/files\/2017\/01\/Wittor-Therese_Martin-Luther-Fnhd.pdf\">PDF<\/a><\/span><\/li>\n<li><strong>Alt- und mittelhochdeutsche Zauberspr\u00fcche zwischen Magie, Medizin und Religion<\/strong> \/\/\/ <em>Justine Herbst (Staatsexamen)<\/em> \/\/\/ <span style=\"color: #0000ff\"><a style=\"color: #0000ff\" href=\"https:\/\/blogs.urz.uni-halle.de\/gradumeeting\/files\/2017\/02\/Herbst-Justine_Zauberspr\u00fcche.pdf\">PDF<\/a><\/span><em><br \/>\n<\/em><\/li>\n<\/ul>\n<p>&nbsp;<\/p>\n<hr \/>\n<p style=\"text-align: center\"><strong>INTERDISZIPLIN\u00c4R \/\/\/ INTERDISCIPLINARY<br \/>\n<\/strong><\/p>\n<hr \/>\n<p>&nbsp;<\/p>\n<ul>\n<li><strong>Selbstfindung, Selbstsch\u00f6pfung, Selbstbetrug, Selbstanklage. Das Dilemma vom \u2018wahren Selbst\u2019 im Spannungsfeld von Individuum, Identit\u00e4t und Intelligibilit\u00e4t. Eine queer-theoretische Reformulierung von Authentizit\u00e4t als Pers\u00f6nlichkeitsideal<\/strong> \/\/\/ <em>Sabine W\u00f6ller (MA)<\/em><\/li>\n<\/ul>\n<p>&nbsp;<\/p>\n<hr \/>\n<p style=\"text-align: center\"><strong>WORKSHOPS<br \/>\n<\/strong><\/p>\n<hr \/>\n<p>&nbsp;<\/p>\n<ul>\n<li><b>Citavi-Workshop<\/b> \/\/\/ <em>Miriam Heise <\/em>\/\/\/ Zweigbibliothek Steintor-Campus, SR 15 \/\/\/ Der Workshop legt den Fokus auf folgende Schwerpunkte: Literaturverwaltung, Aufgabenplanung und Wissensorganisation mithilfe des Programms &#8222;Citavi&#8220; (Campuslizenz)<\/li>\n<li><strong>Schreibworkshop<\/strong> \/\/\/ <em>Silka R\u00f6dl<\/em> \/\/\/ Institut f\u00fcr Anglistik und Amerikanistik, SR 2 \/\/\/ Egal ob noch auf der Suche nach einem Thema oder schon mitten beim Schreiben der Abschluss- bzw. Hausarbeit: Der Schreibprozess kann durchschaubar, planbar und machbar werden. Das GraduMeeting bietet einen kostenlosen Schreibworkshop f\u00fcr Studierende bei der Schreibberaterin und Peer-Tutorin Silka R\u00f6dl von der Universit\u00e4t Potsdam (ehemals MLU Halle-Wittenberg) , in dem es schwerpunktm\u00e4\u00dfig um die Themenfindung und einige ausgew\u00e4hlte Schreib- sowie Revisionstechniken geht. Dar\u00fcber hinaus lernen sich Studierende auch mittels Schreibtypentests als Schreibende besser einsch\u00e4tzen \u2013 Erkenntnisse, die nutzbringend bei der Bew\u00e4ltigung von Schreibaufgaben einzubringen sind.<\/li>\n<\/ul>\n<p>&nbsp;<\/p>\n\n\t\t<style type=\"text\/css\">\n\t\t\t#gallery-1 {\n\t\t\t\tmargin: auto;\n\t\t\t}\n\t\t\t#gallery-1 .gallery-item {\n\t\t\t\tfloat: left;\n\t\t\t\tmargin-top: 10px;\n\t\t\t\ttext-align: center;\n\t\t\t\twidth: 33%;\n\t\t\t}\n\t\t\t#gallery-1 img {\n\t\t\t\tborder: 2px solid #cfcfcf;\n\t\t\t}\n\t\t\t#gallery-1 .gallery-caption {\n\t\t\t\tmargin-left: 0;\n\t\t\t}\n\t\t\t\/* see gallery_shortcode() in wp-includes\/media.php *\/\n\t\t<\/style>\n\t\t<div id='gallery-1' class='gallery galleryid-47 gallery-columns-3 gallery-size-thumbnail'><dl class='gallery-item'>\n\t\t\t<dt class='gallery-icon landscape'>\n\t\t\t\t<a href='https:\/\/blogs.urz.uni-halle.de\/gradumeeting\/files\/2017\/01\/13227732_493333737530888_932040085149870904_o.jpg'><img width=\"150\" height=\"150\" src=\"https:\/\/blogs.urz.uni-halle.de\/gradumeeting\/files\/2017\/01\/13227732_493333737530888_932040085149870904_o-150x150.jpg\" class=\"attachment-thumbnail size-thumbnail\" alt=\"\" loading=\"lazy\" \/><\/a>\n\t\t\t<\/dt><\/dl><dl class='gallery-item'>\n\t\t\t<dt class='gallery-icon landscape'>\n\t\t\t\t<a href='https:\/\/blogs.urz.uni-halle.de\/gradumeeting\/files\/2017\/01\/13235676_493333664197562_1835821235411186432_o.jpg'><img width=\"150\" height=\"150\" src=\"https:\/\/blogs.urz.uni-halle.de\/gradumeeting\/files\/2017\/01\/13235676_493333664197562_1835821235411186432_o-150x150.jpg\" class=\"attachment-thumbnail size-thumbnail\" alt=\"\" loading=\"lazy\" \/><\/a>\n\t\t\t<\/dt><\/dl><dl class='gallery-item'>\n\t\t\t<dt class='gallery-icon landscape'>\n\t\t\t\t<a href='https:\/\/blogs.urz.uni-halle.de\/gradumeeting\/files\/2017\/01\/13305080_493333574197571_4656392013325715075_o.jpg'><img width=\"150\" height=\"150\" src=\"https:\/\/blogs.urz.uni-halle.de\/gradumeeting\/files\/2017\/01\/13305080_493333574197571_4656392013325715075_o-150x150.jpg\" class=\"attachment-thumbnail size-thumbnail\" alt=\"\" loading=\"lazy\" \/><\/a>\n\t\t\t<\/dt><\/dl><br style=\"clear: both\" \/><dl class='gallery-item'>\n\t\t\t<dt class='gallery-icon portrait'>\n\t\t\t\t<a href='https:\/\/blogs.urz.uni-halle.de\/gradumeeting\/files\/2017\/01\/13263794_493333654197563_1346562338627605825_n.jpg'><img width=\"150\" height=\"150\" src=\"https:\/\/blogs.urz.uni-halle.de\/gradumeeting\/files\/2017\/01\/13263794_493333654197563_1346562338627605825_n-150x150.jpg\" class=\"attachment-thumbnail size-thumbnail\" alt=\"\" loading=\"lazy\" \/><\/a>\n\t\t\t<\/dt><\/dl><dl class='gallery-item'>\n\t\t\t<dt class='gallery-icon landscape'>\n\t\t\t\t<a href='https:\/\/blogs.urz.uni-halle.de\/gradumeeting\/files\/2017\/01\/13244259_493333724197556_9219254175757122602_o.jpg'><img width=\"150\" height=\"150\" src=\"https:\/\/blogs.urz.uni-halle.de\/gradumeeting\/files\/2017\/01\/13244259_493333724197556_9219254175757122602_o-150x150.jpg\" class=\"attachment-thumbnail size-thumbnail\" alt=\"\" loading=\"lazy\" \/><\/a>\n\t\t\t<\/dt><\/dl><dl class='gallery-item'>\n\t\t\t<dt class='gallery-icon landscape'>\n\t\t\t\t<a href='https:\/\/blogs.urz.uni-halle.de\/gradumeeting\/files\/2017\/01\/12440779_493333704197558_1948532435120339677_o.jpg'><img width=\"150\" height=\"150\" src=\"https:\/\/blogs.urz.uni-halle.de\/gradumeeting\/files\/2017\/01\/12440779_493333704197558_1948532435120339677_o-150x150.jpg\" class=\"attachment-thumbnail size-thumbnail\" alt=\"\" loading=\"lazy\" \/><\/a>\n\t\t\t<\/dt><\/dl><br style=\"clear: both\" \/><dl class='gallery-item'>\n\t\t\t<dt class='gallery-icon landscape'>\n\t\t\t\t<a href='https:\/\/blogs.urz.uni-halle.de\/gradumeeting\/files\/2017\/01\/DSC_0924.jpg'><img width=\"150\" height=\"150\" src=\"https:\/\/blogs.urz.uni-halle.de\/gradumeeting\/files\/2017\/01\/DSC_0924-150x150.jpg\" class=\"attachment-thumbnail size-thumbnail\" alt=\"\" loading=\"lazy\" \/><\/a>\n\t\t\t<\/dt><\/dl><dl class='gallery-item'>\n\t\t\t<dt class='gallery-icon landscape'>\n\t\t\t\t<a href='https:\/\/blogs.urz.uni-halle.de\/gradumeeting\/files\/2017\/01\/DSC_0921.jpg'><img width=\"150\" height=\"150\" src=\"https:\/\/blogs.urz.uni-halle.de\/gradumeeting\/files\/2017\/01\/DSC_0921-150x150.jpg\" class=\"attachment-thumbnail size-thumbnail\" alt=\"\" loading=\"lazy\" \/><\/a>\n\t\t\t<\/dt><\/dl><dl class='gallery-item'>\n\t\t\t<dt class='gallery-icon landscape'>\n\t\t\t\t<a href='https:\/\/blogs.urz.uni-halle.de\/gradumeeting\/files\/2017\/01\/DSC_0923.jpg'><img width=\"150\" height=\"150\" src=\"https:\/\/blogs.urz.uni-halle.de\/gradumeeting\/files\/2017\/01\/DSC_0923-150x150.jpg\" class=\"attachment-thumbnail size-thumbnail\" alt=\"\" loading=\"lazy\" \/><\/a>\n\t\t\t<\/dt><\/dl><br style=\"clear: both\" \/><dl class='gallery-item'>\n\t\t\t<dt class='gallery-icon landscape'>\n\t\t\t\t<a href='https:\/\/blogs.urz.uni-halle.de\/gradumeeting\/files\/2017\/01\/DSC_0925.jpg'><img width=\"150\" height=\"150\" src=\"https:\/\/blogs.urz.uni-halle.de\/gradumeeting\/files\/2017\/01\/DSC_0925-150x150.jpg\" class=\"attachment-thumbnail size-thumbnail\" alt=\"\" loading=\"lazy\" \/><\/a>\n\t\t\t<\/dt><\/dl><dl class='gallery-item'>\n\t\t\t<dt class='gallery-icon landscape'>\n\t\t\t\t<a href='https:\/\/blogs.urz.uni-halle.de\/gradumeeting\/files\/2017\/01\/13246272_493333594197569_4372558181772727406_o.jpg'><img width=\"150\" height=\"150\" src=\"https:\/\/blogs.urz.uni-halle.de\/gradumeeting\/files\/2017\/01\/13246272_493333594197569_4372558181772727406_o-150x150.jpg\" class=\"attachment-thumbnail size-thumbnail\" alt=\"\" loading=\"lazy\" \/><\/a>\n\t\t\t<\/dt><\/dl><dl class='gallery-item'>\n\t\t\t<dt class='gallery-icon landscape'>\n\t\t\t\t<a href='https:\/\/blogs.urz.uni-halle.de\/gradumeeting\/files\/2017\/01\/13256380_493333567530905_3044944525902751557_n.jpg'><img width=\"150\" height=\"150\" src=\"https:\/\/blogs.urz.uni-halle.de\/gradumeeting\/files\/2017\/01\/13256380_493333567530905_3044944525902751557_n-150x150.jpg\" class=\"attachment-thumbnail size-thumbnail\" alt=\"\" loading=\"lazy\" \/><\/a>\n\t\t\t<\/dt><\/dl><br style=\"clear: both\" \/><dl class='gallery-item'>\n\t\t\t<dt class='gallery-icon portrait'>\n\t\t\t\t<a href='https:\/\/blogs.urz.uni-halle.de\/gradumeeting\/files\/2017\/01\/13263941_493333597530902_3127839091042457631_n.jpg'><img width=\"150\" height=\"150\" src=\"https:\/\/blogs.urz.uni-halle.de\/gradumeeting\/files\/2017\/01\/13263941_493333597530902_3127839091042457631_n-150x150.jpg\" class=\"attachment-thumbnail size-thumbnail\" alt=\"\" loading=\"lazy\" \/><\/a>\n\t\t\t<\/dt><\/dl><dl class='gallery-item'>\n\t\t\t<dt class='gallery-icon landscape'>\n\t\t\t\t<a href='https:\/\/blogs.urz.uni-halle.de\/gradumeeting\/files\/2017\/01\/DSC_0906.jpg'><img width=\"150\" height=\"150\" src=\"https:\/\/blogs.urz.uni-halle.de\/gradumeeting\/files\/2017\/01\/DSC_0906-150x150.jpg\" class=\"attachment-thumbnail size-thumbnail\" alt=\"\" loading=\"lazy\" \/><\/a>\n\t\t\t<\/dt><\/dl><dl class='gallery-item'>\n\t\t\t<dt class='gallery-icon landscape'>\n\t\t\t\t<a href='https:\/\/blogs.urz.uni-halle.de\/gradumeeting\/files\/2017\/01\/DSC_0907-1.jpg'><img width=\"150\" height=\"150\" src=\"https:\/\/blogs.urz.uni-halle.de\/gradumeeting\/files\/2017\/01\/DSC_0907-1-150x150.jpg\" class=\"attachment-thumbnail size-thumbnail\" alt=\"\" loading=\"lazy\" \/><\/a>\n\t\t\t<\/dt><\/dl><br style=\"clear: both\" \/><dl class='gallery-item'>\n\t\t\t<dt class='gallery-icon landscape'>\n\t\t\t\t<a href='https:\/\/blogs.urz.uni-halle.de\/gradumeeting\/files\/2017\/01\/DSC_0910.jpg'><img width=\"150\" height=\"150\" src=\"https:\/\/blogs.urz.uni-halle.de\/gradumeeting\/files\/2017\/01\/DSC_0910-150x150.jpg\" class=\"attachment-thumbnail size-thumbnail\" alt=\"\" loading=\"lazy\" \/><\/a>\n\t\t\t<\/dt><\/dl><dl class='gallery-item'>\n\t\t\t<dt class='gallery-icon landscape'>\n\t\t\t\t<a href='https:\/\/blogs.urz.uni-halle.de\/gradumeeting\/files\/2017\/01\/DSC_0913.jpg'><img width=\"150\" height=\"150\" src=\"https:\/\/blogs.urz.uni-halle.de\/gradumeeting\/files\/2017\/01\/DSC_0913-150x150.jpg\" class=\"attachment-thumbnail size-thumbnail\" alt=\"\" loading=\"lazy\" \/><\/a>\n\t\t\t<\/dt><\/dl><dl class='gallery-item'>\n\t\t\t<dt class='gallery-icon landscape'>\n\t\t\t\t<a href='https:\/\/blogs.urz.uni-halle.de\/gradumeeting\/files\/2017\/01\/DSC_0915.jpg'><img width=\"150\" height=\"150\" src=\"https:\/\/blogs.urz.uni-halle.de\/gradumeeting\/files\/2017\/01\/DSC_0915-150x150.jpg\" class=\"attachment-thumbnail size-thumbnail\" alt=\"\" loading=\"lazy\" \/><\/a>\n\t\t\t<\/dt><\/dl><br style=\"clear: both\" \/><dl class='gallery-item'>\n\t\t\t<dt class='gallery-icon landscape'>\n\t\t\t\t<a href='https:\/\/blogs.urz.uni-halle.de\/gradumeeting\/files\/2017\/01\/DSC_0917.jpg'><img width=\"150\" height=\"150\" src=\"https:\/\/blogs.urz.uni-halle.de\/gradumeeting\/files\/2017\/01\/DSC_0917-150x150.jpg\" class=\"attachment-thumbnail size-thumbnail\" alt=\"\" loading=\"lazy\" \/><\/a>\n\t\t\t<\/dt><\/dl><dl class='gallery-item'>\n\t\t\t<dt class='gallery-icon landscape'>\n\t\t\t\t<a href='https:\/\/blogs.urz.uni-halle.de\/gradumeeting\/files\/2017\/01\/DSC_0920.jpg'><img width=\"150\" height=\"150\" src=\"https:\/\/blogs.urz.uni-halle.de\/gradumeeting\/files\/2017\/01\/DSC_0920-150x150.jpg\" class=\"attachment-thumbnail size-thumbnail\" alt=\"\" loading=\"lazy\" \/><\/a>\n\t\t\t<\/dt><\/dl><dl class='gallery-item'>\n\t\t\t<dt class='gallery-icon portrait'>\n\t\t\t\t<a href='https:\/\/blogs.urz.uni-halle.de\/gradumeeting\/files\/2017\/01\/13233163_1275306852497804_1865065402074615673_n.jpg'><img width=\"150\" height=\"150\" src=\"https:\/\/blogs.urz.uni-halle.de\/gradumeeting\/files\/2017\/01\/13233163_1275306852497804_1865065402074615673_n-150x150.jpg\" class=\"attachment-thumbnail size-thumbnail\" alt=\"\" loading=\"lazy\" \/><\/a>\n\t\t\t<\/dt><\/dl><br style=\"clear: both\" \/>\n\t\t<\/div>\n\n<p style=\"text-align: left\">\n<p style=\"text-align: left\"><strong>Organisationsteam 2016<\/strong><\/p>\n<ul>\n<li>Christoph Richter<\/li>\n<li>Jenna Gittermann<\/li>\n<\/ul>\n<p><strong>Unterst\u00fctzt durch &#8230;<\/strong><\/p>\n<ul>\n<li><a href=\"https:\/\/muhlenbergcenter.uni-halle.de\/\">Muhlenberg Center for American Studies<\/a><\/li>\n<li><a href=\"http:\/\/fachschaft.philfak2.uni-halle.de\/fachschaftsrat1\/\">Fachschaftsrat Neuphilologien<\/a><\/li>\n<\/ul>\n<p><a href=\"https:\/\/blogs.urz.uni-halle.de\/gradumeeting\/files\/2017\/01\/1392727665_916_0.jpg\" target=\"_blank\" rel=\"https:\/\/muhlenbergcenter.uni-halle.de\/\"><img loading=\"lazy\" class=\"alignnone wp-image-287\" src=\"https:\/\/blogs.urz.uni-halle.de\/gradumeeting\/files\/2017\/01\/1392727665_916_0-150x122.jpg\" width=\"127\" height=\"103\" \/><\/a><\/p>\n","protected":false},"excerpt":{"rendered":"<p>Programm 2016 &nbsp; FACHDIDAKTIK \/\/\/ TEACHING ENGLISH AS A FOREIGN LANGUAGE &nbsp; Die Behandlung des \u201cCatfish\u201d-Ph\u00e4nomens im Englischunterricht zur F\u00f6rderung von Medienkompetenz\u00a0\/\/\/ Aleksandra Kunz (Staatsexamen)\u00a0 Der Einsatz von Fremdsprachenassistenten: Erwartungen, Anforderungen, Nutzen \/\/\/ Katharina Karl (Staatsexamen) &nbsp; LITERATURWISSENSCHAFTEN \/\/\/ LITERARY STUDIES &nbsp; (Un-)Natural Narration, Magic Realism and Dominican-American Immigrant Identity in The Brief Wondrous Life [&hellip;]<\/p>\n","protected":false},"author":731,"featured_media":0,"parent":15,"menu_order":0,"comment_status":"closed","ping_status":"closed","template":"","meta":[],"_links":{"self":[{"href":"https:\/\/blogs.urz.uni-halle.de\/gradumeeting\/wp-json\/wp\/v2\/pages\/47"}],"collection":[{"href":"https:\/\/blogs.urz.uni-halle.de\/gradumeeting\/wp-json\/wp\/v2\/pages"}],"about":[{"href":"https:\/\/blogs.urz.uni-halle.de\/gradumeeting\/wp-json\/wp\/v2\/types\/page"}],"author":[{"embeddable":true,"href":"https:\/\/blogs.urz.uni-halle.de\/gradumeeting\/wp-json\/wp\/v2\/users\/731"}],"replies":[{"embeddable":true,"href":"https:\/\/blogs.urz.uni-halle.de\/gradumeeting\/wp-json\/wp\/v2\/comments?post=47"}],"version-history":[{"count":10,"href":"https:\/\/blogs.urz.uni-halle.de\/gradumeeting\/wp-json\/wp\/v2\/pages\/47\/revisions"}],"predecessor-version":[{"id":290,"href":"https:\/\/blogs.urz.uni-halle.de\/gradumeeting\/wp-json\/wp\/v2\/pages\/47\/revisions\/290"}],"up":[{"embeddable":true,"href":"https:\/\/blogs.urz.uni-halle.de\/gradumeeting\/wp-json\/wp\/v2\/pages\/15"}],"wp:attachment":[{"href":"https:\/\/blogs.urz.uni-halle.de\/gradumeeting\/wp-json\/wp\/v2\/media?parent=47"}],"curies":[{"name":"wp","href":"https:\/\/api.w.org\/{rel}","templated":true}]}}