{"id":12,"date":"2017-11-21T17:56:15","date_gmt":"2017-11-21T16:56:15","guid":{"rendered":"https:\/\/blogs.urz.uni-halle.de\/griechisch\/?page_id=12"},"modified":"2020-07-20T17:48:13","modified_gmt":"2020-07-20T15:48:13","slug":"dr-anne-friedrich","status":"publish","type":"page","link":"https:\/\/blogs.urz.uni-halle.de\/griechisch\/mitarbeiter\/dr-anne-friedrich\/","title":{"rendered":"Dr. Anne Friedrich"},"content":{"rendered":"\t\t<div data-elementor-type=\"wp-post\" data-elementor-id=\"12\" class=\"elementor elementor-12\" data-elementor-settings=\"[]\">\n\t\t\t\t\t\t<div class=\"elementor-inner\">\n\t\t\t\t\t\t\t<div class=\"elementor-section-wrap\">\n\t\t\t\t\t\t\t<section class=\"elementor-section elementor-top-section elementor-element elementor-element-e0037f2 elementor-section-boxed elementor-section-height-default elementor-section-height-default\" data-id=\"e0037f2\" data-element_type=\"section\">\n\t\t\t\t\t\t<div class=\"elementor-container elementor-column-gap-default\">\n\t\t\t\t\t\t\t<div class=\"elementor-row\">\n\t\t\t\t\t<div class=\"elementor-column elementor-col-100 elementor-top-column elementor-element elementor-element-1e11fe0\" data-id=\"1e11fe0\" data-element_type=\"column\">\n\t\t\t<div class=\"elementor-column-wrap elementor-element-populated\">\n\t\t\t\t\t\t\t<div class=\"elementor-widget-wrap\">\n\t\t\t\t\t\t<div class=\"elementor-element elementor-element-5eec8d4 elementor-widget elementor-widget-text-editor\" data-id=\"5eec8d4\" data-element_type=\"widget\" data-widget_type=\"text-editor.default\">\n\t\t\t\t<div class=\"elementor-widget-container\">\n\t\t\t\t\t<div class=\"elementor-text-editor elementor-clearfix\"><p>Raum: 014<br \/>Tel.: 0345 \/ 5524010<br \/>Mail:\u00a0<a href=\"mailto:anne.friedrich@altertum.uni-halle.de\">anne.friedrich@altertum.uni-halle.de<\/a><br \/>Sprechstunde: nach den Veranstaltungen und n.V.<\/p><\/div>\n\t\t\t\t<\/div>\n\t\t\t\t<\/div>\n\t\t\t\t\t\t<\/div>\n\t\t\t\t\t<\/div>\n\t\t<\/div>\n\t\t\t\t\t\t\t\t<\/div>\n\t\t\t\t\t<\/div>\n\t\t<\/section>\n\t\t\t\t<section class=\"elementor-section elementor-top-section elementor-element elementor-element-4465c06 elementor-section-boxed elementor-section-height-default elementor-section-height-default\" data-id=\"4465c06\" data-element_type=\"section\">\n\t\t\t\t\t\t<div class=\"elementor-container elementor-column-gap-default\">\n\t\t\t\t\t\t\t<div class=\"elementor-row\">\n\t\t\t\t\t<div class=\"elementor-column elementor-col-100 elementor-top-column elementor-element elementor-element-8a9c8e1\" data-id=\"8a9c8e1\" data-element_type=\"column\">\n\t\t\t<div class=\"elementor-column-wrap elementor-element-populated\">\n\t\t\t\t\t\t\t<div class=\"elementor-widget-wrap\">\n\t\t\t\t\t\t<div class=\"elementor-element elementor-element-fb9d2c6 elementor-widget-divider--view-line elementor-widget elementor-widget-divider\" data-id=\"fb9d2c6\" data-element_type=\"widget\" data-widget_type=\"divider.default\">\n\t\t\t\t<div class=\"elementor-widget-container\">\n\t\t\t\t\t<div class=\"elementor-divider\">\n\t\t\t<span class=\"elementor-divider-separator\">\n\t\t\t\t\t\t<\/span>\n\t\t<\/div>\n\t\t\t\t<\/div>\n\t\t\t\t<\/div>\n\t\t\t\t\t\t<\/div>\n\t\t\t\t\t<\/div>\n\t\t<\/div>\n\t\t\t\t\t\t\t\t<\/div>\n\t\t\t\t\t<\/div>\n\t\t<\/section>\n\t\t\t\t<section class=\"elementor-section elementor-top-section elementor-element elementor-element-3e1aa94 elementor-section-boxed elementor-section-height-default elementor-section-height-default\" data-id=\"3e1aa94\" data-element_type=\"section\">\n\t\t\t\t\t\t<div class=\"elementor-container elementor-column-gap-default\">\n\t\t\t\t\t\t\t<div class=\"elementor-row\">\n\t\t\t\t\t<div class=\"elementor-column elementor-col-100 elementor-top-column elementor-element elementor-element-2553bfa\" data-id=\"2553bfa\" data-element_type=\"column\">\n\t\t\t<div class=\"elementor-column-wrap elementor-element-populated\">\n\t\t\t\t\t\t\t<div class=\"elementor-widget-wrap\">\n\t\t\t\t\t\t<div class=\"elementor-element elementor-element-0955e87 elementor-widget elementor-widget-heading\" data-id=\"0955e87\" data-element_type=\"widget\" data-widget_type=\"heading.default\">\n\t\t\t\t<div class=\"elementor-widget-container\">\n\t\t\t<h2 class=\"elementor-heading-title elementor-size-default\">Curriculum Vitae<\/h2>\t\t<\/div>\n\t\t\t\t<\/div>\n\t\t\t\t<div class=\"elementor-element elementor-element-0e76b2b elementor-widget elementor-widget-text-editor\" data-id=\"0e76b2b\" data-element_type=\"widget\" data-widget_type=\"text-editor.default\">\n\t\t\t\t<div class=\"elementor-widget-container\">\n\t\t\t\t\t<div class=\"elementor-text-editor elementor-clearfix\"><ul><li><i>1989 &#8211; 1995<\/i> \u00a0\u00a0Studium der Klassischen Philologie und Slawistik an den Universit\u00e4ten Halle-Wittenberg und Odessa (Ukraine)<\/li><li><i>1996<\/i><span>\u00a0 \u00a0<\/span>Forschungsaufenthalt an der Universit\u00e4t Salamanca<\/li><li><i>2000<\/i><span>\u00a0 \u00a0<\/span>Promotion zum Thema \u201eDas Symposium der XII sapientes. Kommentar und Verfasserfrage\u201c (gef\u00f6rdert mit einem Graduiertenstipendium des Landes Sachsen-Anhalt)<\/li><li><i>2001<\/i><span>\u00a0 \u00a0<\/span>Bruno-Snell-Preis der Mommsen-Gesellschaft<\/li><li><i>1999-2002<\/i><span>\u00a0 \u00a0<\/span>Referendariat und Lehrt\u00e4tigkeit am Elisabeth-Gymnasium in Halle<\/li><li><i>2002-2009<\/i><span>\u00a0 \u00a0<\/span>Wissenschaftliche Assistentin am Lehrstuhl f\u00fcr Latinistik der Universit\u00e4t Halle-Wittenberg<\/li><li><i>seit 2009\u00a0 \u00a0 <\/i>Wissenschaftliche Mitarbeiterin am Lehrstuhl f\u00fcr Latinistik der Universit\u00e4t Halle-Wittenberg \/<a href=\"https:\/\/blogs.urz.uni-halle.de\/latein\/studium-lehre\/fachdidaktik-latein\/\"> Didaktik der Alten Sprachen<\/a><\/li><\/ul><\/div>\n\t\t\t\t<\/div>\n\t\t\t\t<\/div>\n\t\t\t\t\t\t<\/div>\n\t\t\t\t\t<\/div>\n\t\t<\/div>\n\t\t\t\t\t\t\t\t<\/div>\n\t\t\t\t\t<\/div>\n\t\t<\/section>\n\t\t\t\t<section class=\"elementor-section elementor-top-section elementor-element elementor-element-c9a1c91 elementor-section-boxed elementor-section-height-default elementor-section-height-default\" data-id=\"c9a1c91\" data-element_type=\"section\">\n\t\t\t\t\t\t<div class=\"elementor-container elementor-column-gap-default\">\n\t\t\t\t\t\t\t<div class=\"elementor-row\">\n\t\t\t\t\t<div class=\"elementor-column elementor-col-100 elementor-top-column elementor-element elementor-element-db8cc82\" data-id=\"db8cc82\" data-element_type=\"column\">\n\t\t\t<div class=\"elementor-column-wrap elementor-element-populated\">\n\t\t\t\t\t\t\t<div class=\"elementor-widget-wrap\">\n\t\t\t\t\t\t<div class=\"elementor-element elementor-element-cfd987b elementor-widget-divider--view-line elementor-widget elementor-widget-divider\" data-id=\"cfd987b\" data-element_type=\"widget\" data-widget_type=\"divider.default\">\n\t\t\t\t<div class=\"elementor-widget-container\">\n\t\t\t\t\t<div class=\"elementor-divider\">\n\t\t\t<span class=\"elementor-divider-separator\">\n\t\t\t\t\t\t<\/span>\n\t\t<\/div>\n\t\t\t\t<\/div>\n\t\t\t\t<\/div>\n\t\t\t\t\t\t<\/div>\n\t\t\t\t\t<\/div>\n\t\t<\/div>\n\t\t\t\t\t\t\t\t<\/div>\n\t\t\t\t\t<\/div>\n\t\t<\/section>\n\t\t\t\t<section class=\"elementor-section elementor-top-section elementor-element elementor-element-2fbbb62 elementor-section-boxed elementor-section-height-default elementor-section-height-default\" data-id=\"2fbbb62\" data-element_type=\"section\">\n\t\t\t\t\t\t<div class=\"elementor-container elementor-column-gap-default\">\n\t\t\t\t\t\t\t<div class=\"elementor-row\">\n\t\t\t\t\t<div class=\"elementor-column elementor-col-100 elementor-top-column elementor-element elementor-element-2abeb75\" data-id=\"2abeb75\" data-element_type=\"column\">\n\t\t\t<div class=\"elementor-column-wrap elementor-element-populated\">\n\t\t\t\t\t\t\t<div class=\"elementor-widget-wrap\">\n\t\t\t\t\t\t<div class=\"elementor-element elementor-element-a7a5db4 elementor-widget elementor-widget-heading\" data-id=\"a7a5db4\" data-element_type=\"widget\" data-widget_type=\"heading.default\">\n\t\t\t\t<div class=\"elementor-widget-container\">\n\t\t\t<h2 class=\"elementor-heading-title elementor-size-default\">Gremient\u00e4tigkeit<\/h2>\t\t<\/div>\n\t\t\t\t<\/div>\n\t\t\t\t\t\t<\/div>\n\t\t\t\t\t<\/div>\n\t\t<\/div>\n\t\t\t\t\t\t\t\t<\/div>\n\t\t\t\t\t<\/div>\n\t\t<\/section>\n\t\t\t\t<section class=\"elementor-section elementor-top-section elementor-element elementor-element-1e2254c elementor-section-boxed elementor-section-height-default elementor-section-height-default\" data-id=\"1e2254c\" data-element_type=\"section\">\n\t\t\t\t\t\t<div class=\"elementor-container elementor-column-gap-default\">\n\t\t\t\t\t\t\t<div class=\"elementor-row\">\n\t\t\t\t\t<div class=\"elementor-column elementor-col-100 elementor-top-column elementor-element elementor-element-861aef1\" data-id=\"861aef1\" data-element_type=\"column\">\n\t\t\t<div class=\"elementor-column-wrap elementor-element-populated\">\n\t\t\t\t\t\t\t<div class=\"elementor-widget-wrap\">\n\t\t\t\t\t\t<div class=\"elementor-element elementor-element-4912fa0 elementor-widget elementor-widget-text-editor\" data-id=\"4912fa0\" data-element_type=\"widget\" data-widget_type=\"text-editor.default\">\n\t\t\t\t<div class=\"elementor-widget-container\">\n\t\t\t\t\t<div class=\"elementor-text-editor elementor-clearfix\"><ul><li>au\u00dferschulisches Lernen und Altsprachenunterricht<\/li><li>inklusive Aspekte des Altsprachenunterrichts (LRS)<\/li><li>Bildung f\u00fcr nachhaltige Entwicklung und die Alten Sprachen<\/li><li>Rezeption antiker Autoren in Literatur und Kunst der Goethezeit<\/li><li>sp\u00e4tantike epigrammatische Dichtung<\/li><li>antike literarische Gattung des Symposiums<\/li><li>\u00a0<\/li><li>2009-2013 Vorstandsmitglied der Mommsen-Gesellschaft (verantwortlich f\u00fcr Nachwuchsf\u00f6rderung\/ De-Gruyter-Seminare)<\/li><\/ul><\/div>\n\t\t\t\t<\/div>\n\t\t\t\t<\/div>\n\t\t\t\t\t\t<\/div>\n\t\t\t\t\t<\/div>\n\t\t<\/div>\n\t\t\t\t\t\t\t\t<\/div>\n\t\t\t\t\t<\/div>\n\t\t<\/section>\n\t\t\t\t<section class=\"elementor-section elementor-top-section elementor-element elementor-element-579b5ca elementor-section-boxed elementor-section-height-default elementor-section-height-default\" data-id=\"579b5ca\" data-element_type=\"section\">\n\t\t\t\t\t\t<div class=\"elementor-container elementor-column-gap-default\">\n\t\t\t\t\t\t\t<div class=\"elementor-row\">\n\t\t\t\t\t<div class=\"elementor-column elementor-col-100 elementor-top-column elementor-element elementor-element-3b218c2\" data-id=\"3b218c2\" data-element_type=\"column\">\n\t\t\t<div class=\"elementor-column-wrap elementor-element-populated\">\n\t\t\t\t\t\t\t<div class=\"elementor-widget-wrap\">\n\t\t\t\t\t\t<div class=\"elementor-element elementor-element-7cf0ae2 elementor-widget-divider--view-line elementor-widget elementor-widget-divider\" data-id=\"7cf0ae2\" data-element_type=\"widget\" data-widget_type=\"divider.default\">\n\t\t\t\t<div class=\"elementor-widget-container\">\n\t\t\t\t\t<div class=\"elementor-divider\">\n\t\t\t<span class=\"elementor-divider-separator\">\n\t\t\t\t\t\t<\/span>\n\t\t<\/div>\n\t\t\t\t<\/div>\n\t\t\t\t<\/div>\n\t\t\t\t\t\t<\/div>\n\t\t\t\t\t<\/div>\n\t\t<\/div>\n\t\t\t\t\t\t\t\t<\/div>\n\t\t\t\t\t<\/div>\n\t\t<\/section>\n\t\t\t\t<section class=\"elementor-section elementor-top-section elementor-element elementor-element-44efba5 elementor-section-boxed elementor-section-height-default elementor-section-height-default\" data-id=\"44efba5\" data-element_type=\"section\">\n\t\t\t\t\t\t<div class=\"elementor-container elementor-column-gap-default\">\n\t\t\t\t\t\t\t<div class=\"elementor-row\">\n\t\t\t\t\t<div class=\"elementor-column elementor-col-100 elementor-top-column elementor-element elementor-element-ed1e4d3\" data-id=\"ed1e4d3\" data-element_type=\"column\">\n\t\t\t<div class=\"elementor-column-wrap elementor-element-populated\">\n\t\t\t\t\t\t\t<div class=\"elementor-widget-wrap\">\n\t\t\t\t\t\t<div class=\"elementor-element elementor-element-9553fae elementor-widget elementor-widget-heading\" data-id=\"9553fae\" data-element_type=\"widget\" data-widget_type=\"heading.default\">\n\t\t\t\t<div class=\"elementor-widget-container\">\n\t\t\t<h2 class=\"elementor-heading-title elementor-size-default\">Schwerpunkte und Interessen<\/h2>\t\t<\/div>\n\t\t\t\t<\/div>\n\t\t\t\t<div class=\"elementor-element elementor-element-2829a90 elementor-widget elementor-widget-text-editor\" data-id=\"2829a90\" data-element_type=\"widget\" data-widget_type=\"text-editor.default\">\n\t\t\t\t<div class=\"elementor-widget-container\">\n\t\t\t\t\t<div class=\"elementor-text-editor elementor-clearfix\"><ul><li>Sp\u00e4tantike Dichtung<\/li><li>Rezeption der antiken Literatur in Literatur und Kunst<\/li><li>au\u00dferschulische Lernorte und altertumskundliche Aspekte im Altsprachenunterricht<\/li><\/ul><\/div>\n\t\t\t\t<\/div>\n\t\t\t\t<\/div>\n\t\t\t\t\t\t<\/div>\n\t\t\t\t\t<\/div>\n\t\t<\/div>\n\t\t\t\t\t\t\t\t<\/div>\n\t\t\t\t\t<\/div>\n\t\t<\/section>\n\t\t\t\t<section class=\"elementor-section elementor-top-section elementor-element elementor-element-ab1785a elementor-section-boxed elementor-section-height-default elementor-section-height-default\" data-id=\"ab1785a\" data-element_type=\"section\">\n\t\t\t\t\t\t<div class=\"elementor-container elementor-column-gap-default\">\n\t\t\t\t\t\t\t<div class=\"elementor-row\">\n\t\t\t\t\t<div class=\"elementor-column elementor-col-100 elementor-top-column elementor-element elementor-element-10660cd\" data-id=\"10660cd\" data-element_type=\"column\">\n\t\t\t<div class=\"elementor-column-wrap elementor-element-populated\">\n\t\t\t\t\t\t\t<div class=\"elementor-widget-wrap\">\n\t\t\t\t\t\t<div class=\"elementor-element elementor-element-8e01086 elementor-widget-divider--view-line elementor-widget elementor-widget-divider\" data-id=\"8e01086\" data-element_type=\"widget\" data-widget_type=\"divider.default\">\n\t\t\t\t<div class=\"elementor-widget-container\">\n\t\t\t\t\t<div class=\"elementor-divider\">\n\t\t\t<span class=\"elementor-divider-separator\">\n\t\t\t\t\t\t<\/span>\n\t\t<\/div>\n\t\t\t\t<\/div>\n\t\t\t\t<\/div>\n\t\t\t\t\t\t<\/div>\n\t\t\t\t\t<\/div>\n\t\t<\/div>\n\t\t\t\t\t\t\t\t<\/div>\n\t\t\t\t\t<\/div>\n\t\t<\/section>\n\t\t\t\t<section class=\"elementor-section elementor-top-section elementor-element elementor-element-c380b0a elementor-section-boxed elementor-section-height-default elementor-section-height-default\" data-id=\"c380b0a\" data-element_type=\"section\">\n\t\t\t\t\t\t<div class=\"elementor-container elementor-column-gap-default\">\n\t\t\t\t\t\t\t<div class=\"elementor-row\">\n\t\t\t\t\t<div class=\"elementor-column elementor-col-100 elementor-top-column elementor-element elementor-element-c716a52\" data-id=\"c716a52\" data-element_type=\"column\">\n\t\t\t<div class=\"elementor-column-wrap elementor-element-populated\">\n\t\t\t\t\t\t\t<div class=\"elementor-widget-wrap\">\n\t\t\t\t\t\t<div class=\"elementor-element elementor-element-becd627 elementor-widget elementor-widget-heading\" data-id=\"becd627\" data-element_type=\"widget\" data-widget_type=\"heading.default\">\n\t\t\t\t<div class=\"elementor-widget-container\">\n\t\t\t<h2 class=\"elementor-heading-title elementor-size-default\">Publikationen<\/h2>\t\t<\/div>\n\t\t\t\t<\/div>\n\t\t\t\t<div class=\"elementor-element elementor-element-ea2cd61 elementor-widget elementor-widget-text-editor\" data-id=\"ea2cd61\" data-element_type=\"widget\" data-widget_type=\"text-editor.default\">\n\t\t\t\t<div class=\"elementor-widget-container\">\n\t\t\t\t\t<div class=\"elementor-text-editor elementor-clearfix\"><p><i>Monographie:<\/i><\/p><ul><li>Friedrich, A.: Das Symposium der XII sapientes. Kommentar und Verfasserfrage (= Texte und Kommentare Bd. 22), Berlin\/ New York 2002, 526 S.<\/li><\/ul><p><i>\u00dcbersetzung:<\/i><\/p><ul><li>Claudian. Der Raub der Proserpina (= edition Antike), eingeleitet und kommentiert von Anne Friedrich, \u00fcbersetzt von Anne Friedrich und Katharina Frings, Darmstadt 2009<\/li><\/ul><p><i><br \/>Herausgeberschaft:<\/i><\/p><ul><li>Moderation des Themenheftes &#8218;Mensch und Umwelt&#8216;. Altsprachlicher Unterricht 2 (2020)<\/li><li>Karl Gutzkow: Dramatische Werke: Marino Falieri. Hamlet in Wittenberg. Nero. K\u00f6nig Saul, herausgegeben von Anne Friedrich und Susanne Schuetz. Gutzkows Werke und Briefe. Kommentierte digitale Gesamtausgabe. Hg. vom Editions-projekt Karl Gutzkow. Dramatische Werke, Bd.1, Muenster 2009<\/li><\/ul><p><em><br \/>Aufs\u00e4tze in Zeitschriften\/ Sammelb\u00e4nden:<\/em><\/p><ul><li>Friedrich, Anne: Mensch und Umwelt in der Antike. Zur Bildung f\u00fcr nachhaltige Entwicklung im Altsprachenunterricht, in: Altsprachlicher Unterricht 2 (2020) 2-11 Basisartikel<\/li><li>Friedrich, Anne: Bildung f\u00fcr nachhaltige Entwicklung (BNE): Wo stehen die Alten Sprachen?, in: Forum Classicum 1 (2019) 4-11 [<a href=\"https:\/\/journals.ub.uni-heidelberg.de\/index.php\/fc\/article\/view\/64715\/57573\">https:\/\/journals.ub.uni-heidelberg.de\/index.php\/fc\/article\/view\/64715\/57573<\/a>]<\/li><li>Friedrich, Anne: \u201eHurra, es ist ein Junge!\u201c \u2013 Zur Metamorphose der Iphis in Ovids Metamorphosen, in: Altsprachlicher Unterricht 1 (2019) 26-33<\/li><li>Friedrich, Anne: Lernen an au\u00dferschulischen Lernorten, in: Korn, M. (Hrsg.): Latein. Methodik. Handbuch f\u00fcr die Sekundarstufe I und II, Berlin 2018, 175-184<\/li><li>Friedrich, A.: Kasuistik als Bindeglied zwischen Fachwissenschaft und Unterrichtspraxis in der universit\u00e4ren Lehramtsausbildung Latein, in: Freund, Stefan [Hrsg.]; Janssen, Leoni [Hrsg.]: Non ignarus docendi. Impulse zur koh\u00e4renten Gestaltung von Fachlichkeit und von Mehrsprachigkeitsdidaktik in der Lateinlehrerbildung. Bad Heilbrunn : Verlag Julius Klinkhardt 2019, [URN: urn:nbn:de:0111-pedocs-169108], S. 52-65<\/li><li>Stefan Freund, Anne Friedrich, Leoni Janssen, Stefan Kipf, Harald Kloiber, Matthias Korn, Peter Kuhlmann, Wolfgang Polleichtner und Jochen Sauer: Praxisphasen in der universit\u00e4ren Lateinlehrerausbildung: ein kritischer Vergleich der verschiedenen Konzeptionen in den Bundesl\u00e4ndern Baden-W\u00fcrttemberg, Bayern, Berlin, Niedersachsen, NRW, Sachsen, Sachsen-Anhalt, Th\u00fcringen; in: Freund, Stefan [Hrsg.]; Janssen, Leoni [Hrsg.]: Non ignarus docendi. Impulse zur koh\u00e4renten Gestaltung von Fachlichkeit und von Mehrsprachigkeitsdidaktik in der Lateinlehrerbildung. Bad Heilbrunn : Verlag Julius Klinkhardt 2019, [URN: urn:nbn:de:0111-pedocs-169108], S. 15-38<\/li><li>Friedrich, A.: LRS und Lateinunterricht (incl. \u00dcbersicht \u00fcber Erlasse und Richtlinien zur F\u00f6rderung von Sch\u00fclerinnen und Sch\u00fclern mit LRS in den verschiedenen Bundesl\u00e4ndern), in: Pegasus-Onlinezeitschrift XVII (2017) 14-75<\/li><li>Friedrich, A.: Geocaching als Lernmedium f\u00fcr Latein, in: Pegasus-Onlinezeitschrift XIV (2014) 39-66<\/li><li>Friedrich, A.: Das pseudo-ovidische Lehrgedicht \u201aDe quatuor humoribus\u2019 als Beispiel mythischer Medizinaitiologie und Humoraltopik, in: Mittellateinisches Jahrbuch 42, 2007, 401-429<\/li><li>Friedrich, A.: Formale Gattungskriterien im Symposion des Julianos Apostata, in: Studien zur antiken Rhetorik und Varia, hrsg. Von W. Appel und R. Jakobi, Torun 2003, 125-132<\/li><li>Friedrich, A.: Zwischen \u201amelos\u2019 und \u201aagon\u2019 \u2013 Joachim Ebert und das Robertinum in der zweiten H\u00e4lfte des 20. Jhs., in: Appel,W.: Magistri et discipuli. Kapitel zur Geschichte der Klassischen Philologie im XX. Jh., Xenia Toruniensia VII, Torun 2002, 195-204<\/li><\/ul><p><em><br \/>Rezensionen:<\/em><\/p><ul><li>Friedrich, A.: Rezension zu: Paulus Niavis, Sp\u00e4tmittelalterliche Sch\u00fclerdialoge (lt.\/dt.); drei Chemnitzer Dialogsammlungen mit Einf\u00fchrungen zur Person des Autors, zu seinen Sch\u00fclerdialogen und zu den M\u00f6glichkeiten ihres Einsatzes im Unterricht heute, hrsg. von Andrea Kramarczyk und Oliver Humberg, Chemnitz 2013, in: Mittellateinisches Jahrbuch 50.3 (2015) 488-493<\/li><li>Friedrich, A.: Rezension zu Paulus Niavis: Sp\u00e4tmittelalterliche Sch\u00fclerdialoge (lt.\/dt.), hrsg. von Andrea Kramarczyk und Oliver Humberg, Chemnitz 2013, und Nie\u00dfner, A.: Das &#8218;Iudicium Iovis&#8216; des Paulus Niavis als Unterrichtslekt\u00fcre in der neunten Klasse, bearbeitet von Anna Nie\u00dfner, Grin-Verlag\/ M\u00fcnchen 2014, in: Forum Classicum 4\/2015, 271-273<\/li><\/ul><p><em><br \/>Buchbeitr\u00e4ge:<\/em><\/p><ul><li>Friedrich, A.: Quellenbearbeitungen f\u00fcr: Schnelle, U.\/ Lang, M.: Neuer Wettstein. Texte zum Neuen Testament aus Griechentum und Hellenismus. Bd. I 2. Texte zum Johannesevangelium, Berlin\/ New York 2001<\/li><\/ul><p><em><br \/>Sonstiges:<\/em><\/p><ul><li>ab Herbst 2020 Mitarbeit und fachwissenschaftliche Beratung zur \u00dcberarbeitung der Fachlehrpl\u00e4ne Latein und Griechisch f\u00fcr Sachsen-Anhalt hinsichtlich der Themen Digitalisierung und Nachhaltigkeit<\/li><li>2015-2016 Mitarbeit und fachwissenschaftliche Beratung der Lehrplankommission f\u00fcr die neuen Fachlehrpl\u00e4ne Latein sowie Griechisch f\u00fcr Sachsen-Anhalt<\/li><li>Betreuung zahlreicher Staatsexamensarbeiten, z.B. zur <a href=\"https:\/\/archaeologischesmuseum.uni-halle.de\/museumspaedagogisches-angebot\/\">Museumsp\u00e4dagogik<\/a> und zur Vernetzung von <a href=\"https:\/\/ilias.uni-halle.de\/goto.php?target=lm_89416\">Grammatikarbeit im Latein- und Englischunterricht\u00a0<\/a><\/li><li>Konzeption und Durchf\u00fchrung des aus HSP-Mitteln gef\u00f6rderten Projektes &#8218;Vom antiken zum digitalen Text&#8216; &#8211; wissenschaftsprop\u00e4deutisches Angebot des Instituts f\u00fcr Altertumswissenschaften der Martin-Luther-Universit\u00e4t Halle-Wittenberg f\u00fcr Schulklassen im Projektzeitraum 2018-2020<\/li><li>Leitung und inhaltliche Ausgestaltung des Korrespondenzzirkels &#8218;intellege codices&#8216; f\u00fcr die Sekundarstufe II Latein (im Rahmen der Begabtenf\u00f6rderung des Ministeriums f\u00fcr Bildung Sachsen-Anhalt) im Schuljahr 2016\/2017<\/li><li>Organisation und Durchf\u00fchrung des Schnupperstudiums Altertumswissenschaften (seit 2016)<\/li><li>Jurymitglied im Certamen Franckianum, dem Landessch\u00fclerwettbewerb f\u00fcr Latein &amp; Griechisch in Sachsen-Anhalt (seit 2009)<\/li><\/ul><p><em><br \/>In Vorbereitung:<\/em><\/p><ul><li>Friedrich, A.: Symposium XII sapientium, in: Dictionnaire de l\u2019\u00e9pigramme litt\u00e9raire, hrsg. von C. Urlacher-Becht\/ D. Meyer, erscheint voraussichtlich 2020<\/li><\/ul><\/div>\n\t\t\t\t<\/div>\n\t\t\t\t<\/div>\n\t\t\t\t\t\t<\/div>\n\t\t\t\t\t<\/div>\n\t\t<\/div>\n\t\t\t\t\t\t\t\t<\/div>\n\t\t\t\t\t<\/div>\n\t\t<\/section>\n\t\t\t\t\t\t<\/div>\n\t\t\t\t\t\t<\/div>\n\t\t\t\t\t<\/div>\n\t\t","protected":false},"excerpt":{"rendered":"<div class=\"entry-summary\">\nRaum: 014Tel.: 0345 \/ 5524010Mail:\u00a0anne.friedrich@altertum.uni-halle.deSprechstunde: nach den Veranstaltungen und n.V. Curriculum Vitae 1989 &#8211; 1995 \u00a0\u00a0Studium der Klassischen Philologie und&hellip;\n<\/div>\n<div class=\"link-more\"><a href=\"https:\/\/blogs.urz.uni-halle.de\/griechisch\/mitarbeiter\/dr-anne-friedrich\/\" class=\"more-link\">Continue reading<span class=\"screen-reader-text\"> &ldquo;Dr. Anne Friedrich&rdquo;<\/span>&hellip;<\/a><\/div>\n","protected":false},"author":2998,"featured_media":0,"parent":4,"menu_order":0,"comment_status":"closed","ping_status":"closed","template":"","meta":[],"_links":{"self":[{"href":"https:\/\/blogs.urz.uni-halle.de\/griechisch\/wp-json\/wp\/v2\/pages\/12"}],"collection":[{"href":"https:\/\/blogs.urz.uni-halle.de\/griechisch\/wp-json\/wp\/v2\/pages"}],"about":[{"href":"https:\/\/blogs.urz.uni-halle.de\/griechisch\/wp-json\/wp\/v2\/types\/page"}],"author":[{"embeddable":true,"href":"https:\/\/blogs.urz.uni-halle.de\/griechisch\/wp-json\/wp\/v2\/users\/2998"}],"replies":[{"embeddable":true,"href":"https:\/\/blogs.urz.uni-halle.de\/griechisch\/wp-json\/wp\/v2\/comments?post=12"}],"version-history":[{"count":10,"href":"https:\/\/blogs.urz.uni-halle.de\/griechisch\/wp-json\/wp\/v2\/pages\/12\/revisions"}],"predecessor-version":[{"id":663,"href":"https:\/\/blogs.urz.uni-halle.de\/griechisch\/wp-json\/wp\/v2\/pages\/12\/revisions\/663"}],"up":[{"embeddable":true,"href":"https:\/\/blogs.urz.uni-halle.de\/griechisch\/wp-json\/wp\/v2\/pages\/4"}],"wp:attachment":[{"href":"https:\/\/blogs.urz.uni-halle.de\/griechisch\/wp-json\/wp\/v2\/media?parent=12"}],"curies":[{"name":"wp","href":"https:\/\/api.w.org\/{rel}","templated":true}]}}