{"id":200,"date":"2018-01-26T11:27:54","date_gmt":"2018-01-26T10:27:54","guid":{"rendered":"https:\/\/blogs.urz.uni-halle.de\/griechisch\/?page_id=200"},"modified":"2025-07-14T11:51:50","modified_gmt":"2025-07-14T09:51:50","slug":"fachdidaktik-griechisch","status":"publish","type":"page","link":"https:\/\/blogs.urz.uni-halle.de\/griechisch\/studium-lehre\/fachdidaktik-griechisch\/","title":{"rendered":"Fachdidaktik Griechisch"},"content":{"rendered":"\t\t<div data-elementor-type=\"wp-post\" data-elementor-id=\"200\" class=\"elementor elementor-200\" data-elementor-settings=\"[]\">\n\t\t\t\t\t\t<div class=\"elementor-inner\">\n\t\t\t\t\t\t\t<div class=\"elementor-section-wrap\">\n\t\t\t\t\t\t\t<section class=\"elementor-section elementor-top-section elementor-element elementor-element-6322e1b elementor-section-boxed elementor-section-height-default elementor-section-height-default\" data-id=\"6322e1b\" data-element_type=\"section\">\n\t\t\t\t\t\t<div class=\"elementor-container elementor-column-gap-default\">\n\t\t\t\t\t\t\t<div class=\"elementor-row\">\n\t\t\t\t\t<div class=\"elementor-column elementor-col-100 elementor-top-column elementor-element elementor-element-c0c7f78\" data-id=\"c0c7f78\" data-element_type=\"column\">\n\t\t\t<div class=\"elementor-column-wrap elementor-element-populated\">\n\t\t\t\t\t\t\t<div class=\"elementor-widget-wrap\">\n\t\t\t\t\t\t<div class=\"elementor-element elementor-element-423b1e2 elementor-widget elementor-widget-text-editor\" data-id=\"423b1e2\" data-element_type=\"widget\" data-widget_type=\"text-editor.default\">\n\t\t\t\t<div class=\"elementor-widget-container\">\n\t\t\t\t\t<div class=\"elementor-text-editor elementor-clearfix\"><p>Die fachdidaktische Ausbildung zum Lehramt Latein &amp; Griechisch an der Martin-Luther-Universit\u00e4t in Halle ist:<\/p><ul><li>praxisorientiert<\/li><li>theoriegeleitet<\/li><li>individuell unterst\u00fctzend<\/li><\/ul><p>Einen \u00dcberblick \u00fcber die Module zur Fachdidaktik bietet Ihnen folgendes\u00a0<a href=\"https:\/\/blogs.urz.uni-halle.de\/griechisch\/files\/2018\/01\/Poster-FD-Altsprachen-Robertinum.pdf\" target=\"_blank\" rel=\"noopener\">Poster<\/a>.<\/p><\/div>\n\t\t\t\t<\/div>\n\t\t\t\t<\/div>\n\t\t\t\t<div class=\"elementor-element elementor-element-c901437 elementor-widget elementor-widget-image\" data-id=\"c901437\" data-element_type=\"widget\" data-widget_type=\"image.default\">\n\t\t\t\t<div class=\"elementor-widget-container\">\n\t\t\t\t\t<div class=\"elementor-image\">\n\t\t\t\t\t\t\t\t\t\t\t<a href=\"https:\/\/blogs.urz.uni-halle.de\/griechisch\/files\/2018\/01\/Poster-FD-Altsprachen-Robertinum.pdf\" target=\"_blank\">\n\t\t\t\t\t\t\t<img width=\"1200\" height=\"1697\" src=\"https:\/\/blogs.urz.uni-halle.de\/griechisch\/files\/2018\/01\/Poster-FD-Altsprachen-Robertinum-1200x1697.jpg\" class=\"attachment-large size-large\" alt=\"\" loading=\"lazy\" srcset=\"https:\/\/blogs.urz.uni-halle.de\/griechisch\/files\/2018\/01\/Poster-FD-Altsprachen-Robertinum-1200x1697.jpg 1200w, https:\/\/blogs.urz.uni-halle.de\/griechisch\/files\/2018\/01\/Poster-FD-Altsprachen-Robertinum-420x594.jpg 420w, https:\/\/blogs.urz.uni-halle.de\/griechisch\/files\/2018\/01\/Poster-FD-Altsprachen-Robertinum-744x1052.jpg 744w, https:\/\/blogs.urz.uni-halle.de\/griechisch\/files\/2018\/01\/Poster-FD-Altsprachen-Robertinum-768x1086.jpg 768w, https:\/\/blogs.urz.uni-halle.de\/griechisch\/files\/2018\/01\/Poster-FD-Altsprachen-Robertinum.jpg 1754w\" sizes=\"(max-width: 1200px) 100vw, 1200px\" \/>\t\t\t\t\t\t\t\t<\/a>\n\t\t\t\t\t\t\t\t\t\t\t<\/div>\n\t\t\t\t<\/div>\n\t\t\t\t<\/div>\n\t\t\t\t\t\t<\/div>\n\t\t\t\t\t<\/div>\n\t\t<\/div>\n\t\t\t\t\t\t\t\t<\/div>\n\t\t\t\t\t<\/div>\n\t\t<\/section>\n\t\t\t\t<section class=\"elementor-section elementor-top-section elementor-element elementor-element-e7a9642 elementor-section-boxed elementor-section-height-default elementor-section-height-default\" data-id=\"e7a9642\" data-element_type=\"section\">\n\t\t\t\t\t\t<div class=\"elementor-container elementor-column-gap-default\">\n\t\t\t\t\t\t\t<div class=\"elementor-row\">\n\t\t\t\t\t<div class=\"elementor-column elementor-col-100 elementor-top-column elementor-element elementor-element-183e6f3\" data-id=\"183e6f3\" data-element_type=\"column\">\n\t\t\t<div class=\"elementor-column-wrap elementor-element-populated\">\n\t\t\t\t\t\t\t<div class=\"elementor-widget-wrap\">\n\t\t\t\t\t\t<div class=\"elementor-element elementor-element-d8ada6c elementor-widget elementor-widget-text-editor\" data-id=\"d8ada6c\" data-element_type=\"widget\" data-widget_type=\"text-editor.default\">\n\t\t\t\t<div class=\"elementor-widget-container\">\n\t\t\t\t\t<div class=\"elementor-text-editor elementor-clearfix\"><p style=\"text-align: justify\"><span style=\"text-align: justify\">Erste Unterrichtserfahrungen sammeln Sie in Halle bereits im 3. Semester des Lehramtsstudiums Griechisch: in Kleingruppen von 3-4 Studierenden hospitieren Sie im Rahmen der <a href=\"https:\/\/blogs.urz.uni-halle.de\/griechisch\/files\/2018\/09\/Poster-SP\u00dc-Latein-Griechisch-2018.pdf\">Schulpraktischen \u00dcbungen<\/a> in Griechischkursen vor Ort und absolvieren erste Lehrproben.<\/span><\/p><p style=\"text-align: justify\">Breite Erfahrungen vermitteln Ihnen insbesondere die beiden einmonatigen Unterrichtspraktika w\u00e4hrend Ihres weiteren Studiums (empfohlen ab dem 4. bzw. 5. Semester).<\/p><p style=\"text-align: justify\">Alle n\u00f6tigen Informationen zu den Schulpraktika finden Sie auf den Seiten des\u00a0<a href=\"http:\/\/www.zlb.uni-halle.de\/studium\/praktika\/\" target=\"_blank\" rel=\"noopener\">Zentrums f\u00fcr Lehrerbildung<\/a>.<\/p><p style=\"text-align: justify\">Die Praxiserfahrungen werden vorbereitet und vertieft in zwei fachdidaktischen Modulen, die mit 4 Semesterwochenstunden im 1. Modul (Lehrwerkphase) bzw. zwei mal 3 Semesterwochenstunden im 2. Modul (Lekt\u00fcrephase) Raum f\u00fcr grundlegende Theoriebildung zu Unterrichtsmethodik und Altsprachendidaktik (Texterschlie\u00dfung, Interpretationsverfahren, Grammatikvermittlung, Sprachreflexion im Griechischunterricht, Differenzierung von Latein- und Griechischunterricht, Chancen und Perspektiven des Griechischen als Gymnasialfach) sowie zu Fragen der Sequenzplanung und Leistungsbeurteilung geben.<\/p><p>Bei Fragen wenden Sie sich bitte an <a href=\"https:\/\/blogs.urz.uni-halle.de\/griechisch\/mitarbeiter\/dr-anne-friedrich\/\">Dr. Anne Friedrich <\/a>(<a href=\"mailto:anne.friedrich@altertum.uni-halle.de\">anne.friedrich@altertum.uni-halle.de<\/a>).<\/p><p style=\"text-align: justify\">Einen Schwerpunkt im zweiten Modul zur Planung von Lekt\u00fcresequenzen bildet die Erstellung von Lekt\u00fcreheften f\u00fcr die gymnasiale Oberstufe, da das Angebot der Schulbuchverlage f\u00fcr Griechisch begrenzt ist. Hier einige Ergebnisse:<\/p><ul><li><a href=\"https:\/\/blogs.urz.uni-halle.de\/griechisch\/files\/2025\/07\/Platon_Jugend-im-Gespraech-erziehen_Endfassung-2023.pdf\">Lekt\u00fcreheft \u201eL\u00e4sst sich die Jugend im Gespr\u00e4ch erziehen?\u201c ein Textmystery zu Sokrates<\/a> (erstellt 2023)<\/li><li><a href=\"https:\/\/blogs.urz.uni-halle.de\/griechisch\/files\/2020\/07\/Plutarch_Demosthenes_Lektuereheft-2018_final.pdf\">Lekt\u00fcreheft zu Plutarch. Demosthenes<\/a> (erstellt 2018)<\/li><li><a href=\"https:\/\/blogs.urz.uni-halle.de\/griechisch\/files\/2018\/01\/Lektu\u0308reheft-Lukian-Charon-2014.pdf\" target=\"_blank\" rel=\"noopener\">Lekt\u00fcreheft zu Lukian. Charon<\/a> (erstellt 2014)<\/li><li><a href=\"https:\/\/blogs.urz.uni-halle.de\/griechisch\/files\/2018\/01\/Lektu\u0308reheft-Plutarch-Alexandros-2012.pdf\" target=\"_blank\" rel=\"noopener\">Lekt\u00fcreheft zu Plutarch. Alexandros<\/a> (erstellt 2012)<\/li><li><a href=\"https:\/\/blogs.urz.uni-halle.de\/griechisch\/files\/2018\/01\/Lektu\u0308reheft-Euripides-Medea-2010.pdf\" target=\"_blank\" rel=\"noopener\">Lekt\u00fcreheft zu Euripides. Medea<\/a> (erstellt 2010)<\/li><\/ul><\/div>\n\t\t\t\t<\/div>\n\t\t\t\t<\/div>\n\t\t\t\t\t\t<\/div>\n\t\t\t\t\t<\/div>\n\t\t<\/div>\n\t\t\t\t\t\t\t\t<\/div>\n\t\t\t\t\t<\/div>\n\t\t<\/section>\n\t\t\t\t\t\t<\/div>\n\t\t\t\t\t\t<\/div>\n\t\t\t\t\t<\/div>\n\t\t","protected":false},"excerpt":{"rendered":"<div class=\"entry-summary\">\nDie fachdidaktische Ausbildung zum Lehramt Latein &amp; Griechisch an der Martin-Luther-Universit\u00e4t in Halle ist: praxisorientiert theoriegeleitet individuell unterst\u00fctzend Einen \u00dcberblick&hellip;\n<\/div>\n<div class=\"link-more\"><a href=\"https:\/\/blogs.urz.uni-halle.de\/griechisch\/studium-lehre\/fachdidaktik-griechisch\/\" class=\"more-link\">Continue reading<span class=\"screen-reader-text\"> &ldquo;Fachdidaktik Griechisch&rdquo;<\/span>&hellip;<\/a><\/div>\n","protected":false},"author":2998,"featured_media":0,"parent":20,"menu_order":0,"comment_status":"closed","ping_status":"closed","template":"","meta":[],"_links":{"self":[{"href":"https:\/\/blogs.urz.uni-halle.de\/griechisch\/wp-json\/wp\/v2\/pages\/200"}],"collection":[{"href":"https:\/\/blogs.urz.uni-halle.de\/griechisch\/wp-json\/wp\/v2\/pages"}],"about":[{"href":"https:\/\/blogs.urz.uni-halle.de\/griechisch\/wp-json\/wp\/v2\/types\/page"}],"author":[{"embeddable":true,"href":"https:\/\/blogs.urz.uni-halle.de\/griechisch\/wp-json\/wp\/v2\/users\/2998"}],"replies":[{"embeddable":true,"href":"https:\/\/blogs.urz.uni-halle.de\/griechisch\/wp-json\/wp\/v2\/comments?post=200"}],"version-history":[{"count":10,"href":"https:\/\/blogs.urz.uni-halle.de\/griechisch\/wp-json\/wp\/v2\/pages\/200\/revisions"}],"predecessor-version":[{"id":1037,"href":"https:\/\/blogs.urz.uni-halle.de\/griechisch\/wp-json\/wp\/v2\/pages\/200\/revisions\/1037"}],"up":[{"embeddable":true,"href":"https:\/\/blogs.urz.uni-halle.de\/griechisch\/wp-json\/wp\/v2\/pages\/20"}],"wp:attachment":[{"href":"https:\/\/blogs.urz.uni-halle.de\/griechisch\/wp-json\/wp\/v2\/media?parent=200"}],"curies":[{"name":"wp","href":"https:\/\/api.w.org\/{rel}","templated":true}]}}