{"id":1455,"date":"2026-03-19T10:34:59","date_gmt":"2026-03-19T09:34:59","guid":{"rendered":"https:\/\/blogs.urz.uni-halle.de\/gruenderservice\/?page_id=1455"},"modified":"2026-04-13T15:49:05","modified_gmt":"2026-04-13T13:49:05","slug":"basic-webinar-1x1-finanzplanung","status":"publish","type":"page","link":"https:\/\/blogs.urz.uni-halle.de\/gruenderservice\/basic-webinar-1x1-finanzplanung\/","title":{"rendered":"1&#215;1 Finanzplanung"},"content":{"rendered":"\n<p>In diesem Webinar lernst du, wie ein solider Finanzplan aufgebaut ist, wie du deinen realen Kapitalbedarf ermittelst und welche Kennzahlen f\u00fcr dein Gesch\u00e4ftsmodell wirklich relevant sind. Die Veranstaltung ist Teil unserer Onlinereihe &#8222;Basic Gr\u00fcndungswissen&#8220;.<\/p>\n\n\n\n<p><br>\ud83d\udcc5 Datum: Montag, 27.04.2026<br>\u23f0 Uhrzeit: 17:00-19:00 Uhr<br>\ud83d\udccd Ort: Online<\/p>\n\n\n<div role=\"form\" class=\"wpcf7\" id=\"wpcf7-f1453-o1\" lang=\"de-DE\" dir=\"ltr\">\n<div class=\"screen-reader-response\"><p role=\"status\" aria-live=\"polite\" aria-atomic=\"true\"><\/p> <ul><\/ul><\/div>\n<form action=\"\/gruenderservice\/wp-json\/wp\/v2\/pages\/1455#wpcf7-f1453-o1\" method=\"post\" class=\"wpcf7-form init\" novalidate=\"novalidate\" data-status=\"init\">\n<div style=\"display: none;\">\n<input type=\"hidden\" name=\"_wpcf7\" value=\"1453\" \/>\n<input type=\"hidden\" name=\"_wpcf7_version\" value=\"5.3.2\" \/>\n<input type=\"hidden\" name=\"_wpcf7_locale\" value=\"de_DE\" \/>\n<input type=\"hidden\" name=\"_wpcf7_unit_tag\" value=\"wpcf7-f1453-o1\" \/>\n<input type=\"hidden\" name=\"_wpcf7_container_post\" value=\"0\" \/>\n<input type=\"hidden\" name=\"_wpcf7_posted_data_hash\" value=\"\" \/>\n<\/div>\n<h3>Anmeldung \/ Registration<\/h3>\n<p>Vorname*<br \/>\n<i>First name*<\/i><br \/>\n<span class=\"wpcf7-form-control-wrap vorname\"><input type=\"text\" name=\"vorname\" value=\"\" size=\"40\" class=\"wpcf7-form-control wpcf7-text wpcf7-validates-as-required\" aria-required=\"true\" aria-invalid=\"false\" \/><\/span><br \/>\nName*<br \/>\n<i>Name*<\/i><br \/>\n<span class=\"wpcf7-form-control-wrap nachname\"><input type=\"text\" name=\"nachname\" value=\"\" size=\"40\" class=\"wpcf7-form-control wpcf7-text wpcf7-validates-as-required\" aria-required=\"true\" aria-invalid=\"false\" \/><\/span><br \/>\nE-Mail-Adresse*<br \/>\n<i>Email address*<\/i><br \/>\n<span class=\"wpcf7-form-control-wrap e-mail\"><input type=\"email\" name=\"e-mail\" value=\"\" size=\"40\" class=\"wpcf7-form-control wpcf7-text wpcf7-email wpcf7-validates-as-required wpcf7-validates-as-email\" aria-required=\"true\" aria-invalid=\"false\" \/><\/span> <\/p>\n<p>Status*<br \/>\n<i>Status<\/i><br \/>\n<span class=\"wpcf7-form-control-wrap status\"><select name=\"status\" class=\"wpcf7-form-control wpcf7-select\" aria-invalid=\"false\"><option value=\"\">---<\/option><option value=\"Student*in\/ Student\">Student*in\/ Student<\/option><option value=\"Absolvent*in\/ Graduate\">Absolvent*in\/ Graduate<\/option><option value=\"Gr\u00fcnder*in\/ Founder\">Gr\u00fcnder*in\/ Founder<\/option><option value=\"Wissenschaftler*in\/ Scientist\">Wissenschaftler*in\/ Scientist<\/option><option value=\"MLU-Angeh\u00f6rige*r\/ MLU-Member\">MLU-Angeh\u00f6rige*r\/ MLU-Member<\/option><option value=\"sonstige\/ other\">sonstige\/ other<\/option><\/select><\/span> <\/p>\n<p>Studiengang oder Fachrichtung<br \/>\n<i>Study programme\/ Department<\/i><br \/>\n<span class=\"wpcf7-form-control-wrap studiengang1\"><input type=\"text\" name=\"studiengang1\" value=\"\" size=\"40\" class=\"wpcf7-form-control wpcf7-text\" aria-invalid=\"false\" \/><\/span><br \/>\n<span class=\"wpcf7-form-control-wrap studiengang2\"><input type=\"text\" name=\"studiengang2\" value=\"\" size=\"40\" class=\"wpcf7-form-control wpcf7-text\" aria-invalid=\"false\" \/><\/span> <\/p>\n<p>Hochschule\/ Institution\/ Unternehmen*<br \/>\n<i>University\/ Institution\/ Company<\/i><br \/>\n<span class=\"wpcf7-form-control-wrap institution\"><input type=\"text\" name=\"institution\" value=\"\" size=\"40\" class=\"wpcf7-form-control wpcf7-text\" aria-invalid=\"false\" \/><\/span> <\/p>\n<p>Teilnehmer*in Gr\u00fcndungsbegleitung TGS*<br \/>\n<i>Participant Startup Coaching TGS*<\/i><br \/>\n<span class=\"wpcf7-form-control-wrap Gruendungsbegleitung\"><span class=\"wpcf7-form-control wpcf7-radio\"><span class=\"wpcf7-list-item first\"><label><input type=\"radio\" name=\"Gruendungsbegleitung\" value=\"ja\" checked=\"checked\" \/><span class=\"wpcf7-list-item-label\">ja<\/span><\/label><\/span><span class=\"wpcf7-list-item last\"><label><input type=\"radio\" name=\"Gruendungsbegleitung\" value=\"nein\" \/><span class=\"wpcf7-list-item-label\">nein<\/span><\/label><\/span><\/span><\/span><\/p>\n<p>Deine Fragen:<br \/>\n<i>Your questions:<\/i><br \/>\n<span class=\"wpcf7-form-control-wrap hinweis\"><textarea name=\"hinweis\" cols=\"40\" rows=\"10\" maxlength=\"200\" class=\"wpcf7-form-control wpcf7-textarea\" aria-invalid=\"false\"><\/textarea><\/span><br \/>\n<span class=\"wpcf7-character-count down\" data-target-name=\"hinweis\" data-starting-value=\"200\" data-current-value=\"200\" data-maximum-value=\"200\">200<\/span><\/p>\n<p><span class=\"wpcf7-form-control-wrap dsgvo\"><span class=\"wpcf7-form-control wpcf7-acceptance\"><span class=\"wpcf7-list-item\"><label><input type=\"checkbox\" name=\"dsgvo\" value=\"1\" aria-invalid=\"false\" \/><span class=\"wpcf7-list-item-label\">Ich habe die <a href=\"https:\/\/www.uni-halle.de\/datenschutzerklaerung\" target=\"_blank\"> Datenschutzerkl\u00e4rung<\/a> zur Kenntnis genommen.*<\/span><\/label><\/span><\/span><\/span><i>I have read and understood the privacy policy.*<\/i><br \/>\n<br><\/p>\n<p><input type=\"submit\" value=\"Anmeldung absenden \/ submit registration\" class=\"wpcf7-form-control wpcf7-submit\" \/><\/p>\n<p>*Pflichtfeld<\/p>\n<div class=\"wpcf7-response-output\" aria-hidden=\"true\"><\/div><\/form><\/div>\n","protected":false},"excerpt":{"rendered":"<p>In diesem Webinar lernst du, wie ein solider Finanzplan aufgebaut ist, wie du deinen realen Kapitalbedarf ermittelst und welche Kennzahlen f\u00fcr dein Gesch\u00e4ftsmodell wirklich relevant sind. Die Veranstaltung ist Teil unserer Onlinereihe &#8222;Basic Gr\u00fcndungswissen&#8220;. \ud83d\udcc5 Datum: Montag, 27.04.2026\u23f0 Uhrzeit: 17:00-19:00 Uhr\ud83d\udccd Ort: Online<\/p>\n","protected":false},"author":6465,"featured_media":0,"parent":0,"menu_order":0,"comment_status":"closed","ping_status":"closed","template":"","meta":[],"_links":{"self":[{"href":"https:\/\/blogs.urz.uni-halle.de\/gruenderservice\/wp-json\/wp\/v2\/pages\/1455"}],"collection":[{"href":"https:\/\/blogs.urz.uni-halle.de\/gruenderservice\/wp-json\/wp\/v2\/pages"}],"about":[{"href":"https:\/\/blogs.urz.uni-halle.de\/gruenderservice\/wp-json\/wp\/v2\/types\/page"}],"author":[{"embeddable":true,"href":"https:\/\/blogs.urz.uni-halle.de\/gruenderservice\/wp-json\/wp\/v2\/users\/6465"}],"replies":[{"embeddable":true,"href":"https:\/\/blogs.urz.uni-halle.de\/gruenderservice\/wp-json\/wp\/v2\/comments?post=1455"}],"version-history":[{"count":3,"href":"https:\/\/blogs.urz.uni-halle.de\/gruenderservice\/wp-json\/wp\/v2\/pages\/1455\/revisions"}],"predecessor-version":[{"id":1469,"href":"https:\/\/blogs.urz.uni-halle.de\/gruenderservice\/wp-json\/wp\/v2\/pages\/1455\/revisions\/1469"}],"wp:attachment":[{"href":"https:\/\/blogs.urz.uni-halle.de\/gruenderservice\/wp-json\/wp\/v2\/media?parent=1455"}],"curies":[{"name":"wp","href":"https:\/\/api.w.org\/{rel}","templated":true}]}}