{"id":62,"date":"2016-04-28T12:03:28","date_gmt":"2016-04-28T10:03:28","guid":{"rendered":"https:\/\/blogs.urz.uni-halle.de\/gsworkshops\/?page_id=62"},"modified":"2016-04-28T12:16:36","modified_gmt":"2016-04-28T10:16:36","slug":"anmeldung-buchfuehrung-steuern","status":"publish","type":"page","link":"https:\/\/blogs.urz.uni-halle.de\/gsworkshops\/anmeldung-buchfuehrung-steuern\/","title":{"rendered":"Anmeldung zum 2-Tages-Workshop &#8222;Buchf\u00fchrung und Steuern f\u00fcr Gr\u00fcnder&#8220;"},"content":{"rendered":"<div class=\"twoclick_social_bookmarks_post_62 social_share_privacy clearfix 1.6.4 locale-de_DE sprite-de_DE\"><\/div><div class=\"twoclick-js\"><script type=\"text\/javascript\">\/* <![CDATA[ *\/\njQuery(document).ready(function($){if($('.twoclick_social_bookmarks_post_62')){$('.twoclick_social_bookmarks_post_62').socialSharePrivacy({\"txt_help\":\"Wenn Sie diese Felder durch einen Klick aktivieren, werden Informationen an Facebook, Twitter, Flattr, Xing, t3n, LinkedIn, Pinterest oder Google eventuell ins Ausland \\u00fcbertragen und unter Umst\\u00e4nden auch dort gespeichert. N\\u00e4heres erfahren Sie durch einen Klick auf das <em>i<\\\/em>.\",\"settings_perma\":\"Dauerhaft aktivieren und Daten\\u00fcber-tragung zustimmen:\",\"info_link\":\"http:\\\/\\\/www.heise.de\\\/ct\\\/artikel\\\/2-Klicks-fuer-mehr-Datenschutz-1333879.html\",\"uri\":\"https:\\\/\\\/blogs.urz.uni-halle.de\\\/gsworkshops\\\/anmeldung-buchfuehrung-steuern\\\/\",\"post_id\":62,\"post_title_referrer_track\":\"Anmeldung+zum+2-Tages-Workshop+%26%238222%3BBuchf%C3%BChrung+und+Steuern+f%C3%BCr+Gr%C3%BCnder%26%238220%3B\",\"display_infobox\":\"on\"});}});\n\/* ]]> *\/<\/script><\/div><p>In der zweit\u00e4gigen, aufeinander aufbauenden Veranstaltung werden den Teilnehmern theoretische Grundlagen in Verbindung mit praktischen Anwendungen zum Thema \u201eSteuern und Buchf\u00fchrung\u201c vorgestellt und die folgenden Eckpunkte er\u00f6rtert:<\/p>\n<ul>\n<li>Betriebswirtschaftliche Grundlagen Buchf\u00fchrung &amp;\u00a0Steuern<\/li>\n<li>B\u00fcroorganisation (Erstellung und Nutzung von Arbeitshilfen zur\u00a0Thematik)<\/li>\n<li>Korrekte Rechnungslegung \u2013 Pflichtbestandteil einer ordnungsgem\u00e4\u00dfen\u00a0Rechnung<\/li>\n<li>Praktische Umsetzung Steuern und\u00a0Buchf\u00fchrung<\/li>\n<li>Einnahmen-\u00dcberschuss-Rechnung als Gewinnermittlungsmethode f\u00fcr die Einkommenssteuererkl\u00e4rung und das\u00a0Finanzamt<\/li>\n<li>Kleinunternehmerregelung, Umsatzsteuer &amp;\u00a0Umsatzsteuer-Voranmeldung<\/li>\n<\/ul>\n<p style=\"text-align: left\"><em>Referentin: Sabine Wolff-Heinze, Diplom-Kauffrau \/ Steuerfachwirtin<\/em><\/p>\n<p style=\"text-align: left\"><strong>Ort: <\/strong>Seminarraum\u00a0Foyer im TGZ Halle (Weinbergweg\u00a023, 06120\u00a0Halle)<\/p>\n<p style=\"text-align: left\"><strong>Daten: <\/strong>Donnerstag, 26. Mai 2016 <span class=\"amp\">&amp;<\/span> 02. Juni 2016, 14:00 bis 18:00 Uhr<\/p>\n<p>Wir bitten um einen verbindliche Anmeldung mit folgenden Formular:<\/p>\n<div role=\"form\" class=\"wpcf7\" id=\"wpcf7-f65-o1\" lang=\"de-DE\" dir=\"ltr\">\n<div class=\"screen-reader-response\"><p role=\"status\" aria-live=\"polite\" aria-atomic=\"true\"><\/p> <ul><\/ul><\/div>\n<form action=\"\/gsworkshops\/wp-json\/wp\/v2\/pages\/62#wpcf7-f65-o1\" method=\"post\" class=\"wpcf7-form init\" novalidate=\"novalidate\" data-status=\"init\">\n<div style=\"display: none;\">\n<input type=\"hidden\" name=\"_wpcf7\" value=\"65\" \/>\n<input type=\"hidden\" name=\"_wpcf7_version\" value=\"5.3.2\" \/>\n<input type=\"hidden\" name=\"_wpcf7_locale\" value=\"de_DE\" \/>\n<input type=\"hidden\" name=\"_wpcf7_unit_tag\" value=\"wpcf7-f65-o1\" \/>\n<input type=\"hidden\" name=\"_wpcf7_container_post\" value=\"0\" \/>\n<input type=\"hidden\" name=\"_wpcf7_posted_data_hash\" value=\"\" \/>\n<input type=\"hidden\" name=\"_wpcf7dtx_version\" value=\"5.0.4\" \/>\n<input type=\"hidden\" name=\"_wpcf7cf_hidden_group_fields\" value=\"[]\" \/>\n<input type=\"hidden\" name=\"_wpcf7cf_hidden_groups\" value=\"[]\" \/>\n<input type=\"hidden\" name=\"_wpcf7cf_visible_groups\" value=\"[]\" \/>\n<input type=\"hidden\" name=\"_wpcf7cf_repeaters\" value=\"[]\" \/>\n<input type=\"hidden\" name=\"_wpcf7cf_steps\" value=\"{}\" \/>\n<input type=\"hidden\" name=\"_wpcf7cf_options\" value=\"{&quot;form_id&quot;:65,&quot;conditions&quot;:[],&quot;settings&quot;:{&quot;animation&quot;:&quot;yes&quot;,&quot;animation_intime&quot;:200,&quot;animation_outtime&quot;:200,&quot;conditions_ui&quot;:&quot;normal&quot;,&quot;notice_dismissed&quot;:false}}\" \/>\n<\/div>\n<p>Anrede* <br \/> <span class=\"wpcf7-form-control-wrap anrede\"><select name=\"anrede\" class=\"wpcf7-form-control wpcf7-select wpcf7-validates-as-required\" aria-required=\"true\" aria-invalid=\"false\"><option value=\"\">---<\/option><option value=\"Herr\">Herr<\/option><option value=\"Frau\">Frau<\/option><\/select><\/span> <br \/>\nAkademischer Grad <br \/> <span class=\"wpcf7-form-control-wrap grad\"><input type=\"text\" name=\"grad\" value=\"\" size=\"40\" class=\"wpcf7-form-control wpcf7-text\" aria-invalid=\"false\" \/><\/span> <br \/>\nVorname* <br \/> <span class=\"wpcf7-form-control-wrap vorname\"><input type=\"text\" name=\"vorname\" value=\"\" size=\"40\" class=\"wpcf7-form-control wpcf7-text wpcf7-validates-as-required\" aria-required=\"true\" aria-invalid=\"false\" \/><\/span> <br \/>\nNachname* <br \/> <span class=\"wpcf7-form-control-wrap nachname\"><input type=\"text\" name=\"nachname\" value=\"\" size=\"40\" class=\"wpcf7-form-control wpcf7-text wpcf7-validates-as-required\" aria-required=\"true\" aria-invalid=\"false\" \/><\/span> <br \/>\nE-Mail-Adresse* <br \/> <span class=\"wpcf7-form-control-wrap your-email\"><input type=\"email\" name=\"your-email\" value=\"\" size=\"40\" class=\"wpcf7-form-control wpcf7-text wpcf7-email wpcf7-validates-as-required wpcf7-validates-as-email\" aria-required=\"true\" aria-invalid=\"false\" \/><\/span> <br \/>\nTelefonnummer* <br \/> <span class=\"wpcf7-form-control-wrap telefon\"><input type=\"text\" name=\"telefon\" value=\"\" size=\"40\" class=\"wpcf7-form-control wpcf7-text wpcf7-validates-as-required\" aria-required=\"true\" aria-invalid=\"false\" \/><\/span> <\/p>\n<p><b>Ja, ich <span class=\"wpcf7-form-control-wrap workshop\"><span class=\"wpcf7-form-control wpcf7-checkbox wpcf7-validates-as-required\"><span class=\"wpcf7-list-item first last\"><input type=\"checkbox\" name=\"workshop[]\" value=\"nehme teil\" \/><span class=\"wpcf7-list-item-label\">nehme teil<\/span><\/span><\/span><\/span> am zweit\u00e4gigen Workshop* <br \/>\n\"Buchf\u00fchrung <span class=\"amp\">&amp;<\/span> Steuern f\u00fcr Gr\u00fcnder\". <\/b><\/p>\n<p>Anmerkungen<br \/> <span class=\"wpcf7-form-control-wrap your-message\"><textarea name=\"your-message\" cols=\"40\" rows=\"10\" class=\"wpcf7-form-control wpcf7-textarea\" aria-invalid=\"false\"><\/textarea><\/span> <\/p>\n<p><input type=\"submit\" value=\"Anmelden\" class=\"wpcf7-form-control wpcf7-submit\" \/><\/p>\n<div class=\"wpcf7-response-output\" aria-hidden=\"true\"><\/div><\/form><\/div>\n","protected":false},"excerpt":{"rendered":"<p>In der zweit\u00e4gigen, aufeinander aufbauenden Veranstaltung werden den Teilnehmern theoretische Grundlagen in Verbindung mit praktischen Anwendungen zum Thema \u201eSteuern und Buchf\u00fchrung\u201c vorgestellt und die folgenden Eckpunkte er\u00f6rtert: Betriebswirtschaftliche Grundlagen Buchf\u00fchrung [&hellip;]<\/p>\n","protected":false},"author":2416,"featured_media":0,"parent":0,"menu_order":0,"comment_status":"closed","ping_status":"closed","template":"","meta":[],"_links":{"self":[{"href":"https:\/\/blogs.urz.uni-halle.de\/gsworkshops\/wp-json\/wp\/v2\/pages\/62"}],"collection":[{"href":"https:\/\/blogs.urz.uni-halle.de\/gsworkshops\/wp-json\/wp\/v2\/pages"}],"about":[{"href":"https:\/\/blogs.urz.uni-halle.de\/gsworkshops\/wp-json\/wp\/v2\/types\/page"}],"author":[{"embeddable":true,"href":"https:\/\/blogs.urz.uni-halle.de\/gsworkshops\/wp-json\/wp\/v2\/users\/2416"}],"replies":[{"embeddable":true,"href":"https:\/\/blogs.urz.uni-halle.de\/gsworkshops\/wp-json\/wp\/v2\/comments?post=62"}],"version-history":[{"count":10,"href":"https:\/\/blogs.urz.uni-halle.de\/gsworkshops\/wp-json\/wp\/v2\/pages\/62\/revisions"}],"predecessor-version":[{"id":73,"href":"https:\/\/blogs.urz.uni-halle.de\/gsworkshops\/wp-json\/wp\/v2\/pages\/62\/revisions\/73"}],"wp:attachment":[{"href":"https:\/\/blogs.urz.uni-halle.de\/gsworkshops\/wp-json\/wp\/v2\/media?parent=62"}],"curies":[{"name":"wp","href":"https:\/\/api.w.org\/{rel}","templated":true}]}}