{"id":94,"date":"2022-07-18T19:07:00","date_gmt":"2022-07-18T17:07:00","guid":{"rendered":"https:\/\/blogs.urz.uni-halle.de\/hagstanuk\/?page_id=94"},"modified":"2022-07-18T20:30:08","modified_gmt":"2022-07-18T18:30:08","slug":"startseite","status":"publish","type":"page","link":"https:\/\/blogs.urz.uni-halle.de\/hagstanuk\/","title":{"rendered":"Tauch ein!"},"content":{"rendered":"\t\t<div data-elementor-type=\"wp-page\" data-elementor-id=\"94\" class=\"elementor elementor-94\" data-elementor-settings=\"[]\">\n\t\t\t\t\t\t\t<div class=\"elementor-section-wrap\">\n\t\t\t\t\t\t\t<section class=\"elementor-section elementor-top-section elementor-element elementor-element-995dc8f elementor-section-boxed elementor-section-height-default elementor-section-height-default\" data-id=\"995dc8f\" data-element_type=\"section\">\n\t\t\t\t\t\t<div class=\"elementor-container elementor-column-gap-default\">\n\t\t\t\t\t<div class=\"elementor-column elementor-col-100 elementor-top-column elementor-element elementor-element-6f59c22\" data-id=\"6f59c22\" data-element_type=\"column\">\n\t\t\t<div class=\"elementor-widget-wrap elementor-element-populated\">\n\t\t\t\t\t\t\t\t<div class=\"elementor-element elementor-element-b46e5d8 elementor-widget elementor-widget-text-editor\" data-id=\"b46e5d8\" data-element_type=\"widget\" data-widget_type=\"text-editor.default\">\n\t\t\t\t<div class=\"elementor-widget-container\">\n\t\t\t\t\t<div class=\"elementor-text-editor elementor-clearfix\"><h4 style=\"text-align: center\"><span style=\"color: #000000\">&#8222;The world is your oyster.&#8220; &#8211; Ein gefl\u00fcgeltes Wort aus \u00dcbersee. Doch was soll das genau bedeuten? Sollen wir die Welt auf Eis legen, aufbrechen und mit Zitrone schl\u00fcrfen? Ich wei\u00df es nicht. Du wei\u00dft es nicht. Aber was wir wissen:<\/span><\/h4><\/div>\n\t\t\t\t<\/div>\n\t\t\t\t<\/div>\n\t\t\t\t<div class=\"elementor-element elementor-element-d0e7219 elementor-widget elementor-widget-spacer\" data-id=\"d0e7219\" data-element_type=\"widget\" data-widget_type=\"spacer.default\">\n\t\t\t\t<div class=\"elementor-widget-container\">\n\t\t\t\t\t<div class=\"elementor-spacer\">\n\t\t\t<div class=\"elementor-spacer-inner\"><\/div>\n\t\t<\/div>\n\t\t\t\t<\/div>\n\t\t\t\t<\/div>\n\t\t\t\t<div class=\"elementor-element elementor-element-18b01f9 elementor-widget elementor-widget-image\" data-id=\"18b01f9\" data-element_type=\"widget\" data-widget_type=\"image.default\">\n\t\t\t\t<div class=\"elementor-widget-container\">\n\t\t\t\t\t<div class=\"elementor-image\">\n\t\t\t\t\t\t\t\t\t\t<img width=\"300\" height=\"151\" src=\"https:\/\/blogs.urz.uni-halle.de\/hagstanuk\/files\/2022\/07\/anemone-2027735-300x151.png\" class=\"attachment-medium size-medium\" alt=\"\" loading=\"lazy\" srcset=\"https:\/\/blogs.urz.uni-halle.de\/hagstanuk\/files\/2022\/07\/anemone-2027735-300x151.png 300w, https:\/\/blogs.urz.uni-halle.de\/hagstanuk\/files\/2022\/07\/anemone-2027735-1024x514.png 1024w, https:\/\/blogs.urz.uni-halle.de\/hagstanuk\/files\/2022\/07\/anemone-2027735-768x386.png 768w, https:\/\/blogs.urz.uni-halle.de\/hagstanuk\/files\/2022\/07\/anemone-2027735-1536x771.png 1536w, https:\/\/blogs.urz.uni-halle.de\/hagstanuk\/files\/2022\/07\/anemone-2027735.png 1920w\" sizes=\"(max-width: 300px) 100vw, 300px\" \/>\t\t\t\t\t\t\t\t\t\t\t<\/div>\n\t\t\t\t<\/div>\n\t\t\t\t<\/div>\n\t\t\t\t\t<\/div>\n\t\t<\/div>\n\t\t\t\t\t\t\t<\/div>\n\t\t<\/section>\n\t\t\t\t<section class=\"elementor-section elementor-top-section elementor-element elementor-element-6f80bc7 elementor-section-boxed elementor-section-height-default elementor-section-height-default\" data-id=\"6f80bc7\" data-element_type=\"section\">\n\t\t\t\t\t\t<div class=\"elementor-container elementor-column-gap-default\">\n\t\t\t\t\t<div class=\"elementor-column elementor-col-100 elementor-top-column elementor-element elementor-element-69036af\" data-id=\"69036af\" data-element_type=\"column\">\n\t\t\t<div class=\"elementor-widget-wrap elementor-element-populated\">\n\t\t\t\t\t\t\t\t<div class=\"elementor-element elementor-element-aea5f48 elementor-widget elementor-widget-text-editor\" data-id=\"aea5f48\" data-element_type=\"widget\" data-widget_type=\"text-editor.default\">\n\t\t\t\t<div class=\"elementor-widget-container\">\n\t\t\t\t\t<div class=\"elementor-text-editor elementor-clearfix\"><h4 style=\"text-align: center\"><span style=\"color: #000000\">Diese Website ist eine Auster, die eine wahre Perle f\u00fcr H\u00f6rspielconnoisseure versteckt h\u00e4lt. Wenn du also ein auditiver Perlentaucher bist, schnall dir dein Schnorchelset, aka Headset, um und begib dich auf die Suche danach. Denn auch wie die lebenden Kalkb\u00f6rsen der Tiefsee geben wir unseren Schatz auch nicht\u00a0 leicht Preis. Wenn du an unsere Perle willst (PHRASING!), musst du auch erstmal graben und knacken. Denn das gute St\u00fcck liegt nat\u00fcrlich nicht auf dieser Homepage sondern auf einem anderen Reiter.<\/span><\/h4><\/div>\n\t\t\t\t<\/div>\n\t\t\t\t<\/div>\n\t\t\t\t\t<\/div>\n\t\t<\/div>\n\t\t\t\t\t\t\t<\/div>\n\t\t<\/section>\n\t\t\t\t<section class=\"elementor-section elementor-top-section elementor-element elementor-element-ee5f79e elementor-section-boxed elementor-section-height-default elementor-section-height-default\" data-id=\"ee5f79e\" data-element_type=\"section\">\n\t\t\t\t\t\t<div class=\"elementor-container elementor-column-gap-default\">\n\t\t\t\t\t<div class=\"elementor-column elementor-col-100 elementor-top-column elementor-element elementor-element-3022052\" data-id=\"3022052\" data-element_type=\"column\">\n\t\t\t<div class=\"elementor-widget-wrap elementor-element-populated\">\n\t\t\t\t\t\t\t\t<div class=\"elementor-element elementor-element-2c2b9bc elementor-widget elementor-widget-image\" data-id=\"2c2b9bc\" data-element_type=\"widget\" data-widget_type=\"image.default\">\n\t\t\t\t<div class=\"elementor-widget-container\">\n\t\t\t\t\t<div class=\"elementor-image\">\n\t\t\t\t\t\t\t\t\t\t<img width=\"1024\" height=\"512\" src=\"https:\/\/blogs.urz.uni-halle.de\/hagstanuk\/files\/2022\/07\/scuba-diving-147683-1024x512.png\" class=\"attachment-large size-large\" alt=\"\" loading=\"lazy\" srcset=\"https:\/\/blogs.urz.uni-halle.de\/hagstanuk\/files\/2022\/07\/scuba-diving-147683-1024x512.png 1024w, https:\/\/blogs.urz.uni-halle.de\/hagstanuk\/files\/2022\/07\/scuba-diving-147683-300x150.png 300w, https:\/\/blogs.urz.uni-halle.de\/hagstanuk\/files\/2022\/07\/scuba-diving-147683-768x384.png 768w, https:\/\/blogs.urz.uni-halle.de\/hagstanuk\/files\/2022\/07\/scuba-diving-147683-1536x768.png 1536w, https:\/\/blogs.urz.uni-halle.de\/hagstanuk\/files\/2022\/07\/scuba-diving-147683.png 1920w\" sizes=\"(max-width: 1024px) 100vw, 1024px\" \/>\t\t\t\t\t\t\t\t\t\t\t<\/div>\n\t\t\t\t<\/div>\n\t\t\t\t<\/div>\n\t\t\t\t\t<\/div>\n\t\t<\/div>\n\t\t\t\t\t\t\t<\/div>\n\t\t<\/section>\n\t\t\t\t<section class=\"elementor-section elementor-top-section elementor-element elementor-element-da9d733 elementor-section-boxed elementor-section-height-default elementor-section-height-default\" data-id=\"da9d733\" data-element_type=\"section\">\n\t\t\t\t\t\t<div class=\"elementor-container elementor-column-gap-default\">\n\t\t\t\t\t\t\t\t<\/div>\n\t\t<\/section>\n\t\t\t\t<section class=\"elementor-section elementor-top-section elementor-element elementor-element-39a7e52 elementor-section-boxed elementor-section-height-default elementor-section-height-default\" data-id=\"39a7e52\" data-element_type=\"section\">\n\t\t\t\t\t\t<div class=\"elementor-container elementor-column-gap-default\">\n\t\t\t\t\t<div class=\"elementor-column elementor-col-100 elementor-top-column elementor-element elementor-element-1d38630\" data-id=\"1d38630\" data-element_type=\"column\">\n\t\t\t<div class=\"elementor-widget-wrap elementor-element-populated\">\n\t\t\t\t\t\t\t\t<div class=\"elementor-element elementor-element-507084f elementor-widget elementor-widget-text-editor\" data-id=\"507084f\" data-element_type=\"widget\" data-widget_type=\"text-editor.default\">\n\t\t\t\t<div class=\"elementor-widget-container\">\n\t\t\t\t\t<div class=\"elementor-text-editor elementor-clearfix\"><h1 style=\"text-align: center\"><span style=\"color: #33cccc\"><strong>Petri Heil, oder so !<\/strong><\/span><\/h1><\/div>\n\t\t\t\t<\/div>\n\t\t\t\t<\/div>\n\t\t\t\t\t<\/div>\n\t\t<\/div>\n\t\t\t\t\t\t\t<\/div>\n\t\t<\/section>\n\t\t\t\t<section class=\"elementor-section elementor-top-section elementor-element elementor-element-c96b898 elementor-section-boxed elementor-section-height-default elementor-section-height-default\" data-id=\"c96b898\" data-element_type=\"section\">\n\t\t\t\t\t\t<div class=\"elementor-container elementor-column-gap-default\">\n\t\t\t\t\t<div class=\"elementor-column elementor-col-100 elementor-top-column elementor-element elementor-element-f6945aa\" data-id=\"f6945aa\" data-element_type=\"column\">\n\t\t\t<div class=\"elementor-widget-wrap elementor-element-populated\">\n\t\t\t\t\t\t\t\t<div class=\"elementor-element elementor-element-596d979 elementor-widget__width-inherit elementor-fixed elementor-widget elementor-widget-image\" data-id=\"596d979\" data-element_type=\"widget\" data-settings=\"{&quot;_position&quot;:&quot;fixed&quot;}\" data-widget_type=\"image.default\">\n\t\t\t\t<div class=\"elementor-widget-container\">\n\t\t\t\t\t<div class=\"elementor-image\">\n\t\t\t\t\t\t\t\t\t\t<img width=\"1920\" height=\"960\" src=\"https:\/\/blogs.urz.uni-halle.de\/hagstanuk\/files\/2022\/07\/blue-309761.png\" class=\"attachment-full size-full\" alt=\"\" loading=\"lazy\" srcset=\"https:\/\/blogs.urz.uni-halle.de\/hagstanuk\/files\/2022\/07\/blue-309761.png 1920w, https:\/\/blogs.urz.uni-halle.de\/hagstanuk\/files\/2022\/07\/blue-309761-300x150.png 300w, https:\/\/blogs.urz.uni-halle.de\/hagstanuk\/files\/2022\/07\/blue-309761-1024x512.png 1024w, https:\/\/blogs.urz.uni-halle.de\/hagstanuk\/files\/2022\/07\/blue-309761-768x384.png 768w, https:\/\/blogs.urz.uni-halle.de\/hagstanuk\/files\/2022\/07\/blue-309761-1536x768.png 1536w\" sizes=\"(max-width: 1920px) 100vw, 1920px\" \/>\t\t\t\t\t\t\t\t\t\t\t<\/div>\n\t\t\t\t<\/div>\n\t\t\t\t<\/div>\n\t\t\t\t\t<\/div>\n\t\t<\/div>\n\t\t\t\t\t\t\t<\/div>\n\t\t<\/section>\n\t\t\t\t<section class=\"elementor-section elementor-top-section elementor-element elementor-element-ba649d2 elementor-section-boxed elementor-section-height-default elementor-section-height-default\" data-id=\"ba649d2\" data-element_type=\"section\">\n\t\t\t\t\t\t<div class=\"elementor-container elementor-column-gap-default\">\n\t\t\t\t\t<div class=\"elementor-column elementor-col-100 elementor-top-column elementor-element elementor-element-2b087e2\" data-id=\"2b087e2\" data-element_type=\"column\">\n\t\t\t<div class=\"elementor-widget-wrap elementor-element-populated\">\n\t\t\t\t\t\t\t\t<div class=\"elementor-element elementor-element-4826549 elementor-widget elementor-widget-spacer\" data-id=\"4826549\" data-element_type=\"widget\" data-widget_type=\"spacer.default\">\n\t\t\t\t<div class=\"elementor-widget-container\">\n\t\t\t\t\t<div class=\"elementor-spacer\">\n\t\t\t<div class=\"elementor-spacer-inner\"><\/div>\n\t\t<\/div>\n\t\t\t\t<\/div>\n\t\t\t\t<\/div>\n\t\t\t\t\t<\/div>\n\t\t<\/div>\n\t\t\t\t\t\t\t<\/div>\n\t\t<\/section>\n\t\t\t\t\t\t<\/div>\n\t\t\t\t\t<\/div>\n\t\t","protected":false},"excerpt":{"rendered":"<p>&#8222;The world is your oyster.&#8220; &#8211; Ein gefl\u00fcgeltes Wort aus \u00dcbersee. Doch was soll das genau bedeuten? Sollen wir die Welt auf Eis legen, aufbrechen und mit Zitrone schl\u00fcrfen? Ich wei\u00df es nicht. Du wei\u00dft es nicht. Aber was wir wissen: Diese Website ist eine Auster, die eine wahre Perle f\u00fcr H\u00f6rspielconnoisseure versteckt h\u00e4lt. Wenn &#8230; <a title=\"Tauch ein!\" class=\"read-more\" href=\"https:\/\/blogs.urz.uni-halle.de\/hagstanuk\/\">Weiterlesen <span class=\"screen-reader-text\">Tauch ein!<\/span><\/a><\/p>\n","protected":false},"author":5433,"featured_media":0,"parent":0,"menu_order":0,"comment_status":"closed","ping_status":"closed","template":"","meta":[],"_links":{"self":[{"href":"https:\/\/blogs.urz.uni-halle.de\/hagstanuk\/wp-json\/wp\/v2\/pages\/94"}],"collection":[{"href":"https:\/\/blogs.urz.uni-halle.de\/hagstanuk\/wp-json\/wp\/v2\/pages"}],"about":[{"href":"https:\/\/blogs.urz.uni-halle.de\/hagstanuk\/wp-json\/wp\/v2\/types\/page"}],"author":[{"embeddable":true,"href":"https:\/\/blogs.urz.uni-halle.de\/hagstanuk\/wp-json\/wp\/v2\/users\/5433"}],"replies":[{"embeddable":true,"href":"https:\/\/blogs.urz.uni-halle.de\/hagstanuk\/wp-json\/wp\/v2\/comments?post=94"}],"version-history":[{"count":10,"href":"https:\/\/blogs.urz.uni-halle.de\/hagstanuk\/wp-json\/wp\/v2\/pages\/94\/revisions"}],"predecessor-version":[{"id":188,"href":"https:\/\/blogs.urz.uni-halle.de\/hagstanuk\/wp-json\/wp\/v2\/pages\/94\/revisions\/188"}],"wp:attachment":[{"href":"https:\/\/blogs.urz.uni-halle.de\/hagstanuk\/wp-json\/wp\/v2\/media?parent=94"}],"curies":[{"name":"wp","href":"https:\/\/api.w.org\/{rel}","templated":true}]}}