{"id":47,"date":"2020-12-29T12:44:11","date_gmt":"2020-12-29T11:44:11","guid":{"rendered":"https:\/\/blogs.urz.uni-halle.de\/halleforniaartblog\/?page_id=47"},"modified":"2020-12-29T13:16:24","modified_gmt":"2020-12-29T12:16:24","slug":"tattoo-styles","status":"publish","type":"page","link":"https:\/\/blogs.urz.uni-halle.de\/halleforniaartblog\/tattoo-styles\/","title":{"rendered":"Tattoo Styles"},"content":{"rendered":"\n<h2>Welche Tattoo Stile gibt es und was sind ihre Bedeutungen?<\/h2>\n\n\n\n<h3>Eine Kurzvorstellung, welche Stilrichtungen es gibt was sie ausmacht<\/h3>\n\n\n\n<p>Z<em>ahlreiche Stilrichtungen tummeln sich in der Tattoo Szene. Da man sich oft auch einfach nur ein Motiv aussucht, weil es einem gef\u00e4llt, helfen wir dir, dein Wunschmotiv oder bereits gestochenes Tattoo richtig einzuordnen. Wir stellen dir die wichtigsten Stile kurz und knackig vor:&nbsp;<\/em><\/p>\n\n\n\n<h4>Black &amp; Grey<\/h4>\n\n\n\n<p>Charakteristisch f\u00fcr Black and Grey Tattoos sind die dunklen Outlines mit den feinen Schattierungen. So beeindrucken Black &amp; Grey Tattoos ganz\u202fohne Farben, da ausschlie\u00dflich Schwarz in den unterschiedlichsten Grauabstufungen genutzt wird.\u202f&nbsp;<br>Mit den zeitlosen Black &amp; Grey Tattoos k\u00f6nnen sowohl starke Kontraste als auch\u202fdie typischerweise sehr sanften \u00dcberg\u00e4nge geschaffen werden. Black &amp; Grey Tattoos\u202fsind f\u00fcr jeden Hauttyp geeignet\u202fund kommen auch bei dunkleren Hauttypen ebenso gut zur Geltung. &nbsp;<\/p>\n\n\n\n<figure class=\"wp-block-gallery columns-2 is-cropped\"><ul class=\"blocks-gallery-grid\"><li class=\"blocks-gallery-item\"><figure><img loading=\"lazy\" width=\"918\" height=\"982\" src=\"https:\/\/blogs.urz.uni-halle.de\/halleforniaartblog\/files\/2020\/12\/8d34e1abdd830d760521fcf67a8c62b7.jpg\" alt=\"\" data-id=\"57\" data-link=\"https:\/\/blogs.urz.uni-halle.de\/halleforniaartblog\/tattoo-styles\/8d34e1abdd830d760521fcf67a8c62b7\/\" class=\"wp-image-57\" srcset=\"https:\/\/blogs.urz.uni-halle.de\/halleforniaartblog\/files\/2020\/12\/8d34e1abdd830d760521fcf67a8c62b7.jpg 918w, https:\/\/blogs.urz.uni-halle.de\/halleforniaartblog\/files\/2020\/12\/8d34e1abdd830d760521fcf67a8c62b7-280x300.jpg 280w, https:\/\/blogs.urz.uni-halle.de\/halleforniaartblog\/files\/2020\/12\/8d34e1abdd830d760521fcf67a8c62b7-768x822.jpg 768w\" sizes=\"(max-width: 918px) 100vw, 918px\" \/><\/figure><\/li><li class=\"blocks-gallery-item\"><figure><img loading=\"lazy\" width=\"822\" height=\"1024\" src=\"https:\/\/blogs.urz.uni-halle.de\/halleforniaartblog\/files\/2020\/12\/OIP-822x1024.jpg\" alt=\"\" data-id=\"59\" data-full-url=\"https:\/\/blogs.urz.uni-halle.de\/halleforniaartblog\/files\/2020\/12\/OIP.jpg\" data-link=\"https:\/\/blogs.urz.uni-halle.de\/halleforniaartblog\/tattoo-styles\/oip\/\" class=\"wp-image-59\" srcset=\"https:\/\/blogs.urz.uni-halle.de\/halleforniaartblog\/files\/2020\/12\/OIP-822x1024.jpg 822w, https:\/\/blogs.urz.uni-halle.de\/halleforniaartblog\/files\/2020\/12\/OIP-241x300.jpg 241w, https:\/\/blogs.urz.uni-halle.de\/halleforniaartblog\/files\/2020\/12\/OIP-768x956.jpg 768w, https:\/\/blogs.urz.uni-halle.de\/halleforniaartblog\/files\/2020\/12\/OIP.jpg 1076w\" sizes=\"(max-width: 822px) 100vw, 822px\" \/><\/figure><\/li><\/ul><\/figure>\n\n\n\n<h4>Realistic<\/h4>\n\n\n\n<p>Der Fokus der Realistic Tattoos liegt oft auf Gesichtern, Tieren, Landschaften oder verschiedenen Objekten, um ein detailgetreues und t\u00e4uschend echtes Kunstwerk zu erschaffen.\u202fMit einem Foto\u202fund dem richtigen\u202fK\u00fcnstler\u202fkannst du zu Ehren deines Idols, deines\u202fgeliebten Haustieres\u202foder einer erstaunlichen\u202fLandschaft aus deinem Urlaub ein wahres\u202fKunstwerk\u202fauf deiner Haut\u202fkreieren, welches dich und deine \u202fMitmenschen \u202fgarantiert \u202fzum \u202fStaunen \u202fbringt.\u202f\u202f\u202f<\/p>\n\n\n\n<figure class=\"wp-block-gallery columns-2 is-cropped\"><ul class=\"blocks-gallery-grid\"><li class=\"blocks-gallery-item\"><figure><img loading=\"lazy\" width=\"794\" height=\"1024\" src=\"https:\/\/blogs.urz.uni-halle.de\/halleforniaartblog\/files\/2020\/12\/steve-butcher-basket6-1-794x1024.jpg\" alt=\"\" data-id=\"60\" data-link=\"https:\/\/blogs.urz.uni-halle.de\/halleforniaartblog\/tattoo-styles\/steve-butcher-basket6-1\/\" class=\"wp-image-60\" srcset=\"https:\/\/blogs.urz.uni-halle.de\/halleforniaartblog\/files\/2020\/12\/steve-butcher-basket6-1-794x1024.jpg 794w, https:\/\/blogs.urz.uni-halle.de\/halleforniaartblog\/files\/2020\/12\/steve-butcher-basket6-1-233x300.jpg 233w, https:\/\/blogs.urz.uni-halle.de\/halleforniaartblog\/files\/2020\/12\/steve-butcher-basket6-1-768x990.jpg 768w, https:\/\/blogs.urz.uni-halle.de\/halleforniaartblog\/files\/2020\/12\/steve-butcher-basket6-1.jpg 829w\" sizes=\"(max-width: 794px) 100vw, 794px\" \/><\/figure><\/li><li class=\"blocks-gallery-item\"><figure><img loading=\"lazy\" width=\"880\" height=\"880\" src=\"https:\/\/blogs.urz.uni-halle.de\/halleforniaartblog\/files\/2020\/12\/realistic-tattoo-by-benji-rocketlauncha-16.jpg\" alt=\"\" data-id=\"61\" data-full-url=\"https:\/\/blogs.urz.uni-halle.de\/halleforniaartblog\/files\/2020\/12\/realistic-tattoo-by-benji-rocketlauncha-16.jpg\" data-link=\"https:\/\/blogs.urz.uni-halle.de\/halleforniaartblog\/tattoo-styles\/realistic-tattoo-by-benji-rocketlauncha-16\/\" class=\"wp-image-61\" srcset=\"https:\/\/blogs.urz.uni-halle.de\/halleforniaartblog\/files\/2020\/12\/realistic-tattoo-by-benji-rocketlauncha-16.jpg 880w, https:\/\/blogs.urz.uni-halle.de\/halleforniaartblog\/files\/2020\/12\/realistic-tattoo-by-benji-rocketlauncha-16-300x300.jpg 300w, https:\/\/blogs.urz.uni-halle.de\/halleforniaartblog\/files\/2020\/12\/realistic-tattoo-by-benji-rocketlauncha-16-150x150.jpg 150w, https:\/\/blogs.urz.uni-halle.de\/halleforniaartblog\/files\/2020\/12\/realistic-tattoo-by-benji-rocketlauncha-16-768x768.jpg 768w, https:\/\/blogs.urz.uni-halle.de\/halleforniaartblog\/files\/2020\/12\/realistic-tattoo-by-benji-rocketlauncha-16-500x500.jpg 500w\" sizes=\"(max-width: 880px) 100vw, 880px\" \/><\/figure><\/li><\/ul><\/figure>\n\n\n\n<h4>Old School (Traditional)&nbsp;<\/h4>\n\n\n\n<p>Old School Tattoos geh\u00f6ren zu den \u00e4lteren Stilrichtungen und\u202fsind\u202fvon patriotischen Symbolen gepr\u00e4gt. Herze, Dolche, Pistolen, Rosen oder Schiffe\u202fwerden mit dem Old School Stil in Verbindung gebracht.\u202fViele dieser\u202fMotive haben ihre ganz eigene und individuelle Bedeutung und sind gerade deshalb eine beliebte Wahl\u202fbeim T\u00e4towieren. &nbsp;<br>Der Grund f\u00fcr die auff\u00e4lligen Motive liegt vor allem darin, dass die damaligen\u202fT\u00e4towier Techniken\u202fsich sehr von den heutigen unterscheiden. Die Qualit\u00e4t der Maschinen und der Tinte war nicht besonders hochwertig, die Motive wurden simpel und auff\u00e4llig gehalten, damit sie auch nach l\u00e4ngerer Zeit noch nach etwas aussahen.\u202f<\/p>\n\n\n\n<figure class=\"wp-block-gallery columns-2 is-cropped\"><ul class=\"blocks-gallery-grid\"><li class=\"blocks-gallery-item\"><figure><img loading=\"lazy\" width=\"1000\" height=\"1000\" src=\"https:\/\/blogs.urz.uni-halle.de\/halleforniaartblog\/files\/2020\/12\/old-school_1539754583.jpg\" alt=\"\" data-id=\"62\" data-link=\"https:\/\/blogs.urz.uni-halle.de\/halleforniaartblog\/tattoo-styles\/old-school_1539754583\/\" class=\"wp-image-62\" srcset=\"https:\/\/blogs.urz.uni-halle.de\/halleforniaartblog\/files\/2020\/12\/old-school_1539754583.jpg 1000w, https:\/\/blogs.urz.uni-halle.de\/halleforniaartblog\/files\/2020\/12\/old-school_1539754583-300x300.jpg 300w, https:\/\/blogs.urz.uni-halle.de\/halleforniaartblog\/files\/2020\/12\/old-school_1539754583-150x150.jpg 150w, https:\/\/blogs.urz.uni-halle.de\/halleforniaartblog\/files\/2020\/12\/old-school_1539754583-768x768.jpg 768w, https:\/\/blogs.urz.uni-halle.de\/halleforniaartblog\/files\/2020\/12\/old-school_1539754583-500x500.jpg 500w\" sizes=\"(max-width: 1000px) 100vw, 1000px\" \/><\/figure><\/li><li class=\"blocks-gallery-item\"><figure><img loading=\"lazy\" width=\"474\" height=\"592\" src=\"https:\/\/blogs.urz.uni-halle.de\/halleforniaartblog\/files\/2020\/12\/OIP-1.jpg\" alt=\"\" data-id=\"63\" data-full-url=\"https:\/\/blogs.urz.uni-halle.de\/halleforniaartblog\/files\/2020\/12\/OIP-1.jpg\" data-link=\"https:\/\/blogs.urz.uni-halle.de\/halleforniaartblog\/tattoo-styles\/oip-1\/\" class=\"wp-image-63\" srcset=\"https:\/\/blogs.urz.uni-halle.de\/halleforniaartblog\/files\/2020\/12\/OIP-1.jpg 474w, https:\/\/blogs.urz.uni-halle.de\/halleforniaartblog\/files\/2020\/12\/OIP-1-240x300.jpg 240w\" sizes=\"(max-width: 474px) 100vw, 474px\" \/><\/figure><\/li><\/ul><\/figure>\n\n\n\n<h4>Blackwork &nbsp;<\/h4>\n\n\n\n<p>werden ausschlie\u00dflich in reinem\u202fSchwarz gestochen. Sie zeichnen sich durch grafische Elemente, vereinfachte Formen und kontrastreiche Linien aus. So verk\u00f6rpert Blackwork\u202fgleich\u202fviele verschiedene Stilrichtungen.\u202fAu\u00dferdem erfreuen sie sich einer gro\u00dfen Bandbreite, sodass\u202fsich so gut\u202fwie jedes Motiv als Blackwork Tattoo umsetzen l\u00e4sst.\u202f&nbsp;<\/p>\n\n\n\n<figure class=\"wp-block-gallery columns-2 is-cropped\"><ul class=\"blocks-gallery-grid\"><li class=\"blocks-gallery-item\"><figure><img loading=\"lazy\" width=\"474\" height=\"474\" src=\"https:\/\/blogs.urz.uni-halle.de\/halleforniaartblog\/files\/2020\/12\/OIP-3.jpg\" alt=\"\" data-id=\"67\" data-full-url=\"https:\/\/blogs.urz.uni-halle.de\/halleforniaartblog\/files\/2020\/12\/OIP-3.jpg\" data-link=\"https:\/\/blogs.urz.uni-halle.de\/halleforniaartblog\/tattoo-styles\/oip-3\/\" class=\"wp-image-67\" srcset=\"https:\/\/blogs.urz.uni-halle.de\/halleforniaartblog\/files\/2020\/12\/OIP-3.jpg 474w, https:\/\/blogs.urz.uni-halle.de\/halleforniaartblog\/files\/2020\/12\/OIP-3-300x300.jpg 300w, https:\/\/blogs.urz.uni-halle.de\/halleforniaartblog\/files\/2020\/12\/OIP-3-150x150.jpg 150w\" sizes=\"(max-width: 474px) 100vw, 474px\" \/><\/figure><\/li><li class=\"blocks-gallery-item\"><figure><img loading=\"lazy\" width=\"474\" height=\"583\" src=\"https:\/\/blogs.urz.uni-halle.de\/halleforniaartblog\/files\/2020\/12\/OIP-2.jpg\" alt=\"\" data-id=\"69\" data-full-url=\"https:\/\/blogs.urz.uni-halle.de\/halleforniaartblog\/files\/2020\/12\/OIP-2.jpg\" data-link=\"https:\/\/blogs.urz.uni-halle.de\/halleforniaartblog\/tattoo-styles\/oip-2\/\" class=\"wp-image-69\" srcset=\"https:\/\/blogs.urz.uni-halle.de\/halleforniaartblog\/files\/2020\/12\/OIP-2.jpg 474w, https:\/\/blogs.urz.uni-halle.de\/halleforniaartblog\/files\/2020\/12\/OIP-2-244x300.jpg 244w\" sizes=\"(max-width: 474px) 100vw, 474px\" \/><\/figure><\/li><\/ul><\/figure>\n\n\n\n<h4>Fineline&nbsp;<\/h4>\n\n\n\n<p>Sie wirken sehr fein, sind pr\u00e4zise gestochen und feiern heute ihr Comeback. Am h\u00e4ufigsten sind&nbsp;Fineline T\u00e4towierungen&nbsp;als kleine und freistehende Motive zu sehen, jedoch kann auch \u00fcber gro\u00dfe Fl\u00e4chen ein ganzes Fineline Kunstwerk entstehen.\u202fIn diesem Stil sind feinste Grauabstufungen m\u00f6glich.\u202fZusammen mit einer dezenten und monochromen Farbgebung wirken die Tattoos \u00e4u\u00dferst elegant und zart auf deiner Haut.<\/p>\n\n\n\n<figure class=\"wp-block-gallery columns-2 is-cropped\"><ul class=\"blocks-gallery-grid\"><li class=\"blocks-gallery-item\"><figure><img loading=\"lazy\" width=\"750\" height=\"750\" src=\"https:\/\/blogs.urz.uni-halle.de\/halleforniaartblog\/files\/2020\/12\/fine-line-tattoos-a-b-m-4.jpg\" alt=\"\" data-id=\"66\" data-full-url=\"https:\/\/blogs.urz.uni-halle.de\/halleforniaartblog\/files\/2020\/12\/fine-line-tattoos-a-b-m-4.jpg\" data-link=\"https:\/\/blogs.urz.uni-halle.de\/halleforniaartblog\/tattoo-styles\/fine-line-tattoos-a-b-m-4\/\" class=\"wp-image-66\" srcset=\"https:\/\/blogs.urz.uni-halle.de\/halleforniaartblog\/files\/2020\/12\/fine-line-tattoos-a-b-m-4.jpg 750w, https:\/\/blogs.urz.uni-halle.de\/halleforniaartblog\/files\/2020\/12\/fine-line-tattoos-a-b-m-4-300x300.jpg 300w, https:\/\/blogs.urz.uni-halle.de\/halleforniaartblog\/files\/2020\/12\/fine-line-tattoos-a-b-m-4-150x150.jpg 150w, https:\/\/blogs.urz.uni-halle.de\/halleforniaartblog\/files\/2020\/12\/fine-line-tattoos-a-b-m-4-500x500.jpg 500w\" sizes=\"(max-width: 750px) 100vw, 750px\" \/><\/figure><\/li><li class=\"blocks-gallery-item\"><figure><img loading=\"lazy\" width=\"1000\" height=\"1000\" src=\"https:\/\/blogs.urz.uni-halle.de\/halleforniaartblog\/files\/2020\/12\/0_0DAMf2uHE5PzUxq0.jpg\" alt=\"\" data-id=\"65\" data-full-url=\"https:\/\/blogs.urz.uni-halle.de\/halleforniaartblog\/files\/2020\/12\/0_0DAMf2uHE5PzUxq0.jpg\" data-link=\"https:\/\/blogs.urz.uni-halle.de\/halleforniaartblog\/tattoo-styles\/0_0damf2uhe5pzuxq0\/\" class=\"wp-image-65\" srcset=\"https:\/\/blogs.urz.uni-halle.de\/halleforniaartblog\/files\/2020\/12\/0_0DAMf2uHE5PzUxq0.jpg 1000w, https:\/\/blogs.urz.uni-halle.de\/halleforniaartblog\/files\/2020\/12\/0_0DAMf2uHE5PzUxq0-300x300.jpg 300w, https:\/\/blogs.urz.uni-halle.de\/halleforniaartblog\/files\/2020\/12\/0_0DAMf2uHE5PzUxq0-150x150.jpg 150w, https:\/\/blogs.urz.uni-halle.de\/halleforniaartblog\/files\/2020\/12\/0_0DAMf2uHE5PzUxq0-768x768.jpg 768w, https:\/\/blogs.urz.uni-halle.de\/halleforniaartblog\/files\/2020\/12\/0_0DAMf2uHE5PzUxq0-500x500.jpg 500w\" sizes=\"(max-width: 1000px) 100vw, 1000px\" \/><\/figure><\/li><\/ul><\/figure>\n\n\n\n<h4>Dotwork &nbsp;<\/h4>\n\n\n\n<p>Mit&nbsp;Dotwork&nbsp;tritt ein neuer \u202fTrend \u202fin die \u202fTattoo-Welt \u202fein, welcher die einzigartige Technik des T\u00e4towierens beschreibt\u202fund k\u00fcrzlich an Beliebtheit gewonnen hat. Tattoos, die im Dotwork-Stil gestochen werden,\u202fbeschreiben nicht die Motive, sondern eher die Schattierung dieser mit Punkten in unterschiedlicher Gr\u00f6\u00dfe und Intensit\u00e4t.\u202fDieser Stil eignet sich vor allem f\u00fcr detailreiche Muster, Ornamente und Mandalas.\u202f<\/p>\n\n\n\n<figure class=\"wp-block-gallery columns-2 is-cropped\"><ul class=\"blocks-gallery-grid\"><li class=\"blocks-gallery-item\"><figure><img loading=\"lazy\" width=\"474\" height=\"358\" src=\"https:\/\/blogs.urz.uni-halle.de\/halleforniaartblog\/files\/2020\/12\/OIP-4.jpg\" alt=\"\" data-id=\"64\" data-full-url=\"https:\/\/blogs.urz.uni-halle.de\/halleforniaartblog\/files\/2020\/12\/OIP-4.jpg\" data-link=\"https:\/\/blogs.urz.uni-halle.de\/halleforniaartblog\/tattoo-styles\/oip-4\/\" class=\"wp-image-64\" srcset=\"https:\/\/blogs.urz.uni-halle.de\/halleforniaartblog\/files\/2020\/12\/OIP-4.jpg 474w, https:\/\/blogs.urz.uni-halle.de\/halleforniaartblog\/files\/2020\/12\/OIP-4-300x227.jpg 300w\" sizes=\"(max-width: 474px) 100vw, 474px\" \/><\/figure><\/li><li class=\"blocks-gallery-item\"><figure><img loading=\"lazy\" width=\"782\" height=\"782\" src=\"https:\/\/blogs.urz.uni-halle.de\/halleforniaartblog\/files\/2020\/12\/Mandala-Tattoo-in-Dotwork-on-Arm-The-Black-Hat-Tattoo-Dublin-2018-square-size.jpg\" alt=\"\" data-id=\"70\" data-full-url=\"https:\/\/blogs.urz.uni-halle.de\/halleforniaartblog\/files\/2020\/12\/Mandala-Tattoo-in-Dotwork-on-Arm-The-Black-Hat-Tattoo-Dublin-2018-square-size.jpg\" data-link=\"https:\/\/blogs.urz.uni-halle.de\/halleforniaartblog\/tattoo-styles\/mandala-tattoo-in-dotwork-on-arm-the-black-hat-tattoo-dublin-2018-square-size\/\" class=\"wp-image-70\" srcset=\"https:\/\/blogs.urz.uni-halle.de\/halleforniaartblog\/files\/2020\/12\/Mandala-Tattoo-in-Dotwork-on-Arm-The-Black-Hat-Tattoo-Dublin-2018-square-size.jpg 782w, https:\/\/blogs.urz.uni-halle.de\/halleforniaartblog\/files\/2020\/12\/Mandala-Tattoo-in-Dotwork-on-Arm-The-Black-Hat-Tattoo-Dublin-2018-square-size-300x300.jpg 300w, https:\/\/blogs.urz.uni-halle.de\/halleforniaartblog\/files\/2020\/12\/Mandala-Tattoo-in-Dotwork-on-Arm-The-Black-Hat-Tattoo-Dublin-2018-square-size-150x150.jpg 150w, https:\/\/blogs.urz.uni-halle.de\/halleforniaartblog\/files\/2020\/12\/Mandala-Tattoo-in-Dotwork-on-Arm-The-Black-Hat-Tattoo-Dublin-2018-square-size-768x768.jpg 768w, https:\/\/blogs.urz.uni-halle.de\/halleforniaartblog\/files\/2020\/12\/Mandala-Tattoo-in-Dotwork-on-Arm-The-Black-Hat-Tattoo-Dublin-2018-square-size-500x500.jpg 500w\" sizes=\"(max-width: 782px) 100vw, 782px\" \/><\/figure><\/li><\/ul><\/figure>\n","protected":false},"excerpt":{"rendered":"<p>Welche Tattoo Stile gibt es und was sind ihre Bedeutungen? Eine Kurzvorstellung, welche Stilrichtungen es&hellip;<\/p>\n","protected":false},"author":4810,"featured_media":0,"parent":0,"menu_order":0,"comment_status":"closed","ping_status":"closed","template":"","meta":{"ngg_post_thumbnail":0},"_links":{"self":[{"href":"https:\/\/blogs.urz.uni-halle.de\/halleforniaartblog\/wp-json\/wp\/v2\/pages\/47"}],"collection":[{"href":"https:\/\/blogs.urz.uni-halle.de\/halleforniaartblog\/wp-json\/wp\/v2\/pages"}],"about":[{"href":"https:\/\/blogs.urz.uni-halle.de\/halleforniaartblog\/wp-json\/wp\/v2\/types\/page"}],"author":[{"embeddable":true,"href":"https:\/\/blogs.urz.uni-halle.de\/halleforniaartblog\/wp-json\/wp\/v2\/users\/4810"}],"replies":[{"embeddable":true,"href":"https:\/\/blogs.urz.uni-halle.de\/halleforniaartblog\/wp-json\/wp\/v2\/comments?post=47"}],"version-history":[{"count":4,"href":"https:\/\/blogs.urz.uni-halle.de\/halleforniaartblog\/wp-json\/wp\/v2\/pages\/47\/revisions"}],"predecessor-version":[{"id":71,"href":"https:\/\/blogs.urz.uni-halle.de\/halleforniaartblog\/wp-json\/wp\/v2\/pages\/47\/revisions\/71"}],"wp:attachment":[{"href":"https:\/\/blogs.urz.uni-halle.de\/halleforniaartblog\/wp-json\/wp\/v2\/media?parent=47"}],"curies":[{"name":"wp","href":"https:\/\/api.w.org\/{rel}","templated":true}]}}