{"id":51,"date":"2020-12-29T12:45:50","date_gmt":"2020-12-29T11:45:50","guid":{"rendered":"https:\/\/blogs.urz.uni-halle.de\/halleforniaartblog\/?page_id=51"},"modified":"2020-12-29T12:53:41","modified_gmt":"2020-12-29T11:53:41","slug":"all-about-ink","status":"publish","type":"page","link":"https:\/\/blogs.urz.uni-halle.de\/halleforniaartblog\/all-about-ink\/","title":{"rendered":"All about ink"},"content":{"rendered":"\n<h2>Das erste Tattoo: 7 Dinge, die man wissen sollte<\/h2>\n\n\n\n<p>Erfahrene Tattoo-Fans wissen, was bei ihrem n\u00e4chsten Studio-Besuch auf sie zukommt. Wer sich allerdings das erste Mal unter die Nadel legt, f\u00fcr den ist der Termin meist mit vielen Fragen und Unsicherheiten verbunden. Ist das Motiv wirklich das richtige f\u00fcr mich? Wird es wehtun? Mit welchen Kosten muss ich rechnen? Wir zeigen dir, auf welche Punkte du vor dem ersten Stechen achten solltest und geben Antworten auf die meistgestellten Fragen zum Thema.<\/p>\n\n\n\n<h2>1. Welches Motiv soll ich w\u00e4hlen?<\/h2>\n\n\n\n<p>Wer mit der Idee spielt, sich ein Tattoo stechen zu lassen, hat in der Regel schon ein Motiv im Kopf, das er auf seiner Haut verewigen m\u00f6chte. Wenn du genaue Vorstellungen hast, kannst du diese im Tattoo-Studio mit deinem T\u00e4towierer besprechen. In Beratungsgespr\u00e4chen werden zudem die passende Gr\u00f6\u00dfe und der Stil f\u00fcr dein erstes Tattoo gekl\u00e4rt und erste Zeichnungen angefertigt. Wichtig ist, dass du dir bewusst bist, dass dich das gew\u00e4hlte Motiv f\u00fcr den Rest deines Lebens, zumindest aber f\u00fcr einige Jahre, begleiten wird. Du solltest dir also sicher sein, dass es dir auch in f\u00fcnf oder zehn Jahren auch noch gef\u00e4llt.\u00a0<\/p>\n\n\n\n<h2>2. Welche K\u00f6rperstelle ist am besten geeignet?\u00a0<\/h2>\n\n\n\n<p>Ist das Motiv gew\u00e4hlt, bleibt die Frage, an welchem K\u00f6rperteil das Tattoo entstehen soll. Die K\u00f6rperstelle entscheidet auch \u00fcber die Gr\u00f6\u00dfe des Tattoos. F\u00fcr kleine, filigrane Motive eignen sich eher die Kn\u00f6chel oder Finger. Gro\u00dfe Tattoo-W\u00fcnsche lassen sich hingegen auf dem R\u00fccken, Schultern oder den Armen verwirklichen. Auch solltest du dir \u00fcberlegen, wie sichtbar das Tattoo sein soll. Wer in einer Bank arbeitet, sollte sich beispielsweise f\u00fcr T\u00e4towierungen entscheiden, die im Berufsalltag nicht zu sehen sind. Generell wird Tattoo-Neulingen empfohlen, erst einmal mit einem kleineren Tattoo anzufangen, um herauszufinden, wie die Haut auf die T\u00e4towierung reagiert. F\u00fcr das XXL-Tattoo ist im Nachgang auch noch genug Zeit.\u00a0<\/p>\n\n\n\n<h2>3. Wie sehr wird es wehtun?<\/h2>\n\n\n\n<p>Glaubt man erfahrenen T\u00e4towierern, dann ist die am h\u00e4ufigsten gestellte Frage vor dem ersten Tattoo, die nach den Schmerzen. Diese zu beantworten, ist gar nicht so leicht. Zum einen hat jeder Mensch eine andere Schmerzgrenze. Zum anderen h\u00e4ngt der Schmerzfaktor auch von der gew\u00e4hlten Stelle und der Gr\u00f6\u00dfe des Motivs ab. Weh tut es vor allem an den Fingern, Kn\u00f6cheln, im Gesicht, am Ellbogen und am Nacken. Also \u00fcberall dort, wo die Haut sehr d\u00fcnn ist und viele Nerven verlaufen. An robusteren Stellen merkst du im besten Fall nicht mehr als ein leichtes Ziehen. Wer sich ein Tattoo mit Farbe stechen l\u00e4sst, sollte etwas h\u00e4rter im Nehmen sein, da Farbpigmente gr\u00f6\u00dfer sind als bei schwarzer Farbe und somit etwas schmerzhafter beim Stechen.\u00a0<\/p>\n\n\n\n<h2>4. Mit welchen Kosten muss ich rechnen?<\/h2>\n\n\n\n<p>Die Frage nach den Kosten l\u00e4sst sich nur individuell beantworten. Sie h\u00e4ngt sowohl vom gew\u00e4hlten Motiv, der Gr\u00f6\u00dfe sowie vom ausgew\u00e4hlten Tattoo-Studio und T\u00e4towierer ab. Die Preise f\u00fcr kleine Tattoos beginnen in der Regel bei 50 Euro. F\u00fcr aufw\u00e4ndige XXL-Tattoos k\u00f6nnen die Kosten schon mal auf mehrere hundert Euro steigen.\u00a0<\/p>\n\n\n\n<h2>7. Wie pflege ich mein Tattoo?<\/h2>\n\n\n\n<p>Die Tattoo-Pflege liegt dann wieder bei dir. Einige T\u00e4towierer versorgen dich nach dem Stechen mit einer speziellen Creme f\u00fcr die Stelle. Ansonsten tut es aber auch eine Wund- und Heilsalbe aus der Apotheke, die nach einigen Stunden auf die Wunde aufgetragen werden kann. Direkt nach dem Stechen wird das frisch gestochene Tattoo ohnehin vom T\u00e4towierer ges\u00e4ubert, eingecremt und in Folie verpackt. Diese sollte nach fr\u00fchestens drei Stunden entfernt werden. Danach kann die Wunde mit lauwarmen Wasser gereinigt und mit der Wundsalbe eingecremt werden. In den ersten 14 Tagen wird empfohlen, auf direkte Sonneneinstrahlung, Schwimmbad- und Saunabesuche zu verzichten. Gerade im Sommer wirkt die Sonne wie ein Laser auf der Haut, der die Heilung beeintr\u00e4chtigt und im \u00dcbrigen auch die Farbe des Tattoos verblassen l\u00e4sst. Bis die Tattoo-Wunde vollst\u00e4ndig verheilt ist, kann es mehrere Wochen oder gar Monate dauern. \u00a0<\/p>\n","protected":false},"excerpt":{"rendered":"<p>Das erste Tattoo: 7 Dinge, die man wissen sollte Erfahrene Tattoo-Fans wissen, was bei ihrem&hellip;<\/p>\n","protected":false},"author":4810,"featured_media":54,"parent":0,"menu_order":0,"comment_status":"closed","ping_status":"closed","template":"","meta":{"ngg_post_thumbnail":0},"_links":{"self":[{"href":"https:\/\/blogs.urz.uni-halle.de\/halleforniaartblog\/wp-json\/wp\/v2\/pages\/51"}],"collection":[{"href":"https:\/\/blogs.urz.uni-halle.de\/halleforniaartblog\/wp-json\/wp\/v2\/pages"}],"about":[{"href":"https:\/\/blogs.urz.uni-halle.de\/halleforniaartblog\/wp-json\/wp\/v2\/types\/page"}],"author":[{"embeddable":true,"href":"https:\/\/blogs.urz.uni-halle.de\/halleforniaartblog\/wp-json\/wp\/v2\/users\/4810"}],"replies":[{"embeddable":true,"href":"https:\/\/blogs.urz.uni-halle.de\/halleforniaartblog\/wp-json\/wp\/v2\/comments?post=51"}],"version-history":[{"count":3,"href":"https:\/\/blogs.urz.uni-halle.de\/halleforniaartblog\/wp-json\/wp\/v2\/pages\/51\/revisions"}],"predecessor-version":[{"id":55,"href":"https:\/\/blogs.urz.uni-halle.de\/halleforniaartblog\/wp-json\/wp\/v2\/pages\/51\/revisions\/55"}],"wp:featuredmedia":[{"embeddable":true,"href":"https:\/\/blogs.urz.uni-halle.de\/halleforniaartblog\/wp-json\/wp\/v2\/media\/54"}],"wp:attachment":[{"href":"https:\/\/blogs.urz.uni-halle.de\/halleforniaartblog\/wp-json\/wp\/v2\/media?parent=51"}],"curies":[{"name":"wp","href":"https:\/\/api.w.org\/{rel}","templated":true}]}}