{"id":4,"date":"2013-04-16T13:44:11","date_gmt":"2013-04-16T11:44:11","guid":{"rendered":"https:\/\/blogs.urz.uni-halle.de\/hallischehoellenqualen\/?page_id=4"},"modified":"2013-04-24T14:46:08","modified_gmt":"2013-04-24T12:46:08","slug":"erklaerungsversuch","status":"publish","type":"page","link":"https:\/\/blogs.urz.uni-halle.de\/hallischehoellenqualen\/erklaerungsversuch\/","title":{"rendered":"Ein Erkl\u00e4rungsversuch"},"content":{"rendered":"<div class=\"twoclick_social_bookmarks_post_4 social_share_privacy clearfix 1.6.4 locale-de_DE sprite-de_DE\"><\/div><div class=\"twoclick-js\"><script type=\"text\/javascript\">\/* <![CDATA[ *\/\njQuery(document).ready(function($){if($('.twoclick_social_bookmarks_post_4')){$('.twoclick_social_bookmarks_post_4').socialSharePrivacy({\"txt_help\":\"Wenn Sie diese Felder durch einen Klick aktivieren, werden Informationen an Facebook, Twitter, Flattr, Xing, t3n, LinkedIn, Pinterest oder Google eventuell ins Ausland \\u00fcbertragen und unter Umst\\u00e4nden auch dort gespeichert. N\\u00e4heres erfahren Sie durch einen Klick auf das <em>i<\\\/em>.\",\"settings_perma\":\"Dauerhaft aktivieren und Daten\\u00fcber-tragung zustimmen:\",\"info_link\":\"http:\\\/\\\/www.heise.de\\\/ct\\\/artikel\\\/2-Klicks-fuer-mehr-Datenschutz-1333879.html\",\"uri\":\"https:\\\/\\\/blogs.urz.uni-halle.de\\\/hallischehoellenqualen\\\/erklaerungsversuch\\\/\",\"post_id\":4,\"post_title_referrer_track\":\"Ein+Erkl%C3%A4rungsversuch\",\"display_infobox\":\"on\"});}});\n\/* ]]> *\/<\/script><\/div><p>Wie kommt man auf den morbiden Versuch, einen Blog \u00fcber das Sterben in Halle zu schreiben? Keine Angst, wir sind weder selbstmordgef\u00e4hrdet noch unheilbar krank! Nein, wir arbeiten intensiv an einem sozialgeschichtlichen Projekt, das Lebensl\u00e4ufe und Berufsbiografien in Halle von 1670 bis 1820 analysiert.\u00a0Die Professuren f\u00fcr &#8222;Wirtschafts- und Sozialgeschichte&#8220; und &#8222;Neuere und Neueste Geschichte&#8220; am Institut f\u00fcr Geschichte der Martin-Luther-Universit\u00e4t betreibten mehrere gro\u00dfe sozialgeschichtliche Projekte, die\u00a0serielle Quellen der Stadt Halle zur Grundlage haben.\u00a0\u00a0Leider, leider haben Historikerinnen das Problem, dass die Daten nicht \u00fcber Standes\u00e4mter oder statistische Bundes\u00e4mter ermittelbar oder gar elektronisch\u00a0leicht zu erhalten\u00a0w\u00e4ren. Ebenso wenig sieht sich moderne OCR in der Lage, das fr\u00fchneuzeitliche Handgeschreibsel wirklich treffsicher zu erkennen. Daher arbeiten in unserem Projekt einige sehr mutige und geduldige\u00a0Leute, die sich t\u00e4glich mit ellenlangen seriellen Quellen wie alten Kirchenb\u00fcchern, Steuerregistern oder Adressverzeichnissen herumplagen und die Informationen tapfer in neuzeitliche Exceltabellen \u00fcbertragen. Das Gute an historischen Quellen jedoch ist, sie sind immer spannend! Sie erm\u00f6glichen\u00a0manchen\u00a0ungeahnten Einblick und selbst die trockensten Register k\u00f6nnen zum spannendsten Krimi mutieren.\u00a0Genau daran wollen wir Sie von Woche zu Woche teilhaben lassen. Der Blog &#8222;Hallische H\u00f6llenqualen. Sterben in Halle&#8220; oder auch: &#8222;Der Tod der Woche&#8220; soll Sie f\u00fcr ein Semester lang \u00fcber besondere Sterbef\u00e4lle Halles zwischen dem 17. und \u00a019. Jahrhundert informieren.<\/p>\n<p>Wir freuen uns also \u00fcber jedes Interesse an diesem &#8222;d\u00fcsteren&#8220; Kapitel hallischer Sozialgeschichte und das Anteil an unseren Leiden. Die Fortsetzung folgt dann vielleicht mit fr\u00f6hlicheren Kapiteln wie &#8222;Freudige Ereignisse in Halle (Geburtsregister)&#8220; oder &#8222;Sie haben sich getraut&#8220; (Heiratsregister).<\/p>\n<p>Petra K\u00fchne und Katrin Moeller<\/p>\n","protected":false},"excerpt":{"rendered":"<p>Wie kommt man auf den morbiden Versuch, einen Blog \u00fcber das Sterben in Halle zu schreiben? Keine Angst, wir sind weder selbstmordgef\u00e4hrdet noch unheilbar krank! Nein, wir arbeiten intensiv an einem sozialgeschichtlichen Projekt, das Lebensl\u00e4ufe und Berufsbiografien in Halle von &hellip; <a href=\"https:\/\/blogs.urz.uni-halle.de\/hallischehoellenqualen\/erklaerungsversuch\/\">Weiterlesen <span class=\"meta-nav\">&rarr;<\/span><\/a><\/p>\n","protected":false},"author":48,"featured_media":0,"parent":0,"menu_order":0,"comment_status":"open","ping_status":"open","template":"","meta":[],"_links":{"self":[{"href":"https:\/\/blogs.urz.uni-halle.de\/hallischehoellenqualen\/wp-json\/wp\/v2\/pages\/4"}],"collection":[{"href":"https:\/\/blogs.urz.uni-halle.de\/hallischehoellenqualen\/wp-json\/wp\/v2\/pages"}],"about":[{"href":"https:\/\/blogs.urz.uni-halle.de\/hallischehoellenqualen\/wp-json\/wp\/v2\/types\/page"}],"author":[{"embeddable":true,"href":"https:\/\/blogs.urz.uni-halle.de\/hallischehoellenqualen\/wp-json\/wp\/v2\/users\/48"}],"replies":[{"embeddable":true,"href":"https:\/\/blogs.urz.uni-halle.de\/hallischehoellenqualen\/wp-json\/wp\/v2\/comments?post=4"}],"version-history":[{"count":10,"href":"https:\/\/blogs.urz.uni-halle.de\/hallischehoellenqualen\/wp-json\/wp\/v2\/pages\/4\/revisions"}],"predecessor-version":[{"id":13,"href":"https:\/\/blogs.urz.uni-halle.de\/hallischehoellenqualen\/wp-json\/wp\/v2\/pages\/4\/revisions\/13"}],"wp:attachment":[{"href":"https:\/\/blogs.urz.uni-halle.de\/hallischehoellenqualen\/wp-json\/wp\/v2\/media?parent=4"}],"curies":[{"name":"wp","href":"https:\/\/api.w.org\/{rel}","templated":true}]}}