{"id":42,"date":"2023-06-04T11:09:28","date_gmt":"2023-06-04T09:09:28","guid":{"rendered":"https:\/\/blogs.urz.uni-halle.de\/halliteratur\/?page_id=42"},"modified":"2023-06-26T09:02:41","modified_gmt":"2023-06-26T07:02:41","slug":"therese-jacob-denkmal","status":"publish","type":"page","link":"https:\/\/blogs.urz.uni-halle.de\/halliteratur\/therese-jacob-denkmal\/","title":{"rendered":"Serbische Lieder am Leipziger Turm"},"content":{"rendered":"\n<blockquote class=\"wp-block-quote has-text-align-right\"><p><em>\u201e[&#8230;] Liebeslieder, alle voll Glut und Unschuld, begabt mit der Gewalt und Sch\u00f6nheit des einfachsten Ausdrucks. [\u2026] Die Gedanken sind heftiger, farbiger als in den Volkspoesien des \u00fcbrigen Europas [&#8230;] Sie haben den Geruch der Rosen, keines Rosen\u00f6ls\u201c<\/em><\/p><cite>\u2013 Jacob Grimm (1853)<\/cite><\/blockquote>\n\n\n\n<figure class=\"wp-block-gallery aligncenter columns-1 is-cropped\"><ul class=\"blocks-gallery-grid\"><li class=\"blocks-gallery-item\"><figure><a href=\"https:\/\/blogs.urz.uni-halle.de\/halliteratur\/files\/2023\/06\/Station_Therese_von_Jacob_-_Foto-scaled.jpg\"><img loading=\"lazy\" width=\"1024\" height=\"768\" src=\"https:\/\/blogs.urz.uni-halle.de\/halliteratur\/files\/2023\/06\/Station_Therese_von_Jacob_-_Foto-1024x768.jpg\" alt=\"\" data-id=\"587\" data-full-url=\"https:\/\/blogs.urz.uni-halle.de\/halliteratur\/files\/2023\/06\/Station_Therese_von_Jacob_-_Foto-scaled.jpg\" data-link=\"https:\/\/blogs.urz.uni-halle.de\/halliteratur\/therese-jacob-denkmal\/station_therese_von_jacob_-_foto\/\" class=\"wp-image-587\" srcset=\"https:\/\/blogs.urz.uni-halle.de\/halliteratur\/files\/2023\/06\/Station_Therese_von_Jacob_-_Foto-1024x768.jpg 1024w, https:\/\/blogs.urz.uni-halle.de\/halliteratur\/files\/2023\/06\/Station_Therese_von_Jacob_-_Foto-300x225.jpg 300w, https:\/\/blogs.urz.uni-halle.de\/halliteratur\/files\/2023\/06\/Station_Therese_von_Jacob_-_Foto-290x218.jpg 290w, https:\/\/blogs.urz.uni-halle.de\/halliteratur\/files\/2023\/06\/Station_Therese_von_Jacob_-_Foto-768x576.jpg 768w, https:\/\/blogs.urz.uni-halle.de\/halliteratur\/files\/2023\/06\/Station_Therese_von_Jacob_-_Foto-1536x1152.jpg 1536w, https:\/\/blogs.urz.uni-halle.de\/halliteratur\/files\/2023\/06\/Station_Therese_von_Jacob_-_Foto-2048x1536.jpg 2048w\" sizes=\"(max-width: 1024px) 100vw, 1024px\" \/><\/a><\/figure><\/li><\/ul><figcaption class=\"blocks-gallery-caption\"><sup>Therese von Jacob Denkmal am Leipziger Turm | Foto: Yannick Sch\u00f6n<\/sup><\/figcaption><\/figure>\n\n\n<div id=\"lmm_e3e5d81c\" style=\"width:640px;\" class=\"mapsmarker markermap marker-3\">\n<div id=\"lmm_panel_e3e5d81c\" class=\"lmm-panel\" style=\"background:#efefef;\">\n<div id=\"lmm_panel_api_e3e5d81c\" class=\"lmm-panel-api\"><a href=\"https:\/\/maps.google.com\/maps?daddr=Leipziger+Turm&amp;t=m&amp;layer=1&amp;doflg=ptk&amp;om=0\" target=\"_blank\" title=\"Wegbeschreibung berechnen\"><img alt=\"icon-car.png\" src=\"https:\/\/blogs.urz.uni-halle.de\/halliteratur\/wp-content\/plugins\/leaflet-maps-marker\/inc\/img\/icon-car.png\" width=\"14\" height=\"14\" class=\"lmm-panel-api-images\" \/><\/a><a href=\"https:\/\/blogs.urz.uni-halle.de\/halliteratur\/wp-content\/plugins\/leaflet-maps-marker\/leaflet-fullscreen.php?marker=3\" style=\"text-decoration:none;\" title=\"Standalone-Karte im Vollbild-Modus \u00f6ffnen\" target=\"_blank\"><img src=\"https:\/\/blogs.urz.uni-halle.de\/halliteratur\/wp-content\/plugins\/leaflet-maps-marker\/inc\/img\/icon-fullscreen.png\" width=\"14\" height=\"14\" alt=\"Fullscreen-Logo\" class=\"lmm-panel-api-images\" \/><\/a><\/div><div id=\"lmm_panel_text_e3e5d81c\" class=\"lmm-panel-text\" style=\"font-weight:bold;color:#373737;\">Therese Jacob Denkmal<\/div><\/div>\n<div id=\"lmm_map_e3e5d81c\" class=\"lmm-map\" style=\"background:#f6f6f6;border:1px solid #ccc;height:480px; overflow:hidden;padding:0;\"><p style=\"font-size:80%;color:#9f9e9e;margin-left:5px;\">Karte wird geladen - bitte warten...<noscript><br\/><strong>Karte konnte nicht geladen werden - bitte aktivieren Sie Javascript!<\/strong><br\/><a style=\"text-decoration:none;\" href=\"https:\/\/www.mapsmarker.com\/js-disabled\" target=\"_blank\">&rarr; mehr Informationen<\/a><\/noscript><\/p><\/div>\n<div id=\"lmm_geo_tags_e3e5d81c\" class=\"lmm-geo-tags geo\">\n<span class=\"paneltext\">Therese Jacob Denkmal<\/span>\n<span class=\"latitude\">51.480499<\/span>, <span class=\"longitude\">11.976136<\/span>\n<span class=\"popuptext\">Therese Jacob Denkmal<\/span>\n<\/div>\n<\/div>\n\n\n\n<div style=\"height:70px\" aria-hidden=\"true\" class=\"wp-block-spacer\"><\/div>\n\n\n\n<div class=\"wp-block-columns\">\n<div class=\"wp-block-column\">\n<p class=\"has-text-align-center has-white-color has-text-color has-background\" style=\"background-color:#acbaa1\">Sie befinden sich direkt an der Hansering-Promenade, an einem Ort, wo Blumen und B\u00e4nke einen Ort der Ruhe inmitten des Verkehrschaos bieten. Hier findet sich neben im Schatten des Leipziger Turms auch noch ein viel kleineres Denkmal, die Gedenktafel f\u00fcr die geb\u00fcrtige Hallenserin Therese von Jacob, die sowohl selbst geschrieben als auch \u00fcbersetzt hat. Lesen Sie hier ein Beispiel f\u00fcr ihre \u00dcbersetzungskunst:<\/p>\n<\/div>\n<\/div>\n\n\n\n<h6 class=\"has-dark-gray-color has-text-color\">\u201eVereint im Tode\u201c von Therese von Jacob <\/h6>\n\n\n\n<p>Herzlich liebsten sich zwei treue Liebsten,<br \/>Wuschen sich an einem Wasser beide,<br \/>Trockneten sich ab an einem Tuche,<br \/>Wohl ein Jahr war&#8217;s, da\u00df es niemand wu\u00dfte,<br \/>Doch im zweiten Jahr erfuhr es jeder.<br \/>Und der Vater h\u00f6rt es und die Mutter,<br \/>Wollte nicht die Mutter ihre Liebe,<br \/>Trennte voneinander Lieb und Teures.<\/p>\n\n\n\n<p>Durch den Stern entbot der Liebst der Liebsten:<br \/>\u201eStirb, o Liebchen, sp\u00e4t am Samstagabend!<br \/>Fr\u00fch am Sonntag will ich, J\u00fcngling, sterben.\u201c<br \/>Wie sie sagten, also ist&#8217;s geschehen:<br \/>Sp\u00e4t am Samstagabend starb das Liebchen,<br \/>Fr\u00fch am Sonntagmorgen starb der Liebste.<br \/>Beieinander wurden sie begraben,<br \/>Durch die Erd verschlang man ihre H\u00e4nde,<br \/>Ihre H\u00e4nde, gr\u00fcne \u00c4pfel drinnen.<br \/>Wenig Monden waren erst vergangen,<br \/>\u00dcberm Liebsten stro\u00dfte eine Kiefer,<br \/>\u00dcberm Liebchen eine rote Rose,<br \/>Und die Rose wand sich um die Kiefer,<br \/>Wie du Seide um den Strau\u00df sich windet.<\/p>\n\n\n\n<div class=\"wp-block-columns\">\n<div class=\"wp-block-column\">\n<figure class=\"wp-block-image size-large\"><img loading=\"lazy\" width=\"420\" height=\"546\" src=\"https:\/\/blogs.urz.uni-halle.de\/halliteratur\/files\/2023\/06\/IMG_0193.jpeg\" alt=\"\" class=\"wp-image-606\" srcset=\"https:\/\/blogs.urz.uni-halle.de\/halliteratur\/files\/2023\/06\/IMG_0193.jpeg 420w, https:\/\/blogs.urz.uni-halle.de\/halliteratur\/files\/2023\/06\/IMG_0193-231x300.jpeg 231w, https:\/\/blogs.urz.uni-halle.de\/halliteratur\/files\/2023\/06\/IMG_0193-223x290.jpeg 223w\" sizes=\"(max-width: 420px) 100vw, 420px\" \/><\/figure>\n\n\n\n<div class=\"wp-block-pb-accordion-item c-accordion__item js-accordion-item no-js\" data-initially-open=\"false\" data-click-to-close=\"true\" data-auto-close=\"true\" data-scroll=\"false\" data-scroll-offset=\"0\"><h6 id=\"at-420\" class=\"c-accordion__title js-accordion-controller\" role=\"button\"><strong>\u25bd<\/strong> Eine Geistreiche Frau<\/h6><div id=\"ac-420\" class=\"c-accordion__content\">\n<p>Therese von Jacob ist mit diesen \u00dcbersetzungen, die sie unter dem Namen \u201eTalvj\u201c (f\u00fcr Therese Albertine Luise von Jacob) ver\u00f6ffentlicht hat, als \u201eeine der geistreichesten Frauen der Welt\u201c ber\u00fchmt geworden. Obwohl sie heute nur weniger bekannt ist, hatte sie Kontakt mit literarischen Gr\u00f6\u00dfen wie den Gebr\u00fcdern Grimm und Goethe, der auch dieses Projekt zur \u00dcbersetzung von serbischen Volksliedern gef\u00f6rdert hat \u2013 und das, obwohl Talvj die Sprache extra f\u00fcr dieses Projekt lernen musste! Neben \u00dcbersetzungen hat sie aber auch durch Entlarvungen von gef\u00e4lschten alten Texten, Handb\u00fccher zu den slawischen Sprachen, und mehreren Romanen ihre eigenen Spuren in der deutschen Literatur hinterlassen: ein wahres Hallenser Multitalent.<\/p>\n<\/div><\/div>\n<\/div>\n<\/div>\n\n\n\n<div class=\"wp-block-pb-accordion-item c-accordion__item js-accordion-item no-js\" data-initially-open=\"false\" data-click-to-close=\"true\" data-auto-close=\"true\" data-scroll=\"false\" data-scroll-offset=\"0\"><h6 id=\"at-421\" class=\"c-accordion__title js-accordion-controller\" role=\"button\"><strong>\u25bd<\/strong> Literaturtipps &amp; Nachweise<\/h6><div id=\"ac-421\" class=\"c-accordion__content\">\n<p><em>\u201eSerbische Volkslieder\u201c, herausgegeben von Vuk Stefanovic Karadzic, Reclam 1980<\/em><\/p>\n\n\n\n<p><em>\u201eHeloise\u201c, Talvj 1852<\/em><\/p>\n<\/div><\/div>\n\n\n\n<p class=\"has-text-align-center has-white-color has-text-color has-background\" id=\"block-a112d1a7-74ea-4dcb-83f7-2f6985c4843b\" style=\"background-color:#acbaa1\">Gehen Sie den Hansering in Richtung Joliot-Curie-Platz hoch und suchen Sie sich eine Bank f\u00fcr eine kleine Pause aus.<\/p>\n\n\n\n<div class=\"wp-block-buttons aligncenter\">\n<div class=\"wp-block-button is-style-outline\"><a class=\"wp-block-button__link has-dark-gray-color has-text-color has-background\" href=\"https:\/\/blogs.urz.uni-halle.de\/halliteratur\/kategorie\/startseite\/\" style=\"border-radius:20px;background-color:#b4b9a2\">Zur\u00fcck zur Startseite<\/a><\/div>\n\n\n\n<div class=\"wp-block-button is-style-outline\"><a class=\"wp-block-button__link has-dark-gray-color has-text-color has-background\" href=\"https:\/\/blogs.urz.uni-halle.de\/halliteratur\/hansering\/\" style=\"border-radius:20px;background-color:#b5b9a2\">Weiter in der Route<\/a><\/div>\n<\/div>\n","protected":false},"excerpt":{"rendered":"<p>\u201e[&#8230;] Liebeslieder, alle voll Glut und Unschuld, begabt mit der Gewalt und Sch\u00f6nheit des einfachsten Ausdrucks. [\u2026] Die Gedanken sind heftiger, farbiger als in den Volkspoesien des \u00fcbrigen Europas [&#8230;] Sie haben den Geruch der Rosen, keines Rosen\u00f6ls\u201c \u2013 Jacob Grimm (1853) Sie befinden sich direkt an der Hansering-Promenade, an einem Ort, wo Blumen und &hellip; <a href=\"https:\/\/blogs.urz.uni-halle.de\/halliteratur\/therese-jacob-denkmal\/\" class=\"more-link\"><span class=\"screen-reader-text\">Serbische Lieder am Leipziger Turm<\/span> weiterlesen<\/a><\/p>\n","protected":false},"author":5829,"featured_media":0,"parent":0,"menu_order":0,"comment_status":"closed","ping_status":"closed","template":"","meta":[],"_links":{"self":[{"href":"https:\/\/blogs.urz.uni-halle.de\/halliteratur\/wp-json\/wp\/v2\/pages\/42"}],"collection":[{"href":"https:\/\/blogs.urz.uni-halle.de\/halliteratur\/wp-json\/wp\/v2\/pages"}],"about":[{"href":"https:\/\/blogs.urz.uni-halle.de\/halliteratur\/wp-json\/wp\/v2\/types\/page"}],"author":[{"embeddable":true,"href":"https:\/\/blogs.urz.uni-halle.de\/halliteratur\/wp-json\/wp\/v2\/users\/5829"}],"replies":[{"embeddable":true,"href":"https:\/\/blogs.urz.uni-halle.de\/halliteratur\/wp-json\/wp\/v2\/comments?post=42"}],"version-history":[{"count":10,"href":"https:\/\/blogs.urz.uni-halle.de\/halliteratur\/wp-json\/wp\/v2\/pages\/42\/revisions"}],"predecessor-version":[{"id":1020,"href":"https:\/\/blogs.urz.uni-halle.de\/halliteratur\/wp-json\/wp\/v2\/pages\/42\/revisions\/1020"}],"wp:attachment":[{"href":"https:\/\/blogs.urz.uni-halle.de\/halliteratur\/wp-json\/wp\/v2\/media?parent=42"}],"curies":[{"name":"wp","href":"https:\/\/api.w.org\/{rel}","templated":true}]}}