{"id":44,"date":"2023-06-04T11:11:05","date_gmt":"2023-06-04T09:11:05","guid":{"rendered":"https:\/\/blogs.urz.uni-halle.de\/halliteratur\/?page_id=44"},"modified":"2023-06-26T09:03:50","modified_gmt":"2023-06-26T07:03:50","slug":"hansering","status":"publish","type":"page","link":"https:\/\/blogs.urz.uni-halle.de\/halliteratur\/hansering\/","title":{"rendered":"Lesebank am Hansering"},"content":{"rendered":"\n<blockquote class=\"wp-block-quote has-text-align-right\"><p>&#8222;Das Land des Lesens ist ein geheimnisvoller, unendlicher Erdteil. Aus Druckerschw\u00e4rze entstehen Dinge, Menschen, Geister und G\u00f6tter, die man sonst nicht sehen k\u00f6nnte.&#8220; <\/p><cite>\u2013 <em>Erich K\u00e4stner, Als ich ein kleiner Junge war (1957<\/em>)<\/cite><\/blockquote>\n\n\n\n<figure class=\"wp-block-gallery aligncenter columns-1 is-cropped\"><ul class=\"blocks-gallery-grid\"><li class=\"blocks-gallery-item\"><figure><a href=\"https:\/\/blogs.urz.uni-halle.de\/halliteratur\/files\/2023\/06\/Bundesarchiv_Bild_183-84039-0003_Halle_Hanse-Ring_Gruenanlage.jpg\"><img loading=\"lazy\" width=\"800\" height=\"602\" src=\"https:\/\/blogs.urz.uni-halle.de\/halliteratur\/files\/2023\/06\/Bundesarchiv_Bild_183-84039-0003_Halle_Hanse-Ring_Gruenanlage.jpg\" alt=\"\" data-id=\"610\" data-full-url=\"https:\/\/blogs.urz.uni-halle.de\/halliteratur\/files\/2023\/06\/Bundesarchiv_Bild_183-84039-0003_Halle_Hanse-Ring_Gruenanlage.jpg\" data-link=\"https:\/\/blogs.urz.uni-halle.de\/halliteratur\/hansering\/halle-hanse-ring-gruenanlage\/\" class=\"wp-image-610\" srcset=\"https:\/\/blogs.urz.uni-halle.de\/halliteratur\/files\/2023\/06\/Bundesarchiv_Bild_183-84039-0003_Halle_Hanse-Ring_Gruenanlage.jpg 800w, https:\/\/blogs.urz.uni-halle.de\/halliteratur\/files\/2023\/06\/Bundesarchiv_Bild_183-84039-0003_Halle_Hanse-Ring_Gruenanlage-300x226.jpg 300w, https:\/\/blogs.urz.uni-halle.de\/halliteratur\/files\/2023\/06\/Bundesarchiv_Bild_183-84039-0003_Halle_Hanse-Ring_Gruenanlage-290x218.jpg 290w, https:\/\/blogs.urz.uni-halle.de\/halliteratur\/files\/2023\/06\/Bundesarchiv_Bild_183-84039-0003_Halle_Hanse-Ring_Gruenanlage-768x578.jpg 768w\" sizes=\"(max-width: 800px) 100vw, 800px\" \/><\/a><\/figure><\/li><\/ul><figcaption class=\"blocks-gallery-caption\"><sup>Der Hanse-Ring| Foto: Schmidt 20.6.1961 Halle (Saale)<\/sup><\/figcaption><\/figure>\n\n\n\n<p class=\"has-text-align-center has-white-color has-text-color has-background\" style=\"background-color:#acbaa1\">Sie sind jetzt am Hansering, einer repr\u00e4sentativen Promenade in Halle. Sie sehen verschiedene Denkm\u00e4ler aus Halles Geschichte und sp\u00fcren das Leben in der Stadt. Ein guter Platz f\u00fcr eine literarische Pause. Nehmen Sie auf einer Bank Platz und w\u00e4hlen Sie ein Buch aus unserer virtuellen Lesebank aus. Sie finden dort eine Auswahl durch die Literaturgeschichte Halles bis heute. Lesen Sie, so lange Sie Lust haben.<\/p>\n\n\n<div id=\"lmm_7db77903\" style=\"width:640px;\" class=\"mapsmarker markermap marker-5\">\n<div id=\"lmm_panel_7db77903\" class=\"lmm-panel\" style=\"background:#efefef;\">\n<div id=\"lmm_panel_api_7db77903\" class=\"lmm-panel-api\"><a href=\"https:\/\/maps.google.com\/maps?daddr=51.481513,11.975579&amp;t=m&amp;layer=1&amp;doflg=ptk&amp;om=0\" target=\"_blank\" title=\"Wegbeschreibung berechnen\"><img alt=\"icon-car.png\" src=\"https:\/\/blogs.urz.uni-halle.de\/halliteratur\/wp-content\/plugins\/leaflet-maps-marker\/inc\/img\/icon-car.png\" width=\"14\" height=\"14\" class=\"lmm-panel-api-images\" \/><\/a><a href=\"https:\/\/blogs.urz.uni-halle.de\/halliteratur\/wp-content\/plugins\/leaflet-maps-marker\/leaflet-fullscreen.php?marker=5\" style=\"text-decoration:none;\" title=\"Standalone-Karte im Vollbild-Modus \u00f6ffnen\" target=\"_blank\"><img src=\"https:\/\/blogs.urz.uni-halle.de\/halliteratur\/wp-content\/plugins\/leaflet-maps-marker\/inc\/img\/icon-fullscreen.png\" width=\"14\" height=\"14\" alt=\"Fullscreen-Logo\" class=\"lmm-panel-api-images\" \/><\/a><\/div><div id=\"lmm_panel_text_7db77903\" class=\"lmm-panel-text\" style=\"font-weight:bold;color:#373737;\">Lesebank am Hansering<\/div><\/div>\n<div id=\"lmm_map_7db77903\" class=\"lmm-map\" style=\"background:#f6f6f6;border:1px solid #ccc;height:480px; overflow:hidden;padding:0;\"><p style=\"font-size:80%;color:#9f9e9e;margin-left:5px;\">Karte wird geladen - bitte warten...<noscript><br\/><strong>Karte konnte nicht geladen werden - bitte aktivieren Sie Javascript!<\/strong><br\/><a style=\"text-decoration:none;\" href=\"https:\/\/www.mapsmarker.com\/js-disabled\" target=\"_blank\">&rarr; mehr Informationen<\/a><\/noscript><\/p><\/div>\n<div id=\"lmm_geo_tags_7db77903\" class=\"lmm-geo-tags geo\">\n<span class=\"paneltext\">Lesebank am Hansering<\/span>\n<span class=\"latitude\">51.481513<\/span>, <span class=\"longitude\">11.975579<\/span>\n<span class=\"popuptext\">Lesebank am Hansering<\/span>\n<\/div>\n<\/div>\n\n\n\n<div style=\"height:26px\" aria-hidden=\"true\" class=\"wp-block-spacer\"><\/div>\n\n\n\n<p class=\"has-text-align-center has-white-color has-text-color has-background\" style=\"background-color:#acbaa1\">Klicken Sie auf die Pluszeichen auf den Buchr\u00fccken. Dort finden Sie Literatur aus Halle.<\/p>\n\n\n<div class=\"h5p-iframe-wrapper\"><iframe id=\"h5p-iframe-2\" class=\"h5p-iframe\" data-content-id=\"2\" style=\"height:1px\" src=\"about:blank\" frameBorder=\"0\" scrolling=\"no\" title=\"Lesebank\"><\/iframe><\/div>\n\n\n\n<div class=\"wp-block-pb-accordion-item c-accordion__item js-accordion-item no-js\" data-initially-open=\"false\" data-click-to-close=\"true\" data-auto-close=\"true\" data-scroll=\"false\" data-scroll-offset=\"0\"><h6 id=\"at-440\" class=\"c-accordion__title js-accordion-controller\" role=\"button\">\u25bd LiteraturTipps<\/h6><div id=\"ac-440\" class=\"c-accordion__content\">\n<p><em>Blech, Juliane: Was ich alles heute sah, <a href=\"https:\/\/www.juliane-blech.de\/getextetes\/\">juliane-blech.de<\/a>.<\/em><\/p>\n\n\n\n<p><em>von Eichendorff, Joseph: Bei Halle. <\/em><\/p>\n\n\n\n<p><em>Meyer, Clemens: Als wir tr\u00e4umten, Frankfurt am Main 2006.<\/em><\/p>\n\n\n\n<p><em>Ottwalt, Ernst: Ruhe und Ordnung, 1922\/29.<\/em><\/p>\n\n\n\n<p><em>R\u00f6hl, Walter (Fred Andreas): Die Flucht ins Dunkle, Berlin 1927.<\/em><\/p>\n\n\n\n<p><em>Thomae, Jackie (2019): Br\u00fcder, M\u00fcnchen 2019.<\/em><\/p>\n\n\n\n<p><em>Unzer, Johanna Charlotte: Ruf der Natur, 1971. <\/em><\/p>\n\n\n\n<p><em>Wolf, <\/em><em>Christa<\/em>:  Ein Tag im Jahr, 2003, S.14-19<\/p>\n\n\n\n<p><em>Wolfenstein, Alfred: Gef\u00e4hrliche Engel, M\u00e4hrisch-Ostrau u.a. 1936.<\/em><\/p>\n<\/div><\/div>\n\n\n\n<p class=\"has-text-align-center has-white-color has-text-color has-background\" style=\"background-color:#acbaa1\">Gehen Sie danach weiter zur n\u00e4chsten Station: Tote Bestseller auf dem Stadtgottesacker. Gehen Sie daf\u00fcr den Hansering hoch und biegen rechts ein!<\/p>\n\n\n\n<div class=\"wp-block-buttons aligncenter\">\n<div class=\"wp-block-button is-style-outline\"><a class=\"wp-block-button__link has-dark-gray-color has-text-color has-background\" href=\"https:\/\/blogs.urz.uni-halle.de\/halliteratur\/\" style=\"border-radius:20px;background-color:#b4b9a2\">Zur\u00fcck zur Startseite<\/a><\/div>\n\n\n\n<div class=\"wp-block-button is-style-outline\"><a class=\"wp-block-button__link has-dark-gray-color has-text-color has-background\" href=\"https:\/\/blogs.urz.uni-halle.de\/halliteratur\/stadt-gottesacker\/\" style=\"border-radius:20px;background-color:#b4b9a2\">Weiter in der Route<\/a><\/div>\n<\/div>\n","protected":false},"excerpt":{"rendered":"<p>&#8222;Das Land des Lesens ist ein geheimnisvoller, unendlicher Erdteil. Aus Druckerschw\u00e4rze entstehen Dinge, Menschen, Geister und G\u00f6tter, die man sonst nicht sehen k\u00f6nnte.&#8220; \u2013 Erich K\u00e4stner, Als ich ein kleiner Junge war (1957) Sie sind jetzt am Hansering, einer repr\u00e4sentativen Promenade in Halle. Sie sehen verschiedene Denkm\u00e4ler aus Halles Geschichte und sp\u00fcren das Leben in &hellip; <a href=\"https:\/\/blogs.urz.uni-halle.de\/halliteratur\/hansering\/\" class=\"more-link\"><span class=\"screen-reader-text\">Lesebank am Hansering<\/span> weiterlesen<\/a><\/p>\n","protected":false},"author":5829,"featured_media":0,"parent":0,"menu_order":0,"comment_status":"closed","ping_status":"closed","template":"","meta":[],"_links":{"self":[{"href":"https:\/\/blogs.urz.uni-halle.de\/halliteratur\/wp-json\/wp\/v2\/pages\/44"}],"collection":[{"href":"https:\/\/blogs.urz.uni-halle.de\/halliteratur\/wp-json\/wp\/v2\/pages"}],"about":[{"href":"https:\/\/blogs.urz.uni-halle.de\/halliteratur\/wp-json\/wp\/v2\/types\/page"}],"author":[{"embeddable":true,"href":"https:\/\/blogs.urz.uni-halle.de\/halliteratur\/wp-json\/wp\/v2\/users\/5829"}],"replies":[{"embeddable":true,"href":"https:\/\/blogs.urz.uni-halle.de\/halliteratur\/wp-json\/wp\/v2\/comments?post=44"}],"version-history":[{"count":10,"href":"https:\/\/blogs.urz.uni-halle.de\/halliteratur\/wp-json\/wp\/v2\/pages\/44\/revisions"}],"predecessor-version":[{"id":1022,"href":"https:\/\/blogs.urz.uni-halle.de\/halliteratur\/wp-json\/wp\/v2\/pages\/44\/revisions\/1022"}],"wp:attachment":[{"href":"https:\/\/blogs.urz.uni-halle.de\/halliteratur\/wp-json\/wp\/v2\/media?parent=44"}],"curies":[{"name":"wp","href":"https:\/\/api.w.org\/{rel}","templated":true}]}}