{"id":48,"date":"2023-06-04T11:12:27","date_gmt":"2023-06-04T09:12:27","guid":{"rendered":"https:\/\/blogs.urz.uni-halle.de\/halliteratur\/?page_id=48"},"modified":"2023-06-26T09:14:38","modified_gmt":"2023-06-26T07:14:38","slug":"rathausstrasse","status":"publish","type":"page","link":"https:\/\/blogs.urz.uni-halle.de\/halliteratur\/rathausstrasse\/","title":{"rendered":"Sarah Kirsch in der Rathausstra\u00dfe"},"content":{"rendered":"\n<blockquote class=\"wp-block-quote has-text-align-right\"><p>\u201eDa\u00df der Tag nur 24 Stunden enth\u00e4lt, es in Halle keinen guten Cognac und kein Kohlepapier gibt, demzufolge es ebenso schwer ist wie vor der technischen Revolution, gute Gedichte zu schreiben.\u201d <\/p><cite>\u2013 <em>Sarah Kirsch (1989<\/em>)<\/cite><\/blockquote>\n\n\n\n<figure class=\"wp-block-gallery aligncenter columns-1 is-cropped\"><ul class=\"blocks-gallery-grid\"><li class=\"blocks-gallery-item\"><figure><a href=\"https:\/\/blogs.urz.uni-halle.de\/halliteratur\/files\/2023\/06\/Rathausstrasse-01.jpg\"><img loading=\"lazy\" width=\"290\" height=\"281\" src=\"https:\/\/blogs.urz.uni-halle.de\/halliteratur\/files\/2023\/06\/Rathausstrasse-01-290x281.jpg\" alt=\"\" data-id=\"440\" data-full-url=\"https:\/\/blogs.urz.uni-halle.de\/halliteratur\/files\/2023\/06\/Rathausstrasse-01.jpg\" data-link=\"https:\/\/blogs.urz.uni-halle.de\/halliteratur\/rathausstrasse-01\/\" class=\"wp-image-440\" srcset=\"https:\/\/blogs.urz.uni-halle.de\/halliteratur\/files\/2023\/06\/Rathausstrasse-01-290x281.jpg 290w, https:\/\/blogs.urz.uni-halle.de\/halliteratur\/files\/2023\/06\/Rathausstrasse-01-300x290.jpg 300w, https:\/\/blogs.urz.uni-halle.de\/halliteratur\/files\/2023\/06\/Rathausstrasse-01-1024x991.jpg 1024w, https:\/\/blogs.urz.uni-halle.de\/halliteratur\/files\/2023\/06\/Rathausstrasse-01-768x743.jpg 768w, https:\/\/blogs.urz.uni-halle.de\/halliteratur\/files\/2023\/06\/Rathausstrasse-01.jpg 1200w\" sizes=\"(max-width: 290px) 100vw, 290px\" \/><\/a><\/figure><\/li><\/ul><figcaption class=\"blocks-gallery-caption\"><sup>Rathausstra\u00dfe 7 | Foto: Katharina Hertling<\/sup><\/figcaption><\/figure>\n\n\n\n<p class=\"has-text-align-center has-white-color has-text-color has-background\" style=\"background-color:#acbaa1\">Sie befinden sich in der Rathausstra\u00dfe 7 vor dem Wohnhaus der Lyrikerin Sarah Kirsch. Kirsch studierte ab 1954 Biologie an der Universit\u00e4t Halle \u2013 ein Literaturstudium in Leipzig folgte \u2013 und lebte sp\u00e4ter mit ihrem Mann Rainer Kirsch in diesem Haus. 1968 verlie\u00df sie Halle, und 1977 die DDR. Nach ihrer Ausreise in die BRD zog sie Anfang der 80er Jahre mit ihrem Sohn und ihrem damaligen Lebensgef\u00e4hrten Wolfgang von Schweinitz in ein altes Schulhaus im Landkreis Dithmarschen. Dort lebte, schrieb und malte sie bis zu ihrem Tod im Jahre 2013. Sie wurde 78 Jahre alt. Ihr Grab befindet sich im Garten ihres Hauses. Ihr Nachlass wird von ihrem Sohn Moritz Kirsch betreut und verwaltet. Lesen oder h\u00f6ren Sie hier zwei Gedichte der Lyrikerin.<\/p>\n\n\n\n<p> <\/p>\n\n\n<div id=\"lmm_831f5d7c\" style=\"width:640px;\" class=\"mapsmarker markermap marker-7\">\n<div id=\"lmm_panel_831f5d7c\" class=\"lmm-panel\" style=\"background:#efefef;\">\n<div id=\"lmm_panel_api_831f5d7c\" class=\"lmm-panel-api\"><a href=\"https:\/\/maps.google.com\/maps?daddr=51.482981,11.973433&amp;t=m&amp;layer=1&amp;doflg=ptk&amp;om=0\" target=\"_blank\" title=\"Wegbeschreibung berechnen\"><img alt=\"icon-car.png\" src=\"https:\/\/blogs.urz.uni-halle.de\/halliteratur\/wp-content\/plugins\/leaflet-maps-marker\/inc\/img\/icon-car.png\" width=\"14\" height=\"14\" class=\"lmm-panel-api-images\" \/><\/a><a href=\"https:\/\/blogs.urz.uni-halle.de\/halliteratur\/wp-content\/plugins\/leaflet-maps-marker\/leaflet-fullscreen.php?marker=7\" style=\"text-decoration:none;\" title=\"Standalone-Karte im Vollbild-Modus \u00f6ffnen\" target=\"_blank\"><img src=\"https:\/\/blogs.urz.uni-halle.de\/halliteratur\/wp-content\/plugins\/leaflet-maps-marker\/inc\/img\/icon-fullscreen.png\" width=\"14\" height=\"14\" alt=\"Fullscreen-Logo\" class=\"lmm-panel-api-images\" \/><\/a><\/div><div id=\"lmm_panel_text_831f5d7c\" class=\"lmm-panel-text\" style=\"font-weight:bold;color:#373737;\">Rathausstra\u00dfe 7<\/div><\/div>\n<div id=\"lmm_map_831f5d7c\" class=\"lmm-map\" style=\"background:#f6f6f6;border:1px solid #ccc;height:480px; overflow:hidden;padding:0;\"><p style=\"font-size:80%;color:#9f9e9e;margin-left:5px;\">Karte wird geladen - bitte warten...<noscript><br\/><strong>Karte konnte nicht geladen werden - bitte aktivieren Sie Javascript!<\/strong><br\/><a style=\"text-decoration:none;\" href=\"https:\/\/www.mapsmarker.com\/js-disabled\" target=\"_blank\">&rarr; mehr Informationen<\/a><\/noscript><\/p><\/div>\n<div id=\"lmm_geo_tags_831f5d7c\" class=\"lmm-geo-tags geo\">\n<span class=\"paneltext\">Rathausstra\u00dfe 7<\/span>\n<span class=\"latitude\">51.482981<\/span>, <span class=\"longitude\">11.973433<\/span>\n<span class=\"popuptext\">Rathausstra\u00dfe 7\u00a0<\/span>\n<\/div>\n<\/div>\n\n\n\n\n\n<h6>&#8222;Landaufenthalt&#8220; von Sarah Kirsch<\/h6>\n\n\n\n<figure class=\"wp-block-audio\"><audio controls src=\"https:\/\/blogs.urz.uni-halle.de\/halliteratur\/files\/2023\/06\/Landaufenthalt_online-audio-converter.com_.mp3\"><\/audio><\/figure>\n\n\n\n<div style=\"height:29px\" aria-hidden=\"true\" class=\"wp-block-spacer\"><\/div>\n\n\n\n<figure class=\"wp-block-gallery columns-1 is-cropped\"><ul class=\"blocks-gallery-grid\"><li class=\"blocks-gallery-item\"><figure><img loading=\"lazy\" width=\"779\" height=\"1024\" src=\"https:\/\/blogs.urz.uni-halle.de\/halliteratur\/files\/2023\/06\/IMG_2727-779x1024.jpeg\" alt=\"\" data-id=\"646\" data-full-url=\"https:\/\/blogs.urz.uni-halle.de\/halliteratur\/files\/2023\/06\/IMG_2727.jpeg\" data-link=\"https:\/\/blogs.urz.uni-halle.de\/halliteratur\/rathausstrasse\/img_2727\/\" class=\"wp-image-646\" srcset=\"https:\/\/blogs.urz.uni-halle.de\/halliteratur\/files\/2023\/06\/IMG_2727-779x1024.jpeg 779w, https:\/\/blogs.urz.uni-halle.de\/halliteratur\/files\/2023\/06\/IMG_2727-228x300.jpeg 228w, https:\/\/blogs.urz.uni-halle.de\/halliteratur\/files\/2023\/06\/IMG_2727-221x290.jpeg 221w, https:\/\/blogs.urz.uni-halle.de\/halliteratur\/files\/2023\/06\/IMG_2727-768x1009.jpeg 768w, https:\/\/blogs.urz.uni-halle.de\/halliteratur\/files\/2023\/06\/IMG_2727-1169x1536.jpeg 1169w, https:\/\/blogs.urz.uni-halle.de\/halliteratur\/files\/2023\/06\/IMG_2727.jpeg 1547w\" sizes=\"(max-width: 779px) 100vw, 779px\" \/><\/figure><\/li><\/ul><\/figure>\n\n\n\n<h6>&#8222;Meine vielgereisten Freunde berichten mir&#8220; von Sarah Kirsch<\/h6>\n\n\n\n<figure class=\"wp-block-audio\"><audio controls src=\"https:\/\/blogs.urz.uni-halle.de\/halliteratur\/files\/2023\/06\/Meine_vielgereisten_Freunde.mp3\"><\/audio><\/figure>\n\n\n\n<div style=\"height:30px\" aria-hidden=\"true\" class=\"wp-block-spacer\"><\/div>\n\n\n\n<figure class=\"wp-block-gallery columns-1 is-cropped\"><ul class=\"blocks-gallery-grid\"><li class=\"blocks-gallery-item\"><figure><a href=\"https:\/\/blogs.urz.uni-halle.de\/halliteratur\/files\/2023\/06\/IMG_2728.jpeg\"><img loading=\"lazy\" width=\"1024\" height=\"666\" src=\"https:\/\/blogs.urz.uni-halle.de\/halliteratur\/files\/2023\/06\/IMG_2728-1024x666.jpeg\" alt=\"\" data-id=\"645\" data-full-url=\"https:\/\/blogs.urz.uni-halle.de\/halliteratur\/files\/2023\/06\/IMG_2728.jpeg\" data-link=\"https:\/\/blogs.urz.uni-halle.de\/halliteratur\/rathausstrasse\/img_2728\/\" class=\"wp-image-645\" srcset=\"https:\/\/blogs.urz.uni-halle.de\/halliteratur\/files\/2023\/06\/IMG_2728-1024x666.jpeg 1024w, https:\/\/blogs.urz.uni-halle.de\/halliteratur\/files\/2023\/06\/IMG_2728-300x195.jpeg 300w, https:\/\/blogs.urz.uni-halle.de\/halliteratur\/files\/2023\/06\/IMG_2728-290x189.jpeg 290w, https:\/\/blogs.urz.uni-halle.de\/halliteratur\/files\/2023\/06\/IMG_2728-768x499.jpeg 768w, https:\/\/blogs.urz.uni-halle.de\/halliteratur\/files\/2023\/06\/IMG_2728-1536x999.jpeg 1536w, https:\/\/blogs.urz.uni-halle.de\/halliteratur\/files\/2023\/06\/IMG_2728-2048x1332.jpeg 2048w\" sizes=\"(max-width: 1024px) 100vw, 1024px\" \/><\/a><\/figure><\/li><\/ul><\/figure>\n\n\n\n<div class=\"wp-block-pb-accordion-item c-accordion__item js-accordion-item no-js\" data-initially-open=\"false\" data-click-to-close=\"true\" data-auto-close=\"true\" data-scroll=\"false\" data-scroll-offset=\"0\"><h6 id=\"at-480\" class=\"c-accordion__title js-accordion-controller\" role=\"button\"><strong>\u25bd<\/strong> Der unverwechselbare Sarah-Kirsch-Stil<\/h6><div id=\"ac-480\" class=\"c-accordion__content\">\n<p>Von ihren Zeitgenoss:innen f\u00fcr ihren unverwechselbaren Stil hoch gelobt, erhielt Sarah Kirsch \u00fcber die Jahre hinweg viele Auszeichnungen und Preise. Nach einem ersten Gedichtband \u2013 1965 mit ihrem Mann ver\u00f6ffentlicht \u2013 folgte 1967 ihr erster, eigenst\u00e4ndiger Gedichtband \u201cLandaufenthalt\u201d. In ihm wird der Wunsch nach einer Welt deutlich, denn die Texte zeichnen nicht etwa eine l\u00e4ndliche Idylle, sondern mehr eine Rastlosigkeit.<\/p>\n\n\n\n<p>Dennoch fehlt es den Gedichten nicht an bildreichen Landschaftsbeschreibungen.<\/p>\n\n\n\n<p>Auffallend ist au\u00dferdem das h\u00e4ufige Fehlen jeglicher Satzzeichen. Oft muss man noch einmal zur\u00fccklesen, um den Sinn richtig aufnehmen zu k\u00f6nnen.&nbsp;<\/p>\n\n\n\n<p>Neben zahlreichen Lyrik-B\u00e4nden, ver\u00f6ffentlichte Sarah Kirsch auch einiges an Prosa. Auch ihre zahlreichen Tageb\u00fccher wurden ver\u00f6ffentlicht \u2013 zeitweise schrieb sie an mehreren gleichzeitig \u2013, teilweise erst postum.<\/p>\n<\/div><\/div>\n\n\n\n<div style=\"height:30px\" aria-hidden=\"true\" class=\"wp-block-spacer\"><\/div>\n\n\n\n<figure class=\"wp-block-gallery aligncenter columns-1 is-cropped\"><ul class=\"blocks-gallery-grid\"><li class=\"blocks-gallery-item\"><figure><a href=\"https:\/\/blogs.urz.uni-halle.de\/halliteratur\/files\/2023\/06\/Sarah_Kirsch.jpg\"><img loading=\"lazy\" width=\"1024\" height=\"576\" src=\"https:\/\/blogs.urz.uni-halle.de\/halliteratur\/files\/2023\/06\/Sarah_Kirsch-1024x576.jpg\" alt=\"\" data-id=\"451\" data-full-url=\"https:\/\/blogs.urz.uni-halle.de\/halliteratur\/files\/2023\/06\/Sarah_Kirsch.jpg\" data-link=\"https:\/\/blogs.urz.uni-halle.de\/halliteratur\/rathausstrasse\/sarah_kirsch\/\" class=\"wp-image-451\" srcset=\"https:\/\/blogs.urz.uni-halle.de\/halliteratur\/files\/2023\/06\/Sarah_Kirsch-1024x576.jpg 1024w, https:\/\/blogs.urz.uni-halle.de\/halliteratur\/files\/2023\/06\/Sarah_Kirsch-300x169.jpg 300w, https:\/\/blogs.urz.uni-halle.de\/halliteratur\/files\/2023\/06\/Sarah_Kirsch-290x163.jpg 290w, https:\/\/blogs.urz.uni-halle.de\/halliteratur\/files\/2023\/06\/Sarah_Kirsch-768x432.jpg 768w, https:\/\/blogs.urz.uni-halle.de\/halliteratur\/files\/2023\/06\/Sarah_Kirsch.jpg 1200w\" sizes=\"(max-width: 1024px) 100vw, 1024px\" \/><\/a><\/figure><\/li><\/ul><figcaption class=\"blocks-gallery-caption\"><sup>Sarah Kirsch, Foto: <a href=\"https:\/\/www.morgenpost.de\/kultur\/berlin-kultur\/article116432801\/Sarah-Kirsch-und-ihr-besonderes-Gespuer-fuer-Schnee.html\">C3105 Erwin Elsner \/ dpa<\/a>\u00a0<\/sup><\/figcaption><\/figure>\n\n\n\n<div class=\"wp-block-pb-accordion-item c-accordion__item js-accordion-item no-js\" data-initially-open=\"false\" data-click-to-close=\"true\" data-auto-close=\"true\" data-scroll=\"false\" data-scroll-offset=\"0\"><h6 id=\"at-481\" class=\"c-accordion__title js-accordion-controller\" role=\"button\"><strong>\u25bd<\/strong> Literaturtipps<\/h6><div id=\"ac-481\" class=\"c-accordion__content\">\n<p><em>Kirsch, Sarah: Schwingrasen, Stuttgart 1991.<\/em><\/p>\n\n\n\n<p><em>Kirsch, Sarah: S\u00e4mtliche Gedichte, M\u00fcnchen 2005.<\/em><\/p>\n\n\n\n<p><em>Kirsch, Sarah: Juninovember, M\u00fcnchen 2014.<\/em><\/p>\n<\/div><\/div>\n\n\n\n<p class=\"has-text-align-center has-white-color has-text-color has-background\" style=\"background-color:#acbaa1\">Laufen Sie nun weiter die Rathausstra\u00dfe lang, welche Sie direkt zum Marktplatz f\u00fchrt. Laufen Sie \u00fcber den Marktplatz bis zum gro\u00dfen Thalia Geb\u00e4ude. Rechts hinter dem Haus befindet sich eine rote Telefonzelle.<\/p>\n\n\n\n<div class=\"wp-block-buttons aligncenter\">\n<div class=\"wp-block-button is-style-outline\"><a class=\"wp-block-button__link has-background\" href=\"https:\/\/blogs.urz.uni-halle.de\/halliteratur\/\" style=\"border-radius:20px;background-color:#acbaa1\">Zur\u00fcck zur Startseite<\/a><\/div>\n\n\n\n<div class=\"wp-block-button is-style-outline\"><a class=\"wp-block-button__link has-dark-gray-color has-text-color has-background\" href=\"https:\/\/blogs.urz.uni-halle.de\/halliteratur\/marktplatz\/\" style=\"border-radius:20px;background-color:#acbaa1\">Weiter in der Route<\/a><\/div>\n<\/div>\n","protected":false},"excerpt":{"rendered":"<p>\u201eDa\u00df der Tag nur 24 Stunden enth\u00e4lt, es in Halle keinen guten Cognac und kein Kohlepapier gibt, demzufolge es ebenso schwer ist wie vor der technischen Revolution, gute Gedichte zu schreiben.\u201d \u2013 Sarah Kirsch (1989) Sie befinden sich in der Rathausstra\u00dfe 7 vor dem Wohnhaus der Lyrikerin Sarah Kirsch. Kirsch studierte ab 1954 Biologie an &hellip; <a href=\"https:\/\/blogs.urz.uni-halle.de\/halliteratur\/rathausstrasse\/\" class=\"more-link\"><span class=\"screen-reader-text\">Sarah Kirsch in der Rathausstra\u00dfe<\/span> weiterlesen<\/a><\/p>\n","protected":false},"author":5829,"featured_media":0,"parent":0,"menu_order":0,"comment_status":"closed","ping_status":"closed","template":"","meta":[],"_links":{"self":[{"href":"https:\/\/blogs.urz.uni-halle.de\/halliteratur\/wp-json\/wp\/v2\/pages\/48"}],"collection":[{"href":"https:\/\/blogs.urz.uni-halle.de\/halliteratur\/wp-json\/wp\/v2\/pages"}],"about":[{"href":"https:\/\/blogs.urz.uni-halle.de\/halliteratur\/wp-json\/wp\/v2\/types\/page"}],"author":[{"embeddable":true,"href":"https:\/\/blogs.urz.uni-halle.de\/halliteratur\/wp-json\/wp\/v2\/users\/5829"}],"replies":[{"embeddable":true,"href":"https:\/\/blogs.urz.uni-halle.de\/halliteratur\/wp-json\/wp\/v2\/comments?post=48"}],"version-history":[{"count":10,"href":"https:\/\/blogs.urz.uni-halle.de\/halliteratur\/wp-json\/wp\/v2\/pages\/48\/revisions"}],"predecessor-version":[{"id":1028,"href":"https:\/\/blogs.urz.uni-halle.de\/halliteratur\/wp-json\/wp\/v2\/pages\/48\/revisions\/1028"}],"wp:attachment":[{"href":"https:\/\/blogs.urz.uni-halle.de\/halliteratur\/wp-json\/wp\/v2\/media?parent=48"}],"curies":[{"name":"wp","href":"https:\/\/api.w.org\/{rel}","templated":true}]}}