{"id":50,"date":"2023-06-04T11:12:29","date_gmt":"2023-06-04T09:12:29","guid":{"rendered":"https:\/\/blogs.urz.uni-halle.de\/halliteratur\/?page_id=50"},"modified":"2023-06-26T09:15:15","modified_gmt":"2023-06-26T07:15:15","slug":"marktplatz","status":"publish","type":"page","link":"https:\/\/blogs.urz.uni-halle.de\/halliteratur\/marktplatz\/","title":{"rendered":"Weiter schreiben am Marktplatz"},"content":{"rendered":"\n<blockquote class=\"wp-block-quote has-text-align-right\"><p>Von den meisten B\u00fcchern bleiben nur Zitate \u00fcbrig. Warum nicht gleich nur Zitate schreiben?<\/p><cite>\u2013 Stanis\u0142aw Jerzy Lec<\/cite><\/blockquote>\n\n\n\n<figure class=\"wp-block-gallery columns-1 is-cropped\"><ul class=\"blocks-gallery-grid\"><li class=\"blocks-gallery-item\"><figure><a href=\"https:\/\/blogs.urz.uni-halle.de\/halliteratur\/files\/2023\/06\/Marktplatz-Beispielfoto_2_.jpg\"><img loading=\"lazy\" width=\"1024\" height=\"873\" src=\"https:\/\/blogs.urz.uni-halle.de\/halliteratur\/files\/2023\/06\/Marktplatz-Beispielfoto_2_-1024x873.jpg\" alt=\"\" data-id=\"491\" data-full-url=\"https:\/\/blogs.urz.uni-halle.de\/halliteratur\/files\/2023\/06\/Marktplatz-Beispielfoto_2_.jpg\" data-link=\"https:\/\/blogs.urz.uni-halle.de\/halliteratur\/marktplatz-beispielfoto_2_\/\" class=\"wp-image-491\" srcset=\"https:\/\/blogs.urz.uni-halle.de\/halliteratur\/files\/2023\/06\/Marktplatz-Beispielfoto_2_-1024x873.jpg 1024w, https:\/\/blogs.urz.uni-halle.de\/halliteratur\/files\/2023\/06\/Marktplatz-Beispielfoto_2_-300x256.jpg 300w, https:\/\/blogs.urz.uni-halle.de\/halliteratur\/files\/2023\/06\/Marktplatz-Beispielfoto_2_-290x247.jpg 290w, https:\/\/blogs.urz.uni-halle.de\/halliteratur\/files\/2023\/06\/Marktplatz-Beispielfoto_2_-768x655.jpg 768w, https:\/\/blogs.urz.uni-halle.de\/halliteratur\/files\/2023\/06\/Marktplatz-Beispielfoto_2_.jpg 1070w\" sizes=\"(max-width: 1024px) 100vw, 1024px\" \/><\/a><\/figure><\/li><\/ul><\/figure>\n\n\n\n<p class=\"has-text-align-center has-white-color has-text-color has-background\" style=\"background-color:#acbaa1\">An einer Ecke des Marktplatzes in Richtung <em>Sch\u00fclershof<\/em> steht eine rote Telefonzelle. In ihr finden Sie eine Auswahl \u2013 mal gr\u00f6\u00dfer, mal kleiner \u2013 an verschiedenster Literatur. \u00d6ffentliche B\u00fccherschr\u00e4nke wie dieser finden sich an vielen Orten auf der ganzen Welt.<\/p>\n\n\n<div id=\"lmm_1b12e265\" style=\"width:640px;\" class=\"mapsmarker markermap marker-8\">\n<div id=\"lmm_panel_1b12e265\" class=\"lmm-panel\" style=\"background:#efefef;\">\n<div id=\"lmm_panel_api_1b12e265\" class=\"lmm-panel-api\"><a href=\"https:\/\/maps.google.com\/maps?daddr=51.482559,11.970109&amp;t=m&amp;layer=1&amp;doflg=ptk&amp;om=0\" target=\"_blank\" title=\"Wegbeschreibung berechnen\"><img alt=\"icon-car.png\" src=\"https:\/\/blogs.urz.uni-halle.de\/halliteratur\/wp-content\/plugins\/leaflet-maps-marker\/inc\/img\/icon-car.png\" width=\"14\" height=\"14\" class=\"lmm-panel-api-images\" \/><\/a><a href=\"https:\/\/blogs.urz.uni-halle.de\/halliteratur\/wp-content\/plugins\/leaflet-maps-marker\/leaflet-fullscreen.php?marker=8\" style=\"text-decoration:none;\" title=\"Standalone-Karte im Vollbild-Modus \u00f6ffnen\" target=\"_blank\"><img src=\"https:\/\/blogs.urz.uni-halle.de\/halliteratur\/wp-content\/plugins\/leaflet-maps-marker\/inc\/img\/icon-fullscreen.png\" width=\"14\" height=\"14\" alt=\"Fullscreen-Logo\" class=\"lmm-panel-api-images\" \/><\/a><\/div><div id=\"lmm_panel_text_1b12e265\" class=\"lmm-panel-text\" style=\"font-weight:bold;color:#373737;\">Marktplatz<\/div><\/div>\n<div id=\"lmm_map_1b12e265\" class=\"lmm-map\" style=\"background:#f6f6f6;border:1px solid #ccc;height:480px; overflow:hidden;padding:0;\"><p style=\"font-size:80%;color:#9f9e9e;margin-left:5px;\">Karte wird geladen - bitte warten...<noscript><br\/><strong>Karte konnte nicht geladen werden - bitte aktivieren Sie Javascript!<\/strong><br\/><a style=\"text-decoration:none;\" href=\"https:\/\/www.mapsmarker.com\/js-disabled\" target=\"_blank\">&rarr; mehr Informationen<\/a><\/noscript><\/p><\/div>\n<div id=\"lmm_geo_tags_1b12e265\" class=\"lmm-geo-tags geo\">\n<span class=\"paneltext\">Marktplatz<\/span>\n<span class=\"latitude\">51.482559<\/span>, <span class=\"longitude\">11.970109<\/span>\n<span class=\"popuptext\">Marktplatz<\/span>\n<\/div>\n<\/div>\n\n\n\n<div style=\"height:37px\" aria-hidden=\"true\" class=\"wp-block-spacer\"><\/div>\n\n\n\n<p class=\"has-text-align-center has-white-color has-text-color has-background has-medium-font-size\" id=\"block-6afff1f2-e3f9-4feb-b782-31d1f3997013\" style=\"background-color:#8a9681\"><em>Klicken Sie <a href=\"https:\/\/blogs.urz.uni-halle.de\/halliteratur\/kreatives-schreiben\/\">hier<\/a>, um selbst kreativ zu werden! <\/em><\/p>\n\n\n\n<p class=\"has-text-align-center has-white-color has-text-color has-background\" style=\"background-color:#acbaa1\">Der Halliterarische Spaziergang endet an dieser Station. In Halle finden Sie noch viele weitere sehenswerte Ecken. Gehen Sie gerne selbst weiter auf Entdeckungstour. <\/p>\n\n\n\n<div class=\"wp-block-buttons aligncenter\">\n<div class=\"wp-block-button is-style-outline\"><a class=\"wp-block-button__link has-dark-gray-color has-text-color has-background\" href=\"https:\/\/blogs.urz.uni-halle.de\/halliteratur\/\" style=\"border-radius:20px;background-color:#b4b9a2\">Zur\u00fcck zur Startseite<\/a><\/div>\n<\/div>\n","protected":false},"excerpt":{"rendered":"<p>Von den meisten B\u00fcchern bleiben nur Zitate \u00fcbrig. Warum nicht gleich nur Zitate schreiben? \u2013 Stanis\u0142aw Jerzy Lec An einer Ecke des Marktplatzes in Richtung Sch\u00fclershof steht eine rote Telefonzelle. In ihr finden Sie eine Auswahl \u2013 mal gr\u00f6\u00dfer, mal kleiner \u2013 an verschiedenster Literatur. \u00d6ffentliche B\u00fccherschr\u00e4nke wie dieser finden sich an vielen Orten auf &hellip; <a href=\"https:\/\/blogs.urz.uni-halle.de\/halliteratur\/marktplatz\/\" class=\"more-link\"><span class=\"screen-reader-text\">Weiter schreiben am Marktplatz<\/span> weiterlesen<\/a><\/p>\n","protected":false},"author":5829,"featured_media":0,"parent":0,"menu_order":0,"comment_status":"closed","ping_status":"closed","template":"","meta":[],"_links":{"self":[{"href":"https:\/\/blogs.urz.uni-halle.de\/halliteratur\/wp-json\/wp\/v2\/pages\/50"}],"collection":[{"href":"https:\/\/blogs.urz.uni-halle.de\/halliteratur\/wp-json\/wp\/v2\/pages"}],"about":[{"href":"https:\/\/blogs.urz.uni-halle.de\/halliteratur\/wp-json\/wp\/v2\/types\/page"}],"author":[{"embeddable":true,"href":"https:\/\/blogs.urz.uni-halle.de\/halliteratur\/wp-json\/wp\/v2\/users\/5829"}],"replies":[{"embeddable":true,"href":"https:\/\/blogs.urz.uni-halle.de\/halliteratur\/wp-json\/wp\/v2\/comments?post=50"}],"version-history":[{"count":10,"href":"https:\/\/blogs.urz.uni-halle.de\/halliteratur\/wp-json\/wp\/v2\/pages\/50\/revisions"}],"predecessor-version":[{"id":1029,"href":"https:\/\/blogs.urz.uni-halle.de\/halliteratur\/wp-json\/wp\/v2\/pages\/50\/revisions\/1029"}],"wp:attachment":[{"href":"https:\/\/blogs.urz.uni-halle.de\/halliteratur\/wp-json\/wp\/v2\/media?parent=50"}],"curies":[{"name":"wp","href":"https:\/\/api.w.org\/{rel}","templated":true}]}}