{"id":941,"date":"2023-06-24T17:28:11","date_gmt":"2023-06-24T15:28:11","guid":{"rendered":"https:\/\/blogs.urz.uni-halle.de\/halliteratur\/?page_id=941"},"modified":"2023-06-26T09:42:10","modified_gmt":"2023-06-26T07:42:10","slug":"eichendorffbank","status":"publish","type":"page","link":"https:\/\/blogs.urz.uni-halle.de\/halliteratur\/eichendorffbank\/","title":{"rendered":"\u201eVerwilderte Einsamkeit\u201c &#8211; Eichendorffs Blick auf die Stadt"},"content":{"rendered":"\n<blockquote class=\"wp-block-quote has-text-align-right\"><p>\u201eDer nahe Giebichenstein mit seiner Burgruine, an die sich die Sage von Ludwig dem Springer kn\u00fcpft, war damals noch nicht modern englisiert und eingehegt wie jetzt und bot in seiner verwilderten Einsamkeit eine ganz artige Werkstatt f\u00fcr ein junges Dichterherz. Wer als J\u00fcngling von dieser H\u00f6he hinabgeblickt und sie im Alter nach vielen Jahren wiedersieht, dem wird vielleicht dabei ungef\u00e4hr zumute sein wie dem Autor nachstehenden Liedchens&#8230;\u201c<\/p><cite>\u2013 Joseph Freiherr von Eichendorff, Halle und Heidelberg (1857)<\/cite><\/blockquote>\n\n\n\n<figure class=\"wp-block-gallery aligncenter columns-1 is-cropped\"><ul class=\"blocks-gallery-grid\"><li class=\"blocks-gallery-item\"><figure><a href=\"https:\/\/blogs.urz.uni-halle.de\/halliteratur\/files\/2023\/06\/Eichendorff-1-scaled.jpg\"><img loading=\"lazy\" width=\"1024\" height=\"641\" src=\"https:\/\/blogs.urz.uni-halle.de\/halliteratur\/files\/2023\/06\/Eichendorff-1-1024x641.jpg\" alt=\"\" data-id=\"942\" data-full-url=\"https:\/\/blogs.urz.uni-halle.de\/halliteratur\/files\/2023\/06\/Eichendorff-1-scaled.jpg\" data-link=\"https:\/\/blogs.urz.uni-halle.de\/halliteratur\/?attachment_id=942\" class=\"wp-image-942\" srcset=\"https:\/\/blogs.urz.uni-halle.de\/halliteratur\/files\/2023\/06\/Eichendorff-1-1024x641.jpg 1024w, https:\/\/blogs.urz.uni-halle.de\/halliteratur\/files\/2023\/06\/Eichendorff-1-300x188.jpg 300w, https:\/\/blogs.urz.uni-halle.de\/halliteratur\/files\/2023\/06\/Eichendorff-1-290x182.jpg 290w, https:\/\/blogs.urz.uni-halle.de\/halliteratur\/files\/2023\/06\/Eichendorff-1-768x481.jpg 768w, https:\/\/blogs.urz.uni-halle.de\/halliteratur\/files\/2023\/06\/Eichendorff-1-1536x962.jpg 1536w, https:\/\/blogs.urz.uni-halle.de\/halliteratur\/files\/2023\/06\/Eichendorff-1-2048x1282.jpg 2048w\" sizes=\"(max-width: 1024px) 100vw, 1024px\" \/><\/a><\/figure><\/li><\/ul><figcaption class=\"blocks-gallery-caption\"><sup>Stra\u00dfenschild in der Burgstra\u00dfe | Foto: Yannick Sch\u00f6n<\/sup><\/figcaption><\/figure>\n\n\n\n<p class=\"has-text-align-center has-white-color has-text-color has-background\" style=\"background-color:#acbaa1\">Sind Sie von der Station \u201eReichardts Garten\u201c ausreichend erholt, bietet sich als Kraftanstrengung der Aufstieg auf die Klausberge an, wo neben einer gro\u00dfartigen Aussicht auch die Eichendorffbank zu finden ist. Genau wie Achim von Arnim war Joseph Freiherr von Eichendorff ebenso Student der Stadt Halle, hat hier gelebt und praktiziert, und wurde von der Stadt auch zum Dichten inspiriert, wobei die ersten Strophen des bekannten Gedichts \u201eBei Halle\u201c auf der Bank selbst verewigt wurden. Der Rest des Gedichts und zwei weitere lassen sich hier finden:<\/p>\n\n\n<div id=\"lmm_a3e4f911\" style=\"width:640px;\" class=\"mapsmarker markermap marker-19\">\n<div id=\"lmm_panel_a3e4f911\" class=\"lmm-panel\" style=\"background:#efefef;\">\n<div id=\"lmm_panel_api_a3e4f911\" class=\"lmm-panel-api\"><a href=\"https:\/\/maps.google.com\/maps?daddr=51.507053,11.959337&amp;t=m&amp;layer=1&amp;doflg=ptk&amp;om=0\" target=\"_blank\" title=\"Wegbeschreibung berechnen\"><img alt=\"icon-car.png\" src=\"https:\/\/blogs.urz.uni-halle.de\/halliteratur\/wp-content\/plugins\/leaflet-maps-marker\/inc\/img\/icon-car.png\" width=\"14\" height=\"14\" class=\"lmm-panel-api-images\" \/><\/a><a href=\"https:\/\/blogs.urz.uni-halle.de\/halliteratur\/wp-content\/plugins\/leaflet-maps-marker\/leaflet-fullscreen.php?marker=19\" style=\"text-decoration:none;\" title=\"Standalone-Karte im Vollbild-Modus \u00f6ffnen\" target=\"_blank\"><img src=\"https:\/\/blogs.urz.uni-halle.de\/halliteratur\/wp-content\/plugins\/leaflet-maps-marker\/inc\/img\/icon-fullscreen.png\" width=\"14\" height=\"14\" alt=\"Fullscreen-Logo\" class=\"lmm-panel-api-images\" \/><\/a><\/div><div id=\"lmm_panel_text_a3e4f911\" class=\"lmm-panel-text\" style=\"font-weight:bold;color:#373737;\">Eichendorffbank<\/div><\/div>\n<div id=\"lmm_map_a3e4f911\" class=\"lmm-map\" style=\"background:#f6f6f6;border:1px solid #ccc;height:480px; overflow:hidden;padding:0;\"><p style=\"font-size:80%;color:#9f9e9e;margin-left:5px;\">Karte wird geladen - bitte warten...<noscript><br\/><strong>Karte konnte nicht geladen werden - bitte aktivieren Sie Javascript!<\/strong><br\/><a style=\"text-decoration:none;\" href=\"https:\/\/www.mapsmarker.com\/js-disabled\" target=\"_blank\">&rarr; mehr Informationen<\/a><\/noscript><\/p><\/div>\n<div id=\"lmm_geo_tags_a3e4f911\" class=\"lmm-geo-tags geo\">\n<span class=\"paneltext\">Eichendorffbank<\/span>\n<span class=\"latitude\">51.507053<\/span>, <span class=\"longitude\">11.959337<\/span>\n<span class=\"popuptext\"><\/span>\n<\/div>\n<\/div>\n\n\n\n<h6 class=\"has-dark-gray-color has-text-color\">\u201eBei Halle\u201c von Joseph von Eichendorff<\/h6>\n\n\n\n<p>Da steht eine Burg \u00fcberm Tale<br \/>Und schaut in den Strom hinein, <br \/>Das ist die fr\u00f6hliche Saale,<br \/>Das ist der Giebichenstein.<\/p>\n\n\n\n<p>Da hab ich so oft gestanden,<br \/>Es bl\u00fchten T\u00e4ler und H\u00f6hn,<br \/>Und seitdem in allen Landen<br \/>Sah ich nimmer die Welt so sch\u00f6n!<\/p>\n\n\n\n<p>Durchs Gr\u00fcn da Ges\u00e4nge schallten, <br \/>Von Rossen, zu Lust und Streit, <br \/>Schauten viel schlanke Gestalten <br \/>Gleichwie in der Ritterzeit.<\/p>\n\n\n\n<p>Wir waren die fahrenden Ritter, <br \/>Eine Burg war noch jedes Haus, <br \/>Es schaute durchs Blumengitter <br \/>&#8218;Mansch sch\u00f6nes Fr\u00e4ulein heraus.<\/p>\n\n\n\n<p>Das Fr\u00e4ulein ist alt geworden,<br \/>Und unter Philistern umher <br \/>Zerstreut ist der Ritterorden, <br \/>Kennt keiner den andern mehr.<\/p>\n\n\n\n<p>Auf dem verfallenen Schlosse, <br \/>Wie der Burggeist, halb im Traum, <br \/>Steh ich jetzt ohne Genossen<br \/>Und kenne die Gegend kaum.<\/p>\n\n\n\n<p>Und Lieder und Lust und Schmerzen, <br \/>Wie liegen sie nun so weit \u2013<br \/>O Jugend, wie tut im Herzen<br \/>Mir deine Sch\u00f6nheit so leid.<\/p>\n\n\n\n<figure class=\"wp-block-gallery aligncenter columns-2 is-cropped\"><ul class=\"blocks-gallery-grid\"><li class=\"blocks-gallery-item\"><figure><a href=\"https:\/\/blogs.urz.uni-halle.de\/halliteratur\/files\/2023\/06\/Eichendorff-3-scaled.jpg\"><img loading=\"lazy\" width=\"1024\" height=\"768\" src=\"https:\/\/blogs.urz.uni-halle.de\/halliteratur\/files\/2023\/06\/Eichendorff-3-1024x768.jpg\" alt=\"\" data-id=\"959\" data-full-url=\"https:\/\/blogs.urz.uni-halle.de\/halliteratur\/files\/2023\/06\/Eichendorff-3-scaled.jpg\" data-link=\"https:\/\/blogs.urz.uni-halle.de\/halliteratur\/?attachment_id=959\" class=\"wp-image-959\" srcset=\"https:\/\/blogs.urz.uni-halle.de\/halliteratur\/files\/2023\/06\/Eichendorff-3-1024x768.jpg 1024w, https:\/\/blogs.urz.uni-halle.de\/halliteratur\/files\/2023\/06\/Eichendorff-3-300x225.jpg 300w, https:\/\/blogs.urz.uni-halle.de\/halliteratur\/files\/2023\/06\/Eichendorff-3-290x218.jpg 290w, https:\/\/blogs.urz.uni-halle.de\/halliteratur\/files\/2023\/06\/Eichendorff-3-768x576.jpg 768w, https:\/\/blogs.urz.uni-halle.de\/halliteratur\/files\/2023\/06\/Eichendorff-3-1536x1152.jpg 1536w, https:\/\/blogs.urz.uni-halle.de\/halliteratur\/files\/2023\/06\/Eichendorff-3-2048x1536.jpg 2048w\" sizes=\"(max-width: 1024px) 100vw, 1024px\" \/><\/a><\/figure><\/li><li class=\"blocks-gallery-item\"><figure><a href=\"https:\/\/blogs.urz.uni-halle.de\/halliteratur\/files\/2023\/06\/Eichendorff-2-scaled.jpg\"><img loading=\"lazy\" width=\"1024\" height=\"768\" src=\"https:\/\/blogs.urz.uni-halle.de\/halliteratur\/files\/2023\/06\/Eichendorff-2-1024x768.jpg\" alt=\"\" data-id=\"956\" data-full-url=\"https:\/\/blogs.urz.uni-halle.de\/halliteratur\/files\/2023\/06\/Eichendorff-2-scaled.jpg\" data-link=\"https:\/\/blogs.urz.uni-halle.de\/halliteratur\/?attachment_id=956\" class=\"wp-image-956\" srcset=\"https:\/\/blogs.urz.uni-halle.de\/halliteratur\/files\/2023\/06\/Eichendorff-2-1024x768.jpg 1024w, https:\/\/blogs.urz.uni-halle.de\/halliteratur\/files\/2023\/06\/Eichendorff-2-300x225.jpg 300w, https:\/\/blogs.urz.uni-halle.de\/halliteratur\/files\/2023\/06\/Eichendorff-2-290x218.jpg 290w, https:\/\/blogs.urz.uni-halle.de\/halliteratur\/files\/2023\/06\/Eichendorff-2-768x576.jpg 768w, https:\/\/blogs.urz.uni-halle.de\/halliteratur\/files\/2023\/06\/Eichendorff-2-1536x1152.jpg 1536w, https:\/\/blogs.urz.uni-halle.de\/halliteratur\/files\/2023\/06\/Eichendorff-2-2048x1536.jpg 2048w\" sizes=\"(max-width: 1024px) 100vw, 1024px\" \/><\/a><\/figure><\/li><\/ul><figcaption class=\"blocks-gallery-caption\"><sup>Eichendorffbank in Halle | Foto: Yannick Sch\u00f6n<\/sup><\/figcaption><\/figure>\n\n\n\n<h6 class=\"has-dark-gray-color has-text-color\">\u201eZwielicht\u201c von  Joseph von Eichendorff (1815)<\/h6>\n\n\n\n<p class=\"has-text-align-right\">D\u00e4mmrung will die Fl\u00fcgel spreiten, <br \/>Schaurig r\u00fchren sich die B\u00e4ume, <br \/>Wolken ziehn wie schwere Tr\u00e4ume \u2013 <br \/>Was will dieses Graun bedeuten? <br \/>Hast ein Reh du lieb vor andern,<br \/>La\u00df es nicht alleine grasen,<br \/>J\u00e4ger ziehn im Wald und blasen, <br \/>Stimmen hin und wieder wandern.<\/p>\n\n\n\n<p class=\"has-text-align-right\">Hast du einen Freund hienieden, <br \/>Trau ihm nicht zu dieser Stunde, <br \/>Freundlich wohl mit Aug und Munde, <br \/>Sinnt er Krieg im t\u00fcckschen Frieden.<\/p>\n\n\n\n<p class=\"has-text-align-right\">Was heut m\u00fcde gehet unter,<br \/>Hebt sich morgen neugeboren. <br \/>Manches bleibt in Nacht verloren \u2013 <br \/>H\u00fcte dich, bleib wach und munter!<\/p>\n\n\n\n<figure class=\"wp-block-gallery aligncenter columns-2 is-cropped\"><ul class=\"blocks-gallery-grid\"><li class=\"blocks-gallery-item\"><figure><a href=\"https:\/\/blogs.urz.uni-halle.de\/halliteratur\/files\/2023\/06\/Eichendorff-5-scaled.jpg\"><img loading=\"lazy\" width=\"1024\" height=\"768\" src=\"https:\/\/blogs.urz.uni-halle.de\/halliteratur\/files\/2023\/06\/Eichendorff-5-1024x768.jpg\" alt=\"\" data-id=\"960\" data-full-url=\"https:\/\/blogs.urz.uni-halle.de\/halliteratur\/files\/2023\/06\/Eichendorff-5-scaled.jpg\" data-link=\"https:\/\/blogs.urz.uni-halle.de\/halliteratur\/?attachment_id=960\" class=\"wp-image-960\" srcset=\"https:\/\/blogs.urz.uni-halle.de\/halliteratur\/files\/2023\/06\/Eichendorff-5-1024x768.jpg 1024w, https:\/\/blogs.urz.uni-halle.de\/halliteratur\/files\/2023\/06\/Eichendorff-5-300x225.jpg 300w, https:\/\/blogs.urz.uni-halle.de\/halliteratur\/files\/2023\/06\/Eichendorff-5-290x218.jpg 290w, https:\/\/blogs.urz.uni-halle.de\/halliteratur\/files\/2023\/06\/Eichendorff-5-768x576.jpg 768w, https:\/\/blogs.urz.uni-halle.de\/halliteratur\/files\/2023\/06\/Eichendorff-5-1536x1152.jpg 1536w, https:\/\/blogs.urz.uni-halle.de\/halliteratur\/files\/2023\/06\/Eichendorff-5-2048x1536.jpg 2048w\" sizes=\"(max-width: 1024px) 100vw, 1024px\" \/><\/a><\/figure><\/li><li class=\"blocks-gallery-item\"><figure><a href=\"https:\/\/blogs.urz.uni-halle.de\/halliteratur\/files\/2023\/06\/Eichendorff-4-scaled.jpg\"><img loading=\"lazy\" width=\"768\" height=\"1024\" src=\"https:\/\/blogs.urz.uni-halle.de\/halliteratur\/files\/2023\/06\/Eichendorff-4-768x1024.jpg\" alt=\"\" data-id=\"957\" data-full-url=\"https:\/\/blogs.urz.uni-halle.de\/halliteratur\/files\/2023\/06\/Eichendorff-4-scaled.jpg\" data-link=\"https:\/\/blogs.urz.uni-halle.de\/halliteratur\/?attachment_id=957\" class=\"wp-image-957\" srcset=\"https:\/\/blogs.urz.uni-halle.de\/halliteratur\/files\/2023\/06\/Eichendorff-4-768x1024.jpg 768w, https:\/\/blogs.urz.uni-halle.de\/halliteratur\/files\/2023\/06\/Eichendorff-4-225x300.jpg 225w, https:\/\/blogs.urz.uni-halle.de\/halliteratur\/files\/2023\/06\/Eichendorff-4-218x290.jpg 218w, https:\/\/blogs.urz.uni-halle.de\/halliteratur\/files\/2023\/06\/Eichendorff-4-1152x1536.jpg 1152w, https:\/\/blogs.urz.uni-halle.de\/halliteratur\/files\/2023\/06\/Eichendorff-4-1536x2048.jpg 1536w, https:\/\/blogs.urz.uni-halle.de\/halliteratur\/files\/2023\/06\/Eichendorff-4-scaled.jpg 1920w\" sizes=\"(max-width: 768px) 100vw, 768px\" \/><\/a><\/figure><\/li><\/ul><figcaption class=\"blocks-gallery-caption\"><sup>Denkmal an der Eichendorffbank | Foto: Yannick Sch\u00f6n<\/sup><\/figcaption><\/figure>\n\n\n\n<h6>\u201eDie Heimat\u201c von  Joseph von Eichendorff (1819)<\/h6>\n\n\n\n<p>Denkst du des Schlosses noch auf stiller H\u00f6h? <br \/>Das Horn lockt n\u00e4chtlich dort, als obs dich riefe, <br \/>Am Abgrund grast das Reh,<br \/>Es rauscht der Wald verwirrend aus der Tiefe \u2013 <br \/>O stille, wecke nicht, es war als schliefe<br \/>Da drunten ein unnennbar Weh.<\/p>\n\n\n\n<p>Kennst du den Garten? \u2013 Wenn sich Lenz erneut, <br \/>Geht dort ein M\u00e4dchen auf den k\u00fchlen G\u00e4ngen <br \/>Still durch die Einsamkeit,<br \/>Und weckt den leisen Strom von Zauberkl\u00e4ngen, <br \/>Als ob die Blumen und die B\u00e4ume s\u00e4ngen<\/p>\n\n\n\n<p>Rings von der alten sch\u00f6nen Zeit.<br \/>Ihr Wipfel und ihr Bronnen rauscht nur zu! <br \/>Wohin du auch in wilder Lust magst dringen, <br \/>Du findest nirgends Ruh,<br \/>Erreichen wird dich das geheime Singen, \u2013 <br \/>Ach, dieses Bannes zauberischen Ringen <br \/>Entfliehn wir nimmer, ich und du!<\/p>\n\n\n\n<figure class=\"wp-block-gallery aligncenter columns-2 is-cropped\"><ul class=\"blocks-gallery-grid\"><li class=\"blocks-gallery-item\"><figure><img loading=\"lazy\" width=\"1024\" height=\"768\" src=\"https:\/\/blogs.urz.uni-halle.de\/halliteratur\/files\/2023\/06\/Eichendorff-6-1024x768.jpg\" alt=\"\" data-id=\"954\" data-full-url=\"https:\/\/blogs.urz.uni-halle.de\/halliteratur\/files\/2023\/06\/Eichendorff-6-scaled.jpg\" data-link=\"https:\/\/blogs.urz.uni-halle.de\/halliteratur\/?attachment_id=954\" class=\"wp-image-954\" srcset=\"https:\/\/blogs.urz.uni-halle.de\/halliteratur\/files\/2023\/06\/Eichendorff-6-1024x768.jpg 1024w, https:\/\/blogs.urz.uni-halle.de\/halliteratur\/files\/2023\/06\/Eichendorff-6-300x225.jpg 300w, https:\/\/blogs.urz.uni-halle.de\/halliteratur\/files\/2023\/06\/Eichendorff-6-290x218.jpg 290w, https:\/\/blogs.urz.uni-halle.de\/halliteratur\/files\/2023\/06\/Eichendorff-6-768x576.jpg 768w, https:\/\/blogs.urz.uni-halle.de\/halliteratur\/files\/2023\/06\/Eichendorff-6-1536x1152.jpg 1536w, https:\/\/blogs.urz.uni-halle.de\/halliteratur\/files\/2023\/06\/Eichendorff-6-2048x1536.jpg 2048w\" sizes=\"(max-width: 1024px) 100vw, 1024px\" \/><\/figure><\/li><li class=\"blocks-gallery-item\"><figure><img loading=\"lazy\" width=\"1024\" height=\"768\" src=\"https:\/\/blogs.urz.uni-halle.de\/halliteratur\/files\/2023\/06\/Eichendorff-7-1024x768.jpg\" alt=\"\" data-id=\"958\" data-full-url=\"https:\/\/blogs.urz.uni-halle.de\/halliteratur\/files\/2023\/06\/Eichendorff-7-scaled.jpg\" data-link=\"https:\/\/blogs.urz.uni-halle.de\/halliteratur\/?attachment_id=958\" class=\"wp-image-958\" srcset=\"https:\/\/blogs.urz.uni-halle.de\/halliteratur\/files\/2023\/06\/Eichendorff-7-1024x768.jpg 1024w, https:\/\/blogs.urz.uni-halle.de\/halliteratur\/files\/2023\/06\/Eichendorff-7-300x225.jpg 300w, https:\/\/blogs.urz.uni-halle.de\/halliteratur\/files\/2023\/06\/Eichendorff-7-290x218.jpg 290w, https:\/\/blogs.urz.uni-halle.de\/halliteratur\/files\/2023\/06\/Eichendorff-7-768x576.jpg 768w, https:\/\/blogs.urz.uni-halle.de\/halliteratur\/files\/2023\/06\/Eichendorff-7-1536x1152.jpg 1536w, https:\/\/blogs.urz.uni-halle.de\/halliteratur\/files\/2023\/06\/Eichendorff-7-2048x1536.jpg 2048w\" sizes=\"(max-width: 1024px) 100vw, 1024px\" \/><\/figure><\/li><\/ul><figcaption class=\"blocks-gallery-caption\"><sup>Ausblick von der Eichendorffbank |&nbsp;Foto: Yannick Sch\u00f6n<\/sup><\/figcaption><\/figure>\n\n\n\n<div class=\"wp-block-pb-accordion-item c-accordion__item js-accordion-item no-js\" data-initially-open=\"false\" data-click-to-close=\"true\" data-auto-close=\"true\" data-scroll=\"false\" data-scroll-offset=\"0\"><h6 id=\"at-9410\" class=\"c-accordion__title js-accordion-controller\" role=\"button\"><strong>\u25bd<\/strong> Eichendorff in Halle<\/h6><div id=\"ac-9410\" class=\"c-accordion__content\">\n<p>Das \u201eSchloss auf stiller H\u00f6h\u201c des Heimatsgedichts &#8211; wer sich auf der Eichendorffbank ausruht und die Sicht auf die Burg Giebichenstein genie\u00dft, kann sich vorstellen, dass dieser Text auch auf Halle gem\u00fcnzt sein k\u00f6nnte. Genau wie Von Arnim und Goethe war auch Eichendorff vom Anblick dieser Burg \u2013 und dem f\u00fcr ihn \u201ev\u00f6llig mystische\u201c erscheinende \u201eReichardts Garten\u201c &#8211; bet\u00f6rt.<\/p>\n\n\n\n<p>Obwohl er nur zwischen 1805 und 1806 in Halle lebte, zeigen insbesondere das Essay \u201eHalle und Heidelberg\u201c, wie ihn die Stadt ber\u00fchrte, und in dem er beschreibt, wie hier \u2013 wie auch in anderen St\u00e4dten \u2013 der Kampf der \u201ejungen Romantik\u201c, dessen Vertreter er selbst war, \u201ewie ein unsichtbarer Fr\u00fchlingssturm\u201c gegen die alte Prosa w\u00fctete und ein neues literarisches Zeitalter einl\u00e4utete. Wie ganz Deutschland war Halle zu der Zeit in einem starken Wandel \u2013 kein Wunder also, dass der Dichter sich in \u201eBei Halle\u201c beklagt, dass er \u201edie Gegend kaum noch kannte\u201c.<\/p>\n<\/div><\/div>\n\n\n\n<div class=\"wp-block-pb-accordion-item c-accordion__item js-accordion-item no-js\" data-initially-open=\"false\" data-click-to-close=\"true\" data-auto-close=\"true\" data-scroll=\"false\" data-scroll-offset=\"0\"><h6 id=\"at-9411\" class=\"c-accordion__title js-accordion-controller\" role=\"button\"><strong>\u25bd<\/strong> Literaturtipps<\/h6><div id=\"ac-9411\" class=\"c-accordion__content\">\n<p><em>Schultz, Hartwig: Joseph von Eichendorff, eine Biographie. Insel Verlag, 2007.<\/em><\/p>\n\n\n\n<p><em>von Eichendorff, Joseph: Halle, Harz und Heidelberg \u2013 Autobiografisches, hrsg. von Heidi Ritter und Eva Scherf. Mitteldeutscher Verlag, 2007.<\/em><\/p>\n<\/div><\/div>\n\n\n\n<p><\/p>\n","protected":false},"excerpt":{"rendered":"<p>\u201eDer nahe Giebichenstein mit seiner Burgruine, an die sich die Sage von Ludwig dem Springer kn\u00fcpft, war damals noch nicht modern englisiert und eingehegt wie jetzt und bot in seiner verwilderten Einsamkeit eine ganz artige Werkstatt f\u00fcr ein junges Dichterherz. Wer als J\u00fcngling von dieser H\u00f6he hinabgeblickt und sie im Alter nach vielen Jahren wiedersieht, &hellip; <a href=\"https:\/\/blogs.urz.uni-halle.de\/halliteratur\/eichendorffbank\/\" class=\"more-link\"><span class=\"screen-reader-text\">\u201eVerwilderte Einsamkeit\u201c &#8211; Eichendorffs Blick auf die Stadt<\/span> weiterlesen<\/a><\/p>\n","protected":false},"author":5829,"featured_media":0,"parent":0,"menu_order":0,"comment_status":"closed","ping_status":"closed","template":"","meta":[],"_links":{"self":[{"href":"https:\/\/blogs.urz.uni-halle.de\/halliteratur\/wp-json\/wp\/v2\/pages\/941"}],"collection":[{"href":"https:\/\/blogs.urz.uni-halle.de\/halliteratur\/wp-json\/wp\/v2\/pages"}],"about":[{"href":"https:\/\/blogs.urz.uni-halle.de\/halliteratur\/wp-json\/wp\/v2\/types\/page"}],"author":[{"embeddable":true,"href":"https:\/\/blogs.urz.uni-halle.de\/halliteratur\/wp-json\/wp\/v2\/users\/5829"}],"replies":[{"embeddable":true,"href":"https:\/\/blogs.urz.uni-halle.de\/halliteratur\/wp-json\/wp\/v2\/comments?post=941"}],"version-history":[{"count":10,"href":"https:\/\/blogs.urz.uni-halle.de\/halliteratur\/wp-json\/wp\/v2\/pages\/941\/revisions"}],"predecessor-version":[{"id":1047,"href":"https:\/\/blogs.urz.uni-halle.de\/halliteratur\/wp-json\/wp\/v2\/pages\/941\/revisions\/1047"}],"wp:attachment":[{"href":"https:\/\/blogs.urz.uni-halle.de\/halliteratur\/wp-json\/wp\/v2\/media?parent=941"}],"curies":[{"name":"wp","href":"https:\/\/api.w.org\/{rel}","templated":true}]}}