{"id":33,"date":"2024-07-11T16:31:26","date_gmt":"2024-07-11T14:31:26","guid":{"rendered":"https:\/\/blogs.urz.uni-halle.de\/halomem\/?page_id=33"},"modified":"2024-07-11T17:21:06","modified_gmt":"2024-07-11T15:21:06","slug":"funding","status":"publish","type":"page","link":"https:\/\/blogs.urz.uni-halle.de\/halomem\/funding\/","title":{"rendered":"Funding"},"content":{"rendered":"\n<p class=\"has-medium-font-size\"><strong><u>BMBF<\/u><\/strong><\/p>\n\n\n\n<figure class=\"wp-block-image size-large is-resized\"><img loading=\"lazy\" src=\"https:\/\/blogs.urz.uni-halle.de\/halomem\/files\/2024\/07\/BMBF_funding2.jpg\" alt=\"\" class=\"wp-image-34\" width=\"443\" height=\"193\" srcset=\"https:\/\/blogs.urz.uni-halle.de\/halomem\/files\/2024\/07\/BMBF_funding2.jpg 885w, https:\/\/blogs.urz.uni-halle.de\/halomem\/files\/2024\/07\/BMBF_funding2-300x131.jpg 300w, https:\/\/blogs.urz.uni-halle.de\/halomem\/files\/2024\/07\/BMBF_funding2-768x335.jpg 768w\" sizes=\"(max-width: 443px) 100vw, 443px\" \/><\/figure>\n\n\n\n<p>Das Zentrum f\u00fcr Innovationskompetenz (ZIK) HALOmem wird durch das Bundesministerium f\u00fcr Bildung und Forschung (BMBF) gef\u00f6rdert (<a href=\"https:\/\/www.innovation-strukturwandel.de\/de\/2998.php\">https:\/\/www.innovation-strukturwandel.de\/de\/2998.php<\/a>).<\/p>\n\n\n\n<p class=\"has-medium-font-size\"><strong><u>EFRE<\/u><\/strong><\/p>\n\n\n\n<figure class=\"wp-block-image size-large is-resized\"><img loading=\"lazy\" src=\"https:\/\/blogs.urz.uni-halle.de\/halomem\/files\/2024\/07\/EFRE_funding2.jpg\" alt=\"\" class=\"wp-image-35\" width=\"441\" height=\"93\" srcset=\"https:\/\/blogs.urz.uni-halle.de\/halomem\/files\/2024\/07\/EFRE_funding2.jpg 881w, https:\/\/blogs.urz.uni-halle.de\/halomem\/files\/2024\/07\/EFRE_funding2-300x63.jpg 300w, https:\/\/blogs.urz.uni-halle.de\/halomem\/files\/2024\/07\/EFRE_funding2-768x162.jpg 768w\" sizes=\"(max-width: 441px) 100vw, 441px\" \/><\/figure>\n\n\n\n<p><strong>HALOmem II: Strukturbiologie und Transfer<\/strong><\/p>\n\n\n\n<p>(Laufzeit 01.03.2016 \u2013 31.12.2021)<\/p>\n\n\n\n<p>Konzept und strukturelle Ziele<\/p>\n\n\n\n<p>Ziel des ZIK Vorhabens \u201eHALOmem II: Strukturbiologie und Transfer\u201c ist der Ausbau einer Technologieplattform f\u00fcr strukturelle und molekulare Untersuchungen an Membranproteinen und ihren Komplexen innerhalb der biologischen Membran, welche f\u00fcr die Funktionsweise dieser Proteinklasse entscheidend ist.<\/p>\n\n\n\n<p>Das bestehende Methodenspektrum zur strukturbiologischen, biochemischen und biophysikalischen Charakterisierung (Membranproteinrekonstitution, NMR- und Fluoreszenzfluktuations-Spektroskopie, R\u00f6ntgenbeugung) ist um die Kryo-Elektronenmikroskopie (NWG III seit 2017) und die Massenspektrometrie (NWG IV seit 2016) erweitert worden. Dieser interdisziplin\u00e4re Zusammenschluss ist notwendig, um tats\u00e4chliche Synergien in der Bearbeitung eines so komplexen Themas wie Membranproteine und ihre Komplexe zu erreichen und die internationale Strahlkraft auszubauen.<\/p>\n\n\n\n<p>F\u00fcr die Laufzeit von HALOmem II ist geplant, die Errungenschaften in der Grundlagenforschung der IWE HALOmem in Kooperationen mit der Industrie umzusetzen. Alle Arbeitsgruppen der IWE HALOmem sind in Halle auf dem Weinberg Campus angesiedelt, auf dem universit\u00e4re Institute in enger r\u00e4umlicher N\u00e4he zu industriellen Instituten und Firmen arbeiten. Die Technologieplattform von HALOmem stellt die Br\u00fccke zur angewandten Forschung dar, und damit den entscheidenden Schritt in der Wertsch\u00f6pfungskette von know how aus der Grundlagenforschung zur industriellen Anwendung. Erste Industriekooperationen konnten hierzu bereits initiiert werden.<\/p>\n\n\n\n<p>Diese Arbeiten werden durch EFRE mit der Verst\u00e4rkung der instrumentellen Ausstattung und dem ben\u00f6tigten Projektmanagement unterst\u00fctzt.<\/p>\n","protected":false},"excerpt":{"rendered":"<p>BMBF Das Zentrum f\u00fcr Innovationskompetenz (ZIK) HALOmem wird durch das Bundesministerium f\u00fcr Bildung und Forschung (BMBF) gef\u00f6rdert (https:\/\/www.innovation-strukturwandel.de\/de\/2998.php). EFRE HALOmem II: Strukturbiologie und Transfer (Laufzeit 01.03.2016 \u2013 31.12.2021) Konzept und strukturelle Ziele Ziel des ZIK Vorhabens \u201eHALOmem II: Strukturbiologie und Transfer\u201c ist der Ausbau einer Technologieplattform f\u00fcr strukturelle und molekulare Untersuchungen an Membranproteinen und ihren [&hellip;]<\/p>\n","protected":false},"author":6144,"featured_media":0,"parent":0,"menu_order":0,"comment_status":"closed","ping_status":"closed","template":"","meta":[],"_links":{"self":[{"href":"https:\/\/blogs.urz.uni-halle.de\/halomem\/wp-json\/wp\/v2\/pages\/33"}],"collection":[{"href":"https:\/\/blogs.urz.uni-halle.de\/halomem\/wp-json\/wp\/v2\/pages"}],"about":[{"href":"https:\/\/blogs.urz.uni-halle.de\/halomem\/wp-json\/wp\/v2\/types\/page"}],"author":[{"embeddable":true,"href":"https:\/\/blogs.urz.uni-halle.de\/halomem\/wp-json\/wp\/v2\/users\/6144"}],"replies":[{"embeddable":true,"href":"https:\/\/blogs.urz.uni-halle.de\/halomem\/wp-json\/wp\/v2\/comments?post=33"}],"version-history":[{"count":2,"href":"https:\/\/blogs.urz.uni-halle.de\/halomem\/wp-json\/wp\/v2\/pages\/33\/revisions"}],"predecessor-version":[{"id":51,"href":"https:\/\/blogs.urz.uni-halle.de\/halomem\/wp-json\/wp\/v2\/pages\/33\/revisions\/51"}],"wp:attachment":[{"href":"https:\/\/blogs.urz.uni-halle.de\/halomem\/wp-json\/wp\/v2\/media?parent=33"}],"curies":[{"name":"wp","href":"https:\/\/api.w.org\/{rel}","templated":true}]}}