{"id":55,"date":"2024-07-12T12:51:10","date_gmt":"2024-07-12T10:51:10","guid":{"rendered":"https:\/\/blogs.urz.uni-halle.de\/halomem\/?page_id=55"},"modified":"2024-07-12T13:11:12","modified_gmt":"2024-07-12T11:11:12","slug":"panagiotis-l-kastritis","status":"publish","type":"page","link":"https:\/\/blogs.urz.uni-halle.de\/halomem\/research-groups\/panagiotis-l-kastritis\/","title":{"rendered":"Panagiotis L. Kastritis"},"content":{"rendered":"\n<p class=\"has-medium-font-size\"><strong>Research<\/strong><\/p>\n\n\n\n<p><strong>Cryo-electron microscopy of membrane-bound protein complexes<\/strong><\/p>\n\n\n\n<figure class=\"wp-block-image size-large is-resized\"><img loading=\"lazy\" src=\"https:\/\/blogs.urz.uni-halle.de\/halomem\/files\/2024\/07\/Panos_WebBild2-1024x366.jpg\" alt=\"\" class=\"wp-image-56\" width=\"512\" height=\"183\" srcset=\"https:\/\/blogs.urz.uni-halle.de\/halomem\/files\/2024\/07\/Panos_WebBild2-1024x366.jpg 1024w, https:\/\/blogs.urz.uni-halle.de\/halomem\/files\/2024\/07\/Panos_WebBild2-300x107.jpg 300w, https:\/\/blogs.urz.uni-halle.de\/halomem\/files\/2024\/07\/Panos_WebBild2-768x275.jpg 768w, https:\/\/blogs.urz.uni-halle.de\/halomem\/files\/2024\/07\/Panos_WebBild2.jpg 1342w\" sizes=\"(max-width: 512px) 100vw, 512px\" \/><\/figure>\n\n\n\n<figure class=\"wp-block-image size-large is-resized\"><img loading=\"lazy\" src=\"https:\/\/blogs.urz.uni-halle.de\/halomem\/files\/2024\/07\/Logo_Panos2.jpg\" alt=\"\" class=\"wp-image-57\" width=\"350\" height=\"102\" srcset=\"https:\/\/blogs.urz.uni-halle.de\/halomem\/files\/2024\/07\/Logo_Panos2.jpg 700w, https:\/\/blogs.urz.uni-halle.de\/halomem\/files\/2024\/07\/Logo_Panos2-300x87.jpg 300w\" sizes=\"(max-width: 350px) 100vw, 350px\" \/><\/figure>\n\n\n\n<p><strong>Research Vision of the Kastritis Laboratory for Biomolecular Research<\/strong><\/p>\n\n\n\n<p>Enzymopathies are metabolic disorders, often genetic, resulting from missing or defective enzymes. In order to prevent, combat or repair defective enzymes that lead to disease, it is vital that we understand the structure, function and interactions of enzymes and their complexes, ideally within their native cellular context.<br>In their native cellular environment, enzymes are neither isolated nor randomly distributed. Instead, they co-compartmentalize, and often transiently interact to form supercomplexes of metabolic pathways (commonly referred to as metabolons). The formation of metabolons allows the intermediate product from one enzyme to be passed directly into the active site of the next consecutive enzyme of the metabolic pathway. Their role and existence were biochemically known for years but due to their sheer size and transient nature, understanding their molecular organization remains a challenge. As a consequence, traditional structural biology methods have helped us in understanding the structure and function of their constituent enzymes but not their higher-order assembly and how their interfaces are formed.<br>My research vision is to understand the molecular architecture of metabolons by integrating structural, biophysical, biochemical and biocomputational methodologies. This multidisciplinary approach aims at elucidating the molecular mechanisms that underpin cellular respiration in atomic details. In the long term, these methodologies will allow discerning cellular metabolons by visualizing their components and examining the interactions between the molecules that form the assemblies.<br>This research will ultimately provide new crucial insights not only to cellular respiration but also an entirely new view of cell mechanisms in general. The unsolved mystery of temporal and spatial synchronization of a myriad of protein subunits to perform a specific cellular function may be rationalized by the formation of supercomplexes. These unprecedented entities provide a whole new avenue for targeted drug design. Rather than targeting the active sites of individual subunits -which share many physical and chemical characteristics thus compromising specificity- I envisage a therapeutic strategy that targets the interface between proteins in the supercomplex that are likely to be unique.<\/p>\n\n\n\n<figure class=\"wp-block-image size-large is-resized\"><img loading=\"lazy\" src=\"https:\/\/blogs.urz.uni-halle.de\/halomem\/files\/2024\/07\/Panos_Lit1_2.jpg\" alt=\"\" class=\"wp-image-58\" width=\"468\" height=\"395\" srcset=\"https:\/\/blogs.urz.uni-halle.de\/halomem\/files\/2024\/07\/Panos_Lit1_2.jpg 624w, https:\/\/blogs.urz.uni-halle.de\/halomem\/files\/2024\/07\/Panos_Lit1_2-300x253.jpg 300w\" sizes=\"(max-width: 468px) 100vw, 468px\" \/><\/figure>\n\n\n\n<p>Abb. 1 Die Kombination von strukturellen, biochemischen und bioinformatischen Methoden erm\u00f6glicht das Verst\u00e4ndnis einer zellul\u00e4ren Organisation von Proteinkomplexen bis hin zur atomaren Aufl\u00f6sung.<\/p>\n\n\n\n<p class=\"has-medium-font-size\"><strong>Instruments<\/strong><\/p>\n\n\n\n<p><strong>High-resolution <span class=\"amp\">&amp;<\/span> screening Cryo-Electron Microscope Thermo Fisher Glacios cryo-TEM<\/strong><br>We use the Glacios for screening and initial high-resolution cryo-electron microscopy studies of protein complexes and their higher-order assemblies.<\/p>\n\n\n\n<p><strong>High-resolution Cryo-Electron Microscope JEOL-JEM3200 FSC<\/strong><br>We use the JEOL-JEM3200 FSC for high-resolution cryo-electron microscopy of protein complexes and their higher-order assemblies.<\/p>\n\n\n\n<p><strong>Cluster infrastructure<\/strong><br>We use the IANVS high-performance computing cluster for high-end biocomputation of biomolecular complexes.<\/p>\n\n\n\n<p class=\"has-medium-font-size\"><strong>Selected Publications<\/strong><\/p>\n\n\n\n<p>*co-first author, *co-corresponding author<\/p>\n\n\n\n<p><strong>Top 5 Publications<\/strong><\/p>\n\n\n\n<p><strong>Kastritis PL*<\/strong>, O\u2019Reilly FJ* et al. Capturing protein communities by structural proteomics in a thermophilic eukaryote. Mol Sys Biol. 2017;13: 936.[The article was highlighted as the cover in Mol Sys Biol. We applied cryo-EM, proteomics, chemical cross-linking, network biology and computer modeling and were able to elucidate the structural basis of interactions within cellular extracts of C. thermophilum. Using the stability of the organism, we were able to resolve the high-resolution structure of fatty acid synthase at 4.7 \u00c5 from cell extracts and its involvement in a metabolon with a carboxylase. HALOmem can apply this method to understand enzymatic interactions in eukaryotic cells using biochemistry, computer modeling, electron microscopy and data analysis].<\/p>\n\n\n\n<p>Visscher KM*, <strong>Kastritis PL*<\/strong>, Bonvin AM. Non-interacting surface solvation and dynamics in protein-protein interactions. Proteins. 2015;83(3):445-58.[This article describes molecular dynamics simulations on transient complexes to understand contributions of solvation and flexibility to the binding affinity. Distant effects from the outer surfaces contribute significantly to the biophysics of complexation for a variety of protein complexes. Simulations can be applied to modelled interfaces of cellular metabolons to understand biophysical contributors to weak interactions between enzymes and how these change upon mutation or between species].<\/p>\n\n\n\n<p><strong>Kastritis PL<\/strong> et al. Proteins feel more than they see: fine-tuning of binding affinity by properties of the non-interacting surface. J Mol Biol. 2014;426(14):2632-52.[In this seminal work of our group (cited in F1000 as exceptional), we analyzed biophysical contributions to the binding affinity of &gt;150 transient complexes with experimentally-verified binding affinities. We determined several novel contributors, mainly long-range electrostatics and solvation effects stemming from the non-interacting surfaces of these interactions. Such calculations and the model proposed can be applied to understand the weak nature of enzyme complexes involved in higher-order assemblies in metabolism and quantitatively calculate their (native and mutant) binding affinities, predicting which interactions are more stable].<\/p>\n\n\n\n<p><strong>Kastritis PL<\/strong>, Rodrigues JP, Bonvin AM. HADDOCK(2P2I): a biophysical model for predicting the binding affinity of protein-protein interaction inhibitors. J Chem Inf Model. 2014;54(3):826-36.[In this article, we derived a robust model to predict the binding affinity of small molecules that aim to disrupt or modulate protein-protein interfaces. Therefore, this program and the developed scoring function can be applied for computational structure-based design of small molecules to e.g. affect metabolon formation in various metabolic pathways].<\/p>\n\n\n\n<p><strong>Kastritis PL<\/strong> et al. Solvated protein-protein docking using Kyte-Doolittle-based water preferences. Proteins. 2013;81(3):510-8.[A robust, flexible docking simulation has been developed in which the solvent is explicitly considered. Proteins are flexibly docked within their solvation shells and hydrophobic effect is simulated by randomly displacing water molecules from the formed interfaces using a hydrophobicity potential I derived from amino acid biophysics. This protocol can be directly used to dock and consequently understand binding modes of metabolons, where solvent effects in such transient interactions must play major roles].<\/p>\n\n\n\n<p class=\"has-medium-font-size\"><strong>Group Members<\/strong><\/p>\n\n\n\n<p><strong>Group Leader<\/strong><br>Dr. Panagiotis L. Kastritis<br>Jun.-Prof., Ph.D.<\/p>\n\n\n\n<p><strong>Senior Scientist<\/strong><br>Annette Meister<br>PD Dr.<\/p>\n\n\n\n<p><strong>Staff Scientist<\/strong><br>Fotios Kyrilis<br>MSc. Molecular Medicine<\/p>\n\n\n\n<p><strong>Staff Scientist<\/strong><br>Dr. Farzad Hamdi<br>Ph.D. Materials Science<\/p>\n\n\n\n<p><strong>Post-Doc<\/strong><br>Dr. Dmitry A. Semchonok<br>Ph.D. Biochemistry<\/p>\n\n\n\n<p><strong>Scientist<\/strong><br>Christian T\u00fcting, M.Sc.<br>M.Sc. Biochemistry<\/p>\n\n\n\n<p><strong>Ph.D. Candidate<\/strong><br>Lisa Schmidt, M.Sc.<br>M.Sc. Molecular Biology<\/p>\n\n\n\n<p><strong>Ph.D. Candidate<\/strong><br>Ioannis Skalidis, M.Sc.<br>M.Sc. Systems Biology<\/p>\n\n\n\n<p><strong>Ph.D. Candidate<\/strong><br>Kevin Janson, M.Sc.<br>M.Sc. Biology<\/p>\n\n\n\n<p class=\"has-medium-font-size\"><strong>Links<\/strong><\/p>\n\n\n\n<p>The Kastritis Lab blog <span class=\"amp\">&amp;<\/span> website:<\/p>\n\n\n\n<p><a href=\"https:\/\/blogs.urz.uni-halle.de\/kastritislab\/\">https:\/\/blogs.urz.uni-halle.de\/kastritislab\/<\/a><\/p>\n\n\n\n<p>Full list of publications<\/p>\n\n\n\n<p><a href=\"https:\/\/scholar.google.de\/citations?user=_O49sZcAAAAJ\">https:\/\/scholar.google.de\/citations?user=_O49sZcAAAAJ<\/a><\/p>\n\n\n\n<p><a href=\"http:\/\/www.uni-halle.de\">http:\/\/www.uni-halle.de<\/a><\/p>\n","protected":false},"excerpt":{"rendered":"<p>Research Cryo-electron microscopy of membrane-bound protein complexes Research Vision of the Kastritis Laboratory for Biomolecular Research Enzymopathies are metabolic disorders, often genetic, resulting from missing or defective enzymes. In order to prevent, combat or repair defective enzymes that lead to disease, it is vital that we understand the structure, function and interactions of enzymes and [&hellip;]<\/p>\n","protected":false},"author":6144,"featured_media":0,"parent":15,"menu_order":2,"comment_status":"closed","ping_status":"closed","template":"","meta":[],"_links":{"self":[{"href":"https:\/\/blogs.urz.uni-halle.de\/halomem\/wp-json\/wp\/v2\/pages\/55"}],"collection":[{"href":"https:\/\/blogs.urz.uni-halle.de\/halomem\/wp-json\/wp\/v2\/pages"}],"about":[{"href":"https:\/\/blogs.urz.uni-halle.de\/halomem\/wp-json\/wp\/v2\/types\/page"}],"author":[{"embeddable":true,"href":"https:\/\/blogs.urz.uni-halle.de\/halomem\/wp-json\/wp\/v2\/users\/6144"}],"replies":[{"embeddable":true,"href":"https:\/\/blogs.urz.uni-halle.de\/halomem\/wp-json\/wp\/v2\/comments?post=55"}],"version-history":[{"count":1,"href":"https:\/\/blogs.urz.uni-halle.de\/halomem\/wp-json\/wp\/v2\/pages\/55\/revisions"}],"predecessor-version":[{"id":59,"href":"https:\/\/blogs.urz.uni-halle.de\/halomem\/wp-json\/wp\/v2\/pages\/55\/revisions\/59"}],"up":[{"embeddable":true,"href":"https:\/\/blogs.urz.uni-halle.de\/halomem\/wp-json\/wp\/v2\/pages\/15"}],"wp:attachment":[{"href":"https:\/\/blogs.urz.uni-halle.de\/halomem\/wp-json\/wp\/v2\/media?parent=55"}],"curies":[{"name":"wp","href":"https:\/\/api.w.org\/{rel}","templated":true}]}}