{"id":55,"date":"2022-10-16T09:46:59","date_gmt":"2022-10-16T07:46:59","guid":{"rendered":"https:\/\/blogs.urz.uni-halle.de\/hannahonthesims\/?page_id=55"},"modified":"2022-10-16T17:22:41","modified_gmt":"2022-10-16T15:22:41","slug":"ueber-mich","status":"publish","type":"page","link":"https:\/\/blogs.urz.uni-halle.de\/hannahonthesims\/ueber-mich\/","title":{"rendered":"\u00dcber Mich"},"content":{"rendered":"\n<p>Hallo, ich bin Hannah und interessiere mich f\u00fcr alles, was mit Sims zutun hat, daher dieser Blog f\u00fcr Infos, Beitr\u00e4ge, Videos und Challenges.<\/p>\n\n\n\n<p>Ich bin Studentin und spiele seit 2019 verschiedenen Sims Games, am besten gef\u00e4llt mir Sims 4 und Die Sims Mittelalter. Mein Lieblingstownie ist Bella Goth und meine Lieblingspacks sind \u201eAn die Uni&#8220; und \u201eLandhausleben&#8220;.<\/p>\n\n\n\n<p>Meine Sims findet ihr in der Sims Galerie unter der ID <a rel=\"noreferrer noopener\" href=\"https:\/\/www.ea.com\/de-de\/games\/the-sims\/the-sims-4\/pc\/gallery\/FA3AD464166511EC85A419BFEC232A3C?category=all&amp;searchtype=ea_origin_id&amp;sortby=downloads&amp;time=all&amp;searchquery=Westsideflavor51&amp;max=50&amp;maxis=false\" target=\"_blank\">Westsideflavor51<\/a><\/p>\n\n\n\n<div style=\"height:152px\" aria-hidden=\"true\" class=\"wp-block-spacer\"><\/div>\n\n\n\n<h3><\/h3>\n\n\n\n<p><\/p>\n","protected":false},"excerpt":{"rendered":"<p>Hallo, ich bin Hannah und interessiere mich f\u00fcr alles, was mit Sims zutun hat, daher dieser Blog f\u00fcr Infos, Beitr\u00e4ge, Videos und Challenges. Ich bin Studentin und spiele seit 2019 verschiedenen Sims Games, am besten gef\u00e4llt mir Sims 4 und Die Sims Mittelalter. Mein Lieblingstownie ist Bella Goth und meine Lieblingspacks sind \u201eAn die Uni&#8220; [&hellip;]<\/p>\n","protected":false},"author":4409,"featured_media":40,"parent":0,"menu_order":0,"comment_status":"closed","ping_status":"closed","template":"","meta":{"ngg_post_thumbnail":0},"_links":{"self":[{"href":"https:\/\/blogs.urz.uni-halle.de\/hannahonthesims\/wp-json\/wp\/v2\/pages\/55"}],"collection":[{"href":"https:\/\/blogs.urz.uni-halle.de\/hannahonthesims\/wp-json\/wp\/v2\/pages"}],"about":[{"href":"https:\/\/blogs.urz.uni-halle.de\/hannahonthesims\/wp-json\/wp\/v2\/types\/page"}],"author":[{"embeddable":true,"href":"https:\/\/blogs.urz.uni-halle.de\/hannahonthesims\/wp-json\/wp\/v2\/users\/4409"}],"replies":[{"embeddable":true,"href":"https:\/\/blogs.urz.uni-halle.de\/hannahonthesims\/wp-json\/wp\/v2\/comments?post=55"}],"version-history":[{"count":5,"href":"https:\/\/blogs.urz.uni-halle.de\/hannahonthesims\/wp-json\/wp\/v2\/pages\/55\/revisions"}],"predecessor-version":[{"id":180,"href":"https:\/\/blogs.urz.uni-halle.de\/hannahonthesims\/wp-json\/wp\/v2\/pages\/55\/revisions\/180"}],"wp:featuredmedia":[{"embeddable":true,"href":"https:\/\/blogs.urz.uni-halle.de\/hannahonthesims\/wp-json\/wp\/v2\/media\/40"}],"wp:attachment":[{"href":"https:\/\/blogs.urz.uni-halle.de\/hannahonthesims\/wp-json\/wp\/v2\/media?parent=55"}],"curies":[{"name":"wp","href":"https:\/\/api.w.org\/{rel}","templated":true}]}}