{"id":37,"date":"2022-07-18T22:38:03","date_gmt":"2022-07-18T20:38:03","guid":{"rendered":"https:\/\/blogs.urz.uni-halle.de\/heldderarbeit\/?page_id=37"},"modified":"2022-07-18T23:32:19","modified_gmt":"2022-07-18T21:32:19","slug":"wie-bestellt","status":"publish","type":"page","link":"https:\/\/blogs.urz.uni-halle.de\/heldderarbeit\/","title":{"rendered":"Wie bestellt!"},"content":{"rendered":"\t\t<div data-elementor-type=\"wp-page\" data-elementor-id=\"37\" class=\"elementor elementor-37\" data-elementor-settings=\"[]\">\n\t\t\t\t\t\t\t<div class=\"elementor-section-wrap\">\n\t\t\t\t\t\t\t<section class=\"elementor-section elementor-top-section elementor-element elementor-element-97f72c0 elementor-section-boxed elementor-section-height-default elementor-section-height-default\" data-id=\"97f72c0\" data-element_type=\"section\">\n\t\t\t\t\t\t<div class=\"elementor-container elementor-column-gap-default\">\n\t\t\t\t\t<div class=\"elementor-column elementor-col-100 elementor-top-column elementor-element elementor-element-44a8be4\" data-id=\"44a8be4\" data-element_type=\"column\">\n\t\t\t<div class=\"elementor-widget-wrap elementor-element-populated\">\n\t\t\t\t\t\t\t\t<div class=\"elementor-element elementor-element-acd8f97 elementor-widget__width-initial elementor-widget elementor-widget-text-editor\" data-id=\"acd8f97\" data-element_type=\"widget\" data-widget_type=\"text-editor.default\">\n\t\t\t\t<div class=\"elementor-widget-container\">\n\t\t\t\t\t<div class=\"elementor-text-editor elementor-clearfix\"><h3>Wenn du hungrig oder dem Online-Shoppingwahn verfallen bist:\u00a0 Who you gonna call? Richtig! In der Regel einen Lieferanten.<\/h3><\/div>\n\t\t\t\t<\/div>\n\t\t\t\t<\/div>\n\t\t\t\t\t<\/div>\n\t\t<\/div>\n\t\t\t\t\t\t\t<\/div>\n\t\t<\/section>\n\t\t\t\t<section class=\"elementor-section elementor-top-section elementor-element elementor-element-60b1445 elementor-section-boxed elementor-section-height-default elementor-section-height-default\" data-id=\"60b1445\" data-element_type=\"section\">\n\t\t\t\t\t\t<div class=\"elementor-container elementor-column-gap-default\">\n\t\t\t\t\t<div class=\"elementor-column elementor-col-100 elementor-top-column elementor-element elementor-element-f3fc57d\" data-id=\"f3fc57d\" data-element_type=\"column\">\n\t\t\t<div class=\"elementor-widget-wrap elementor-element-populated\">\n\t\t\t\t\t\t\t\t<div class=\"elementor-element elementor-element-4095879 elementor-widget elementor-widget-image\" data-id=\"4095879\" data-element_type=\"widget\" data-widget_type=\"image.default\">\n\t\t\t\t<div class=\"elementor-widget-container\">\n\t\t\t\t\t<div class=\"elementor-image\">\n\t\t\t\t\t\t\t\t\t\t<img width=\"604\" height=\"478\" src=\"https:\/\/blogs.urz.uni-halle.de\/heldderarbeit\/files\/2022\/07\/delivery-guy-1424808_1280-1024x810.png\" class=\"attachment-large size-large\" alt=\"\" loading=\"lazy\" srcset=\"https:\/\/blogs.urz.uni-halle.de\/heldderarbeit\/files\/2022\/07\/delivery-guy-1424808_1280-1024x810.png 1024w, https:\/\/blogs.urz.uni-halle.de\/heldderarbeit\/files\/2022\/07\/delivery-guy-1424808_1280-300x237.png 300w, https:\/\/blogs.urz.uni-halle.de\/heldderarbeit\/files\/2022\/07\/delivery-guy-1424808_1280-768x608.png 768w, https:\/\/blogs.urz.uni-halle.de\/heldderarbeit\/files\/2022\/07\/delivery-guy-1424808_1280.png 1280w\" sizes=\"(max-width: 604px) 100vw, 604px\" \/>\t\t\t\t\t\t\t\t\t\t\t<\/div>\n\t\t\t\t<\/div>\n\t\t\t\t<\/div>\n\t\t\t\t\t<\/div>\n\t\t<\/div>\n\t\t\t\t\t\t\t<\/div>\n\t\t<\/section>\n\t\t\t\t<section class=\"elementor-section elementor-top-section elementor-element elementor-element-8365b40 elementor-section-boxed elementor-section-height-default elementor-section-height-default\" data-id=\"8365b40\" data-element_type=\"section\">\n\t\t\t\t\t\t<div class=\"elementor-container elementor-column-gap-default\">\n\t\t\t\t\t<div class=\"elementor-column elementor-col-100 elementor-top-column elementor-element elementor-element-0ded8b6\" data-id=\"0ded8b6\" data-element_type=\"column\">\n\t\t\t<div class=\"elementor-widget-wrap elementor-element-populated\">\n\t\t\t\t\t\t\t\t<div class=\"elementor-element elementor-element-b1816e9 elementor-widget elementor-widget-spacer\" data-id=\"b1816e9\" data-element_type=\"widget\" data-widget_type=\"spacer.default\">\n\t\t\t\t<div class=\"elementor-widget-container\">\n\t\t\t\t\t<div class=\"elementor-spacer\">\n\t\t\t<div class=\"elementor-spacer-inner\"><\/div>\n\t\t<\/div>\n\t\t\t\t<\/div>\n\t\t\t\t<\/div>\n\t\t\t\t<div class=\"elementor-element elementor-element-f3e4509 elementor-widget elementor-widget-text-editor\" data-id=\"f3e4509\" data-element_type=\"widget\" data-widget_type=\"text-editor.default\">\n\t\t\t\t<div class=\"elementor-widget-container\">\n\t\t\t\t\t<div class=\"elementor-text-editor elementor-clearfix\"><h2>Das bittere Los<\/h2><\/div>\n\t\t\t\t<\/div>\n\t\t\t\t<\/div>\n\t\t\t\t<div class=\"elementor-element elementor-element-8de1cd2 elementor-widget elementor-widget-text-editor\" data-id=\"8de1cd2\" data-element_type=\"widget\" data-widget_type=\"text-editor.default\">\n\t\t\t\t<div class=\"elementor-widget-container\">\n\t\t\t\t\t<div class=\"elementor-text-editor elementor-clearfix\"><p>In den letzten Jahren sind die Massen an G\u00fctern, die wir uns liefern lassen, chronisch angestiegen. Das macht sich auch im Stra\u00dfenverkehr bemerkbar. Ob zu Rade oder mit dem Wagen. Sie sind nicht mehr wegzudenken. Die stummen Helden des Alltags. Paketboten und Co. bescheren uns immer wieder Freude, aber ihr Arbeitstag ist nicht immer von Dankbarkeit erf\u00fcllt. H\u00e4ufig ist sogar das Gegenteil der Fall. Man \u00e4rgert sich, weil das begehrte Paket mal wieder bei den Nachbarn oder in der Packstation versumpft ist und schimpft auf den lahmen Hermes. Oder noch sch\u00f6ner: Das Paket hat eine Delle abbekommen. Doch auch die Lieferanten haben es nicht immer leicht.<\/p><p>\u00dcberstunden und stramme Arbeitszeiten sorgen f\u00fcr Hektik statt Sorgfalt. Erf\u00fcllung im Job sieht anders aus. Die Kollegen von MDR exakt schauen hinter die Kulissen und zeigen die Arbeitswelt der Alltagswichtel.<\/p><\/div>\n\t\t\t\t<\/div>\n\t\t\t\t<\/div>\n\t\t\t\t\t<\/div>\n\t\t<\/div>\n\t\t\t\t\t\t\t<\/div>\n\t\t<\/section>\n\t\t\t\t<section class=\"elementor-section elementor-top-section elementor-element elementor-element-d5bef7a elementor-section-boxed elementor-section-height-default elementor-section-height-default\" data-id=\"d5bef7a\" data-element_type=\"section\">\n\t\t\t\t\t\t<div class=\"elementor-container elementor-column-gap-default\">\n\t\t\t\t\t<div class=\"elementor-column elementor-col-100 elementor-top-column elementor-element elementor-element-3ce4483\" data-id=\"3ce4483\" data-element_type=\"column\">\n\t\t\t<div class=\"elementor-widget-wrap elementor-element-populated\">\n\t\t\t\t\t\t\t\t<div class=\"elementor-element elementor-element-76b0c24 elementor-aspect-ratio-169 elementor-widget elementor-widget-video\" data-id=\"76b0c24\" data-element_type=\"widget\" data-settings=\"{&quot;youtube_url&quot;:&quot;https:\\\/\\\/www.youtube.com\\\/watch?v=Kl7huo0A-T4&quot;,&quot;video_type&quot;:&quot;youtube&quot;,&quot;controls&quot;:&quot;yes&quot;,&quot;aspect_ratio&quot;:&quot;169&quot;}\" data-widget_type=\"video.default\">\n\t\t\t\t<div class=\"elementor-widget-container\">\n\t\t\t\t\t<div class=\"elementor-wrapper elementor-fit-aspect-ratio elementor-open-inline\">\n\t\t\t<div class=\"elementor-video\"><\/div>\t\t<\/div>\n\t\t\t\t<\/div>\n\t\t\t\t<\/div>\n\t\t\t\t\t<\/div>\n\t\t<\/div>\n\t\t\t\t\t\t\t<\/div>\n\t\t<\/section>\n\t\t\t\t<section class=\"elementor-section elementor-top-section elementor-element elementor-element-1f0b5f2 elementor-section-boxed elementor-section-height-default elementor-section-height-default\" data-id=\"1f0b5f2\" data-element_type=\"section\">\n\t\t\t\t\t\t<div class=\"elementor-container elementor-column-gap-default\">\n\t\t\t\t\t<div class=\"elementor-column elementor-col-100 elementor-top-column elementor-element elementor-element-3e0a113\" data-id=\"3e0a113\" data-element_type=\"column\">\n\t\t\t<div class=\"elementor-widget-wrap elementor-element-populated\">\n\t\t\t\t\t\t\t\t<div class=\"elementor-element elementor-element-8c2ae6c elementor-widget elementor-widget-text-editor\" data-id=\"8c2ae6c\" data-element_type=\"widget\" data-widget_type=\"text-editor.default\">\n\t\t\t\t<div class=\"elementor-widget-container\">\n\t\t\t\t\t<div class=\"elementor-text-editor elementor-clearfix\"><h4>Na, noch nicht genug vom Thema bekommen? Dann trabt doch mal auf den anderen Reiter und begleitet den Lieferheld Peter auf seiner letzten Tour!<\/h4><div>\u00a0<\/div><\/div>\n\t\t\t\t<\/div>\n\t\t\t\t<\/div>\n\t\t\t\t\t<\/div>\n\t\t<\/div>\n\t\t\t\t\t\t\t<\/div>\n\t\t<\/section>\n\t\t\t\t<section class=\"elementor-section elementor-top-section elementor-element elementor-element-5bb1904 elementor-section-boxed elementor-section-height-default elementor-section-height-default\" data-id=\"5bb1904\" data-element_type=\"section\">\n\t\t\t\t\t\t<div class=\"elementor-container elementor-column-gap-default\">\n\t\t\t\t\t<div class=\"elementor-column elementor-col-100 elementor-top-column elementor-element elementor-element-3d58976\" data-id=\"3d58976\" data-element_type=\"column\">\n\t\t\t<div class=\"elementor-widget-wrap elementor-element-populated\">\n\t\t\t\t\t\t\t\t<div class=\"elementor-element elementor-element-429029d elementor-widget elementor-widget-testimonial\" data-id=\"429029d\" data-element_type=\"widget\" data-widget_type=\"testimonial.default\">\n\t\t\t\t<div class=\"elementor-widget-container\">\n\t\t\t\t\t<div class=\"elementor-testimonial-wrapper elementor-testimonial-text-align-center\">\n\t\t\t\t\t\t\t<div class=\"elementor-testimonial-content\">Ich liebe ja Lieferanten. Fast noch mehr als Omi, aber weniger als diese tolle Website!\n\n<\/div>\n\t\t\t\n\t\t\t\t\t\t<div class=\"elementor-testimonial-meta elementor-has-image elementor-testimonial-image-position-aside\">\n\t\t\t\t<div class=\"elementor-testimonial-meta-inner\">\n\t\t\t\t\t\t\t\t\t\t\t<div class=\"elementor-testimonial-image\">\n\t\t\t\t\t\t\t<img width=\"1856\" height=\"2560\" src=\"https:\/\/blogs.urz.uni-halle.de\/heldderarbeit\/files\/2022\/07\/Passbild_1-scaled.jpg\" class=\"attachment-full size-full\" alt=\"\" loading=\"lazy\" srcset=\"https:\/\/blogs.urz.uni-halle.de\/heldderarbeit\/files\/2022\/07\/Passbild_1-scaled.jpg 1856w, https:\/\/blogs.urz.uni-halle.de\/heldderarbeit\/files\/2022\/07\/Passbild_1-218x300.jpg 218w, https:\/\/blogs.urz.uni-halle.de\/heldderarbeit\/files\/2022\/07\/Passbild_1-743x1024.jpg 743w, https:\/\/blogs.urz.uni-halle.de\/heldderarbeit\/files\/2022\/07\/Passbild_1-768x1059.jpg 768w, https:\/\/blogs.urz.uni-halle.de\/heldderarbeit\/files\/2022\/07\/Passbild_1-1114x1536.jpg 1114w, https:\/\/blogs.urz.uni-halle.de\/heldderarbeit\/files\/2022\/07\/Passbild_1-1485x2048.jpg 1485w\" sizes=\"(max-width: 1856px) 100vw, 1856px\" \/>\t\t\t\t\t\t<\/div>\n\t\t\t\t\t\n\t\t\t\t\t\t\t\t\t\t<div class=\"elementor-testimonial-details\">\n\t\t\t\t\t\t\t\t\t\t\t\t\t\t<div class=\"elementor-testimonial-name\">Dieser Typ<\/div>\n\t\t\t\t\t\t\t\t\t\t\t\t\t\t\t\t\t\t\t\t\t\t<div class=\"elementor-testimonial-job\">So ein Promi<\/div>\n\t\t\t\t\t\t\t\t\t\t\t\t\t<\/div>\n\t\t\t\t\t\t\t\t\t<\/div>\n\t\t\t<\/div>\n\t\t\t\t\t<\/div>\n\t\t\t\t<\/div>\n\t\t\t\t<\/div>\n\t\t\t\t\t<\/div>\n\t\t<\/div>\n\t\t\t\t\t\t\t<\/div>\n\t\t<\/section>\n\t\t\t\t\t\t<\/div>\n\t\t\t\t\t<\/div>\n\t\t","protected":false},"excerpt":{"rendered":"<p>Wenn du hungrig oder dem Online-Shoppingwahn verfallen bist:\u00a0 Who you gonna call? Richtig! In der Regel einen Lieferanten. Das bittere Los In den letzten Jahren sind die Massen an G\u00fctern, die wir uns liefern lassen, chronisch angestiegen. Das macht sich auch im Stra\u00dfenverkehr bemerkbar. Ob zu Rade oder mit dem Wagen. Sie sind nicht mehr &hellip; <a href=\"https:\/\/blogs.urz.uni-halle.de\/heldderarbeit\/\" class=\"more-link\"><span class=\"screen-reader-text\">Wie bestellt!<\/span> weiterlesen <span class=\"meta-nav\">&rarr;<\/span><\/a><\/p>\n","protected":false},"author":5433,"featured_media":0,"parent":0,"menu_order":0,"comment_status":"closed","ping_status":"closed","template":"","meta":[],"_links":{"self":[{"href":"https:\/\/blogs.urz.uni-halle.de\/heldderarbeit\/wp-json\/wp\/v2\/pages\/37"}],"collection":[{"href":"https:\/\/blogs.urz.uni-halle.de\/heldderarbeit\/wp-json\/wp\/v2\/pages"}],"about":[{"href":"https:\/\/blogs.urz.uni-halle.de\/heldderarbeit\/wp-json\/wp\/v2\/types\/page"}],"author":[{"embeddable":true,"href":"https:\/\/blogs.urz.uni-halle.de\/heldderarbeit\/wp-json\/wp\/v2\/users\/5433"}],"replies":[{"embeddable":true,"href":"https:\/\/blogs.urz.uni-halle.de\/heldderarbeit\/wp-json\/wp\/v2\/comments?post=37"}],"version-history":[{"count":10,"href":"https:\/\/blogs.urz.uni-halle.de\/heldderarbeit\/wp-json\/wp\/v2\/pages\/37\/revisions"}],"predecessor-version":[{"id":68,"href":"https:\/\/blogs.urz.uni-halle.de\/heldderarbeit\/wp-json\/wp\/v2\/pages\/37\/revisions\/68"}],"wp:attachment":[{"href":"https:\/\/blogs.urz.uni-halle.de\/heldderarbeit\/wp-json\/wp\/v2\/media?parent=37"}],"curies":[{"name":"wp","href":"https:\/\/api.w.org\/{rel}","templated":true}]}}