{"id":11,"date":"2020-09-21T12:51:47","date_gmt":"2020-09-21T10:51:47","guid":{"rendered":"https:\/\/blogs.urz.uni-halle.de\/highframerate\/?page_id=11"},"modified":"2024-12-20T11:56:24","modified_gmt":"2024-12-20T10:56:24","slug":"startseite","status":"publish","type":"page","link":"https:\/\/blogs.urz.uni-halle.de\/highframerate\/","title":{"rendered":"Zerebraler Blutfluss bei visueller Stimulation mit hohen Bildraten"},"content":{"rendered":"\n<p>Klinik und Poliklinik f\u00fcr Radiologie des Universit\u00e4tsklinikums Halle (Saale)<\/p>\n\n\n\n<p>Info: Terminbuchung siehe unten. <\/p>\n\n\n\n<p><\/p>\n\n\n\n<div class=\"wp-block-image is-style-default\"><figure class=\"aligncenter size-large\"><img loading=\"lazy\" width=\"921\" height=\"952\" src=\"https:\/\/blogs.urz.uni-halle.de\/highframerate\/files\/2021\/10\/Blog-Schema-CBF-und-HFR-v03.png\" alt=\"\" class=\"wp-image-967\" srcset=\"https:\/\/blogs.urz.uni-halle.de\/highframerate\/files\/2021\/10\/Blog-Schema-CBF-und-HFR-v03.png 921w, https:\/\/blogs.urz.uni-halle.de\/highframerate\/files\/2021\/10\/Blog-Schema-CBF-und-HFR-v03-290x300.png 290w, https:\/\/blogs.urz.uni-halle.de\/highframerate\/files\/2021\/10\/Blog-Schema-CBF-und-HFR-v03-768x794.png 768w, https:\/\/blogs.urz.uni-halle.de\/highframerate\/files\/2021\/10\/Blog-Schema-CBF-und-HFR-v03-484x500.png 484w\" sizes=\"(max-width: 921px) 100vw, 921px\" \/><figcaption>Abb. 1: Verursacht eine h\u00f6here Bildrate (z.B. 120 oder 160 HzHz) einen gr\u00f6\u00dferen oder einen niedrigeren Blutverbrauch im humanen Sehzentrum als die niedrigeren 30 oer 60 Hz?<\/figcaption><\/figure><\/div>\n\n\n\n<p><strong>Hintergrund: <\/strong>Flackern von Bildschirmen oder Kinoleinw\u00e4nden kann beim Zuschauer Ablenkung, Unbehagen und rasche visuelle Erm\u00fcdung verursachen. Die Erh\u00f6hung der Bildwiederholfrequenz (high fram rate, HFR) reduziert dieses Flackern und wird deswegen oft angenehmer von den Zuschauer wahrgenommen. Hohe Bildwiederholfrequenzen werden immer h\u00e4ufiger in Bildschirmen wie z.B. bei Gaming-Monitoren aber auch in aktuellen Handys eingesetzt. Kinos bzw. Filmfirmen weltweit r\u00fcsten ebenfalls auf diese innovative Technik auf.<\/p>\n\n\n\n<p>Die Forschung zu dem Thema zeigte, dass h\u00f6here Bildwiederholfrequenzen bei empfindlichen Menschen zum Beispiel seltener Migr\u00e4neattacken oder epileptische Anf\u00e4lle ausl\u00f6sen. Au\u00dferdem sind die Hirnstr\u00f6me dem normalen Sehen \u00e4hnlicher als bei den niedrigeren Bildwiederholfrequenzen. Es k\u00f6nnte also sein, dass das Sehen mit hohen Bildwiederholfrequenzen dem nat\u00fcrlichen Sehen \u00e4hnlicher ist und die Augen bzw. das Gehirn weniger belasten. Wenn dem so ist, k\u00f6nnte das Sehzentrum im Gehirn weniger Energie bei Sehen von Videos mit h\u00f6heren Bildwiederholfrequenzen verbrauchen. <\/p>\n\n\n\n<p><strong>Zur Studie:<\/strong> Diese Frage soll in einer Studie der Radiologischen Klinik des Universit\u00e4tsklinikums Halle (Saale) beantwortet werden. Der Blutfluss zum Sehzentrum wird dabei nichtinvasiv mit dem Ultraschall bestimmt. Der Ultraschall misst dabei die Blutflussgeschwindigkeit in der Arteria cerebri posterior w\u00e4hrend des Betrachtens von Videos mit unterschiedlicher Bildwiederholrate (Abb. 1). Zus\u00e4tzlich werden die Herzfrequenz aufgezeichnet. <\/p>\n\n\n\n<p>Im Anschluss soll in der Studie untersucht werden, wie sich der Blutfluss im Gehirn \u00e4ndert, wenn ihr Gesicht gek\u00fchlt wird.<br><br>Diese Studie wurde von der zust\u00e4ndigen Ethik-Kommission ethisch und berufsrechtlich beraten. Die Untersuchung selber wird ca 35 min dauern, sie beginnt im Oktober 2024 und endet vermutlich im<br>Fr\u00fchling 2025.<\/p>\n\n\n\n<p>Teilnehmen k\u00f6nnen <strong>Freiwillige zwischen 18 und 50 Jahren<\/strong> und die (z. B. mit Kontaktlinse) gut sehen k\u00f6nnen (Visus &gt; 0,8). Bitte beachten Sie, dass aus Sicherheitsgr\u00fcnden Personen mit folgenden bekannten Erkrankungen <strong>nicht teilnehmen<\/strong> k\u00f6nnen:  <\/p>\n\n\n\n<ul><li>Diabetes Mellitus, einem obstruktives Schlaf-Apnoe-Syndrom, einer Multiple Sklerose, einem Hirntumor, einer Migr\u00e4ne, R\u00fcckenmarks-verletzungen oder neurodegenerative Erkrankungen wie M. Parkinson und M. Alzheimer,<\/li><li>Epilepsie, insbesondere fotosensible, epileptische Anf\u00e4lle in der Vergangenheit,<\/li><li>anhaltender Drogenkonsum,<\/li><li>bestehende Schwangerschaft.<\/li><\/ul>\n\n\n\n<p>Eine finanzielle Entsch\u00e4digung kann <strong>nicht <\/strong>angeboten werden. <strong>Versuchspersonenstunden <\/strong>k\u00f6nnen best\u00e4tigt werden.<\/p>\n\n\n\n<p>Wenn Sie<strong> Fragen bez\u00fcglich einer Studienteilnahme<\/strong> haben, lesen Sie die <a href=\"https:\/\/blogs.urz.uni-halle.de\/highframerate\/files\/2024\/10\/Probandeninformation-HFR-Studie.pdf\">Probandeninformation (link zur Download)<\/a>, fordern weitere Informationen per Email <strong>hfr@medizin.uni-halle.de<\/strong> an oder fragen uns pers\u00f6nlich via Telefon <strong>0345-5575010<\/strong>. <\/p>\n\n\n\n<p><strong>Untersuchungstermine <\/strong>k\u00f6nnen Sie unter <a href=\"https:\/\/terminplaner6.dfn.de\/b\/f0c8e0ae5ba93c8cc40f9b6feef01912-1023272\"><strong>https:\/\/terminplaner6.dfn.de\/b\/f0c8e0ae5ba93c8cc40f9b6feef01912-1023272<\/strong><\/a> buchen oder telefonisch vereinbaren. Die Untersuchungen finden normalerweise nachmittags zwischen 14 und 20 Uhr statt.<\/p>\n\n\n<p>So <strong>finden<\/strong> Sie uns im Universit\u00e4tsklinikum Halle (Saale):<\/p>\n<div class=\"moz-text-html\" lang=\"x-unicode\">\n<p>Wegbeschreibung beginnend vom Haupteingang<\/p>\n<ol>\n<li>F\u00fc\u00dfen zum R\u00f6ntgen folgen (orange)<\/li>\n<li>Nach einem l\u00e4ngeren Gang geradeaus biegen die F\u00fc\u00dfe links zu Haus 24 ab (gro\u00dfes Schild &#8222;Haus 24&#8220; \u00fcber dem Eingang), die Treppe bzw. den Aufzug, die\/der dort gegen\u00fcber liegt, eine Etage herunter nehmen<\/li>\n<li>Rechts sollte nun die CT Anmeldung sein und links geht der Gang nicht weiter<\/li>\n<li>Von dort zweimal links abbiegen (quasi in den Gang parallel zur Treppe\/ zum Fahrstuhl)<\/li>\n<li>Dort ist es die zweite T\u00fcr rechts&nbsp; (an der T\u00fcr steht An\u00e4sthesieeinleitung)<\/li>\n<li>bei Problemen rufen Sie uns an: 03455575010.<\/li>\n<\/ol>\n<\/div>\n<p><!-- \/wp:paragraph --><\/p>\n<p><!-- wp:paragraph --><\/p>\n<p>&nbsp;<\/p>\n<p>Mit freundlichen Gr\u00fc\u00dfen<\/p>\n<p><!-- \/wp:paragraph --><\/p>\n<p><!-- wp:paragraph --><\/p>\n<p>Vanessa Wahl (Doktorrandin) und Dr. Ole Hensel (Facharzt f\u00fcr Neurologie)<\/p>\n<p><!-- \/wp:paragraph --><\/p>","protected":false},"excerpt":{"rendered":"<p>Klinik und Poliklinik f\u00fcr Radiologie des Universit\u00e4tsklinikums Halle (Saale) Info: Terminbuchung siehe unten. Hintergrund: Flackern von Bildschirmen oder Kinoleinw\u00e4nden kann beim Zuschauer Ablenkung, Unbehagen und rasche visuelle Erm\u00fcdung verursachen. Die <a href=\"https:\/\/blogs.urz.uni-halle.de\/highframerate\/\" class=\"more-link\">[&hellip;]<\/a><\/p>\n","protected":false},"author":4893,"featured_media":0,"parent":0,"menu_order":0,"comment_status":"closed","ping_status":"closed","template":"","meta":{"ngg_post_thumbnail":0,"Layout":"1c"},"_links":{"self":[{"href":"https:\/\/blogs.urz.uni-halle.de\/highframerate\/wp-json\/wp\/v2\/pages\/11"}],"collection":[{"href":"https:\/\/blogs.urz.uni-halle.de\/highframerate\/wp-json\/wp\/v2\/pages"}],"about":[{"href":"https:\/\/blogs.urz.uni-halle.de\/highframerate\/wp-json\/wp\/v2\/types\/page"}],"author":[{"embeddable":true,"href":"https:\/\/blogs.urz.uni-halle.de\/highframerate\/wp-json\/wp\/v2\/users\/4893"}],"replies":[{"embeddable":true,"href":"https:\/\/blogs.urz.uni-halle.de\/highframerate\/wp-json\/wp\/v2\/comments?post=11"}],"version-history":[{"count":10,"href":"https:\/\/blogs.urz.uni-halle.de\/highframerate\/wp-json\/wp\/v2\/pages\/11\/revisions"}],"predecessor-version":[{"id":2332,"href":"https:\/\/blogs.urz.uni-halle.de\/highframerate\/wp-json\/wp\/v2\/pages\/11\/revisions\/2332"}],"wp:attachment":[{"href":"https:\/\/blogs.urz.uni-halle.de\/highframerate\/wp-json\/wp\/v2\/media?parent=11"}],"curies":[{"name":"wp","href":"https:\/\/api.w.org\/{rel}","templated":true}]}}