{"id":161,"date":"2022-01-10T06:30:00","date_gmt":"2022-01-10T05:30:00","guid":{"rendered":"https:\/\/blogs.urz.uni-halle.de\/hitblog\/?page_id=161"},"modified":"2026-02-24T16:48:32","modified_gmt":"2026-02-24T15:48:32","slug":"termine-deadlines-2","status":"publish","type":"page","link":"https:\/\/blogs.urz.uni-halle.de\/hitblog\/termine-deadlines-2\/","title":{"rendered":"Termine"},"content":{"rendered":"<h2>Allgemein<\/h2>\n<ul>\n<li>Informieren \u00fcber allgemeinen Programmablauf und Konzept<\/li>\n<li>18.01.2026 &#8211; \u00dcberpr\u00fcfen und Melden der richtigen Ansprechperson f\u00fcr den jeweiligen Studienschwerpunkt<\/li>\n<li>02.04.2026 &#8211; Bestellung der Studiengangsflyer bei der <a title=\"E-Mail an die Studienberatung\" href=\"mailto:redaktion.a1@verwaltung.uni-halle.de\">Studienberatung<\/a><\/li>\n<\/ul>\n<h2>Info-Stand<\/h2>\n<ul>\n<li>18.01.2026 &#8211; Zusage der Beteiligung mit einem Info-Stand<\/li>\n<li>30.01.2026 &#8211; Anzeigen von Mehrbedarf (Anzahl an Messew\u00e4nden\/Tischen\/Stehtischen\/St\u00fchlen)<\/li>\n<li>30.01.2026 &#8211; Anzeigen von &#8222;besonderem Bedarf&#8220; (z. B. Strom- oder Internetanschl\u00fcsse)<\/li>\n<li>04.02.2026 &#8211; Kontaktaufnahme mit <a title=\"E-Mail an die Studienberatung\" href=\"mailto:redaktion.a1@verwaltung.uni-halle.de\">Studienberatung<\/a> hinsichtlich der Aktualisierung der Poster<\/li>\n<li>18.05.2026 &#8211; &nbsp;Melden aller Standbetreuer mit vollst\u00e4ndigem Namen und Titel (Wenn Namensschilder ben\u00f6tigt werden)<\/li>\n<\/ul>\n<h2>Vortrag<\/h2>\n<ul>\n<li>18.01.2026 &#8211; Zusage der Beteiligung mit einem Vortrag<\/li>\n<li>22.05.2026 &#8211; Zusendung Pr\u00e4sentation<\/li>\n<\/ul>\n<h2>Specials<\/h2>\n<ul>\n<li>06.02.2026 &#8211; Anzeigen geplanter Special (Laborbesichtigung, Institutsf\u00fchrungen, Ausstellungen, besondere Experimente, etc.)<\/li>\n<li>06.02.2026 &#8211; Anzeigen von ben\u00f6tigter Unterst\u00fctzung (Busshuttle, Scouts, etc.)<\/li>\n<\/ul>\n","protected":false},"excerpt":{"rendered":"<p>Allgemein Informieren \u00fcber allgemeinen Programmablauf und Konzept 18.01.2026 &#8211; \u00dcberpr\u00fcfen und Melden der richtigen Ansprechperson f\u00fcr den jeweiligen Studienschwerpunkt 02.04.2026 &#8211; Bestellung der Studiengangsflyer bei der Studienberatung Info-Stand 18.01.2026 &#8211; Zusage der Beteiligung mit einem Info-Stand 30.01.2026 &#8211; Anzeigen von Mehrbedarf (Anzahl an Messew\u00e4nden\/Tischen\/Stehtischen\/St\u00fchlen) 30.01.2026 &#8211; Anzeigen von &#8222;besonderem Bedarf&#8220; (z. B. Strom- oder Internetanschl\u00fcsse) [&hellip;]<\/p>\n","protected":false},"author":3287,"featured_media":0,"parent":0,"menu_order":0,"comment_status":"closed","ping_status":"closed","template":"","meta":{"ngg_post_thumbnail":0},"_links":{"self":[{"href":"https:\/\/blogs.urz.uni-halle.de\/hitblog\/wp-json\/wp\/v2\/pages\/161"}],"collection":[{"href":"https:\/\/blogs.urz.uni-halle.de\/hitblog\/wp-json\/wp\/v2\/pages"}],"about":[{"href":"https:\/\/blogs.urz.uni-halle.de\/hitblog\/wp-json\/wp\/v2\/types\/page"}],"author":[{"embeddable":true,"href":"https:\/\/blogs.urz.uni-halle.de\/hitblog\/wp-json\/wp\/v2\/users\/3287"}],"replies":[{"embeddable":true,"href":"https:\/\/blogs.urz.uni-halle.de\/hitblog\/wp-json\/wp\/v2\/comments?post=161"}],"version-history":[{"count":9,"href":"https:\/\/blogs.urz.uni-halle.de\/hitblog\/wp-json\/wp\/v2\/pages\/161\/revisions"}],"predecessor-version":[{"id":520,"href":"https:\/\/blogs.urz.uni-halle.de\/hitblog\/wp-json\/wp\/v2\/pages\/161\/revisions\/520"}],"wp:attachment":[{"href":"https:\/\/blogs.urz.uni-halle.de\/hitblog\/wp-json\/wp\/v2\/media?parent=161"}],"curies":[{"name":"wp","href":"https:\/\/api.w.org\/{rel}","templated":true}]}}