{"id":42,"date":"2020-04-17T10:28:01","date_gmt":"2020-04-17T08:28:01","guid":{"rendered":"https:\/\/blogs.urz.uni-halle.de\/hwmultimedia\/?page_id=42"},"modified":"2020-04-19T15:23:49","modified_gmt":"2020-04-19T13:23:49","slug":"homepage","status":"publish","type":"page","link":"https:\/\/blogs.urz.uni-halle.de\/hwmultimedia\/","title":{"rendered":"Blog f\u00fcr Gewinner"},"content":{"rendered":"\n<h3>Quarant\u00e4ne ist schei\u00dfe ja, ABER<\/h3>\n\n\n\n<p style=\"background-color:#f5f5dc;font-size:18px\" class=\"has-background\">Ja, die momentane Situation nervt ziemlich, aber es zum Besten f\u00fcr uns alle. Wir sollten uns davon nicht runterziehen lassen und lieber die Zeit, die wir zuhause sind sinnvoll nutzen und etwas f\u00fcr unseren K\u00f6rper tun. Dazu gibt es jetzt diesen Blog, indem ich einfache aber wichtige \u00dcbungen pr\u00e4sentiere, die jeder, egal ob Anf\u00e4nger oder Profisportler, machen kann und sollte. Und besser wird der Blog, wenn ihr eure eigenen Ideen mit einbringt und etwas postet oder einen Kommentar da lasst. <\/p>\n\n\n\n<h3>Homeworkout<\/h3>\n\n\n\n<p style=\"background-color:#f5f5dc;font-size:18px\" class=\"has-background\">Man braucht kein Fitnessstudio um seinen K\u00f6rper zu optimieren. Es reicht wenn ihr Wille und Disziplin habt, denn f\u00fcr ein gewisses Fitnesslevel ben\u00f6tigt man keine oder nur einfache Hilfsmittel, die jeder hat. Ein erster wichtiger Schritt war, dass ihr diesen Blog gefunden habt und jetzt lest euch was durch, zieht Sportklamotten an und <strong>FOYAA!<\/strong><\/p>\n\n\n\n<div class=\"wp-block-image\"><figure class=\"aligncenter size-large is-resized\"><img loading=\"lazy\" src=\"https:\/\/blogs.urz.uni-halle.de\/hwmultimedia\/files\/2020\/04\/active-adult-athlete-body-416778-2-1024x683.jpg\" alt=\"\" class=\"wp-image-47\" width=\"441\" height=\"293\" srcset=\"https:\/\/blogs.urz.uni-halle.de\/hwmultimedia\/files\/2020\/04\/active-adult-athlete-body-416778-2-1024x683.jpg 1024w, https:\/\/blogs.urz.uni-halle.de\/hwmultimedia\/files\/2020\/04\/active-adult-athlete-body-416778-2-300x200.jpg 300w, https:\/\/blogs.urz.uni-halle.de\/hwmultimedia\/files\/2020\/04\/active-adult-athlete-body-416778-2-768x512.jpg 768w, https:\/\/blogs.urz.uni-halle.de\/hwmultimedia\/files\/2020\/04\/active-adult-athlete-body-416778-2-1536x1024.jpg 1536w, https:\/\/blogs.urz.uni-halle.de\/hwmultimedia\/files\/2020\/04\/active-adult-athlete-body-416778-2-2048x1365.jpg 2048w\" sizes=\"(max-width: 441px) 100vw, 441px\" \/><\/figure><\/div>\n\n\n\n<p style=\"background-color:#f5f5dc;font-size:18px\" class=\"has-background\">&#8222;In die Masse rein!&#8220;, wie ein erfolgreicher, extrem fitter Rapper jetzt sagen w\u00fcrde.<\/p>\n\n\n\n<h3>Welche Muskeln kann ich trainieren?<\/h3>\n\n\n\n<div class=\"wp-block-media-text alignwide has-background is-image-fill\" style=\"background-color:#f5f5dc\"><figure class=\"wp-block-media-text__media\" style=\"background-image:url(https:\/\/blogs.urz.uni-halle.de\/hwmultimedia\/files\/2020\/04\/man-holding-black-dumbbell-1229356-1-1024x768.jpg);background-position:48.756218905473% 48.662258931343%\"><img loading=\"lazy\" width=\"1024\" height=\"768\" src=\"https:\/\/blogs.urz.uni-halle.de\/hwmultimedia\/files\/2020\/04\/man-holding-black-dumbbell-1229356-1-1024x768.jpg\" alt=\"\" class=\"wp-image-52\" srcset=\"https:\/\/blogs.urz.uni-halle.de\/hwmultimedia\/files\/2020\/04\/man-holding-black-dumbbell-1229356-1-1024x768.jpg 1024w, https:\/\/blogs.urz.uni-halle.de\/hwmultimedia\/files\/2020\/04\/man-holding-black-dumbbell-1229356-1-300x225.jpg 300w, https:\/\/blogs.urz.uni-halle.de\/hwmultimedia\/files\/2020\/04\/man-holding-black-dumbbell-1229356-1-768x576.jpg 768w, https:\/\/blogs.urz.uni-halle.de\/hwmultimedia\/files\/2020\/04\/man-holding-black-dumbbell-1229356-1-1536x1152.jpg 1536w, https:\/\/blogs.urz.uni-halle.de\/hwmultimedia\/files\/2020\/04\/man-holding-black-dumbbell-1229356-1-2048x1536.jpg 2048w\" sizes=\"(max-width: 1024px) 100vw, 1024px\" \/><\/figure><div class=\"wp-block-media-text__content\">\n<ul><li><strong>Brust<\/strong><\/li><li><strong>R\u00fccken<\/strong><\/li><li><strong>Arme<\/strong><ul><li><strong>Bizeps<\/strong><\/li><li><strong>Trizeps<\/strong><\/li><\/ul><\/li><li><strong>Beine<\/strong><ul><li><strong>Oberschenkel<\/strong><\/li><li><strong>Waden<\/strong><\/li><\/ul><\/li><li><strong>Schultern<\/strong><\/li><li><strong>Mittelk\u00f6rper<\/strong><ul><li><strong>Bauch<\/strong><\/li><li><strong>unterer R\u00fccken<\/strong><\/li><li><strong>Core<\/strong><\/li><\/ul><\/li><\/ul>\n<\/div><\/div>\n\n\n\n<p><\/p>\n<div class=\"twoclick_social_bookmarks_post_42 social_share_privacy clearfix 1.6.4 locale-de_DE sprite-de_DE\"><\/div><div class=\"twoclick-js\"><script type=\"text\/javascript\">\/* <![CDATA[ *\/\njQuery(document).ready(function($){if($('.twoclick_social_bookmarks_post_42')){$('.twoclick_social_bookmarks_post_42').socialSharePrivacy({\"services\":{\"facebook\":{\"status\":\"on\",\"txt_info\":\"2 Klicks f\\u00fcr mehr Datenschutz: Erst wenn Sie hier klicken, wird der Button aktiv und Sie k\\u00f6nnen Ihre Empfehlung an Facebook senden. Schon beim Aktivieren werden Daten an Dritte \\u00fcbertragen - siehe <em>i<\\\/em>.\",\"perma_option\":\"off\",\"action\":\"like\",\"language\":\"de_DE\"},\"twitter\":{\"reply_to\":\"\",\"tweet_text\":\"Blog%20f%C3%BCr%20Gewinner%20%C2%BB%20Corona-Fit\",\"status\":\"on\",\"txt_info\":\"2 Klicks f\\u00fcr mehr Datenschutz: Erst wenn Sie hier klicken, wird der Button aktiv und Sie k\\u00f6nnen Ihre Empfehlung an Twitter senden. Schon beim Aktivieren werden Daten an Dritte \\u00fcbertragen - siehe <em>i<\\\/em>.\",\"perma_option\":\"off\",\"language\":\"de\",\"referrer_track\":\"\"}},\"txt_help\":\"Wenn Sie diese Felder durch einen Klick aktivieren, werden Informationen an Facebook, Twitter, Flattr, Xing, t3n, LinkedIn, Pinterest oder Google eventuell ins Ausland \\u00fcbertragen und unter Umst\\u00e4nden auch dort gespeichert. N\\u00e4heres erfahren Sie durch einen Klick auf das <em>i<\\\/em>.\",\"settings_perma\":\"Dauerhaft aktivieren und Daten\\u00fcber-tragung zustimmen:\",\"info_link\":\"http:\\\/\\\/www.heise.de\\\/ct\\\/artikel\\\/2-Klicks-fuer-mehr-Datenschutz-1333879.html\",\"uri\":\"https:\\\/\\\/blogs.urz.uni-halle.de\\\/hwmultimedia\\\/\",\"post_id\":42,\"post_title_referrer_track\":\"Blog+f%C3%BCr+Gewinner\",\"display_infobox\":\"on\"});}});\n\/* ]]> *\/<\/script><\/div>","protected":false},"excerpt":{"rendered":"<p>Quarant\u00e4ne ist schei\u00dfe ja, ABER Ja, die momentane Situation nervt ziemlich, aber es zum Besten f\u00fcr uns alle. Wir sollten uns davon nicht runterziehen lassen und lieber die Zeit, die wir zuhause sind sinnvoll nutzen und etwas f\u00fcr unseren K\u00f6rper tun. Dazu gibt es jetzt diesen Blog, indem ich einfache aber wichtige \u00dcbungen pr\u00e4sentiere, die [&hellip;]<\/p>\n","protected":false},"author":4374,"featured_media":0,"parent":0,"menu_order":0,"comment_status":"closed","ping_status":"closed","template":"","meta":[],"_links":{"self":[{"href":"https:\/\/blogs.urz.uni-halle.de\/hwmultimedia\/wp-json\/wp\/v2\/pages\/42"}],"collection":[{"href":"https:\/\/blogs.urz.uni-halle.de\/hwmultimedia\/wp-json\/wp\/v2\/pages"}],"about":[{"href":"https:\/\/blogs.urz.uni-halle.de\/hwmultimedia\/wp-json\/wp\/v2\/types\/page"}],"author":[{"embeddable":true,"href":"https:\/\/blogs.urz.uni-halle.de\/hwmultimedia\/wp-json\/wp\/v2\/users\/4374"}],"replies":[{"embeddable":true,"href":"https:\/\/blogs.urz.uni-halle.de\/hwmultimedia\/wp-json\/wp\/v2\/comments?post=42"}],"version-history":[{"count":10,"href":"https:\/\/blogs.urz.uni-halle.de\/hwmultimedia\/wp-json\/wp\/v2\/pages\/42\/revisions"}],"predecessor-version":[{"id":120,"href":"https:\/\/blogs.urz.uni-halle.de\/hwmultimedia\/wp-json\/wp\/v2\/pages\/42\/revisions\/120"}],"wp:attachment":[{"href":"https:\/\/blogs.urz.uni-halle.de\/hwmultimedia\/wp-json\/wp\/v2\/media?parent=42"}],"curies":[{"name":"wp","href":"https:\/\/api.w.org\/{rel}","templated":true}]}}