{"id":199,"date":"2023-11-14T19:59:16","date_gmt":"2023-11-14T18:59:16","guid":{"rendered":"https:\/\/blogs.urz.uni-halle.de\/imostenvielneues\/?page_id=199"},"modified":"2023-11-27T16:37:26","modified_gmt":"2023-11-27T15:37:26","slug":"johannas-text","status":"publish","type":"page","link":"https:\/\/blogs.urz.uni-halle.de\/imostenvielneues\/johannas-text\/","title":{"rendered":"Nenad Veli\u010dkovi\u0107 &#8211; 100 Drachen"},"content":{"rendered":"\t\t<div data-elementor-type=\"wp-page\" data-elementor-id=\"199\" class=\"elementor elementor-199\" data-elementor-settings=\"[]\">\n\t\t\t\t\t\t\t<div class=\"elementor-section-wrap\">\n\t\t\t\t\t\t\t<section class=\"elementor-section elementor-top-section elementor-element elementor-element-7e39366 elementor-section-boxed elementor-section-height-default elementor-section-height-default\" data-id=\"7e39366\" data-element_type=\"section\">\n\t\t\t\t\t\t<div class=\"elementor-container elementor-column-gap-default\">\n\t\t\t\t\t<div class=\"elementor-column elementor-col-100 elementor-top-column elementor-element elementor-element-fcab40e\" data-id=\"fcab40e\" data-element_type=\"column\">\n\t\t\t<div class=\"elementor-widget-wrap elementor-element-populated\">\n\t\t\t\t\t\t\t\t<div class=\"elementor-element elementor-element-b16633b elementor-widget elementor-widget-wp-widget-media_audio\" data-id=\"b16633b\" data-element_type=\"widget\" data-widget_type=\"wp-widget-media_audio.default\">\n\t\t\t\t<div class=\"elementor-widget-container\">\n\t\t\t<!--[if lt IE 9]><script>document.createElement('audio');<\/script><![endif]-->\n<audio class=\"wp-audio-shortcode\" id=\"audio-199-1\" preload=\"none\" style=\"width: 100%;\" controls=\"controls\"><source type=\"audio\/mpeg\" src=\"https:\/\/blogs.urz.uni-halle.de\/imostenvielneues\/files\/2023\/11\/Johanna-Neu-Geku\u0308rzt.mp3?_=1\" \/><source type=\"audio\/mpeg\" src=\"https:\/\/blogs.urz.uni-halle.de\/imostenvielneues\/files\/2023\/11\/Johanna-Neu-Geku\u0308rzt.mp3?_=1\" \/><a href=\"https:\/\/blogs.urz.uni-halle.de\/imostenvielneues\/files\/2023\/11\/Johanna-Neu-Geku\u0308rzt.mp3\">https:\/\/blogs.urz.uni-halle.de\/imostenvielneues\/files\/2023\/11\/Johanna-Neu-Geku\u0308rzt.mp3<\/a><\/audio>\t\t<\/div>\n\t\t\t\t<\/div>\n\t\t\t\t\t<\/div>\n\t\t<\/div>\n\t\t\t\t\t\t\t<\/div>\n\t\t<\/section>\n\t\t\t\t<section class=\"elementor-section elementor-top-section elementor-element elementor-element-807d011 elementor-section-boxed elementor-section-height-default elementor-section-height-default\" data-id=\"807d011\" data-element_type=\"section\">\n\t\t\t\t\t\t<div class=\"elementor-container elementor-column-gap-default\">\n\t\t\t\t\t<div class=\"elementor-column elementor-col-100 elementor-top-column elementor-element elementor-element-0d34292\" data-id=\"0d34292\" data-element_type=\"column\">\n\t\t\t<div class=\"elementor-widget-wrap elementor-element-populated\">\n\t\t\t\t\t\t\t\t<div class=\"elementor-element elementor-element-dcd6889 elementor-widget elementor-widget-text-editor\" data-id=\"dcd6889\" data-element_type=\"widget\" data-widget_type=\"text-editor.default\">\n\t\t\t\t<div class=\"elementor-widget-container\">\n\t\t\t\t\t<div class=\"elementor-text-editor elementor-clearfix\"><p>Tagesbefehl f\u00fcr Tag eins<\/p>\n<p>12.00 Ankunft auf dem Gel\u00e4nde, 13.00 Hissen der Flagge, 13.30 Lager einrichten, 18.45 Abendlicher Apell, 19.00 Abendessen, 21.00 Lagerfeuer, 23.00 Nachtruhe<\/p>\n<h3>Kapitel Neun<\/h3>\n<p>In welchem Tara am Lagerfeuer sitzt und h\u00f6rt, wie \u0106i\u0107i Titos Bodyguard war. [Er hei\u00dft so, weil er alle so nennt.]. Und ein bisschen belauscht sie auch eine interessante Unterhaltung \u00fcber Dijanas \u0160.<\/p>\n<p><\/p>\n<p>\u201e\u0106i\u0107i, los, jetzt du. Das, als du Titos Bodyguard warst.\u201c<\/p>\n<p>\u201eAus dem Krieg oder nach dem Krieg?\u201c<\/p>\n<p>\u201eAus dem Krieg.\u201c<\/p>\n<p>\u201eDas, als wir in Tjenti\u0161te waren?\u201c<\/p>\n<p>\u201eJa.\u201c<\/p>\n<p>\u201eDas mit dem Rauchen?\u201c<\/p>\n<p>\u201eJa, \u0106i\u0107i, erz\u00e4hl!\u201c<\/p>\n<p>\u201eGut, also: Der Alte hat immer gesagt, Rauchen sei sch\u00e4dlich. Er hat gesagt, dass jede Zigarette, die er raucht, &#8217;ne Zigarette weniger ist, die die Arbeiterklasse raucht. Er hat sich immer f\u00fcr die Arbeiter aufgeopfert. Und auch uns hat er, \u0107i\u0107i, dazu getrieb\u2019n, uns aufzuopfern. Ich war kein Raucher, musst\u2019 aber rauchen. Wer gibt mir \u2019ne Zigarette?\u201c<\/p>\n<p><\/p>\n<p>(Dijana hat nicht damit geprahlt, dass <i>Rauchen<\/i><i> <\/i><i>erlaubt<\/i><i> <\/i><i>war<\/i>&#8230; Das w\u00e4re in Paris nicht gegangen&#8230; Why not? Stop! Models rauchen nicht. Well. Aber Models sitzen auch nicht im Rauch, auf der Wiese, anstatt mit Nachtcreme mit diesem ekeligen Irgendetwas gegen M\u00fccken. <i>\u00dcberfl\u00fcssigerweise<\/i>, \u00fcbrigens. Die Schicht aus krustigem Schwei\u00df reicht auch. Wie waschen sie sich hier? Mit den Fingern\u00e4geln?)<\/p>\n<p><\/p>\n<p>\u201eDanke, \u0107i\u0107i. Ich z\u00fcnd\u2019 sie mir nur eben schnell an&#8230; Also: Tjenti\u0161te war die f\u00fcnfte Offensive. Die f\u00fcnfte war direkt nach der vierten. Wie hie\u00df die vierte?\u201c<\/p>\n<p>\u201eDie Schlacht um die Verwundeten.\u201c<\/p>\n<p>\u201eRichtig, \u0107i\u0107i. Meld dich f\u00fcr\u2019s Quiz an. Die vierte Offensive ist das, wo Yul Brynner die Br\u00fccke zerst\u00f6rt. Das ging sp\u00e4ter in alle Milit\u00e4rlehrb\u00fccher ein. Da hat, \u0107i\u0107i, der Alte 4000 Verwundete gerettet. Die Verwundeten sind in der f\u00fcnften Offensive alle von den Deutschen an der M\u00fcndung der Hr\u010davka in die Sutjeska ermordet worden und deshalb hie\u00df sie nicht \u201eSchlacht um die Verwundeten 2\u201c sondern einfach \u201eSchlacht an der Sutjeska\u201c. Da hat Richard Burton mitgespielt.\u201c<\/p>\n<p>\u201eIst das dieses \u201aSolange ihr noch die Schie\u00dferei auf Ljubin grob h\u00f6rt&#8230;\u2018\u201c<\/p>\n<p>\u201eJa. Ljubin grob ist, \u0107i\u0107i, oben auf dem H\u00fcgel. Wir waren oben auf einem Marsch. Mensch, jetzt hast du mich unterbrochen und ich wei\u00df nicht, wo ich war. Ich bin ganz durcheinander&#8230;\u201c<\/p>\n<p>\u201eRichard Burton hat mitgespielt&#8230;\u201c<\/p>\n<p>\u201eAha. Er hat Tito gespielt.\u201c<\/p>\n<p>\u201eUnd mein Onkel hat einen Deutschen gespielt!\u201c<\/p>\n<p>\u201eRichard wollte zweimal zur\u00fcckkehren um die Verwundeten zu retten, sie konnten ihn kaum zur\u00fcckhalten. Er fand das Drehbuch richtig beschissen. Der Mann konnt\u2019 nicht zuschauen, wie die so viele Verwundete ermordet haben.\u201c<\/p>\n<p>\u201eDie Deutschen?\u201c<\/p>\n<p>\u201eEigentlich waren es keine Deutschen, sondern deutsche Sch\u00e4ferhunde. Aber du kannst nicht auf alle deutschen Sch\u00e4ferhunde sauer sein, weil ein deutscher Sch\u00e4ferhund dem Alten das Leben gerettet hat. Und auch mir hat ein deutscher Sch\u00e4ferhund einmal das Leben gerettet.\u201c<\/p>\n<p>\u201eWie?\u201c<\/p>\n<p>\u201eEr war angebunden. Sonst h\u00e4tte er mich zerrissen. Diese Zigaretten sind gut, \u0107i\u0107i. Mmmm. Der Alte hat solche in Drvar geraucht. Welche Offensive war Drvar?\u201c<\/p>\n<p>\u201eDie sechste.\u201c<\/p>\n<p>\u201eWie hie\u00df sie?\u201c<\/p>\n<p>\u201eR\u00f6sselsprung.\u201c<\/p>\n<p>\u201eSehr gut, eins. So lernt man Geschichte, \u0107i\u0107i, und nicht aus B\u00fcchern\u2026\u201c<\/p>\n<p><\/p>\n<p>(Cool. So lustig, dass du vergisst, wie dumm es ist. Jetzt muss man hier auch noch lernen, <i>great<\/i>\u2026 Was ist das f\u00fcr ein Typ? Warum lacht Dijana nicht?)<\/p>\n<p><\/p>\n<p>\u201eEin Partisan hat in Drvar gefragt, warum der Stab dicke Zigaretten raucht und die einfachen Partisanen d\u00fcnne, und sie mussten ihn erschie\u00dfen. Vor der Erschie\u00dfung bat er darum, eine letzte Zigarette zu rauchen. Sie haben ihm eine dicke gegeben. Als er aufgeraucht hatte, starb er. Der Alte hat dieses Ereignis immer als gutes Beispiel daf\u00fcr aufgef\u00fchrt, dass Tabak sch\u00e4dlich ist\u2026\u201c<\/p>\n<p>\u201eErz\u00e4hl das, als du mit einer Rakete geflogen bist\u2026\u201c<\/p>\n<p>\u201eDas, als ihr auf B\u00e4renjagd gegangen seid.\u201c<\/p>\n<p>\u201eMorgen, \u0107i\u0107i. Musikalisches Intermezzo.\u201c<\/p>\n<p><\/p>\n<p>\u2026Plenty of room at the hotel California,<\/p>\n<p>Any time of year, any time of year,<\/p>\n<p>You can find me here.<\/p>\n<p><\/p>\n<p>(Wenn die feinen Damen fragen, wo sie gewesen ist\u2026 Campen. In der N\u00e4he eines Wasserfalls, der ausgetrocknet ist. Mit irgendwelchen gutgebauten Typen mit rausgeschlagenen Z\u00e4hnen. Fernseher: no. Strom: no. Badezimmer: no. No Toilette, no Wasser, no Essen\u2026 Ultraschickkosmotechnocool. Und ihr? Ich war in Rom. Hammer! Ich war in Jerusalem. Wahnsinn. Ich war in New York. Der Broadway ist genial\u2026 Und in welchem Land warst du campen? Jugoslawien? Wo ist das? In der N\u00e4he von Dubrovnik\u2026 Ich mache nur Spa\u00df. Ich war nicht campen. Nur einen Tag. Dubrovnik ist der Wahnsinn. Hammer. Genial\u2026)<\/p>\n<p>\u201e\u0106i\u0107i l\u00fcgt, aber du \u00fcbertreibst wirklich, \u010cvarak!\u201c<\/p>\n<p>\u201eIch schw\u00f6re, ich l\u00fcge nicht. Hier, frag Nole. So. Mit der Hand. Als w\u00fcrde er Blumen pfl\u00fccken.\u201c<\/p>\n<p>\u201eEine Hornotter?\u201c<\/p>\n<p>\u201eSie hatte \u2018n zick-zack Muster auf dem R\u00fccken und einen dreieckigen Kopf mit einem klitzekleinen Horn drauf.\u201c<\/p>\n<p><\/p>\n<p>(Sprechen sie \u00fcber Dijanas \u0160ilja?)<\/p>\n<p><\/p>\n<p>\u201eMit der linken Hand hat er sie hypnotisiert und mit der rechten am Hals gepackt. So h\u00e4lt er sie, sie hat nur den Mund aufgemacht, die zwei Z\u00e4hne so gro\u00df. Ich habe nur drauf gewartet, dass mir das Gift in die Augen spritzt.\u201c<\/p>\n<p>\u201eAch komm schon \u010cvarak, das ist keine Kobra. Hornottern spritzen nicht.\u201c<\/p>\n<p>\u201eEs ist auch keine Python aber sie hat sich innerhalb einer Sekunde um seinen Arm gewickelt.\u201c<\/p>\n<p>\u201eSie haben gesagt, dass es hier keine Schlangen gibt.\u201c<\/p>\n<p>\u201eAha, es gibt sie nicht. Eine Schlange will nicht in einen Steinbruch.\u201c<\/p>\n<p>\u201eIst ihnen zu hei\u00df.\u201c<\/p>\n<p>\u201eWo Feigenb\u00e4ume sind, sind auch Schlangen.\u201c<\/p>\n<p>\u201eWer sagt das?\u201c<\/p>\n<p>\u201eDie Heilige Schrift. Die Schlange hat Eva von einem Feigenbaum aus zugefl\u00fcstert, dass sie einen Apfel pfl\u00fccken und ein Blatt nehmen und sich damit bedecken soll.\u201c<\/p>\n<p>\u201eUnd du hast die Heilige Schrift geles\u2019n?\u201c<\/p>\n<p>\u201eHat er nicht, er hat das in einem Bilderbuch geseh\u2019n.\u201c<\/p>\n<p>\u201eJunge, wieso denn \u00c4pfel an einem Feigenbaum?\u201c<\/p>\n<p>\u201eWarum nicht? Wenn eine Schlange sprech\u2019n kann, warum sollten dann keine \u00c4pfel an einem Feigenbaum wachsen?\u201c<\/p>\n<p>\u201eF\u00fcr mich ist diese ganze Geschichte Quatsch. Wenn ich solchen Bl\u00f6dsinn erz\u00e4hle, schreibt sie mir direkt \u2018ne fette Sechs in\u2019s Klassenbuch.\u201c<\/p>\n<p>\u201eEcht jetzt, wo ist er eigentlich?\u201c<\/p>\n<p>\u201eWer? \u0160ilja? Im Zelt.\u201c<\/p>\n<p>\u201eVon zwei Bier drei Tage verkatert.\u201c<\/p>\n<p>\u201eHape, du bist dumm!\u201c<\/p><\/div>\n\t\t\t\t<\/div>\n\t\t\t\t<\/div>\n\t\t\t\t\t<\/div>\n\t\t<\/div>\n\t\t\t\t\t\t\t<\/div>\n\t\t<\/section>\n\t\t\t\t<section class=\"elementor-section elementor-top-section elementor-element elementor-element-61ecdaf elementor-section-boxed elementor-section-height-default elementor-section-height-default\" data-id=\"61ecdaf\" data-element_type=\"section\">\n\t\t\t\t\t\t<div class=\"elementor-container elementor-column-gap-default\">\n\t\t\t\t\t<div class=\"elementor-column elementor-col-50 elementor-top-column elementor-element elementor-element-3846b32\" data-id=\"3846b32\" data-element_type=\"column\">\n\t\t\t<div class=\"elementor-widget-wrap\">\n\t\t\t\t\t\t\t\t\t<\/div>\n\t\t<\/div>\n\t\t\t\t<div class=\"elementor-column elementor-col-50 elementor-top-column elementor-element elementor-element-4809883\" data-id=\"4809883\" data-element_type=\"column\">\n\t\t\t<div class=\"elementor-widget-wrap elementor-element-populated\">\n\t\t\t\t\t\t\t\t<div class=\"elementor-element elementor-element-7f755d8 elementor-widget elementor-widget-text-editor\" data-id=\"7f755d8\" data-element_type=\"widget\" data-widget_type=\"text-editor.default\">\n\t\t\t\t<div class=\"elementor-widget-container\">\n\t\t\t\t\t<div class=\"elementor-text-editor elementor-clearfix\"><p style=\"text-align: right\"><em>\u00dcbersetzt von Johanna Walter <\/em><\/p>\n<p style=\"text-align: right\"><em>Auszug aus: Nenad Veli\u010dkovi\u0107: 100 zmajeva (2007)<\/em><\/p><\/div>\n\t\t\t\t<\/div>\n\t\t\t\t<\/div>\n\t\t\t\t\t<\/div>\n\t\t<\/div>\n\t\t\t\t\t\t\t<\/div>\n\t\t<\/section>\n\t\t\t\t\t\t<\/div>\n\t\t\t\t\t<\/div>\n\t\t","protected":false},"excerpt":{"rendered":"<p>Tagesbefehl f\u00fcr Tag eins 12.00 Ankunft auf dem Gel\u00e4nde, 13.00 Hissen der Flagge, 13.30 Lager einrichten, 18.45 Abendlicher Apell, 19.00 Abendessen, 21.00 Lagerfeuer, 23.00 Nachtruhe Kapitel Neun In welchem Tara am Lagerfeuer sitzt und h\u00f6rt, wie \u0106i\u0107i Titos Bodyguard war. [Er hei\u00dft so, weil er alle so nennt.]. Und ein bisschen belauscht sie auch eine [&hellip;]<\/p>\n","protected":false},"author":5961,"featured_media":0,"parent":0,"menu_order":0,"comment_status":"closed","ping_status":"closed","template":"","meta":[],"_links":{"self":[{"href":"https:\/\/blogs.urz.uni-halle.de\/imostenvielneues\/wp-json\/wp\/v2\/pages\/199"}],"collection":[{"href":"https:\/\/blogs.urz.uni-halle.de\/imostenvielneues\/wp-json\/wp\/v2\/pages"}],"about":[{"href":"https:\/\/blogs.urz.uni-halle.de\/imostenvielneues\/wp-json\/wp\/v2\/types\/page"}],"author":[{"embeddable":true,"href":"https:\/\/blogs.urz.uni-halle.de\/imostenvielneues\/wp-json\/wp\/v2\/users\/5961"}],"replies":[{"embeddable":true,"href":"https:\/\/blogs.urz.uni-halle.de\/imostenvielneues\/wp-json\/wp\/v2\/comments?post=199"}],"version-history":[{"count":10,"href":"https:\/\/blogs.urz.uni-halle.de\/imostenvielneues\/wp-json\/wp\/v2\/pages\/199\/revisions"}],"predecessor-version":[{"id":443,"href":"https:\/\/blogs.urz.uni-halle.de\/imostenvielneues\/wp-json\/wp\/v2\/pages\/199\/revisions\/443"}],"wp:attachment":[{"href":"https:\/\/blogs.urz.uni-halle.de\/imostenvielneues\/wp-json\/wp\/v2\/media?parent=199"}],"curies":[{"name":"wp","href":"https:\/\/api.w.org\/{rel}","templated":true}]}}