{"id":2,"date":"2023-11-13T19:28:18","date_gmt":"2023-11-13T18:28:18","guid":{"rendered":"https:\/\/blogs.urz.uni-halle.de\/imostenvielneues\/?page_id=2"},"modified":"2024-03-05T16:28:26","modified_gmt":"2024-03-05T15:28:26","slug":"beispiel-seite","status":"publish","type":"page","link":"https:\/\/blogs.urz.uni-halle.de\/imostenvielneues\/","title":{"rendered":"Home"},"content":{"rendered":"\t\t<div data-elementor-type=\"wp-page\" data-elementor-id=\"2\" class=\"elementor elementor-2\" data-elementor-settings=\"[]\">\n\t\t\t\t\t\t\t<div class=\"elementor-section-wrap\">\n\t\t\t\t\t\t\t<section class=\"elementor-section elementor-top-section elementor-element elementor-element-5d8b6c6 elementor-section-boxed elementor-section-height-default elementor-section-height-default\" data-id=\"5d8b6c6\" data-element_type=\"section\">\n\t\t\t\t\t\t<div class=\"elementor-container elementor-column-gap-default\">\n\t\t\t\t\t<div class=\"elementor-column elementor-col-100 elementor-top-column elementor-element elementor-element-341a3b5\" data-id=\"341a3b5\" data-element_type=\"column\">\n\t\t\t<div class=\"elementor-widget-wrap elementor-element-populated\">\n\t\t\t\t\t\t\t\t<div class=\"elementor-element elementor-element-2d75eca elementor-widget elementor-widget-heading\" data-id=\"2d75eca\" data-element_type=\"widget\" data-widget_type=\"heading.default\">\n\t\t\t\t<div class=\"elementor-widget-container\">\n\t\t\t<h2 class=\"elementor-heading-title elementor-size-default\">\u00dcber das Projekt<\/h2>\t\t<\/div>\n\t\t\t\t<\/div>\n\t\t\t\t\t<\/div>\n\t\t<\/div>\n\t\t\t\t\t\t\t<\/div>\n\t\t<\/section>\n\t\t\t\t<section class=\"elementor-section elementor-top-section elementor-element elementor-element-563afe7 elementor-section-boxed elementor-section-height-default elementor-section-height-default\" data-id=\"563afe7\" data-element_type=\"section\">\n\t\t\t\t\t\t<div class=\"elementor-container elementor-column-gap-default\">\n\t\t\t\t\t<div class=\"elementor-column elementor-col-100 elementor-top-column elementor-element elementor-element-c4d53f3\" data-id=\"c4d53f3\" data-element_type=\"column\">\n\t\t\t<div class=\"elementor-widget-wrap elementor-element-populated\">\n\t\t\t\t\t\t\t\t<div class=\"elementor-element elementor-element-b2360a2 elementor-widget elementor-widget-text-editor\" data-id=\"b2360a2\" data-element_type=\"widget\" data-widget_type=\"text-editor.default\">\n\t\t\t\t<div class=\"elementor-widget-container\">\n\t\t\t\t\t<div class=\"elementor-text-editor elementor-clearfix\"><p><span style=\"font-family: Times New Roman, serif\"><span style=\"font-size: medium\"><span style=\"color: #000000\">Wir \u2013 das sind Studierende der Universit\u00e4ten Halle (Deutschland), Nik<\/span><span style=\"color: #000000\"><span lang=\"sr-RS\">\u0161i\u0107 (Montenegro) und Novi Sad (Serbien). Uns verbindet ein <\/span><\/span><span style=\"color: #000000\">\u00dcbersetzungs- und Begegnungsprojekt, das uns das Jahr 2023 begleitet hat und in dem wir uns mit jugendliterarischen Texten besch\u00e4ftigt haben, die Krieg, Frieden und Vers\u00f6hnung thematisieren. \u00dcbersetzt haben wir sowohl aus dem BKMS als auch aus dem Deutschen, zun\u00e4chst unabh\u00e4ngig voneinander an unseren Heimatuniversit\u00e4ten, dann gemeinsam auf einer einw\u00f6chigen Sommerschule im Mai 2023 in Cetinje (Montenegro), wodurch alle Teilnehmenden f\u00fcr kulturelle Besonderheiten sensibilisiert wurden und in einen interkulturellen Dialog treten konnten. Mit Jugendliteratur haben wir Texte ins Zentrum ger\u00fcckt, die sowohl auf dem \u00dcbersetzungsmarkt als auch in der akademischen Lehre eher marginalisiert sind. Auf diesem Projektblog haben wir unsere \u00dcbersetzungen nicht nur sichtbar, sondern durch die Produktion und Publikation von Audio-Texten auch h\u00f6rbar gemacht. Weiterhin k\u00f6nnt ihr einen Eindruck von unseren gemeinsamen Aktivit\u00e4ten \u2013 Vortr\u00e4ge, Workshops, Freizeit, Spa\u00df \u2013 bekommen. Viel Spa\u00df beim Lesen und H\u00f6ren!<\/span><\/span><\/span><\/p><\/div>\n\t\t\t\t<\/div>\n\t\t\t\t<\/div>\n\t\t\t\t\t<\/div>\n\t\t<\/div>\n\t\t\t\t\t\t\t<\/div>\n\t\t<\/section>\n\t\t\t\t<section class=\"elementor-section elementor-top-section elementor-element elementor-element-182c8d0 elementor-section-boxed elementor-section-height-default elementor-section-height-default\" data-id=\"182c8d0\" data-element_type=\"section\">\n\t\t\t\t\t\t<div class=\"elementor-container elementor-column-gap-default\">\n\t\t\t\t\t<div class=\"elementor-column elementor-col-100 elementor-top-column elementor-element elementor-element-eb56d27\" data-id=\"eb56d27\" data-element_type=\"column\">\n\t\t\t<div class=\"elementor-widget-wrap elementor-element-populated\">\n\t\t\t\t\t\t\t\t<div class=\"elementor-element elementor-element-2a410a0 elementor-invisible elementor-widget elementor-widget-image\" data-id=\"2a410a0\" data-element_type=\"widget\" data-settings=\"{&quot;_animation&quot;:&quot;fadeIn&quot;}\" data-widget_type=\"image.default\">\n\t\t\t\t<div class=\"elementor-widget-container\">\n\t\t\t\t\t<div class=\"elementor-image\">\n\t\t\t\t\t\t\t<figure class=\"wp-caption\">\n\t\t\t\t\t\t\t\t\t\t<img width=\"1024\" height=\"580\" src=\"https:\/\/blogs.urz.uni-halle.de\/imostenvielneues\/files\/2023\/11\/photo_2023-11-27-17.04.25-1024x580.jpeg\" class=\"elementor-animation-grow attachment-large size-large\" alt=\"\" loading=\"lazy\" srcset=\"https:\/\/blogs.urz.uni-halle.de\/imostenvielneues\/files\/2023\/11\/photo_2023-11-27-17.04.25-1024x580.jpeg 1024w, https:\/\/blogs.urz.uni-halle.de\/imostenvielneues\/files\/2023\/11\/photo_2023-11-27-17.04.25-300x170.jpeg 300w, https:\/\/blogs.urz.uni-halle.de\/imostenvielneues\/files\/2023\/11\/photo_2023-11-27-17.04.25-768x435.jpeg 768w, https:\/\/blogs.urz.uni-halle.de\/imostenvielneues\/files\/2023\/11\/photo_2023-11-27-17.04.25.jpeg 1035w\" sizes=\"(max-width: 1024px) 100vw, 1024px\" \/>\t\t\t\t\t\t\t\t\t\t\t<figcaption class=\"widget-image-caption wp-caption-text\">Wanderausflug auf die Berge bei Cetinje<\/figcaption>\n\t\t\t\t\t\t\t\t\t\t<\/figure>\n\t\t\t\t\t<\/div>\n\t\t\t\t<\/div>\n\t\t\t\t<\/div>\n\t\t\t\t\t<\/div>\n\t\t<\/div>\n\t\t\t\t\t\t\t<\/div>\n\t\t<\/section>\n\t\t\t\t<section class=\"elementor-section elementor-top-section elementor-element elementor-element-93c518a elementor-section-boxed elementor-section-height-default elementor-section-height-default\" data-id=\"93c518a\" data-element_type=\"section\">\n\t\t\t\t\t\t<div class=\"elementor-container elementor-column-gap-default\">\n\t\t\t\t\t<div class=\"elementor-column elementor-col-100 elementor-top-column elementor-element elementor-element-622811c\" data-id=\"622811c\" data-element_type=\"column\">\n\t\t\t<div class=\"elementor-widget-wrap elementor-element-populated\">\n\t\t\t\t\t\t\t\t<div class=\"elementor-element elementor-element-474b249 elementor-widget elementor-widget-spacer\" data-id=\"474b249\" data-element_type=\"widget\" data-widget_type=\"spacer.default\">\n\t\t\t\t<div class=\"elementor-widget-container\">\n\t\t\t\t\t<div class=\"elementor-spacer\">\n\t\t\t<div class=\"elementor-spacer-inner\"><\/div>\n\t\t<\/div>\n\t\t\t\t<\/div>\n\t\t\t\t<\/div>\n\t\t\t\t<div class=\"elementor-element elementor-element-828c1d3 elementor-widget elementor-widget-text-editor\" data-id=\"828c1d3\" data-element_type=\"widget\" data-widget_type=\"text-editor.default\">\n\t\t\t\t<div class=\"elementor-widget-container\">\n\t\t\t\t\t<div class=\"elementor-text-editor elementor-clearfix\"><div>Projektverantwortliche: Dr. Eva Kowollik und Dr. Tijana Matijevi<span lang=\"sr-RS\">\u0107 (Seminar f<\/span>\u00fcr Slavistik, Universit\u00e4t Halle-Wittenberg), unterst\u00fctzt von Julian W\u00f6rfel (studentische Hilfskraft) <\/div><div>\u00a0<\/div><p>Kooperation mit der Philologischen Fakult\u00e4t der Universit\u00e4t in <span lang=\"sr-RS\">Nik\u0161i\u0107, Montenegro (Doc. Dr. Jelena Kne\u017eevi\u0107 und Elli Mack, Abteilung f<\/span>\u00fcr Germanistik) und der Philosophischen Fakult\u00e4t der Universit\u00e4t Novi Sad, Serbien (Dr. <span lang=\"sr-RS\">Ivana Paji\u0107, Dr. Iva Simurdi\u0107 und Biljana Kova\u010d, Abteilung f<\/span>\u00fcr Germanistik)<\/p><p>Projekt im Rahmen des Programms \u201eHochschuldialog mit den L\u00e4ndern des westlichen Balkans\u201c, gef\u00f6rdert vom DAAD aus Mitteln des Ausw\u00e4rtigen Amts (AA).<\/p><p>\u00a0<\/p><\/div>\n\t\t\t\t<\/div>\n\t\t\t\t<\/div>\n\t\t\t\t\t<\/div>\n\t\t<\/div>\n\t\t\t\t\t\t\t<\/div>\n\t\t<\/section>\n\t\t\t\t<section class=\"elementor-section elementor-top-section elementor-element elementor-element-84defde elementor-section-boxed elementor-section-height-default elementor-section-height-default\" data-id=\"84defde\" data-element_type=\"section\">\n\t\t\t\t\t\t<div class=\"elementor-container elementor-column-gap-default\">\n\t\t\t\t\t<div class=\"elementor-column elementor-col-100 elementor-top-column elementor-element elementor-element-60ff09b\" data-id=\"60ff09b\" data-element_type=\"column\">\n\t\t\t<div class=\"elementor-widget-wrap elementor-element-populated\">\n\t\t\t\t\t\t\t\t<div class=\"elementor-element elementor-element-e130a0a elementor-widget elementor-widget-image\" data-id=\"e130a0a\" data-element_type=\"widget\" data-widget_type=\"image.default\">\n\t\t\t\t<div class=\"elementor-widget-container\">\n\t\t\t\t\t<div class=\"elementor-image\">\n\t\t\t\t\t\t\t\t\t\t<img width=\"300\" height=\"109\" src=\"https:\/\/blogs.urz.uni-halle.de\/imostenvielneues\/files\/2024\/03\/daad_logo_suppl_deen_h_basic_rgb-300x109.png\" class=\"attachment-medium size-medium\" alt=\"\" loading=\"lazy\" srcset=\"https:\/\/blogs.urz.uni-halle.de\/imostenvielneues\/files\/2024\/03\/daad_logo_suppl_deen_h_basic_rgb-300x109.png 300w, https:\/\/blogs.urz.uni-halle.de\/imostenvielneues\/files\/2024\/03\/daad_logo_suppl_deen_h_basic_rgb-1024x373.png 1024w, https:\/\/blogs.urz.uni-halle.de\/imostenvielneues\/files\/2024\/03\/daad_logo_suppl_deen_h_basic_rgb-768x280.png 768w, https:\/\/blogs.urz.uni-halle.de\/imostenvielneues\/files\/2024\/03\/daad_logo_suppl_deen_h_basic_rgb.png 1300w\" sizes=\"(max-width: 300px) 100vw, 300px\" \/>\t\t\t\t\t\t\t\t\t\t\t<\/div>\n\t\t\t\t<\/div>\n\t\t\t\t<\/div>\n\t\t\t\t\t<\/div>\n\t\t<\/div>\n\t\t\t\t\t\t\t<\/div>\n\t\t<\/section>\n\t\t\t\t<section class=\"elementor-section elementor-top-section elementor-element elementor-element-f410063 elementor-section-boxed elementor-section-height-default elementor-section-height-default\" data-id=\"f410063\" data-element_type=\"section\">\n\t\t\t\t\t\t<div class=\"elementor-container elementor-column-gap-default\">\n\t\t\t\t\t<div class=\"elementor-column elementor-col-100 elementor-top-column elementor-element elementor-element-0433b94\" data-id=\"0433b94\" data-element_type=\"column\">\n\t\t\t<div class=\"elementor-widget-wrap elementor-element-populated\">\n\t\t\t\t\t\t\t\t<div class=\"elementor-element elementor-element-fc98eec elementor-widget elementor-widget-spacer\" data-id=\"fc98eec\" data-element_type=\"widget\" data-widget_type=\"spacer.default\">\n\t\t\t\t<div class=\"elementor-widget-container\">\n\t\t\t\t\t<div class=\"elementor-spacer\">\n\t\t\t<div class=\"elementor-spacer-inner\"><\/div>\n\t\t<\/div>\n\t\t\t\t<\/div>\n\t\t\t\t<\/div>\n\t\t\t\t\t<\/div>\n\t\t<\/div>\n\t\t\t\t\t\t\t<\/div>\n\t\t<\/section>\n\t\t\t\t<section class=\"elementor-section elementor-top-section elementor-element elementor-element-521f821 elementor-section-boxed elementor-section-height-default elementor-section-height-default\" data-id=\"521f821\" data-element_type=\"section\">\n\t\t\t\t\t\t<div class=\"elementor-container elementor-column-gap-default\">\n\t\t\t\t\t<div class=\"elementor-column elementor-col-50 elementor-top-column elementor-element elementor-element-404ce36\" data-id=\"404ce36\" data-element_type=\"column\">\n\t\t\t<div class=\"elementor-widget-wrap elementor-element-populated\">\n\t\t\t\t\t\t\t\t<div class=\"elementor-element elementor-element-c203dce elementor-widget elementor-widget-text-editor\" data-id=\"c203dce\" data-element_type=\"widget\" data-widget_type=\"text-editor.default\">\n\t\t\t\t<div class=\"elementor-widget-container\">\n\t\t\t\t\t<div class=\"elementor-text-editor elementor-clearfix\"><p style=\"margin-bottom: 0cm;line-height: 115%;text-align: center\"><a name=\"_GoBack\"><\/a> <span style=\"font-size: medium\"><span style=\"font-family: Times New Roman, serif\">Wir bedanken uns f\u00fcr die \u00dcbertragung der Publikationsrechte bei Sanja Pili\u0107, Mladen Marti\u0107, Vesna Aleksi\u0107, Jasminka Petrovi\u0107, Nenad Veli\u010dkovi\u0107, Ana Pejovi\u0107 (Forum ZFD), Lamija Begagi\u0107, Emir Imamovi\u0107 Pirke, Boris Mandi\u0107, Olja Savi\u010devi\u0107 Ivan\u010devi\u0107, dem Verlag Gerstenberg<\/span><span style=\"font-family: Times New Roman, serif\">, <\/span><span style=\"font-family: Times New Roman, serif\">Kirsten Boie und dem Verlag S. Fischer.<\/span><\/span><\/p><\/div>\n\t\t\t\t<\/div>\n\t\t\t\t<\/div>\n\t\t\t\t\t<\/div>\n\t\t<\/div>\n\t\t\t\t<div class=\"elementor-column elementor-col-50 elementor-top-column elementor-element elementor-element-e028b64\" data-id=\"e028b64\" data-element_type=\"column\">\n\t\t\t<div class=\"elementor-widget-wrap elementor-element-populated\">\n\t\t\t\t\t\t\t\t<div class=\"elementor-element elementor-element-0fbf549 elementor-widget elementor-widget-text-editor\" data-id=\"0fbf549\" data-element_type=\"widget\" data-widget_type=\"text-editor.default\">\n\t\t\t\t<div class=\"elementor-widget-container\">\n\t\t\t\t\t<div class=\"elementor-text-editor elementor-clearfix\"><p style=\"margin-bottom: 0cm;line-height: 115%;text-align: center\"><span style=\"font-size: medium\"><span style=\"font-family: Times New Roman, serif\">Veliku zahvalnost za ustupljena prava dugujemo Sanji Pili\u0107, Mladenu Marti\u0107u, Vesni Aleksi\u0107, Jasminki Petrovi\u0107, Nenadu Veli\u010dkovi\u0107u, Ani Pejovi\u0107 (ForumZFD), Lamiji Begagi\u0107, Emiru Imamovi\u0107u Pirketu, Borisu Mandi\u0107u, Olji Savi\u010devi\u0107 Ivan\u010devi\u0107, izdava\u010dkoj ku\u0107i Gerstenberg, Kirsten Boje i izdava\u010dkoj ku\u0107i S. Fischer.<\/span><\/span><\/p><\/div>\n\t\t\t\t<\/div>\n\t\t\t\t<\/div>\n\t\t\t\t\t<\/div>\n\t\t<\/div>\n\t\t\t\t\t\t\t<\/div>\n\t\t<\/section>\n\t\t\t\t\t\t<\/div>\n\t\t\t\t\t<\/div>\n\t\t","protected":false},"excerpt":{"rendered":"<p>\u00dcber das Projekt Wir \u2013 das sind Studierende der Universit\u00e4ten Halle (Deutschland), Nik\u0161i\u0107 (Montenegro) und Novi Sad (Serbien). Uns verbindet ein \u00dcbersetzungs- und Begegnungsprojekt, das uns das Jahr 2023 begleitet hat und in dem wir uns mit jugendliterarischen Texten besch\u00e4ftigt haben, die Krieg, Frieden und Vers\u00f6hnung thematisieren. \u00dcbersetzt haben wir sowohl aus dem BKMS als [&hellip;]<\/p>\n","protected":false},"author":5961,"featured_media":0,"parent":0,"menu_order":0,"comment_status":"closed","ping_status":"open","template":"","meta":[],"_links":{"self":[{"href":"https:\/\/blogs.urz.uni-halle.de\/imostenvielneues\/wp-json\/wp\/v2\/pages\/2"}],"collection":[{"href":"https:\/\/blogs.urz.uni-halle.de\/imostenvielneues\/wp-json\/wp\/v2\/pages"}],"about":[{"href":"https:\/\/blogs.urz.uni-halle.de\/imostenvielneues\/wp-json\/wp\/v2\/types\/page"}],"author":[{"embeddable":true,"href":"https:\/\/blogs.urz.uni-halle.de\/imostenvielneues\/wp-json\/wp\/v2\/users\/5961"}],"replies":[{"embeddable":true,"href":"https:\/\/blogs.urz.uni-halle.de\/imostenvielneues\/wp-json\/wp\/v2\/comments?post=2"}],"version-history":[{"count":10,"href":"https:\/\/blogs.urz.uni-halle.de\/imostenvielneues\/wp-json\/wp\/v2\/pages\/2\/revisions"}],"predecessor-version":[{"id":790,"href":"https:\/\/blogs.urz.uni-halle.de\/imostenvielneues\/wp-json\/wp\/v2\/pages\/2\/revisions\/790"}],"wp:attachment":[{"href":"https:\/\/blogs.urz.uni-halle.de\/imostenvielneues\/wp-json\/wp\/v2\/media?parent=2"}],"curies":[{"name":"wp","href":"https:\/\/api.w.org\/{rel}","templated":true}]}}