{"id":464,"date":"2023-11-27T17:00:09","date_gmt":"2023-11-27T16:00:09","guid":{"rendered":"https:\/\/blogs.urz.uni-halle.de\/imostenvielneues\/?page_id=464"},"modified":"2023-12-08T17:26:49","modified_gmt":"2023-12-08T16:26:49","slug":"audio-anthologie","status":"publish","type":"page","link":"https:\/\/blogs.urz.uni-halle.de\/imostenvielneues\/audio-anthologie\/","title":{"rendered":"Audio-Anthologie"},"content":{"rendered":"\t\t<div data-elementor-type=\"wp-page\" data-elementor-id=\"464\" class=\"elementor elementor-464\" data-elementor-settings=\"[]\">\n\t\t\t\t\t\t\t<div class=\"elementor-section-wrap\">\n\t\t\t\t\t\t\t<section class=\"elementor-section elementor-top-section elementor-element elementor-element-ee44b90 elementor-section-boxed elementor-section-height-default elementor-section-height-default\" data-id=\"ee44b90\" data-element_type=\"section\">\n\t\t\t\t\t\t<div class=\"elementor-container elementor-column-gap-default\">\n\t\t\t\t\t<div class=\"elementor-column elementor-col-100 elementor-top-column elementor-element elementor-element-1e00909\" data-id=\"1e00909\" data-element_type=\"column\">\n\t\t\t<div class=\"elementor-widget-wrap elementor-element-populated\">\n\t\t\t\t\t\t\t\t<div class=\"elementor-element elementor-element-b54a151 elementor-widget elementor-widget-heading\" data-id=\"b54a151\" data-element_type=\"widget\" data-widget_type=\"heading.default\">\n\t\t\t\t<div class=\"elementor-widget-container\">\n\t\t\t<h2 class=\"elementor-heading-title elementor-size-default\">An\u0111elka Marti\u0107 \u2013 Pirgo: Kriegswaise<\/h2>\t\t<\/div>\n\t\t\t\t<\/div>\n\t\t\t\t<div class=\"elementor-element elementor-element-b5078fe elementor-widget elementor-widget-wp-widget-media_audio\" data-id=\"b5078fe\" data-element_type=\"widget\" data-widget_type=\"wp-widget-media_audio.default\">\n\t\t\t\t<div class=\"elementor-widget-container\">\n\t\t\t<!--[if lt IE 9]><script>document.createElement('audio');<\/script><![endif]-->\n<audio class=\"wp-audio-shortcode\" id=\"audio-464-1\" preload=\"none\" style=\"width: 100%;\" controls=\"controls\"><source type=\"audio\/mpeg\" src=\"https:\/\/blogs.urz.uni-halle.de\/imostenvielneues\/files\/2023\/11\/Rebekah.mp3?_=1\" \/><source type=\"audio\/mpeg\" src=\"https:\/\/blogs.urz.uni-halle.de\/imostenvielneues\/files\/2023\/11\/Rebekah.mp3?_=1\" \/><a href=\"https:\/\/blogs.urz.uni-halle.de\/imostenvielneues\/files\/2023\/11\/Rebekah.mp3\">https:\/\/blogs.urz.uni-halle.de\/imostenvielneues\/files\/2023\/11\/Rebekah.mp3<\/a><\/audio>\t\t<\/div>\n\t\t\t\t<\/div>\n\t\t\t\t\t<\/div>\n\t\t<\/div>\n\t\t\t\t\t\t\t<\/div>\n\t\t<\/section>\n\t\t\t\t<section class=\"elementor-section elementor-top-section elementor-element elementor-element-23a5e39 elementor-section-boxed elementor-section-height-default elementor-section-height-default\" data-id=\"23a5e39\" data-element_type=\"section\">\n\t\t\t\t\t\t<div class=\"elementor-container elementor-column-gap-default\">\n\t\t\t\t\t<div class=\"elementor-column elementor-col-100 elementor-top-column elementor-element elementor-element-a1f366c\" data-id=\"a1f366c\" data-element_type=\"column\">\n\t\t\t<div class=\"elementor-widget-wrap elementor-element-populated\">\n\t\t\t\t\t\t\t\t<div class=\"elementor-element elementor-element-7e3eebc elementor-widget elementor-widget-heading\" data-id=\"7e3eebc\" data-element_type=\"widget\" data-widget_type=\"heading.default\">\n\t\t\t\t<div class=\"elementor-widget-container\">\n\t\t\t<h2 class=\"elementor-heading-title elementor-size-default\">An\u0111elka Marti\u0107 \u2013 Pirgo: Und das war so<\/h2>\t\t<\/div>\n\t\t\t\t<\/div>\n\t\t\t\t<div class=\"elementor-element elementor-element-8056286 elementor-widget elementor-widget-wp-widget-media_audio\" data-id=\"8056286\" data-element_type=\"widget\" data-widget_type=\"wp-widget-media_audio.default\">\n\t\t\t\t<div class=\"elementor-widget-container\">\n\t\t\t<audio class=\"wp-audio-shortcode\" id=\"audio-464-2\" preload=\"none\" style=\"width: 100%;\" controls=\"controls\"><source type=\"audio\/mpeg\" src=\"https:\/\/blogs.urz.uni-halle.de\/imostenvielneues\/files\/2023\/11\/Leticia.mp3?_=2\" \/><source type=\"audio\/mpeg\" src=\"https:\/\/blogs.urz.uni-halle.de\/imostenvielneues\/files\/2023\/11\/Leticia.mp3?_=2\" \/><a href=\"https:\/\/blogs.urz.uni-halle.de\/imostenvielneues\/files\/2023\/11\/Leticia.mp3\">https:\/\/blogs.urz.uni-halle.de\/imostenvielneues\/files\/2023\/11\/Leticia.mp3<\/a><\/audio>\t\t<\/div>\n\t\t\t\t<\/div>\n\t\t\t\t\t<\/div>\n\t\t<\/div>\n\t\t\t\t\t\t\t<\/div>\n\t\t<\/section>\n\t\t\t\t<section class=\"elementor-section elementor-top-section elementor-element elementor-element-91a069d elementor-section-boxed elementor-section-height-default elementor-section-height-default\" data-id=\"91a069d\" data-element_type=\"section\">\n\t\t\t\t\t\t<div class=\"elementor-container elementor-column-gap-default\">\n\t\t\t\t\t<div class=\"elementor-column elementor-col-100 elementor-top-column elementor-element elementor-element-b0c7f64\" data-id=\"b0c7f64\" data-element_type=\"column\">\n\t\t\t<div class=\"elementor-widget-wrap elementor-element-populated\">\n\t\t\t\t\t\t\t\t<div class=\"elementor-element elementor-element-47c6aca elementor-widget elementor-widget-heading\" data-id=\"47c6aca\" data-element_type=\"widget\" data-widget_type=\"heading.default\">\n\t\t\t\t<div class=\"elementor-widget-container\">\n\t\t\t<h2 class=\"elementor-heading-title elementor-size-default\">Sun\u010dana \u0160krinjari\u0107 \u2013 Die Stra\u00dfe der Vorfahren<\/h2>\t\t<\/div>\n\t\t\t\t<\/div>\n\t\t\t\t<div class=\"elementor-element elementor-element-71ac278 elementor-widget elementor-widget-wp-widget-media_audio\" data-id=\"71ac278\" data-element_type=\"widget\" data-widget_type=\"wp-widget-media_audio.default\">\n\t\t\t\t<div class=\"elementor-widget-container\">\n\t\t\t<audio class=\"wp-audio-shortcode\" id=\"audio-464-3\" preload=\"none\" style=\"width: 100%;\" controls=\"controls\"><source type=\"audio\/mpeg\" src=\"https:\/\/blogs.urz.uni-halle.de\/imostenvielneues\/files\/2023\/11\/Toni_1.mp3?_=3\" \/><source type=\"audio\/mpeg\" src=\"https:\/\/blogs.urz.uni-halle.de\/imostenvielneues\/files\/2023\/11\/Toni_1.mp3?_=3\" \/><a href=\"https:\/\/blogs.urz.uni-halle.de\/imostenvielneues\/files\/2023\/11\/Toni_1.mp3\">https:\/\/blogs.urz.uni-halle.de\/imostenvielneues\/files\/2023\/11\/Toni_1.mp3<\/a><\/audio>\t\t<\/div>\n\t\t\t\t<\/div>\n\t\t\t\t\t<\/div>\n\t\t<\/div>\n\t\t\t\t\t\t\t<\/div>\n\t\t<\/section>\n\t\t\t\t<section class=\"elementor-section elementor-top-section elementor-element elementor-element-fe6d868 elementor-section-boxed elementor-section-height-default elementor-section-height-default\" data-id=\"fe6d868\" data-element_type=\"section\">\n\t\t\t\t\t\t<div class=\"elementor-container elementor-column-gap-default\">\n\t\t\t\t\t<div class=\"elementor-column elementor-col-100 elementor-top-column elementor-element elementor-element-4e104c2\" data-id=\"4e104c2\" data-element_type=\"column\">\n\t\t\t<div class=\"elementor-widget-wrap elementor-element-populated\">\n\t\t\t\t\t\t\t\t<div class=\"elementor-element elementor-element-926d2d8 elementor-widget elementor-widget-heading\" data-id=\"926d2d8\" data-element_type=\"widget\" data-widget_type=\"heading.default\">\n\t\t\t\t<div class=\"elementor-widget-container\">\n\t\t\t<h2 class=\"elementor-heading-title elementor-size-default\">Nenad Veli\u010dkovi\u0107 \u2013 100 Drachen<\/h2>\t\t<\/div>\n\t\t\t\t<\/div>\n\t\t\t\t<div class=\"elementor-element elementor-element-5247607 elementor-widget elementor-widget-wp-widget-media_audio\" data-id=\"5247607\" data-element_type=\"widget\" data-widget_type=\"wp-widget-media_audio.default\">\n\t\t\t\t<div class=\"elementor-widget-container\">\n\t\t\t<audio class=\"wp-audio-shortcode\" id=\"audio-464-4\" preload=\"none\" style=\"width: 100%;\" controls=\"controls\"><source type=\"audio\/mpeg\" src=\"https:\/\/blogs.urz.uni-halle.de\/imostenvielneues\/files\/2023\/11\/Johanna-Neu-Geku\u0308rzt.mp3?_=4\" \/><source type=\"audio\/mpeg\" src=\"https:\/\/blogs.urz.uni-halle.de\/imostenvielneues\/files\/2023\/11\/Johanna-Neu-Geku\u0308rzt.mp3?_=4\" \/><a href=\"https:\/\/blogs.urz.uni-halle.de\/imostenvielneues\/files\/2023\/11\/Johanna-Neu-Geku\u0308rzt.mp3\">https:\/\/blogs.urz.uni-halle.de\/imostenvielneues\/files\/2023\/11\/Johanna-Neu-Geku\u0308rzt.mp3<\/a><\/audio>\t\t<\/div>\n\t\t\t\t<\/div>\n\t\t\t\t\t<\/div>\n\t\t<\/div>\n\t\t\t\t\t\t\t<\/div>\n\t\t<\/section>\n\t\t\t\t<section class=\"elementor-section elementor-top-section elementor-element elementor-element-250545b elementor-section-boxed elementor-section-height-default elementor-section-height-default\" data-id=\"250545b\" data-element_type=\"section\">\n\t\t\t\t\t\t<div class=\"elementor-container elementor-column-gap-default\">\n\t\t\t\t\t<div class=\"elementor-column elementor-col-100 elementor-top-column elementor-element elementor-element-f7015bb\" data-id=\"f7015bb\" data-element_type=\"column\">\n\t\t\t<div class=\"elementor-widget-wrap elementor-element-populated\">\n\t\t\t\t\t\t\t\t<div class=\"elementor-element elementor-element-8384ce0 elementor-widget elementor-widget-heading\" data-id=\"8384ce0\" data-element_type=\"widget\" data-widget_type=\"heading.default\">\n\t\t\t\t<div class=\"elementor-widget-container\">\n\t\t\t<h2 class=\"elementor-heading-title elementor-size-default\">Jasminka Petrovi\u0107 \u2013 Admir, 18 Jahre alt<\/h2>\t\t<\/div>\n\t\t\t\t<\/div>\n\t\t\t\t<div class=\"elementor-element elementor-element-a96ddad elementor-widget elementor-widget-wp-widget-media_audio\" data-id=\"a96ddad\" data-element_type=\"widget\" data-widget_type=\"wp-widget-media_audio.default\">\n\t\t\t\t<div class=\"elementor-widget-container\">\n\t\t\t<audio class=\"wp-audio-shortcode\" id=\"audio-464-5\" preload=\"none\" style=\"width: 100%;\" controls=\"controls\"><source type=\"audio\/mpeg\" src=\"https:\/\/blogs.urz.uni-halle.de\/imostenvielneues\/files\/2023\/11\/Anouk_3-Laut.mp3?_=5\" \/><source type=\"audio\/mpeg\" src=\"https:\/\/blogs.urz.uni-halle.de\/imostenvielneues\/files\/2023\/11\/Anouk_3-Laut.mp3?_=5\" \/><a href=\"https:\/\/blogs.urz.uni-halle.de\/imostenvielneues\/files\/2023\/11\/Anouk_3-Laut.mp3\">https:\/\/blogs.urz.uni-halle.de\/imostenvielneues\/files\/2023\/11\/Anouk_3-Laut.mp3<\/a><\/audio>\t\t<\/div>\n\t\t\t\t<\/div>\n\t\t\t\t\t<\/div>\n\t\t<\/div>\n\t\t\t\t\t\t\t<\/div>\n\t\t<\/section>\n\t\t\t\t<section class=\"elementor-section elementor-top-section elementor-element elementor-element-b01ec8b elementor-section-boxed elementor-section-height-default elementor-section-height-default\" data-id=\"b01ec8b\" data-element_type=\"section\">\n\t\t\t\t\t\t<div class=\"elementor-container elementor-column-gap-default\">\n\t\t\t\t\t<div class=\"elementor-column elementor-col-100 elementor-top-column elementor-element elementor-element-8043449\" data-id=\"8043449\" data-element_type=\"column\">\n\t\t\t<div class=\"elementor-widget-wrap elementor-element-populated\">\n\t\t\t\t\t\t\t\t<div class=\"elementor-element elementor-element-c26f9d6 elementor-widget elementor-widget-heading\" data-id=\"c26f9d6\" data-element_type=\"widget\" data-widget_type=\"heading.default\">\n\t\t\t\t<div class=\"elementor-widget-container\">\n\t\t\t<h2 class=\"elementor-heading-title elementor-size-default\">Vesna Aleksi\u0107 \u2013 Das Sternbild Geige<\/h2>\t\t<\/div>\n\t\t\t\t<\/div>\n\t\t\t\t<div class=\"elementor-element elementor-element-7436732 elementor-widget elementor-widget-wp-widget-media_audio\" data-id=\"7436732\" data-element_type=\"widget\" data-widget_type=\"wp-widget-media_audio.default\">\n\t\t\t\t<div class=\"elementor-widget-container\">\n\t\t\t<audio class=\"wp-audio-shortcode\" id=\"audio-464-6\" preload=\"none\" style=\"width: 100%;\" controls=\"controls\"><source type=\"audio\/mpeg\" src=\"https:\/\/blogs.urz.uni-halle.de\/imostenvielneues\/files\/2023\/11\/Lara_1.mp3?_=6\" \/><source type=\"audio\/mpeg\" src=\"https:\/\/blogs.urz.uni-halle.de\/imostenvielneues\/files\/2023\/11\/Lara_1.mp3?_=6\" \/><a href=\"https:\/\/blogs.urz.uni-halle.de\/imostenvielneues\/files\/2023\/11\/Lara_1.mp3\">https:\/\/blogs.urz.uni-halle.de\/imostenvielneues\/files\/2023\/11\/Lara_1.mp3<\/a><\/audio>\t\t<\/div>\n\t\t\t\t<\/div>\n\t\t\t\t\t<\/div>\n\t\t<\/div>\n\t\t\t\t\t\t\t<\/div>\n\t\t<\/section>\n\t\t\t\t<section class=\"elementor-section elementor-top-section elementor-element elementor-element-2122e42 elementor-section-boxed elementor-section-height-default elementor-section-height-default\" data-id=\"2122e42\" data-element_type=\"section\">\n\t\t\t\t\t\t<div class=\"elementor-container elementor-column-gap-default\">\n\t\t\t\t\t<div class=\"elementor-column elementor-col-100 elementor-top-column elementor-element elementor-element-1bd4227\" data-id=\"1bd4227\" data-element_type=\"column\">\n\t\t\t<div class=\"elementor-widget-wrap elementor-element-populated\">\n\t\t\t\t\t\t\t\t<div class=\"elementor-element elementor-element-1bf17cd elementor-widget elementor-widget-heading\" data-id=\"1bf17cd\" data-element_type=\"widget\" data-widget_type=\"heading.default\">\n\t\t\t\t<div class=\"elementor-widget-container\">\n\t\t\t<h2 class=\"elementor-heading-title elementor-size-default\">Boris Mandi\u0107 \u2013 ich hab alle gern<\/h2>\t\t<\/div>\n\t\t\t\t<\/div>\n\t\t\t\t<div class=\"elementor-element elementor-element-fe44392 elementor-widget elementor-widget-wp-widget-media_audio\" data-id=\"fe44392\" data-element_type=\"widget\" data-widget_type=\"wp-widget-media_audio.default\">\n\t\t\t\t<div class=\"elementor-widget-container\">\n\t\t\t<audio class=\"wp-audio-shortcode\" id=\"audio-464-7\" preload=\"none\" style=\"width: 100%;\" controls=\"controls\"><source type=\"audio\/mpeg\" src=\"https:\/\/blogs.urz.uni-halle.de\/imostenvielneues\/files\/2023\/11\/Julian_1-2.mp3?_=7\" \/><source type=\"audio\/mpeg\" src=\"https:\/\/blogs.urz.uni-halle.de\/imostenvielneues\/files\/2023\/11\/Julian_1-2.mp3?_=7\" \/><a href=\"https:\/\/blogs.urz.uni-halle.de\/imostenvielneues\/files\/2023\/11\/Julian_1-2.mp3\">https:\/\/blogs.urz.uni-halle.de\/imostenvielneues\/files\/2023\/11\/Julian_1-2.mp3<\/a><\/audio>\t\t<\/div>\n\t\t\t\t<\/div>\n\t\t\t\t\t<\/div>\n\t\t<\/div>\n\t\t\t\t\t\t\t<\/div>\n\t\t<\/section>\n\t\t\t\t<section class=\"elementor-section elementor-top-section elementor-element elementor-element-4a89cdb elementor-section-boxed elementor-section-height-default elementor-section-height-default\" data-id=\"4a89cdb\" data-element_type=\"section\">\n\t\t\t\t\t\t<div class=\"elementor-container elementor-column-gap-default\">\n\t\t\t\t\t<div class=\"elementor-column elementor-col-100 elementor-top-column elementor-element elementor-element-07aa4e9\" data-id=\"07aa4e9\" data-element_type=\"column\">\n\t\t\t<div class=\"elementor-widget-wrap elementor-element-populated\">\n\t\t\t\t\t\t\t\t<div class=\"elementor-element elementor-element-882dc4d elementor-widget elementor-widget-heading\" data-id=\"882dc4d\" data-element_type=\"widget\" data-widget_type=\"heading.default\">\n\t\t\t\t<div class=\"elementor-widget-container\">\n\t\t\t<h2 class=\"elementor-heading-title elementor-size-default\">Emir Imamovi\u0107 Pirke \u2013 Beeil dich, sagt der Krieg<\/h2>\t\t<\/div>\n\t\t\t\t<\/div>\n\t\t\t\t<div class=\"elementor-element elementor-element-46f36af elementor-widget elementor-widget-wp-widget-media_audio\" data-id=\"46f36af\" data-element_type=\"widget\" data-widget_type=\"wp-widget-media_audio.default\">\n\t\t\t\t<div class=\"elementor-widget-container\">\n\t\t\t<audio class=\"wp-audio-shortcode\" id=\"audio-464-8\" preload=\"none\" style=\"width: 100%;\" controls=\"controls\"><source type=\"audio\/mpeg\" src=\"https:\/\/blogs.urz.uni-halle.de\/imostenvielneues\/files\/2023\/11\/Jason_1-1.mp3?_=8\" \/><source type=\"audio\/mpeg\" src=\"https:\/\/blogs.urz.uni-halle.de\/imostenvielneues\/files\/2023\/11\/Jason_1-1.mp3?_=8\" \/><a href=\"https:\/\/blogs.urz.uni-halle.de\/imostenvielneues\/files\/2023\/11\/Jason_1-1.mp3\">https:\/\/blogs.urz.uni-halle.de\/imostenvielneues\/files\/2023\/11\/Jason_1-1.mp3<\/a><\/audio>\t\t<\/div>\n\t\t\t\t<\/div>\n\t\t\t\t\t<\/div>\n\t\t<\/div>\n\t\t\t\t\t\t\t<\/div>\n\t\t<\/section>\n\t\t\t\t<section class=\"elementor-section elementor-top-section elementor-element elementor-element-2b24453 elementor-section-boxed elementor-section-height-default elementor-section-height-default\" data-id=\"2b24453\" data-element_type=\"section\">\n\t\t\t\t\t\t<div class=\"elementor-container elementor-column-gap-default\">\n\t\t\t\t\t<div class=\"elementor-column elementor-col-100 elementor-top-column elementor-element elementor-element-cfdb728\" data-id=\"cfdb728\" data-element_type=\"column\">\n\t\t\t<div class=\"elementor-widget-wrap elementor-element-populated\">\n\t\t\t\t\t\t\t\t<div class=\"elementor-element elementor-element-b3fcb7a elementor-widget elementor-widget-heading\" data-id=\"b3fcb7a\" data-element_type=\"widget\" data-widget_type=\"heading.default\">\n\t\t\t\t<div class=\"elementor-widget-container\">\n\t\t\t<h2 class=\"elementor-heading-title elementor-size-default\">Lamija Begagi\u0107 \u2013 The Morning Doboj Fell<\/h2>\t\t<\/div>\n\t\t\t\t<\/div>\n\t\t\t\t<div class=\"elementor-element elementor-element-26b0bf6 elementor-widget elementor-widget-wp-widget-media_audio\" data-id=\"26b0bf6\" data-element_type=\"widget\" data-widget_type=\"wp-widget-media_audio.default\">\n\t\t\t\t<div class=\"elementor-widget-container\">\n\t\t\t<audio class=\"wp-audio-shortcode\" id=\"audio-464-9\" preload=\"none\" style=\"width: 100%;\" controls=\"controls\"><source type=\"audio\/mpeg\" src=\"https:\/\/blogs.urz.uni-halle.de\/imostenvielneues\/files\/2023\/11\/Shaydon_1-1.mp3?_=9\" \/><source type=\"audio\/mpeg\" src=\"https:\/\/blogs.urz.uni-halle.de\/imostenvielneues\/files\/2023\/11\/Shaydon_1-1.mp3?_=9\" \/><a href=\"https:\/\/blogs.urz.uni-halle.de\/imostenvielneues\/files\/2023\/11\/Shaydon_1-1.mp3\">https:\/\/blogs.urz.uni-halle.de\/imostenvielneues\/files\/2023\/11\/Shaydon_1-1.mp3<\/a><\/audio>\t\t<\/div>\n\t\t\t\t<\/div>\n\t\t\t\t\t<\/div>\n\t\t<\/div>\n\t\t\t\t\t\t\t<\/div>\n\t\t<\/section>\n\t\t\t\t<section class=\"elementor-section elementor-top-section elementor-element elementor-element-59a6d43 elementor-section-boxed elementor-section-height-default elementor-section-height-default\" data-id=\"59a6d43\" data-element_type=\"section\">\n\t\t\t\t\t\t<div class=\"elementor-container elementor-column-gap-default\">\n\t\t\t\t\t<div class=\"elementor-column elementor-col-100 elementor-top-column elementor-element elementor-element-0bc9a55\" data-id=\"0bc9a55\" data-element_type=\"column\">\n\t\t\t<div class=\"elementor-widget-wrap elementor-element-populated\">\n\t\t\t\t\t\t\t\t<div class=\"elementor-element elementor-element-f9ca40c elementor-widget elementor-widget-heading\" data-id=\"f9ca40c\" data-element_type=\"widget\" data-widget_type=\"heading.default\">\n\t\t\t\t<div class=\"elementor-widget-container\">\n\t\t\t<h2 class=\"elementor-heading-title elementor-size-default\">Olja Savi\u010devi\u0107 Ivan\u010devi\u0107 \u2013 Bittere Sechzehn<\/h2>\t\t<\/div>\n\t\t\t\t<\/div>\n\t\t\t\t<div class=\"elementor-element elementor-element-9166c4d elementor-widget elementor-widget-wp-widget-media_audio\" data-id=\"9166c4d\" data-element_type=\"widget\" data-widget_type=\"wp-widget-media_audio.default\">\n\t\t\t\t<div class=\"elementor-widget-container\">\n\t\t\t<audio class=\"wp-audio-shortcode\" id=\"audio-464-10\" preload=\"none\" style=\"width: 100%;\" controls=\"controls\"><source type=\"audio\/mpeg\" src=\"https:\/\/blogs.urz.uni-halle.de\/imostenvielneues\/files\/2023\/11\/Lena_1-Laut.mp3?_=10\" \/><source type=\"audio\/mpeg\" src=\"https:\/\/blogs.urz.uni-halle.de\/imostenvielneues\/files\/2023\/11\/Lena_1-Laut.mp3?_=10\" \/><a href=\"https:\/\/blogs.urz.uni-halle.de\/imostenvielneues\/files\/2023\/11\/Lena_1-Laut.mp3\">https:\/\/blogs.urz.uni-halle.de\/imostenvielneues\/files\/2023\/11\/Lena_1-Laut.mp3<\/a><\/audio>\t\t<\/div>\n\t\t\t\t<\/div>\n\t\t\t\t\t<\/div>\n\t\t<\/div>\n\t\t\t\t\t\t\t<\/div>\n\t\t<\/section>\n\t\t\t\t\t\t<\/div>\n\t\t\t\t\t<\/div>\n\t\t","protected":false},"excerpt":{"rendered":"<p>An\u0111elka Marti\u0107 \u2013 Pirgo: Kriegswaise An\u0111elka Marti\u0107 \u2013 Pirgo: Und das war so Sun\u010dana \u0160krinjari\u0107 \u2013 Die Stra\u00dfe der Vorfahren Nenad Veli\u010dkovi\u0107 \u2013 100 Drachen Jasminka Petrovi\u0107 \u2013 Admir, 18 Jahre alt Vesna Aleksi\u0107 \u2013 Das Sternbild Geige Boris Mandi\u0107 \u2013 ich hab alle gern Emir Imamovi\u0107 Pirke \u2013 Beeil dich, sagt der Krieg Lamija [&hellip;]<\/p>\n","protected":false},"author":5961,"featured_media":0,"parent":0,"menu_order":0,"comment_status":"closed","ping_status":"closed","template":"","meta":[],"_links":{"self":[{"href":"https:\/\/blogs.urz.uni-halle.de\/imostenvielneues\/wp-json\/wp\/v2\/pages\/464"}],"collection":[{"href":"https:\/\/blogs.urz.uni-halle.de\/imostenvielneues\/wp-json\/wp\/v2\/pages"}],"about":[{"href":"https:\/\/blogs.urz.uni-halle.de\/imostenvielneues\/wp-json\/wp\/v2\/types\/page"}],"author":[{"embeddable":true,"href":"https:\/\/blogs.urz.uni-halle.de\/imostenvielneues\/wp-json\/wp\/v2\/users\/5961"}],"replies":[{"embeddable":true,"href":"https:\/\/blogs.urz.uni-halle.de\/imostenvielneues\/wp-json\/wp\/v2\/comments?post=464"}],"version-history":[{"count":4,"href":"https:\/\/blogs.urz.uni-halle.de\/imostenvielneues\/wp-json\/wp\/v2\/pages\/464\/revisions"}],"predecessor-version":[{"id":644,"href":"https:\/\/blogs.urz.uni-halle.de\/imostenvielneues\/wp-json\/wp\/v2\/pages\/464\/revisions\/644"}],"wp:attachment":[{"href":"https:\/\/blogs.urz.uni-halle.de\/imostenvielneues\/wp-json\/wp\/v2\/media?parent=464"}],"curies":[{"name":"wp","href":"https:\/\/api.w.org\/{rel}","templated":true}]}}