{"id":466,"date":"2023-11-27T17:00:35","date_gmt":"2023-11-27T16:00:35","guid":{"rendered":"https:\/\/blogs.urz.uni-halle.de\/imostenvielneues\/?page_id=466"},"modified":"2023-12-12T16:31:33","modified_gmt":"2023-12-12T15:31:33","slug":"audio-antologija","status":"publish","type":"page","link":"https:\/\/blogs.urz.uni-halle.de\/imostenvielneues\/audio-antologija\/","title":{"rendered":"Audio-antologija"},"content":{"rendered":"\t\t<div data-elementor-type=\"wp-page\" data-elementor-id=\"466\" class=\"elementor elementor-466\" data-elementor-settings=\"[]\">\n\t\t\t\t\t\t\t<div class=\"elementor-section-wrap\">\n\t\t\t\t\t\t\t<section class=\"elementor-section elementor-top-section elementor-element elementor-element-b86ccaa elementor-section-boxed elementor-section-height-default elementor-section-height-default\" data-id=\"b86ccaa\" data-element_type=\"section\">\n\t\t\t\t\t\t<div class=\"elementor-container elementor-column-gap-default\">\n\t\t\t\t\t<div class=\"elementor-column elementor-col-100 elementor-top-column elementor-element elementor-element-05e5110\" data-id=\"05e5110\" data-element_type=\"column\">\n\t\t\t<div class=\"elementor-widget-wrap elementor-element-populated\">\n\t\t\t\t\t\t\t\t<div class=\"elementor-element elementor-element-58de5c3 elementor-widget elementor-widget-heading\" data-id=\"58de5c3\" data-element_type=\"widget\" data-widget_type=\"heading.default\">\n\t\t\t\t<div class=\"elementor-widget-container\">\n\t\t\t<h2 class=\"elementor-heading-title elementor-size-default\">Gudrun Pauzevang \u2013 Valjda sam zaboravila na to<\/h2>\t\t<\/div>\n\t\t\t\t<\/div>\n\t\t\t\t<div class=\"elementor-element elementor-element-d01fb74 elementor-widget elementor-widget-wp-widget-media_audio\" data-id=\"d01fb74\" data-element_type=\"widget\" data-widget_type=\"wp-widget-media_audio.default\">\n\t\t\t\t<div class=\"elementor-widget-container\">\n\t\t\t<!--[if lt IE 9]><script>document.createElement('audio');<\/script><![endif]-->\n<audio class=\"wp-audio-shortcode\" id=\"audio-466-1\" preload=\"none\" style=\"width: 100%;\" controls=\"controls\"><source type=\"audio\/mpeg\" src=\"https:\/\/blogs.urz.uni-halle.de\/imostenvielneues\/files\/2023\/12\/Ganz-vergessen.mp3?_=1\" \/><source type=\"audio\/mpeg\" src=\"https:\/\/blogs.urz.uni-halle.de\/imostenvielneues\/files\/2023\/12\/Ganz-vergessen.mp3?_=1\" \/><a href=\"https:\/\/blogs.urz.uni-halle.de\/imostenvielneues\/files\/2023\/12\/Ganz-vergessen.mp3\">https:\/\/blogs.urz.uni-halle.de\/imostenvielneues\/files\/2023\/12\/Ganz-vergessen.mp3<\/a><\/audio>\t\t<\/div>\n\t\t\t\t<\/div>\n\t\t\t\t\t<\/div>\n\t\t<\/div>\n\t\t\t\t\t\t\t<\/div>\n\t\t<\/section>\n\t\t\t\t<section class=\"elementor-section elementor-top-section elementor-element elementor-element-79b10d3 elementor-section-boxed elementor-section-height-default elementor-section-height-default\" data-id=\"79b10d3\" data-element_type=\"section\">\n\t\t\t\t\t\t<div class=\"elementor-container elementor-column-gap-default\">\n\t\t\t\t\t<div class=\"elementor-column elementor-col-100 elementor-top-column elementor-element elementor-element-75f4f73\" data-id=\"75f4f73\" data-element_type=\"column\">\n\t\t\t<div class=\"elementor-widget-wrap elementor-element-populated\">\n\t\t\t\t\t\t\t\t<div class=\"elementor-element elementor-element-893ee1b elementor-widget elementor-widget-heading\" data-id=\"893ee1b\" data-element_type=\"widget\" data-widget_type=\"heading.default\">\n\t\t\t\t<div class=\"elementor-widget-container\">\n\t\t\t<h2 class=\"elementor-heading-title elementor-size-default\">Gudrun Pauzevang \u2013 Tako je lijep bio taj septembarski dan<\/h2>\t\t<\/div>\n\t\t\t\t<\/div>\n\t\t\t\t<div class=\"elementor-element elementor-element-3fac26f elementor-widget elementor-widget-wp-widget-media_audio\" data-id=\"3fac26f\" data-element_type=\"widget\" data-widget_type=\"wp-widget-media_audio.default\">\n\t\t\t\t<div class=\"elementor-widget-container\">\n\t\t\t<audio class=\"wp-audio-shortcode\" id=\"audio-466-2\" preload=\"none\" style=\"width: 100%;\" controls=\"controls\"><source type=\"audio\/mpeg\" src=\"https:\/\/blogs.urz.uni-halle.de\/imostenvielneues\/files\/2023\/12\/Soe-schoen-war-der-Tag-im-September.mp3?_=2\" \/><source type=\"audio\/mpeg\" src=\"https:\/\/blogs.urz.uni-halle.de\/imostenvielneues\/files\/2023\/12\/Soe-schoen-war-der-Tag-im-September.mp3?_=2\" \/><a href=\"https:\/\/blogs.urz.uni-halle.de\/imostenvielneues\/files\/2023\/12\/Soe-schoen-war-der-Tag-im-September.mp3\">https:\/\/blogs.urz.uni-halle.de\/imostenvielneues\/files\/2023\/12\/Soe-schoen-war-der-Tag-im-September.mp3<\/a><\/audio>\t\t<\/div>\n\t\t\t\t<\/div>\n\t\t\t\t\t<\/div>\n\t\t<\/div>\n\t\t\t\t\t\t\t<\/div>\n\t\t<\/section>\n\t\t\t\t<section class=\"elementor-section elementor-top-section elementor-element elementor-element-40631cb elementor-section-boxed elementor-section-height-default elementor-section-height-default\" data-id=\"40631cb\" data-element_type=\"section\">\n\t\t\t\t\t\t<div class=\"elementor-container elementor-column-gap-default\">\n\t\t\t\t\t<div class=\"elementor-column elementor-col-100 elementor-top-column elementor-element elementor-element-d51ddcf\" data-id=\"d51ddcf\" data-element_type=\"column\">\n\t\t\t<div class=\"elementor-widget-wrap elementor-element-populated\">\n\t\t\t\t\t\t\t\t<div class=\"elementor-element elementor-element-9549126 elementor-widget elementor-widget-heading\" data-id=\"9549126\" data-element_type=\"widget\" data-widget_type=\"heading.default\">\n\t\t\t\t<div class=\"elementor-widget-container\">\n\t\t\t<h2 class=\"elementor-heading-title elementor-size-default\">Kirsten Boje \u2013 Ne pla\u010di, jo\u0161 si \u017eiv - Jakob<\/h2>\t\t<\/div>\n\t\t\t\t<\/div>\n\t\t\t\t<div class=\"elementor-element elementor-element-4147e7c elementor-widget elementor-widget-wp-widget-media_audio\" data-id=\"4147e7c\" data-element_type=\"widget\" data-widget_type=\"wp-widget-media_audio.default\">\n\t\t\t\t<div class=\"elementor-widget-container\">\n\t\t\t<audio class=\"wp-audio-shortcode\" id=\"audio-466-3\" preload=\"none\" style=\"width: 100%;\" controls=\"controls\"><source type=\"audio\/mpeg\" src=\"https:\/\/blogs.urz.uni-halle.de\/imostenvielneues\/files\/2023\/12\/Heul-doch-nicht.mp3?_=3\" \/><source type=\"audio\/mpeg\" src=\"https:\/\/blogs.urz.uni-halle.de\/imostenvielneues\/files\/2023\/12\/Heul-doch-nicht.mp3?_=3\" \/><a href=\"https:\/\/blogs.urz.uni-halle.de\/imostenvielneues\/files\/2023\/12\/Heul-doch-nicht.mp3\">https:\/\/blogs.urz.uni-halle.de\/imostenvielneues\/files\/2023\/12\/Heul-doch-nicht.mp3<\/a><\/audio>\t\t<\/div>\n\t\t\t\t<\/div>\n\t\t\t\t\t<\/div>\n\t\t<\/div>\n\t\t\t\t\t\t\t<\/div>\n\t\t<\/section>\n\t\t\t\t<section class=\"elementor-section elementor-top-section elementor-element elementor-element-e3fd209 elementor-section-boxed elementor-section-height-default elementor-section-height-default\" data-id=\"e3fd209\" data-element_type=\"section\">\n\t\t\t\t\t\t<div class=\"elementor-container elementor-column-gap-default\">\n\t\t\t\t\t<div class=\"elementor-column elementor-col-100 elementor-top-column elementor-element elementor-element-84ef80a\" data-id=\"84ef80a\" data-element_type=\"column\">\n\t\t\t<div class=\"elementor-widget-wrap elementor-element-populated\">\n\t\t\t\t\t\t\t\t<div class=\"elementor-element elementor-element-66fb6e9 elementor-widget elementor-widget-heading\" data-id=\"66fb6e9\" data-element_type=\"widget\" data-widget_type=\"heading.default\">\n\t\t\t\t<div class=\"elementor-widget-container\">\n\t\t\t<h2 class=\"elementor-heading-title elementor-size-default\">Kirsten Boje \u2013 Ne pla\u010di, jo\u0161 si \u017eiv - Herman<\/h2>\t\t<\/div>\n\t\t\t\t<\/div>\n\t\t\t\t<div class=\"elementor-element elementor-element-d11a8dd elementor-widget elementor-widget-wp-widget-media_audio\" data-id=\"d11a8dd\" data-element_type=\"widget\" data-widget_type=\"wp-widget-media_audio.default\">\n\t\t\t\t<div class=\"elementor-widget-container\">\n\t\t\t<audio class=\"wp-audio-shortcode\" id=\"audio-466-4\" preload=\"none\" style=\"width: 100%;\" controls=\"controls\"><source type=\"audio\/mpeg\" src=\"https:\/\/blogs.urz.uni-halle.de\/imostenvielneues\/files\/2023\/12\/Heul-doch-nicht..-Jelena-1.mp3?_=4\" \/><source type=\"audio\/mpeg\" src=\"https:\/\/blogs.urz.uni-halle.de\/imostenvielneues\/files\/2023\/12\/Heul-doch-nicht..-Jelena-1.mp3?_=4\" \/><a href=\"https:\/\/blogs.urz.uni-halle.de\/imostenvielneues\/files\/2023\/12\/Heul-doch-nicht..-Jelena-1.mp3\">https:\/\/blogs.urz.uni-halle.de\/imostenvielneues\/files\/2023\/12\/Heul-doch-nicht..-Jelena-1.mp3<\/a><\/audio>\t\t<\/div>\n\t\t\t\t<\/div>\n\t\t\t\t\t<\/div>\n\t\t<\/div>\n\t\t\t\t\t\t\t<\/div>\n\t\t<\/section>\n\t\t\t\t<section class=\"elementor-section elementor-top-section elementor-element elementor-element-5b5d9a1 elementor-section-boxed elementor-section-height-default elementor-section-height-default\" data-id=\"5b5d9a1\" data-element_type=\"section\">\n\t\t\t\t\t\t<div class=\"elementor-container elementor-column-gap-default\">\n\t\t\t\t\t<div class=\"elementor-column elementor-col-100 elementor-top-column elementor-element elementor-element-696bcd3\" data-id=\"696bcd3\" data-element_type=\"column\">\n\t\t\t<div class=\"elementor-widget-wrap elementor-element-populated\">\n\t\t\t\t\t\t\t\t<div class=\"elementor-element elementor-element-e82abee elementor-widget elementor-widget-heading\" data-id=\"e82abee\" data-element_type=\"widget\" data-widget_type=\"heading.default\">\n\t\t\t\t<div class=\"elementor-widget-container\">\n\t\t\t<h2 class=\"elementor-heading-title elementor-size-default\">Dirk Rajnhart \u2013 Preko brda i preko mora (1)<\/h2>\t\t<\/div>\n\t\t\t\t<\/div>\n\t\t\t\t<div class=\"elementor-element elementor-element-9808363 elementor-widget elementor-widget-wp-widget-media_audio\" data-id=\"9808363\" data-element_type=\"widget\" data-widget_type=\"wp-widget-media_audio.default\">\n\t\t\t\t<div class=\"elementor-widget-container\">\n\t\t\t<audio class=\"wp-audio-shortcode\" id=\"audio-466-5\" preload=\"none\" style=\"width: 100%;\" controls=\"controls\"><source type=\"audio\/mpeg\" src=\"https:\/\/blogs.urz.uni-halle.de\/imostenvielneues\/files\/2023\/12\/Elma-U\u0308ber-die-Berge.mp3?_=5\" \/><source type=\"audio\/mpeg\" src=\"https:\/\/blogs.urz.uni-halle.de\/imostenvielneues\/files\/2023\/12\/Elma-U\u0308ber-die-Berge.mp3?_=5\" \/><a href=\"https:\/\/blogs.urz.uni-halle.de\/imostenvielneues\/files\/2023\/12\/Elma-U\u0308ber-die-Berge.mp3\">https:\/\/blogs.urz.uni-halle.de\/imostenvielneues\/files\/2023\/12\/Elma-U\u0308ber-die-Berge.mp3<\/a><\/audio>\t\t<\/div>\n\t\t\t\t<\/div>\n\t\t\t\t\t<\/div>\n\t\t<\/div>\n\t\t\t\t\t\t\t<\/div>\n\t\t<\/section>\n\t\t\t\t<section class=\"elementor-section elementor-top-section elementor-element elementor-element-d7f1422 elementor-section-boxed elementor-section-height-default elementor-section-height-default\" data-id=\"d7f1422\" data-element_type=\"section\">\n\t\t\t\t\t\t<div class=\"elementor-container elementor-column-gap-default\">\n\t\t\t\t\t<div class=\"elementor-column elementor-col-100 elementor-top-column elementor-element elementor-element-22612a5\" data-id=\"22612a5\" data-element_type=\"column\">\n\t\t\t<div class=\"elementor-widget-wrap elementor-element-populated\">\n\t\t\t\t\t\t\t\t<div class=\"elementor-element elementor-element-e09cde9 elementor-widget elementor-widget-heading\" data-id=\"e09cde9\" data-element_type=\"widget\" data-widget_type=\"heading.default\">\n\t\t\t\t<div class=\"elementor-widget-container\">\n\t\t\t<h2 class=\"elementor-heading-title elementor-size-default\">Dirk Rajnhart \u2013 Preko brda i preko mora (2)<\/h2>\t\t<\/div>\n\t\t\t\t<\/div>\n\t\t\t\t<div class=\"elementor-element elementor-element-56d55fc elementor-widget elementor-widget-wp-widget-media_audio\" data-id=\"56d55fc\" data-element_type=\"widget\" data-widget_type=\"wp-widget-media_audio.default\">\n\t\t\t\t<div class=\"elementor-widget-container\">\n\t\t\t<audio class=\"wp-audio-shortcode\" id=\"audio-466-6\" preload=\"none\" style=\"width: 100%;\" controls=\"controls\"><source type=\"audio\/mpeg\" src=\"https:\/\/blogs.urz.uni-halle.de\/imostenvielneues\/files\/2023\/11\/U\u0308ber-die-Berge01-Anastasija.mp3?_=6\" \/><source type=\"audio\/mpeg\" src=\"https:\/\/blogs.urz.uni-halle.de\/imostenvielneues\/files\/2023\/11\/U\u0308ber-die-Berge01-Anastasija.mp3?_=6\" \/><a href=\"https:\/\/blogs.urz.uni-halle.de\/imostenvielneues\/files\/2023\/11\/U\u0308ber-die-Berge01-Anastasija.mp3\">https:\/\/blogs.urz.uni-halle.de\/imostenvielneues\/files\/2023\/11\/U\u0308ber-die-Berge01-Anastasija.mp3<\/a><\/audio>\t\t<\/div>\n\t\t\t\t<\/div>\n\t\t\t\t\t<\/div>\n\t\t<\/div>\n\t\t\t\t\t\t\t<\/div>\n\t\t<\/section>\n\t\t\t\t<section class=\"elementor-section elementor-top-section elementor-element elementor-element-7bd10d9 elementor-section-boxed elementor-section-height-default elementor-section-height-default\" data-id=\"7bd10d9\" data-element_type=\"section\">\n\t\t\t\t\t\t<div class=\"elementor-container elementor-column-gap-default\">\n\t\t\t\t\t<div class=\"elementor-column elementor-col-100 elementor-top-column elementor-element elementor-element-a79bb76\" data-id=\"a79bb76\" data-element_type=\"column\">\n\t\t\t<div class=\"elementor-widget-wrap elementor-element-populated\">\n\t\t\t\t\t\t\t\t<div class=\"elementor-element elementor-element-0e2d28e elementor-widget elementor-widget-heading\" data-id=\"0e2d28e\" data-element_type=\"widget\" data-widget_type=\"heading.default\">\n\t\t\t\t<div class=\"elementor-widget-container\">\n\t\t\t<h2 class=\"elementor-heading-title elementor-size-default\">Dirk Rajnhart \u2013 Preko brda i preko mora (3)<\/h2>\t\t<\/div>\n\t\t\t\t<\/div>\n\t\t\t\t<div class=\"elementor-element elementor-element-1a83dcb elementor-widget elementor-widget-wp-widget-media_audio\" data-id=\"1a83dcb\" data-element_type=\"widget\" data-widget_type=\"wp-widget-media_audio.default\">\n\t\t\t\t<div class=\"elementor-widget-container\">\n\t\t\t<audio class=\"wp-audio-shortcode\" id=\"audio-466-7\" preload=\"none\" style=\"width: 100%;\" controls=\"controls\"><source type=\"audio\/mpeg\" src=\"https:\/\/blogs.urz.uni-halle.de\/imostenvielneues\/files\/2023\/11\/U\u0308ber-die-Berge02-Tamara.mp3?_=7\" \/><source type=\"audio\/mpeg\" src=\"https:\/\/blogs.urz.uni-halle.de\/imostenvielneues\/files\/2023\/11\/U\u0308ber-die-Berge02-Tamara.mp3?_=7\" \/><a href=\"https:\/\/blogs.urz.uni-halle.de\/imostenvielneues\/files\/2023\/11\/U\u0308ber-die-Berge02-Tamara.mp3\">https:\/\/blogs.urz.uni-halle.de\/imostenvielneues\/files\/2023\/11\/U\u0308ber-die-Berge02-Tamara.mp3<\/a><\/audio>\t\t<\/div>\n\t\t\t\t<\/div>\n\t\t\t\t\t<\/div>\n\t\t<\/div>\n\t\t\t\t\t\t\t<\/div>\n\t\t<\/section>\n\t\t\t\t<section class=\"elementor-section elementor-top-section elementor-element elementor-element-3d52070 elementor-section-boxed elementor-section-height-default elementor-section-height-default\" data-id=\"3d52070\" data-element_type=\"section\">\n\t\t\t\t\t\t<div class=\"elementor-container elementor-column-gap-default\">\n\t\t\t\t\t<div class=\"elementor-column elementor-col-100 elementor-top-column elementor-element elementor-element-c9a501a\" data-id=\"c9a501a\" data-element_type=\"column\">\n\t\t\t<div class=\"elementor-widget-wrap elementor-element-populated\">\n\t\t\t\t\t\t\t\t<div class=\"elementor-element elementor-element-99adcc6 elementor-widget elementor-widget-heading\" data-id=\"99adcc6\" data-element_type=\"widget\" data-widget_type=\"heading.default\">\n\t\t\t\t<div class=\"elementor-widget-container\">\n\t\t\t<h2 class=\"elementor-heading-title elementor-size-default\">Dirk Rajnhart \u2013 Preko brda i preko mora (4)<\/h2>\t\t<\/div>\n\t\t\t\t<\/div>\n\t\t\t\t<div class=\"elementor-element elementor-element-ee86597 elementor-widget elementor-widget-wp-widget-media_audio\" data-id=\"ee86597\" data-element_type=\"widget\" data-widget_type=\"wp-widget-media_audio.default\">\n\t\t\t\t<div class=\"elementor-widget-container\">\n\t\t\t<audio class=\"wp-audio-shortcode\" id=\"audio-466-8\" preload=\"none\" style=\"width: 100%;\" controls=\"controls\"><source type=\"audio\/mpeg\" src=\"https:\/\/blogs.urz.uni-halle.de\/imostenvielneues\/files\/2023\/11\/U\u0308ber-die-Berge03-Katarina.mp3?_=8\" \/><source type=\"audio\/mpeg\" src=\"https:\/\/blogs.urz.uni-halle.de\/imostenvielneues\/files\/2023\/11\/U\u0308ber-die-Berge03-Katarina.mp3?_=8\" \/><a href=\"https:\/\/blogs.urz.uni-halle.de\/imostenvielneues\/files\/2023\/11\/U\u0308ber-die-Berge03-Katarina.mp3\">https:\/\/blogs.urz.uni-halle.de\/imostenvielneues\/files\/2023\/11\/U\u0308ber-die-Berge03-Katarina.mp3<\/a><\/audio>\t\t<\/div>\n\t\t\t\t<\/div>\n\t\t\t\t\t<\/div>\n\t\t<\/div>\n\t\t\t\t\t\t\t<\/div>\n\t\t<\/section>\n\t\t\t\t\t\t<\/div>\n\t\t\t\t\t<\/div>\n\t\t","protected":false},"excerpt":{"rendered":"<p>Gudrun Pauzevang \u2013 Valjda sam zaboravila na to Gudrun Pauzevang \u2013 Tako je lijep bio taj septembarski dan Kirsten Boje \u2013 Ne pla\u010di, jo\u0161 si \u017eiv &#8211; Jakob Kirsten Boje \u2013 Ne pla\u010di, jo\u0161 si \u017eiv &#8211; Herman Dirk Rajnhart \u2013 Preko brda i preko mora (1) Dirk Rajnhart \u2013 Preko brda i preko mora [&hellip;]<\/p>\n","protected":false},"author":5961,"featured_media":0,"parent":0,"menu_order":0,"comment_status":"closed","ping_status":"closed","template":"","meta":[],"_links":{"self":[{"href":"https:\/\/blogs.urz.uni-halle.de\/imostenvielneues\/wp-json\/wp\/v2\/pages\/466"}],"collection":[{"href":"https:\/\/blogs.urz.uni-halle.de\/imostenvielneues\/wp-json\/wp\/v2\/pages"}],"about":[{"href":"https:\/\/blogs.urz.uni-halle.de\/imostenvielneues\/wp-json\/wp\/v2\/types\/page"}],"author":[{"embeddable":true,"href":"https:\/\/blogs.urz.uni-halle.de\/imostenvielneues\/wp-json\/wp\/v2\/users\/5961"}],"replies":[{"embeddable":true,"href":"https:\/\/blogs.urz.uni-halle.de\/imostenvielneues\/wp-json\/wp\/v2\/comments?post=466"}],"version-history":[{"count":10,"href":"https:\/\/blogs.urz.uni-halle.de\/imostenvielneues\/wp-json\/wp\/v2\/pages\/466\/revisions"}],"predecessor-version":[{"id":667,"href":"https:\/\/blogs.urz.uni-halle.de\/imostenvielneues\/wp-json\/wp\/v2\/pages\/466\/revisions\/667"}],"wp:attachment":[{"href":"https:\/\/blogs.urz.uni-halle.de\/imostenvielneues\/wp-json\/wp\/v2\/media?parent=466"}],"curies":[{"name":"wp","href":"https:\/\/api.w.org\/{rel}","templated":true}]}}