{"id":84,"date":"2023-11-14T18:28:34","date_gmt":"2023-11-14T17:28:34","guid":{"rendered":"https:\/\/blogs.urz.uni-halle.de\/imostenvielneues\/?page_id=84"},"modified":"2023-12-14T15:25:20","modified_gmt":"2023-12-14T14:25:20","slug":"halle","status":"publish","type":"page","link":"https:\/\/blogs.urz.uni-halle.de\/imostenvielneues\/halle\/","title":{"rendered":"Halle"},"content":{"rendered":"\t\t<div data-elementor-type=\"wp-page\" data-elementor-id=\"84\" class=\"elementor elementor-84\" data-elementor-settings=\"[]\">\n\t\t\t\t\t\t\t<div class=\"elementor-section-wrap\">\n\t\t\t\t\t\t\t<section class=\"elementor-section elementor-top-section elementor-element elementor-element-44c4a5a elementor-section-boxed elementor-section-height-default elementor-section-height-default\" data-id=\"44c4a5a\" data-element_type=\"section\">\n\t\t\t\t\t\t<div class=\"elementor-container elementor-column-gap-default\">\n\t\t\t\t\t<div class=\"elementor-column elementor-col-33 elementor-top-column elementor-element elementor-element-10039c7\" data-id=\"10039c7\" data-element_type=\"column\">\n\t\t\t<div class=\"elementor-widget-wrap elementor-element-populated\">\n\t\t\t\t\t\t\t\t<div class=\"elementor-element elementor-element-5ad8496 elementor-widget elementor-widget-heading\" data-id=\"5ad8496\" data-element_type=\"widget\" data-widget_type=\"heading.default\">\n\t\t\t\t<div class=\"elementor-widget-container\">\n\t\t\t<h2 class=\"elementor-heading-title elementor-size-default\"><a href=\"https:\/\/blogs.urz.uni-halle.de\/imostenvielneues\/andelka-martic-pirgo-2\/\">Pirgo - Kriegswaise<\/a><\/h2>\t\t<\/div>\n\t\t\t\t<\/div>\n\t\t\t\t<div class=\"elementor-element elementor-element-b3cd109 elementor-widget elementor-widget-text-editor\" data-id=\"b3cd109\" data-element_type=\"widget\" data-widget_type=\"text-editor.default\">\n\t\t\t\t<div class=\"elementor-widget-container\">\n\t\t\t\t\t<div class=\"elementor-text-editor elementor-clearfix\"><p style=\"margin-bottom: 0cm\">In diesem Moment sankt Stille herab. Die Flugzeuge dr\u00f6hnten noch \u00fcber dem Wald, aber die Ersch\u00fctterungen hatten aufgeh\u00f6rt, so dass es mir schien, als ob sie erm\u00fcdet waren und jetz Atem holten. Noch hatte ich mich nicht getraut, mich zu bewegen &#8230;.<\/p><\/div>\n\t\t\t\t<\/div>\n\t\t\t\t<\/div>\n\t\t\t\t<div class=\"elementor-element elementor-element-bf5cb80 elementor-widget elementor-widget-spacer\" data-id=\"bf5cb80\" data-element_type=\"widget\" data-widget_type=\"spacer.default\">\n\t\t\t\t<div class=\"elementor-widget-container\">\n\t\t\t\t\t<div class=\"elementor-spacer\">\n\t\t\t<div class=\"elementor-spacer-inner\"><\/div>\n\t\t<\/div>\n\t\t\t\t<\/div>\n\t\t\t\t<\/div>\n\t\t\t\t\t<\/div>\n\t\t<\/div>\n\t\t\t\t<div class=\"elementor-column elementor-col-33 elementor-top-column elementor-element elementor-element-fe2da47\" data-id=\"fe2da47\" data-element_type=\"column\">\n\t\t\t<div class=\"elementor-widget-wrap elementor-element-populated\">\n\t\t\t\t\t\t\t\t<div class=\"elementor-element elementor-element-ebe6ad2 elementor-widget elementor-widget-heading\" data-id=\"ebe6ad2\" data-element_type=\"widget\" data-widget_type=\"heading.default\">\n\t\t\t\t<div class=\"elementor-widget-container\">\n\t\t\t<h2 class=\"elementor-heading-title elementor-size-default\"><a href=\"https:\/\/blogs.urz.uni-halle.de\/imostenvielneues\/andelka-martic-pirgo\/\">Pirgo - Und das war so <\/a><\/h2>\t\t<\/div>\n\t\t\t\t<\/div>\n\t\t\t\t<div class=\"elementor-element elementor-element-af36b6c elementor-widget elementor-widget-text-editor\" data-id=\"af36b6c\" data-element_type=\"widget\" data-widget_type=\"text-editor.default\">\n\t\t\t\t<div class=\"elementor-widget-container\">\n\t\t\t\t\t<div class=\"elementor-text-editor elementor-clearfix\"><p>Jeden Morgen weckte mich die Sonne, welche beharrlich versuchte, das dichte Astgewirr \u00fcber unseren Holzh\u00fctten zu durchbrechen. Wenn ich nach dem Aufwachen meinen Kopf von dem mit Stroh \u00fcbers\u00e4ten Bett hob, senkte ich ihn jedes Mal wieder traurig &#8230;<\/p><\/div>\n\t\t\t\t<\/div>\n\t\t\t\t<\/div>\n\t\t\t\t\t<\/div>\n\t\t<\/div>\n\t\t\t\t<div class=\"elementor-column elementor-col-33 elementor-top-column elementor-element elementor-element-4836933\" data-id=\"4836933\" data-element_type=\"column\">\n\t\t\t<div class=\"elementor-widget-wrap elementor-element-populated\">\n\t\t\t\t\t\t\t\t<div class=\"elementor-element elementor-element-40f71bf elementor-widget elementor-widget-heading\" data-id=\"40f71bf\" data-element_type=\"widget\" data-widget_type=\"heading.default\">\n\t\t\t\t<div class=\"elementor-widget-container\">\n\t\t\t<h2 class=\"elementor-heading-title elementor-size-default\"><a href=\"https:\/\/blogs.urz.uni-halle.de\/imostenvielneues\/aus-die-strasse-der-vorfahren\/\">Die Stra\u00dfen der Vorfahren<\/a><\/h2>\t\t<\/div>\n\t\t\t\t<\/div>\n\t\t\t\t<div class=\"elementor-element elementor-element-e85de8d elementor-widget elementor-widget-text-editor\" data-id=\"e85de8d\" data-element_type=\"widget\" data-widget_type=\"text-editor.default\">\n\t\t\t\t<div class=\"elementor-widget-container\">\n\t\t\t\t\t<div class=\"elementor-text-editor elementor-clearfix\"><p>Aus einem lieblichen und angenehmen Traum weckte sie ein Get\u00f6se &#8211; Glas zerschellt, das Bett bebte, ihr langbeiniger Cousin zog sie grob an der Hand, Tante Marija rief nach der Mutter Gottes, sie zogen ihr ein Kleidchen \u00fcber, ungek\u00e4mmt und ungewaschten suchte sie ihre Sch\u00fchchen &#8230;<\/p><\/div>\n\t\t\t\t<\/div>\n\t\t\t\t<\/div>\n\t\t\t\t\t<\/div>\n\t\t<\/div>\n\t\t\t\t\t\t\t<\/div>\n\t\t<\/section>\n\t\t\t\t<section class=\"elementor-section elementor-top-section elementor-element elementor-element-79d6811 elementor-section-boxed elementor-section-height-default elementor-section-height-default\" data-id=\"79d6811\" data-element_type=\"section\">\n\t\t\t\t\t\t<div class=\"elementor-container elementor-column-gap-default\">\n\t\t\t\t\t<div class=\"elementor-column elementor-col-33 elementor-top-column elementor-element elementor-element-d1ef2c3\" data-id=\"d1ef2c3\" data-element_type=\"column\">\n\t\t\t<div class=\"elementor-widget-wrap elementor-element-populated\">\n\t\t\t\t\t\t\t\t<div class=\"elementor-element elementor-element-f72b722 elementor-widget elementor-widget-heading\" data-id=\"f72b722\" data-element_type=\"widget\" data-widget_type=\"heading.default\">\n\t\t\t\t<div class=\"elementor-widget-container\">\n\t\t\t<h2 class=\"elementor-heading-title elementor-size-default\"><a href=\"https:\/\/blogs.urz.uni-halle.de\/imostenvielneues\/johannas-text\/\">100 Drachen<\/a><\/h2>\t\t<\/div>\n\t\t\t\t<\/div>\n\t\t\t\t<div class=\"elementor-element elementor-element-3a02fa9 elementor-widget elementor-widget-text-editor\" data-id=\"3a02fa9\" data-element_type=\"widget\" data-widget_type=\"text-editor.default\">\n\t\t\t\t<div class=\"elementor-widget-container\">\n\t\t\t\t\t<div class=\"elementor-text-editor elementor-clearfix\"><p>Tagesbefehl f\u00fcr Tag eins.<\/p><p>12.00 Ankunft auf dem Gel\u00e4nde, 13.00 Hissen der Flagge, 13.30 Lager einrichten, 18.45 Abendlicher Apell, 19.00 Abendessen, 21.00 Lagerfeuer, 23.00 Nachtruhe &#8230;<\/p><p>\u00a0<\/p><\/div>\n\t\t\t\t<\/div>\n\t\t\t\t<\/div>\n\t\t\t\t\t<\/div>\n\t\t<\/div>\n\t\t\t\t<div class=\"elementor-column elementor-col-33 elementor-top-column elementor-element elementor-element-3fcc5df\" data-id=\"3fcc5df\" data-element_type=\"column\">\n\t\t\t<div class=\"elementor-widget-wrap elementor-element-populated\">\n\t\t\t\t\t\t\t\t<div class=\"elementor-element elementor-element-21dd7fa elementor-widget elementor-widget-heading\" data-id=\"21dd7fa\" data-element_type=\"widget\" data-widget_type=\"heading.default\">\n\t\t\t\t<div class=\"elementor-widget-container\">\n\t\t\t<h2 class=\"elementor-heading-title elementor-size-default\"><a href=\"https:\/\/blogs.urz.uni-halle.de\/imostenvielneues\/jasminka-petrovic-admir-18-jahre-alt\/\">Admir, 18 Jahre alt<\/a><\/h2>\t\t<\/div>\n\t\t\t\t<\/div>\n\t\t\t\t<div class=\"elementor-element elementor-element-221d258 elementor-widget elementor-widget-text-editor\" data-id=\"221d258\" data-element_type=\"widget\" data-widget_type=\"text-editor.default\">\n\t\t\t\t<div class=\"elementor-widget-container\">\n\t\t\t\t\t<div class=\"elementor-text-editor elementor-clearfix\"><p>Ich hei\u00dfe Admir Hasanbegovi\u0107. Ich bin am 2.4.1998 in Tuzla in der F\u00f6deration Bosnien und Herzegowina geboren worden &#8230; oder wie ich sagen w\u00fcrde <em>Depperation<\/em>. Konfession muslimisch. Vater Bosniake, Mutter Kroatin &#8230;<\/p><\/div>\n\t\t\t\t<\/div>\n\t\t\t\t<\/div>\n\t\t\t\t\t<\/div>\n\t\t<\/div>\n\t\t\t\t<div class=\"elementor-column elementor-col-33 elementor-top-column elementor-element elementor-element-f7aa20c\" data-id=\"f7aa20c\" data-element_type=\"column\">\n\t\t\t<div class=\"elementor-widget-wrap elementor-element-populated\">\n\t\t\t\t\t\t\t\t<div class=\"elementor-element elementor-element-aec8b1a elementor-widget elementor-widget-heading\" data-id=\"aec8b1a\" data-element_type=\"widget\" data-widget_type=\"heading.default\">\n\t\t\t\t<div class=\"elementor-widget-container\">\n\t\t\t<h2 class=\"elementor-heading-title elementor-size-default\"><a href=\"https:\/\/blogs.urz.uni-halle.de\/imostenvielneues\/vesna-aleksi-das-sternbild-geige\/\">Das Sternbild Geige<\/a><\/h2>\t\t<\/div>\n\t\t\t\t<\/div>\n\t\t\t\t<div class=\"elementor-element elementor-element-de15b6c elementor-widget elementor-widget-text-editor\" data-id=\"de15b6c\" data-element_type=\"widget\" data-widget_type=\"text-editor.default\">\n\t\t\t\t<div class=\"elementor-widget-container\">\n\t\t\t\t\t<div class=\"elementor-text-editor elementor-clearfix\"><p style=\"margin-bottom: 0cm\">Die unmittelbare Androhung einer Milit\u00e4raktion l\u00f6ste unheimlichen L\u00e4rm und Unglauben aus. Jeden Abend flehte ich Ana an, den Fernseher auszuschalten. Sie wollte die Nachrichten auf jedem Kanal h\u00f6ren. Mit der Fernbedienung in der Hand verfolgte sie die Tagesthemen, schauderte &#8230;<\/p><\/div>\n\t\t\t\t<\/div>\n\t\t\t\t<\/div>\n\t\t\t\t\t<\/div>\n\t\t<\/div>\n\t\t\t\t\t\t\t<\/div>\n\t\t<\/section>\n\t\t\t\t<section class=\"elementor-section elementor-top-section elementor-element elementor-element-ec03811 elementor-section-boxed elementor-section-height-default elementor-section-height-default\" data-id=\"ec03811\" data-element_type=\"section\">\n\t\t\t\t\t\t<div class=\"elementor-container elementor-column-gap-default\">\n\t\t\t\t\t<div class=\"elementor-column elementor-col-33 elementor-top-column elementor-element elementor-element-f0d2540\" data-id=\"f0d2540\" data-element_type=\"column\">\n\t\t\t<div class=\"elementor-widget-wrap elementor-element-populated\">\n\t\t\t\t\t\t\t\t<div class=\"elementor-element elementor-element-b6f3d76 elementor-widget elementor-widget-heading\" data-id=\"b6f3d76\" data-element_type=\"widget\" data-widget_type=\"heading.default\">\n\t\t\t\t<div class=\"elementor-widget-container\">\n\t\t\t<h2 class=\"elementor-heading-title elementor-size-default\"><a href=\"https:\/\/blogs.urz.uni-halle.de\/imostenvielneues\/ich-hab-alle-gern\/\">ich hab alle gern<\/a><\/h2>\t\t<\/div>\n\t\t\t\t<\/div>\n\t\t\t\t<div class=\"elementor-element elementor-element-7fe18fd elementor-widget elementor-widget-text-editor\" data-id=\"7fe18fd\" data-element_type=\"widget\" data-widget_type=\"text-editor.default\">\n\t\t\t\t<div class=\"elementor-widget-container\">\n\t\t\t\t\t<div class=\"elementor-text-editor elementor-clearfix\"><p style=\"margin-bottom: 0cm;line-height: 200%\"><span style=\"font-family: Calibri, sans-serif\">mama hat mir immer verboten alleine ans meer zu gehen und sagt dass ich noch zu klein bin weil ich 6 jahre alt bin ich gehe gern ans meer um zu baden und papa hat mich einmal hingefahren und hat mir beigebracht wie man schwimmt und ins wasser springt ich wollte immer zu tante jovica gehen &#8230;<\/span><\/p><\/div>\n\t\t\t\t<\/div>\n\t\t\t\t<\/div>\n\t\t\t\t<div class=\"elementor-element elementor-element-ff09461 elementor-widget elementor-widget-spacer\" data-id=\"ff09461\" data-element_type=\"widget\" data-widget_type=\"spacer.default\">\n\t\t\t\t<div class=\"elementor-widget-container\">\n\t\t\t\t\t<div class=\"elementor-spacer\">\n\t\t\t<div class=\"elementor-spacer-inner\"><\/div>\n\t\t<\/div>\n\t\t\t\t<\/div>\n\t\t\t\t<\/div>\n\t\t\t\t\t<\/div>\n\t\t<\/div>\n\t\t\t\t<div class=\"elementor-column elementor-col-33 elementor-top-column elementor-element elementor-element-e768c47\" data-id=\"e768c47\" data-element_type=\"column\">\n\t\t\t<div class=\"elementor-widget-wrap elementor-element-populated\">\n\t\t\t\t\t\t\t\t<div class=\"elementor-element elementor-element-5c2183b elementor-widget elementor-widget-heading\" data-id=\"5c2183b\" data-element_type=\"widget\" data-widget_type=\"heading.default\">\n\t\t\t\t<div class=\"elementor-widget-container\">\n\t\t\t<h2 class=\"elementor-heading-title elementor-size-default\"><a href=\"https:\/\/blogs.urz.uni-halle.de\/imostenvielneues\/jasons-text\/\">Beeil dich, sagt der Krieg<\/a><\/h2>\t\t<\/div>\n\t\t\t\t<\/div>\n\t\t\t\t<div class=\"elementor-element elementor-element-adbc2c6 elementor-widget elementor-widget-text-editor\" data-id=\"adbc2c6\" data-element_type=\"widget\" data-widget_type=\"text-editor.default\">\n\t\t\t\t<div class=\"elementor-widget-container\">\n\t\t\t\t\t<div class=\"elementor-text-editor elementor-clearfix\"><p align=\"JUSTIFY\"><span lang=\"de-DE\">D<\/span><span lang=\"de-DE\">er Krieg hatte Mamas Augen, rot und geschwollen vom Weinen. <\/span><span lang=\"de-DE\">Er hatte eine verrauchte K\u00fcche und einen vollen Aschenbecher mit dem Wappen des Fu\u00dfballvereins <\/span><span lang=\"hr-HR\"><i>\u017deljezni\u010dar<\/i><\/span><span lang=\"de-DE\">,<\/span><i> <\/i><span lang=\"hr-HR\">den mein Vater fr<\/span><span lang=\"de-DE\">\u00fc<\/span><span lang=\"hr-HR\">her nicht benutzt hatte &#8230;<\/span><\/p><\/div>\n\t\t\t\t<\/div>\n\t\t\t\t<\/div>\n\t\t\t\t\t<\/div>\n\t\t<\/div>\n\t\t\t\t<div class=\"elementor-column elementor-col-33 elementor-top-column elementor-element elementor-element-d386369\" data-id=\"d386369\" data-element_type=\"column\">\n\t\t\t<div class=\"elementor-widget-wrap elementor-element-populated\">\n\t\t\t\t\t\t\t\t<div class=\"elementor-element elementor-element-01c25e6 elementor-widget elementor-widget-heading\" data-id=\"01c25e6\" data-element_type=\"widget\" data-widget_type=\"heading.default\">\n\t\t\t\t<div class=\"elementor-widget-container\">\n\t\t\t<h2 class=\"elementor-heading-title elementor-size-default\"><a href=\"https:\/\/blogs.urz.uni-halle.de\/imostenvielneues\/shaydons-text\/\">The Morning Doboj Fell<\/a><\/h2>\t\t<\/div>\n\t\t\t\t<\/div>\n\t\t\t\t<div class=\"elementor-element elementor-element-64bf3d5 elementor-widget elementor-widget-text-editor\" data-id=\"64bf3d5\" data-element_type=\"widget\" data-widget_type=\"text-editor.default\">\n\t\t\t\t<div class=\"elementor-widget-container\">\n\t\t\t\t\t<div class=\"elementor-text-editor elementor-clearfix\"><p>I\u2019d never been there, but I knew a bit about it. Let\u2019s say that for a long time, it existed in one of those childhood stories. Rumor has it that one of my relatives called it Dvoboj \u2013 \u201cduel\u201d \u2013 and this even made its way into my family\u2019s slang: We\u2019re going to Dvoboj &#8230;<\/p><\/div>\n\t\t\t\t<\/div>\n\t\t\t\t<\/div>\n\t\t\t\t\t<\/div>\n\t\t<\/div>\n\t\t\t\t\t\t\t<\/div>\n\t\t<\/section>\n\t\t\t\t<section class=\"elementor-section elementor-top-section elementor-element elementor-element-32f0e5c elementor-section-boxed elementor-section-height-default elementor-section-height-default\" data-id=\"32f0e5c\" data-element_type=\"section\">\n\t\t\t\t\t\t<div class=\"elementor-container elementor-column-gap-default\">\n\t\t\t\t\t<div class=\"elementor-column elementor-col-33 elementor-top-column elementor-element elementor-element-cc11197\" data-id=\"cc11197\" data-element_type=\"column\">\n\t\t\t<div class=\"elementor-widget-wrap elementor-element-populated\">\n\t\t\t\t\t\t\t\t<div class=\"elementor-element elementor-element-268a61c elementor-widget elementor-widget-heading\" data-id=\"268a61c\" data-element_type=\"widget\" data-widget_type=\"heading.default\">\n\t\t\t\t<div class=\"elementor-widget-container\">\n\t\t\t<h2 class=\"elementor-heading-title elementor-size-default\">Bittere Sechzehn<\/h2>\t\t<\/div>\n\t\t\t\t<\/div>\n\t\t\t\t<div class=\"elementor-element elementor-element-036fe47 elementor-widget elementor-widget-text-editor\" data-id=\"036fe47\" data-element_type=\"widget\" data-widget_type=\"text-editor.default\">\n\t\t\t\t<div class=\"elementor-widget-container\">\n\t\t\t\t\t<div class=\"elementor-text-editor elementor-clearfix\"><p>Wohin sind die Wasserskifahrer verschwunden, fragte sich Marija, Marijola an jenen Tagen, an denen wie aus dem Nichts Cousin Nik\u0161a mit einer gro\u00dfen adidas-Tasche auftauchte. Schon eine Weile hatten sie nichts mehr von den Bosniern geh\u00f6rt, der Krieg hatte die Leitung gekappt. Manchmal klingelte nachts um drei das Telefon, und alle rannten aus ihren Schlafzimmern &#8230;<\/p><\/div>\n\t\t\t\t<\/div>\n\t\t\t\t<\/div>\n\t\t\t\t\t<\/div>\n\t\t<\/div>\n\t\t\t\t<div class=\"elementor-column elementor-col-33 elementor-top-column elementor-element elementor-element-93fce2b\" data-id=\"93fce2b\" data-element_type=\"column\">\n\t\t\t<div class=\"elementor-widget-wrap\">\n\t\t\t\t\t\t\t\t\t<\/div>\n\t\t<\/div>\n\t\t\t\t<div class=\"elementor-column elementor-col-33 elementor-top-column elementor-element elementor-element-0931d9d\" data-id=\"0931d9d\" data-element_type=\"column\">\n\t\t\t<div class=\"elementor-widget-wrap\">\n\t\t\t\t\t\t\t\t\t<\/div>\n\t\t<\/div>\n\t\t\t\t\t\t\t<\/div>\n\t\t<\/section>\n\t\t\t\t\t\t<\/div>\n\t\t\t\t\t<\/div>\n\t\t","protected":false},"excerpt":{"rendered":"<p>Pirgo &#8211; Kriegswaise In diesem Moment sankt Stille herab. Die Flugzeuge dr\u00f6hnten noch \u00fcber dem Wald, aber die Ersch\u00fctterungen hatten aufgeh\u00f6rt, so dass es mir schien, als ob sie erm\u00fcdet waren und jetz Atem holten. Noch hatte ich mich nicht getraut, mich zu bewegen &#8230;. Pirgo &#8211; Und das war so Jeden Morgen weckte mich [&hellip;]<\/p>\n","protected":false},"author":5961,"featured_media":0,"parent":0,"menu_order":0,"comment_status":"closed","ping_status":"closed","template":"","meta":[],"_links":{"self":[{"href":"https:\/\/blogs.urz.uni-halle.de\/imostenvielneues\/wp-json\/wp\/v2\/pages\/84"}],"collection":[{"href":"https:\/\/blogs.urz.uni-halle.de\/imostenvielneues\/wp-json\/wp\/v2\/pages"}],"about":[{"href":"https:\/\/blogs.urz.uni-halle.de\/imostenvielneues\/wp-json\/wp\/v2\/types\/page"}],"author":[{"embeddable":true,"href":"https:\/\/blogs.urz.uni-halle.de\/imostenvielneues\/wp-json\/wp\/v2\/users\/5961"}],"replies":[{"embeddable":true,"href":"https:\/\/blogs.urz.uni-halle.de\/imostenvielneues\/wp-json\/wp\/v2\/comments?post=84"}],"version-history":[{"count":10,"href":"https:\/\/blogs.urz.uni-halle.de\/imostenvielneues\/wp-json\/wp\/v2\/pages\/84\/revisions"}],"predecessor-version":[{"id":716,"href":"https:\/\/blogs.urz.uni-halle.de\/imostenvielneues\/wp-json\/wp\/v2\/pages\/84\/revisions\/716"}],"wp:attachment":[{"href":"https:\/\/blogs.urz.uni-halle.de\/imostenvielneues\/wp-json\/wp\/v2\/media?parent=84"}],"curies":[{"name":"wp","href":"https:\/\/api.w.org\/{rel}","templated":true}]}}