{"id":29,"date":"2014-03-27T12:19:43","date_gmt":"2014-03-27T11:19:43","guid":{"rendered":"https:\/\/blogs.urz.uni-halle.de\/inco\/?page_id=29"},"modified":"2014-09-23T08:57:37","modified_gmt":"2014-09-23T06:57:37","slug":"detaillierte-seminarbeschreibung","status":"publish","type":"page","link":"https:\/\/blogs.urz.uni-halle.de\/inco\/beispiel-seite\/detaillierte-seminarbeschreibung\/","title":{"rendered":"Detaillierte Beschreibung"},"content":{"rendered":"<p>Knapp 25 Jahre nach dem Aufkommen der Actor-Network Theory (ANT) schl\u00e4gt Bruno Latour (2013) in seinem j\u00fcngsten Buch &#8222;An Inquiry Into Modes of Existence&#8220; (AIME) einen neuen Weg vor den Verkn\u00fcpfungen, die zu Wahrheitsvorstellungen f\u00fchren, auf den Grund zu gehen: Durch radikale &#8218;collaboration&#8216; als Methode und Untersuchungsgegenstand.<\/p>\n<p>&#8218;Modes of existence&#8216; machen Unterschiede zwischen Wissenschaft, Recht, Politik und anderen Wissensbereichen aus. Nun gilt es laut Latour, mittels &#8218;collaboration&#8216; alternative &#8218;modes of existence&#8216; wiederzuentdecken, um (1) der Pluralit\u00e4t von Wahrheitsvorstellungen gerecht zu werden und (2) herauszufinden, welche Werte und Wahrheiten nicht kompromittierbar sind und warum. Latour setzt dieses Vorhaben in die Tat um, denn das Buch ist auch ein Projekt, an dem interessierte Leserinnen und Leser mitwirken k\u00f6nnen [http:\/\/www.modesofexistence.org\/].<\/p>\n<p>Diese Herangehensweise wurde\u00a0im Seminar unter Verwendung teilweise komplement\u00e4rer Ans\u00e4tze (u.a. Barad, Dumont, Graeber, Ingold, Latouche, Tsing, Weber) kontextualisiert. Wie k\u00f6nnen daran ankn\u00fcpfend neue Begegnungen zwischen Gesellschaften erm\u00f6glicht werden \u2013 in einer Zeit, in der globale Krisen in Umwelt, Wirtschaft und Kultur allen Gesellschaften zu schaffen machen?<\/p>\n","protected":false},"excerpt":{"rendered":"<p>Knapp 25 Jahre nach dem Aufkommen der Actor-Network Theory (ANT) schl\u00e4gt Bruno Latour (2013) in seinem j\u00fcngsten Buch &#8222;An Inquiry Into Modes of Existence&#8220; (AIME) einen neuen Weg vor den Verkn\u00fcpfungen, die zu Wahrheitsvorstellungen f\u00fchren, auf den Grund zu gehen: &hellip; <a href=\"https:\/\/blogs.urz.uni-halle.de\/inco\/beispiel-seite\/detaillierte-seminarbeschreibung\/\">Weiterlesen <span class=\"meta-nav\">&rarr;<\/span><\/a><\/p>\n","protected":false},"author":1794,"featured_media":0,"parent":2,"menu_order":0,"comment_status":"closed","ping_status":"closed","template":"onecolumn-page.php","meta":[],"_links":{"self":[{"href":"https:\/\/blogs.urz.uni-halle.de\/inco\/wp-json\/wp\/v2\/pages\/29"}],"collection":[{"href":"https:\/\/blogs.urz.uni-halle.de\/inco\/wp-json\/wp\/v2\/pages"}],"about":[{"href":"https:\/\/blogs.urz.uni-halle.de\/inco\/wp-json\/wp\/v2\/types\/page"}],"author":[{"embeddable":true,"href":"https:\/\/blogs.urz.uni-halle.de\/inco\/wp-json\/wp\/v2\/users\/1794"}],"replies":[{"embeddable":true,"href":"https:\/\/blogs.urz.uni-halle.de\/inco\/wp-json\/wp\/v2\/comments?post=29"}],"version-history":[{"count":7,"href":"https:\/\/blogs.urz.uni-halle.de\/inco\/wp-json\/wp\/v2\/pages\/29\/revisions"}],"predecessor-version":[{"id":305,"href":"https:\/\/blogs.urz.uni-halle.de\/inco\/wp-json\/wp\/v2\/pages\/29\/revisions\/305"}],"up":[{"embeddable":true,"href":"https:\/\/blogs.urz.uni-halle.de\/inco\/wp-json\/wp\/v2\/pages\/2"}],"wp:attachment":[{"href":"https:\/\/blogs.urz.uni-halle.de\/inco\/wp-json\/wp\/v2\/media?parent=29"}],"curies":[{"name":"wp","href":"https:\/\/api.w.org\/{rel}","templated":true}]}}