{"id":118,"date":"2024-07-26T20:19:11","date_gmt":"2024-07-26T18:19:11","guid":{"rendered":"https:\/\/blogs.urz.uni-halle.de\/informatikfortbildungen\/?page_id=118"},"modified":"2025-08-29T11:50:04","modified_gmt":"2025-08-29T09:50:04","slug":"fortbildungsinformationen","status":"publish","type":"page","link":"https:\/\/blogs.urz.uni-halle.de\/informatikfortbildungen\/fortbildungsinformationen\/","title":{"rendered":"Unser Fortbildungsangebot"},"content":{"rendered":"\n<p>Die Fortbildungen richten sich an<strong> Lehrpersonen und p\u00e4dagogisches Personal der Grundschule und unteren Sekundarstufe I.<\/strong> Konkret werden Inhalte und Kompetenzen im Fokus stehen, die Sch\u00fcler*innen der 3. bis 6. Klassen im Rahmen von Unterricht f\u00f6rdern sollten. Hierf\u00fcr werden verschiedene <strong>F\u00e4cheranbindungen<\/strong> ber\u00fccksichtigt und aufgezeigt:<\/p>\n\n\n\n<ul id=\"block-3efb1c73-d194-4704-bed6-18ce71521ed4\"><li>Sachunterricht<\/li><li>Mathematik<\/li><li>Deutsch<\/li><li>Technik &#8211; Informatik (bzw. Technik)<\/li><li>Lernen in der digitalen Welt<\/li><\/ul>\n\n\n\n<p> Sie k\u00f6nnen je nach Interesse und Bedarf <strong><a href=\"https:\/\/blogs.urz.uni-halle.de\/informatikfortbildungen\/ueberblick-ueber-informatische-bildung\/\">einzelne Module<\/a><\/strong> zusammenstellen und Ihr Wissen schrittweise erweitern.<\/p>\n\n\n\n<p>Beispiel: Die Sprache der Maschinen &#8212; Reflexionsmodul<\/p>\n\n\n\n<p>Sie erhalten mit den Fortbildungen:<\/p>\n\n\n\n<ul><li>Digitales Fortbildungshandout<\/li><li>in der Fortbildung angewendetes und erprobtes Material<\/li><li>erprobte Unterrichtsbausteine und\/oder einzelne Materialien<\/li><li>weiterf\u00fchrende Materialien<\/li><li>Community-Platform zum Austausch von Good-Practice-Beispielen mit anderen Lehrpersonen<\/li><\/ul>\n\n\n\n<p>Die  Inhalte der Fortbildung orientieren sich an den <a href=\"https:\/\/dl.gi.de\/items\/33104231-7fc7-4c5a-80b6-141bff8c3304\">Empfehlungen der Gesellschaft f\u00fcr Informatik e.V.<\/a> f\u00fcr den Primarbereich, sowie den <a href=\"https:\/\/informatikstandards.de\">Standards f\u00fcr die Sekundarstufe I<\/a>. Die Empfehlungen werden bundesweit bei der Lehrplankonzeption integriert, so dass die Fortbildung verschiedene m\u00f6gliche F\u00e4cheranbindungen ber\u00fccksichtigt.<\/p>\n\n\n\n<p>In allen Modulen k\u00f6nnen Sie schrittweise ihr Fachwissen und fachdidaktisches Wissen erweitern, indem wir Material direkt erproben und reflektieren.<\/p>\n\n\n\n<figure class=\"wp-block-gallery alignleft columns-1 is-cropped\"><ul class=\"blocks-gallery-grid\"><li class=\"blocks-gallery-item\"><figure><img loading=\"lazy\" width=\"719\" height=\"663\" src=\"https:\/\/blogs.urz.uni-halle.de\/informatikfortbildungen\/files\/2024\/07\/IMG_9640.png\" alt=\"\" data-id=\"144\" data-full-url=\"https:\/\/blogs.urz.uni-halle.de\/informatikfortbildungen\/files\/2024\/07\/IMG_9640.png\" data-link=\"https:\/\/blogs.urz.uni-halle.de\/informatikfortbildungen\/fortbildungsinformationen\/img_9640\/\" class=\"wp-image-144\" srcset=\"https:\/\/blogs.urz.uni-halle.de\/informatikfortbildungen\/files\/2024\/07\/IMG_9640.png 719w, https:\/\/blogs.urz.uni-halle.de\/informatikfortbildungen\/files\/2024\/07\/IMG_9640-300x277.png 300w\" sizes=\"(max-width: 719px) 100vw, 719px\" \/><\/figure><\/li><\/ul><\/figure>\n\n\n\n<figure class=\"wp-block-image size-large\"><img loading=\"lazy\" width=\"294\" height=\"321\" src=\"https:\/\/blogs.urz.uni-halle.de\/informatikfortbildungen\/files\/2024\/07\/IMG_9639-1.png\" alt=\"\" class=\"wp-image-147\" srcset=\"https:\/\/blogs.urz.uni-halle.de\/informatikfortbildungen\/files\/2024\/07\/IMG_9639-1.png 294w, https:\/\/blogs.urz.uni-halle.de\/informatikfortbildungen\/files\/2024\/07\/IMG_9639-1-275x300.png 275w\" sizes=\"(max-width: 294px) 100vw, 294px\" \/><\/figure>\n\n\n\n<p>Die Fortbildung wird im Zuge eines Promotionsprojektes entwickelt und durchgef\u00fchrt.<\/p>\n\n\n\n<figure class=\"wp-block-pullquote\"><blockquote><p>Wenn Sie die Weiterentwicklung der Fortbildungen unterst\u00fctzen wollen, k\u00f6nnen Sie sich zu einem ca. 45-min\u00fctigen Interview vor und nach der Fortbildung bereit erkl\u00e4ren. <\/p><\/blockquote><\/figure>\n","protected":false},"excerpt":{"rendered":"<p>Die Fortbildungen richten sich an Lehrpersonen und p\u00e4dagogisches Personal der Grundschule und unteren Sekundarstufe I. Konkret werden Inhalte und Kompetenzen im Fokus stehen, die Sch\u00fcler*innen der 3. bis 6. Klassen im Rahmen von Unterricht f\u00f6rdern sollten. Hierf\u00fcr werden verschiedene F\u00e4cheranbindungen<\/p>\n","protected":false},"author":6042,"featured_media":0,"parent":0,"menu_order":1,"comment_status":"closed","ping_status":"closed","template":"","meta":[],"yoast_head":"<!-- This site is optimized with the Yoast SEO plugin v15.6.2 - https:\/\/yoast.com\/wordpress\/plugins\/seo\/ -->\n<title>Unser Fortbildungsangebot -<\/title>\n<meta name=\"description\" content=\"Sie k\u00f6nnen je nach Interesse und Bedarf Fortbildungen besuchen und Ihr Wissen schrittweise erweitern.\" \/>\n<meta name=\"robots\" content=\"index, follow, max-snippet:-1, max-image-preview:large, max-video-preview:-1\" \/>\n<link rel=\"canonical\" href=\"https:\/\/blogs.urz.uni-halle.de\/informatikfortbildungen\/fortbildungsinformationen\/\" \/>\n<meta property=\"og:locale\" content=\"de_DE\" \/>\n<meta property=\"og:type\" content=\"article\" \/>\n<meta property=\"og:title\" content=\"Unser Fortbildungsangebot -\" \/>\n<meta property=\"og:description\" content=\"Sie k\u00f6nnen je nach Interesse und Bedarf Fortbildungen besuchen und Ihr Wissen schrittweise erweitern.\" \/>\n<meta property=\"og:url\" content=\"https:\/\/blogs.urz.uni-halle.de\/informatikfortbildungen\/fortbildungsinformationen\/\" \/>\n<meta property=\"article:modified_time\" content=\"2025-08-29T09:50:04+00:00\" \/>\n<meta property=\"og:image\" content=\"https:\/\/blogs.urz.uni-halle.de\/informatikfortbildungen\/files\/2024\/07\/IMG_9640.png\" \/>\n<meta name=\"twitter:card\" content=\"summary_large_image\" \/>\n<meta name=\"twitter:label1\" content=\"Gesch\u00e4tzte Lesezeit\">\n\t<meta name=\"twitter:data1\" content=\"2\u00a0Minuten\">\n<script type=\"application\/ld+json\" class=\"yoast-schema-graph\">{\"@context\":\"https:\/\/schema.org\",\"@graph\":[{\"@type\":\"WebSite\",\"@id\":\"https:\/\/blogs.urz.uni-halle.de\/informatikfortbildungen\/#website\",\"url\":\"https:\/\/blogs.urz.uni-halle.de\/informatikfortbildungen\/\",\"name\":\"\",\"description\":\"\",\"potentialAction\":[{\"@type\":\"SearchAction\",\"target\":\"https:\/\/blogs.urz.uni-halle.de\/informatikfortbildungen\/?s={search_term_string}\",\"query-input\":\"required name=search_term_string\"}],\"inLanguage\":\"de\"},{\"@type\":\"ImageObject\",\"@id\":\"https:\/\/blogs.urz.uni-halle.de\/informatikfortbildungen\/fortbildungsinformationen\/#primaryimage\",\"inLanguage\":\"de\",\"url\":\"https:\/\/blogs.urz.uni-halle.de\/informatikfortbildungen\/files\/2024\/07\/IMG_9640.png\",\"width\":719,\"height\":663},{\"@type\":\"WebPage\",\"@id\":\"https:\/\/blogs.urz.uni-halle.de\/informatikfortbildungen\/fortbildungsinformationen\/#webpage\",\"url\":\"https:\/\/blogs.urz.uni-halle.de\/informatikfortbildungen\/fortbildungsinformationen\/\",\"name\":\"Unser Fortbildungsangebot -\",\"isPartOf\":{\"@id\":\"https:\/\/blogs.urz.uni-halle.de\/informatikfortbildungen\/#website\"},\"primaryImageOfPage\":{\"@id\":\"https:\/\/blogs.urz.uni-halle.de\/informatikfortbildungen\/fortbildungsinformationen\/#primaryimage\"},\"datePublished\":\"2024-07-26T18:19:11+00:00\",\"dateModified\":\"2025-08-29T09:50:04+00:00\",\"description\":\"Sie k\\u00f6nnen je nach Interesse und Bedarf Fortbildungen besuchen und Ihr Wissen schrittweise erweitern.\",\"inLanguage\":\"de\",\"potentialAction\":[{\"@type\":\"ReadAction\",\"target\":[\"https:\/\/blogs.urz.uni-halle.de\/informatikfortbildungen\/fortbildungsinformationen\/\"]}]}]}<\/script>\n<!-- \/ Yoast SEO plugin. -->","_links":{"self":[{"href":"https:\/\/blogs.urz.uni-halle.de\/informatikfortbildungen\/wp-json\/wp\/v2\/pages\/118"}],"collection":[{"href":"https:\/\/blogs.urz.uni-halle.de\/informatikfortbildungen\/wp-json\/wp\/v2\/pages"}],"about":[{"href":"https:\/\/blogs.urz.uni-halle.de\/informatikfortbildungen\/wp-json\/wp\/v2\/types\/page"}],"author":[{"embeddable":true,"href":"https:\/\/blogs.urz.uni-halle.de\/informatikfortbildungen\/wp-json\/wp\/v2\/users\/6042"}],"replies":[{"embeddable":true,"href":"https:\/\/blogs.urz.uni-halle.de\/informatikfortbildungen\/wp-json\/wp\/v2\/comments?post=118"}],"version-history":[{"count":10,"href":"https:\/\/blogs.urz.uni-halle.de\/informatikfortbildungen\/wp-json\/wp\/v2\/pages\/118\/revisions"}],"predecessor-version":[{"id":502,"href":"https:\/\/blogs.urz.uni-halle.de\/informatikfortbildungen\/wp-json\/wp\/v2\/pages\/118\/revisions\/502"}],"wp:attachment":[{"href":"https:\/\/blogs.urz.uni-halle.de\/informatikfortbildungen\/wp-json\/wp\/v2\/media?parent=118"}],"curies":[{"name":"wp","href":"https:\/\/api.w.org\/{rel}","templated":true}]}}