{"id":121,"date":"2024-07-26T20:20:05","date_gmt":"2024-07-26T18:20:05","guid":{"rendered":"https:\/\/blogs.urz.uni-halle.de\/informatikfortbildungen\/?page_id=121"},"modified":"2025-02-20T20:24:16","modified_gmt":"2025-02-20T19:24:16","slug":"kontakt","status":"publish","type":"page","link":"https:\/\/blogs.urz.uni-halle.de\/informatikfortbildungen\/kontakt\/","title":{"rendered":"Kontakt und Anfahrt"},"content":{"rendered":"\n<p><strong>Sie erreichen mich unter:<\/strong><\/p>\n\n\n\n<p><a href=\"https:\/\/didaktik.informatik.uni-halle.de\/arbeitsgruppe\/tessenow\/\">Eve Tessenow<\/a><br>Telefon: 0345-55 24765<br>E-Mail: eve.tessenow@informatik.uni-halle.de<\/p>\n\n\n\n<p>Raum E.0.34<br>Theodor-Lieser-Str. 5<br>06120 Halle (Saale)<\/p>\n\n\n\n<hr class=\"wp-block-separator\" \/>\n\n\n\n<h3>Veranstaltungen am Von-Seckendorff-Platz<\/h3>\n\n\n\n<p>Fortbildungsveranstaltungen k\u00f6nnen am Von-Seckendorff-Platz veranstaltet werden. Eine genaue Raumbeschreibung erhalten Sie nach Angabe der Teilnehmendenzahl ca. eine Woche vor Beginn der Veranstaltung.<\/p>\n\n\n\n<ul><li>Mit der <strong>Tram<\/strong>-Linie 4 und 5 steigen Sie an der Haltestelle Stra\u00dfburger Weg aus. Die Fahrt dauert ca. 15 Minuten aus der Innenstadt.<\/li><li>Alternativ k\u00f6nnen Sie eine <strong>Fahrradroute<\/strong> \u00fcber die Pei\u00dfnitz w\u00e4hlen. Aus der Innenstadt brauchen sie ca. 15 Min.<\/li><\/ul>\n\n\n\n<figure class=\"wp-block-image size-large\"><img loading=\"lazy\" width=\"1024\" height=\"715\" src=\"https:\/\/blogs.urz.uni-halle.de\/informatikfortbildungen\/files\/2025\/02\/image-1024x715.png\" alt=\"\" class=\"wp-image-413\" srcset=\"https:\/\/blogs.urz.uni-halle.de\/informatikfortbildungen\/files\/2025\/02\/image-1024x715.png 1024w, https:\/\/blogs.urz.uni-halle.de\/informatikfortbildungen\/files\/2025\/02\/image-300x210.png 300w, https:\/\/blogs.urz.uni-halle.de\/informatikfortbildungen\/files\/2025\/02\/image-768x537.png 768w, https:\/\/blogs.urz.uni-halle.de\/informatikfortbildungen\/files\/2025\/02\/image-1536x1073.png 1536w, https:\/\/blogs.urz.uni-halle.de\/informatikfortbildungen\/files\/2025\/02\/image.png 1546w\" sizes=\"(max-width: 1024px) 100vw, 1024px\" \/><figcaption><a href=\"https:\/\/maps.app.goo.gl\/sx3bK96KkoVTGXSXA\">Google-Maps Link zum Institut f\u00fcr Informatik<\/a><\/figcaption><\/figure>\n","protected":false},"excerpt":{"rendered":"<p>Sie erreichen mich unter: Eve TessenowTelefon: 0345-55 24765E-Mail: eve.tessenow@informatik.uni-halle.de Raum E.0.34Theodor-Lieser-Str. 506120 Halle (Saale) Veranstaltungen am Von-Seckendorff-Platz Fortbildungsveranstaltungen k\u00f6nnen am Von-Seckendorff-Platz veranstaltet werden. Eine genaue Raumbeschreibung erhalten Sie nach Angabe der Teilnehmendenzahl ca. eine Woche vor Beginn der Veranstaltung. Mit<\/p>\n","protected":false},"author":6042,"featured_media":0,"parent":0,"menu_order":5,"comment_status":"closed","ping_status":"closed","template":"","meta":[],"yoast_head":"<!-- This site is optimized with the Yoast SEO plugin v15.6.2 - https:\/\/yoast.com\/wordpress\/plugins\/seo\/ -->\n<title>Kontakt und Anfahrt -<\/title>\n<meta name=\"robots\" content=\"index, follow, max-snippet:-1, max-image-preview:large, max-video-preview:-1\" \/>\n<link rel=\"canonical\" href=\"https:\/\/blogs.urz.uni-halle.de\/informatikfortbildungen\/kontakt\/\" \/>\n<meta property=\"og:locale\" content=\"de_DE\" \/>\n<meta property=\"og:type\" content=\"article\" \/>\n<meta property=\"og:title\" content=\"Kontakt und Anfahrt -\" \/>\n<meta property=\"og:description\" content=\"Sie erreichen mich unter: Eve TessenowTelefon: 0345-55 24765E-Mail: eve.tessenow@informatik.uni-halle.de Raum E.0.34Theodor-Lieser-Str. 506120 Halle (Saale) Veranstaltungen am Von-Seckendorff-Platz Fortbildungsveranstaltungen k\u00f6nnen am Von-Seckendorff-Platz veranstaltet werden. Eine genaue Raumbeschreibung erhalten Sie nach Angabe der Teilnehmendenzahl ca. eine Woche vor Beginn der Veranstaltung. Mit\" \/>\n<meta property=\"og:url\" content=\"https:\/\/blogs.urz.uni-halle.de\/informatikfortbildungen\/kontakt\/\" \/>\n<meta property=\"article:modified_time\" content=\"2025-02-20T19:24:16+00:00\" \/>\n<meta property=\"og:image\" content=\"https:\/\/blogs.urz.uni-halle.de\/informatikfortbildungen\/files\/2025\/02\/image-1024x715.png\" \/>\n<meta name=\"twitter:card\" content=\"summary_large_image\" \/>\n<meta name=\"twitter:label1\" content=\"Gesch\u00e4tzte Lesezeit\">\n\t<meta name=\"twitter:data1\" content=\"1\u00a0Minute\">\n<script type=\"application\/ld+json\" class=\"yoast-schema-graph\">{\"@context\":\"https:\/\/schema.org\",\"@graph\":[{\"@type\":\"WebSite\",\"@id\":\"https:\/\/blogs.urz.uni-halle.de\/informatikfortbildungen\/#website\",\"url\":\"https:\/\/blogs.urz.uni-halle.de\/informatikfortbildungen\/\",\"name\":\"\",\"description\":\"\",\"potentialAction\":[{\"@type\":\"SearchAction\",\"target\":\"https:\/\/blogs.urz.uni-halle.de\/informatikfortbildungen\/?s={search_term_string}\",\"query-input\":\"required name=search_term_string\"}],\"inLanguage\":\"de\"},{\"@type\":\"ImageObject\",\"@id\":\"https:\/\/blogs.urz.uni-halle.de\/informatikfortbildungen\/kontakt\/#primaryimage\",\"inLanguage\":\"de\",\"url\":\"https:\/\/blogs.urz.uni-halle.de\/informatikfortbildungen\/files\/2025\/02\/image.png\",\"width\":1546,\"height\":1080},{\"@type\":\"WebPage\",\"@id\":\"https:\/\/blogs.urz.uni-halle.de\/informatikfortbildungen\/kontakt\/#webpage\",\"url\":\"https:\/\/blogs.urz.uni-halle.de\/informatikfortbildungen\/kontakt\/\",\"name\":\"Kontakt und Anfahrt -\",\"isPartOf\":{\"@id\":\"https:\/\/blogs.urz.uni-halle.de\/informatikfortbildungen\/#website\"},\"primaryImageOfPage\":{\"@id\":\"https:\/\/blogs.urz.uni-halle.de\/informatikfortbildungen\/kontakt\/#primaryimage\"},\"datePublished\":\"2024-07-26T18:20:05+00:00\",\"dateModified\":\"2025-02-20T19:24:16+00:00\",\"inLanguage\":\"de\",\"potentialAction\":[{\"@type\":\"ReadAction\",\"target\":[\"https:\/\/blogs.urz.uni-halle.de\/informatikfortbildungen\/kontakt\/\"]}]}]}<\/script>\n<!-- \/ Yoast SEO plugin. -->","_links":{"self":[{"href":"https:\/\/blogs.urz.uni-halle.de\/informatikfortbildungen\/wp-json\/wp\/v2\/pages\/121"}],"collection":[{"href":"https:\/\/blogs.urz.uni-halle.de\/informatikfortbildungen\/wp-json\/wp\/v2\/pages"}],"about":[{"href":"https:\/\/blogs.urz.uni-halle.de\/informatikfortbildungen\/wp-json\/wp\/v2\/types\/page"}],"author":[{"embeddable":true,"href":"https:\/\/blogs.urz.uni-halle.de\/informatikfortbildungen\/wp-json\/wp\/v2\/users\/6042"}],"replies":[{"embeddable":true,"href":"https:\/\/blogs.urz.uni-halle.de\/informatikfortbildungen\/wp-json\/wp\/v2\/comments?post=121"}],"version-history":[{"count":8,"href":"https:\/\/blogs.urz.uni-halle.de\/informatikfortbildungen\/wp-json\/wp\/v2\/pages\/121\/revisions"}],"predecessor-version":[{"id":435,"href":"https:\/\/blogs.urz.uni-halle.de\/informatikfortbildungen\/wp-json\/wp\/v2\/pages\/121\/revisions\/435"}],"wp:attachment":[{"href":"https:\/\/blogs.urz.uni-halle.de\/informatikfortbildungen\/wp-json\/wp\/v2\/media?parent=121"}],"curies":[{"name":"wp","href":"https:\/\/api.w.org\/{rel}","templated":true}]}}