{"id":20,"date":"2024-04-12T17:38:13","date_gmt":"2024-04-12T15:38:13","guid":{"rendered":"https:\/\/blogs.urz.uni-halle.de\/informatikfortbildungen\/?page_id=20"},"modified":"2025-02-20T20:20:59","modified_gmt":"2025-02-20T19:20:59","slug":"weitere-projekte","status":"publish","type":"page","link":"https:\/\/blogs.urz.uni-halle.de\/informatikfortbildungen\/weitere-projekte\/","title":{"rendered":"Weiteres Material"},"content":{"rendered":"\n<p>F\u00fcr den Informatikunterricht gibt die <a href=\"https:\/\/gi.de\">Gesellschaft f\u00fcr Informatik e.V.<\/a> Standards heraus, die auch bei der Erarbeitung von Lehrpl\u00e4nen ber\u00fccksichtigt werden. Aus diesem Grund wird in der Informatikdidaktik vielfach auf diese bundesweit empfohlenen Standards verwiesen (Auch f\u00fcr den <a href=\"https:\/\/dl.gi.de\/items\/33104231-7fc7-4c5a-80b6-141bff8c3304\">Primarbereich<\/a> wurden Empfehlungen festgehalten.)<\/p>\n\n\n\n<p>Auf der Internetseite der Primarinformatik der Gesellschaft f\u00fcr Informatik e.V. werden <a href=\"https:\/\/primarinformatik.gi.de\/projektsteckbriefe\">Projektsteckbriefe <\/a>zu Projekten in der Grundschule und unteren Sekundarstufe zusammengestellt.<\/p>\n\n\n\n<div class=\"wp-block-media-text alignwide is-stacked-on-mobile has-off-white-background-color has-background\"><figure class=\"wp-block-media-text__media\"><img loading=\"lazy\" width=\"512\" height=\"512\" src=\"https:\/\/blogs.urz.uni-halle.de\/informatikfortbildungen\/files\/2024\/07\/work-order.png\" alt=\"\" class=\"wp-image-163\" srcset=\"https:\/\/blogs.urz.uni-halle.de\/informatikfortbildungen\/files\/2024\/07\/work-order.png 512w, https:\/\/blogs.urz.uni-halle.de\/informatikfortbildungen\/files\/2024\/07\/work-order-300x300.png 300w, https:\/\/blogs.urz.uni-halle.de\/informatikfortbildungen\/files\/2024\/07\/work-order-150x150.png 150w\" sizes=\"(max-width: 512px) 100vw, 512px\" \/><\/figure><div class=\"wp-block-media-text__content\">\n<h2>\u00dcbersicht Material<\/h2>\n\n\n\n<p>Hier finden Sie eine Zusammenstellung von Unterrichtsmaterial und Fortbildungsangeboten. Dies kann nach den angegebenen Kriterien gefiltert werden.<\/p>\n\n\n\n<div class=\"wp-block-buttons\">\n<div class=\"wp-block-button\"><a class=\"wp-block-button__link\" href=\"https:\/\/blogs.urz.uni-halle.de\/informatikfortbildungen\/files\/2024\/07\/Uebersicht.xlsx\">Herunterladen<\/a><\/div>\n<\/div>\n\n\n\n<p><em><sub>Bild: <\/sub><\/em><a href=\"https:\/\/www.flaticon.com\/free-icons\/conclusion\"><sub>Conclusion icons created by shmai &#8211; Flaticon<\/sub><\/a><\/p>\n<\/div><\/div>\n\n\n\n<p><\/p>\n","protected":false},"excerpt":{"rendered":"<p>F\u00fcr den Informatikunterricht gibt die Gesellschaft f\u00fcr Informatik e.V. Standards heraus, die auch bei der Erarbeitung von Lehrpl\u00e4nen ber\u00fccksichtigt werden. Aus diesem Grund wird in der Informatikdidaktik vielfach auf diese bundesweit empfohlenen Standards verwiesen (Auch f\u00fcr den Primarbereich wurden Empfehlungen<\/p>\n","protected":false},"author":6042,"featured_media":0,"parent":0,"menu_order":4,"comment_status":"closed","ping_status":"closed","template":"","meta":[],"yoast_head":"<!-- This site is optimized with the Yoast SEO plugin v15.6.2 - https:\/\/yoast.com\/wordpress\/plugins\/seo\/ -->\n<title>Weiteres Material -<\/title>\n<meta name=\"robots\" content=\"index, follow, max-snippet:-1, max-image-preview:large, max-video-preview:-1\" \/>\n<link rel=\"canonical\" href=\"https:\/\/blogs.urz.uni-halle.de\/informatikfortbildungen\/weitere-projekte\/\" \/>\n<meta property=\"og:locale\" content=\"de_DE\" \/>\n<meta property=\"og:type\" content=\"article\" \/>\n<meta property=\"og:title\" content=\"Weiteres Material -\" \/>\n<meta property=\"og:description\" content=\"F\u00fcr den Informatikunterricht gibt die Gesellschaft f\u00fcr Informatik e.V. Standards heraus, die auch bei der Erarbeitung von Lehrpl\u00e4nen ber\u00fccksichtigt werden. Aus diesem Grund wird in der Informatikdidaktik vielfach auf diese bundesweit empfohlenen Standards verwiesen (Auch f\u00fcr den Primarbereich wurden Empfehlungen\" \/>\n<meta property=\"og:url\" content=\"https:\/\/blogs.urz.uni-halle.de\/informatikfortbildungen\/weitere-projekte\/\" \/>\n<meta property=\"article:modified_time\" content=\"2025-02-20T19:20:59+00:00\" \/>\n<meta property=\"og:image\" content=\"https:\/\/blogs.urz.uni-halle.de\/informatikfortbildungen\/files\/2024\/07\/work-order.png\" \/>\n<meta name=\"twitter:card\" content=\"summary_large_image\" \/>\n<meta name=\"twitter:label1\" content=\"Gesch\u00e4tzte Lesezeit\">\n\t<meta name=\"twitter:data1\" content=\"1\u00a0Minute\">\n<script type=\"application\/ld+json\" class=\"yoast-schema-graph\">{\"@context\":\"https:\/\/schema.org\",\"@graph\":[{\"@type\":\"WebSite\",\"@id\":\"https:\/\/blogs.urz.uni-halle.de\/informatikfortbildungen\/#website\",\"url\":\"https:\/\/blogs.urz.uni-halle.de\/informatikfortbildungen\/\",\"name\":\"\",\"description\":\"\",\"potentialAction\":[{\"@type\":\"SearchAction\",\"target\":\"https:\/\/blogs.urz.uni-halle.de\/informatikfortbildungen\/?s={search_term_string}\",\"query-input\":\"required name=search_term_string\"}],\"inLanguage\":\"de\"},{\"@type\":\"ImageObject\",\"@id\":\"https:\/\/blogs.urz.uni-halle.de\/informatikfortbildungen\/weitere-projekte\/#primaryimage\",\"inLanguage\":\"de\",\"url\":\"https:\/\/blogs.urz.uni-halle.de\/informatikfortbildungen\/files\/2024\/07\/work-order.png\",\"width\":512,\"height\":512,\"caption\":\"Bild: flaticon.com\"},{\"@type\":\"WebPage\",\"@id\":\"https:\/\/blogs.urz.uni-halle.de\/informatikfortbildungen\/weitere-projekte\/#webpage\",\"url\":\"https:\/\/blogs.urz.uni-halle.de\/informatikfortbildungen\/weitere-projekte\/\",\"name\":\"Weiteres Material -\",\"isPartOf\":{\"@id\":\"https:\/\/blogs.urz.uni-halle.de\/informatikfortbildungen\/#website\"},\"primaryImageOfPage\":{\"@id\":\"https:\/\/blogs.urz.uni-halle.de\/informatikfortbildungen\/weitere-projekte\/#primaryimage\"},\"datePublished\":\"2024-04-12T15:38:13+00:00\",\"dateModified\":\"2025-02-20T19:20:59+00:00\",\"inLanguage\":\"de\",\"potentialAction\":[{\"@type\":\"ReadAction\",\"target\":[\"https:\/\/blogs.urz.uni-halle.de\/informatikfortbildungen\/weitere-projekte\/\"]}]}]}<\/script>\n<!-- \/ Yoast SEO plugin. -->","_links":{"self":[{"href":"https:\/\/blogs.urz.uni-halle.de\/informatikfortbildungen\/wp-json\/wp\/v2\/pages\/20"}],"collection":[{"href":"https:\/\/blogs.urz.uni-halle.de\/informatikfortbildungen\/wp-json\/wp\/v2\/pages"}],"about":[{"href":"https:\/\/blogs.urz.uni-halle.de\/informatikfortbildungen\/wp-json\/wp\/v2\/types\/page"}],"author":[{"embeddable":true,"href":"https:\/\/blogs.urz.uni-halle.de\/informatikfortbildungen\/wp-json\/wp\/v2\/users\/6042"}],"replies":[{"embeddable":true,"href":"https:\/\/blogs.urz.uni-halle.de\/informatikfortbildungen\/wp-json\/wp\/v2\/comments?post=20"}],"version-history":[{"count":10,"href":"https:\/\/blogs.urz.uni-halle.de\/informatikfortbildungen\/wp-json\/wp\/v2\/pages\/20\/revisions"}],"predecessor-version":[{"id":434,"href":"https:\/\/blogs.urz.uni-halle.de\/informatikfortbildungen\/wp-json\/wp\/v2\/pages\/20\/revisions\/434"}],"wp:attachment":[{"href":"https:\/\/blogs.urz.uni-halle.de\/informatikfortbildungen\/wp-json\/wp\/v2\/media?parent=20"}],"curies":[{"name":"wp","href":"https:\/\/api.w.org\/{rel}","templated":true}]}}