{"id":276,"date":"2024-10-24T21:12:16","date_gmt":"2024-10-24T19:12:16","guid":{"rendered":"https:\/\/blogs.urz.uni-halle.de\/informatikfortbildungen\/?page_id=276"},"modified":"2025-08-29T11:59:47","modified_gmt":"2025-08-29T09:59:47","slug":"spielerischer-einstieg-ins-programmieren-mit-und-ohne-computer","status":"publish","type":"page","link":"https:\/\/blogs.urz.uni-halle.de\/informatikfortbildungen\/spielerischer-einstieg-ins-programmieren-mit-und-ohne-computer\/","title":{"rendered":"Spielerischer Einstieg ins Programmieren mit und ohne Computer"},"content":{"rendered":"\n<p><strong>Wie bringen wir Sch\u00fcler*innen das Programmieren auf spannende und verst\u00e4ndliche Weise bei?<\/strong>\u00a0Unsere Fortbildung zeigt Ihnen, wie Sie mit kreativen Aktivit\u00e4ten Programmierkenntnisse (mit und ohne Computer) in Ihren Unterricht integrieren k\u00f6nnen \u2013 auch wenn Sie selbst noch keine Erfahrung damit haben.<\/p>\n\n\n\n<h3>Das erwartet Sie:<\/h3>\n\n\n\n<ul><li><strong>Unplugged-Programmieren: Ohne Computer verstehen lernen<\/strong>: Entdecken Sie kreative Methoden, wie Sie Programmierkonzepte ohne Computer vermitteln k\u00f6nnen. Mit einfachen Spielen, R\u00e4tseln und Aktivit\u00e4ten lernen Ihre Sch\u00fcler*innen Logik, Algorithmen und Probleml\u00f6sung \u2013 ganz ohne Technik.<\/li><li><strong>Aufgaben ausw\u00e4hlen und gestalten<\/strong>: Erfahren Sie, wie Sie passende Programmieraufgaben f\u00fcr verschiedene Alters- und Lernstufen finden und anpassen. Egal ob Anf\u00e4nger oder Fortgeschrittene \u2013 wir zeigen, wie Sie spannende Projekte zusammenstellen, die alle motivieren und herausfordern.<\/li><li><strong>Praktische \u00dcbungen und Materialien<\/strong>: Nehmen Sie direkt einsetzbare Materialien und Unterrichtsbeispiele mit, die Ihnen den Einstieg erleichtern. So wird der \u00dcbergang von der Fortbildung zum Klassenzimmer kinderleicht.<\/li><\/ul>\n\n\n\n<h3>Organisation:<\/h3>\n\n\n\n<ul><li><strong>Personenzahl:<\/strong> Das Fortbildungsmodul kann mit 3 bis maximal 25 Personen besucht werden.<\/li><li><strong>Ort:<\/strong> Die Fortbildung kann wahlweise bei Ihnen an der Schule oder am Institut f\u00fcr Informatik durchgef\u00fchrt werden.<\/li><li><strong>Ausstattung:<\/strong> Als technische Ausstattung in Ihrer Schule werden ein stabiles W-LAN und Laptops ben\u00f6tigt. Bei einem Besuch In der Universit\u00e4t sollten, falls vorhanden, Laptops oder Tablets mitgebracht werden.<\/li><li><strong>Dauer:<\/strong> Das Fortbildungsmodul ist als Ganztages-Modul angedacht.<\/li><\/ul>\n\n\n\n<hr class=\"wp-block-separator\" \/>\n\n\n\n<p><strong><a href=\"https:\/\/blogs.urz.uni-halle.de\/informatikfortbildungen\/anmeldung\/\">\u2192 Jetzt anmelden und Programmieren im Unterricht zum Erlebnis machen!<\/a><\/strong><br>Erweitern Sie Ihre Lehrkompetenzen und entdecken Sie, wie Sie Kindern und Jugendlichen das Programmieren mit und ohne Computer, Tablet oder Roboter spannend, kreativ und leicht verst\u00e4ndlich n\u00e4her bringen k\u00f6nnen.<\/p>\n\n\n\n<hr class=\"wp-block-separator\" \/>\n\n\n\n<h2>Beispielhafter Ablaufplan<\/h2>\n\n\n\n<ul id=\"block-ac31651d-8f04-4d56-9310-f9cece66bb46\"><li>9:00\u20139:30 Uhr <em>Anmeldung, Einf\u00fchrung und Motivation<\/em><\/li><li>9:30\u201310:00 Uhr <em><em>Einf\u00fchrung in Programmieren, unplugged<\/em><\/em><\/li><li>10:00\u201310:15 Uhr <em>Pause<\/em><\/li><li>10:15\u201311:30 Uhr <em><em>Einf\u00fchrung in Programmieren mit Scratch<\/em><\/em><\/li><li>11:30\u201312:00 Uhr <em>Mittagspause<\/em><\/li><li>12:00\u201313:00 Uhr <em>Programmieren mit dem Bee-Bot<\/em><\/li><li>13:00\u201313:15 Uhr Pause<\/li><li>13:15\u201313:45 Uhr <em>Schulische <\/em>Integration<\/li><li>13:45\u201314:00 Uhr <em>Abschluss<\/em><\/li><\/ul>\n","protected":false},"excerpt":{"rendered":"<p>Wie bringen wir Sch\u00fcler*innen das Programmieren auf spannende und verst\u00e4ndliche Weise bei?\u00a0Unsere Fortbildung zeigt Ihnen, wie Sie mit kreativen Aktivit\u00e4ten Programmierkenntnisse (mit und ohne Computer) in Ihren Unterricht integrieren k\u00f6nnen \u2013 auch wenn Sie selbst noch keine Erfahrung damit haben.<\/p>\n","protected":false},"author":6042,"featured_media":0,"parent":0,"menu_order":0,"comment_status":"closed","ping_status":"closed","template":"","meta":[],"yoast_head":"<!-- This site is optimized with the Yoast SEO plugin v15.6.2 - https:\/\/yoast.com\/wordpress\/plugins\/seo\/ -->\n<title>Spielerischer Einstieg ins Programmieren mit und ohne Computer -<\/title>\n<meta name=\"robots\" content=\"index, follow, max-snippet:-1, max-image-preview:large, max-video-preview:-1\" \/>\n<link rel=\"canonical\" href=\"https:\/\/blogs.urz.uni-halle.de\/informatikfortbildungen\/spielerischer-einstieg-ins-programmieren-mit-und-ohne-computer\/\" \/>\n<meta property=\"og:locale\" content=\"de_DE\" \/>\n<meta property=\"og:type\" content=\"article\" \/>\n<meta property=\"og:title\" content=\"Spielerischer Einstieg ins Programmieren mit und ohne Computer -\" \/>\n<meta property=\"og:description\" content=\"Wie bringen wir Sch\u00fcler*innen das Programmieren auf spannende und verst\u00e4ndliche Weise bei?\u00a0Unsere Fortbildung zeigt Ihnen, wie Sie mit kreativen Aktivit\u00e4ten Programmierkenntnisse (mit und ohne Computer) in Ihren Unterricht integrieren k\u00f6nnen \u2013 auch wenn Sie selbst noch keine Erfahrung damit haben.\" \/>\n<meta property=\"og:url\" content=\"https:\/\/blogs.urz.uni-halle.de\/informatikfortbildungen\/spielerischer-einstieg-ins-programmieren-mit-und-ohne-computer\/\" \/>\n<meta property=\"article:modified_time\" content=\"2025-08-29T09:59:47+00:00\" \/>\n<meta name=\"twitter:card\" content=\"summary_large_image\" \/>\n<meta name=\"twitter:label1\" content=\"Gesch\u00e4tzte Lesezeit\">\n\t<meta name=\"twitter:data1\" content=\"2\u00a0Minuten\">\n<script type=\"application\/ld+json\" class=\"yoast-schema-graph\">{\"@context\":\"https:\/\/schema.org\",\"@graph\":[{\"@type\":\"WebSite\",\"@id\":\"https:\/\/blogs.urz.uni-halle.de\/informatikfortbildungen\/#website\",\"url\":\"https:\/\/blogs.urz.uni-halle.de\/informatikfortbildungen\/\",\"name\":\"\",\"description\":\"\",\"potentialAction\":[{\"@type\":\"SearchAction\",\"target\":\"https:\/\/blogs.urz.uni-halle.de\/informatikfortbildungen\/?s={search_term_string}\",\"query-input\":\"required name=search_term_string\"}],\"inLanguage\":\"de\"},{\"@type\":\"WebPage\",\"@id\":\"https:\/\/blogs.urz.uni-halle.de\/informatikfortbildungen\/spielerischer-einstieg-ins-programmieren-mit-und-ohne-computer\/#webpage\",\"url\":\"https:\/\/blogs.urz.uni-halle.de\/informatikfortbildungen\/spielerischer-einstieg-ins-programmieren-mit-und-ohne-computer\/\",\"name\":\"Spielerischer Einstieg ins Programmieren mit und ohne Computer -\",\"isPartOf\":{\"@id\":\"https:\/\/blogs.urz.uni-halle.de\/informatikfortbildungen\/#website\"},\"datePublished\":\"2024-10-24T19:12:16+00:00\",\"dateModified\":\"2025-08-29T09:59:47+00:00\",\"inLanguage\":\"de\",\"potentialAction\":[{\"@type\":\"ReadAction\",\"target\":[\"https:\/\/blogs.urz.uni-halle.de\/informatikfortbildungen\/spielerischer-einstieg-ins-programmieren-mit-und-ohne-computer\/\"]}]}]}<\/script>\n<!-- \/ Yoast SEO plugin. -->","_links":{"self":[{"href":"https:\/\/blogs.urz.uni-halle.de\/informatikfortbildungen\/wp-json\/wp\/v2\/pages\/276"}],"collection":[{"href":"https:\/\/blogs.urz.uni-halle.de\/informatikfortbildungen\/wp-json\/wp\/v2\/pages"}],"about":[{"href":"https:\/\/blogs.urz.uni-halle.de\/informatikfortbildungen\/wp-json\/wp\/v2\/types\/page"}],"author":[{"embeddable":true,"href":"https:\/\/blogs.urz.uni-halle.de\/informatikfortbildungen\/wp-json\/wp\/v2\/users\/6042"}],"replies":[{"embeddable":true,"href":"https:\/\/blogs.urz.uni-halle.de\/informatikfortbildungen\/wp-json\/wp\/v2\/comments?post=276"}],"version-history":[{"count":10,"href":"https:\/\/blogs.urz.uni-halle.de\/informatikfortbildungen\/wp-json\/wp\/v2\/pages\/276\/revisions"}],"predecessor-version":[{"id":505,"href":"https:\/\/blogs.urz.uni-halle.de\/informatikfortbildungen\/wp-json\/wp\/v2\/pages\/276\/revisions\/505"}],"wp:attachment":[{"href":"https:\/\/blogs.urz.uni-halle.de\/informatikfortbildungen\/wp-json\/wp\/v2\/media?parent=276"}],"curies":[{"name":"wp","href":"https:\/\/api.w.org\/{rel}","templated":true}]}}